{"id":942,"date":"2019-09-06T16:43:28","date_gmt":"2019-09-06T16:43:28","guid":{"rendered":"https:\/\/spanishcastlemoviemagic.com\/es\/?page_id=942"},"modified":"2019-09-23T10:01:59","modified_gmt":"2019-09-23T10:01:59","slug":"the-trojan-women-1971","status":"publish","type":"page","link":"https:\/\/spanishcastlemoviemagic.com\/es\/the-trojan-women-1971\/","title":{"rendered":"The Trojan Women (1971)"},"content":{"rendered":"\n<p>Un\nelenco de estrellas como Vanessa Redgrave, Katherine Hepburn e Irene Papas\ndescendi\u00f3 sobre tranquila Atienza, a 80 millas de Madrid, para recrear una tragedia\ntrojana.<\/p>\n\n\n\n<p>Katherine\nHepburn alquil\u00f3 una casa frente a la iglesia de San Salvador, conocida como El\nChalet, aunque, curiosamente, fue el \u00fanico miembro del reparto que se qued\u00f3 en\nel pueblo, recorri\u00e9ndolo en bicicleta; el resto se aloj\u00f3 en la cercana ciudad\nmedieval de Sig\u00fcenza. <\/p>\n\n\n\n<p>Hepburn\nvivi\u00f3 all\u00ed con un joven mayordomo uniformado, disfrutando de los dos pisos y el\njard\u00edn de la casa. <\/p>\n\n\n\n<p>En\nnuestra visita a Atienza tuvimos la suerte de que Juli\u00e1n, el actual\npropietario, nos invit\u00f3 a entrar en la casa. Mientras sus hijos jugaban en el\njard\u00edn, \u00e9l se\u00f1al\u00f3 que la mitad inferior de la casa era como hab\u00eda sido cuando\nHepburn viv\u00eda all\u00ed, aunque la mitad superior hab\u00eda sido reformada.<\/p>\n\n\n\n<p>Tambi\u00e9n\nconocimos a Jos\u00e9 Mar\u00eda, que como la mayor\u00eda de los habitantes de su edad era un\nfigurante en la pel\u00edcula. Su papel consist\u00eda en sostener una lanza encima de la\nmuralla de Troya.<\/p>\n\n\n\n<p>La\nmayor parte del rodaje en el pueblo de Atienza se realiz\u00f3 alrededor de las\nmurallas del casco antiguo, y en la fuente conocida como &#8216;Fuente de San Gil&#8217;.\nLa fuente se puede ver en las primeras escenas cuando las mujeres troyanas son\nsacadas de la ciudad, lo que se ve sobre todo desde el exterior como una serie\nde murallas en ruinas.<\/p>\n\n\n\n<p>Despu\u00e9s\nde unos cinco minutos de pel\u00edcula, con mujeres y ni\u00f1os siendo llevados a la\nesclavitud y cosas peores, conseguimos lo que en realidad es la \u00fanica vista\ncompleta del castillo en rojos espl\u00e9ndidos y humeantes de la puesta del sol, y\nvemos qu\u00e9 maravilloso punto de referencia es en medio de las interminables\nllanuras de Castilla, que de hecho est\u00e1n lejos del mar y de los barcos griegos,\nque nunca vemos pero de los que recibimos muchas noticias, en su mayor\u00eda\nllevadas por Brian Blessed.<\/p>\n","protected":false},"excerpt":{"rendered":"<p>Un elenco de estrellas como Vanessa Redgrave, Katherine Hepburn e Irene Papas descendi\u00f3 sobre tranquila Atienza, a 80 millas de [&hellip;]<\/p>\n","protected":false},"author":1,"featured_media":1152,"parent":0,"menu_order":0,"comment_status":"closed","ping_status":"closed","template":"","meta":{"_uag_custom_page_level_css":"","site-sidebar-layout":"default","site-content-layout":"","ast-site-content-layout":"default","site-content-style":"default","site-sidebar-style":"default","ast-global-header-display":"","ast-banner-title-visibility":"","ast-main-header-display":"","ast-hfb-above-header-display":"","ast-hfb-below-header-display":"","ast-hfb-mobile-header-display":"","site-post-title":"","ast-breadcrumbs-content":"","ast-featured-img":"","footer-sml-layout":"","ast-disable-related-posts":"","theme-transparent-header-meta":"","adv-header-id-meta":"","stick-header-meta":"","header-above-stick-meta":"","header-main-stick-meta":"","header-below-stick-meta":"","astra-migrate-meta-layouts":"default","ast-page-background-enabled":"default","ast-page-background-meta":{"desktop":{"background-color":"var(--ast-global-color-5)","background-image":"","background-repeat":"repeat","background-position":"center center","background-size":"auto","background-attachment":"scroll","background-type":"","background-media":"","overlay-type":"","overlay-color":"","overlay-opacity":"","overlay-gradient":""},"tablet":{"background-color":"","background-image":"","background-repeat":"repeat","background-position":"center center","background-size":"auto","background-attachment":"scroll","background-type":"","background-media":"","overlay-type":"","overlay-color":"","overlay-opacity":"","overlay-gradient":""},"mobile":{"background-color":"","background-image":"","background-repeat":"repeat","background-position":"center center","background-size":"auto","background-attachment":"scroll","background-type":"","background-media":"","overlay-type":"","overlay-color":"","overlay-opacity":"","overlay-gradient":""}},"ast-content-background-meta":{"desktop":{"background-color":"var(--ast-global-color-4)","background-image":"","background-repeat":"repeat","background-position":"center center","background-size":"auto","background-attachment":"scroll","background-type":"","background-media":"","overlay-type":"","overlay-color":"","overlay-opacity":"","overlay-gradient":""},"tablet":{"background-color":"var(--ast-global-color-4)","background-image":"","background-repeat":"repeat","background-position":"center center","background-size":"auto","background-attachment":"scroll","background-type":"","background-media":"","overlay-type":"","overlay-color":"","overlay-opacity":"","overlay-gradient":""},"mobile":{"background-color":"var(--ast-global-color-4)","background-image":"","background-repeat":"repeat","background-position":"center center","background-size":"auto","background-attachment":"scroll","background-type":"","background-media":"","overlay-type":"","overlay-color":"","overlay-opacity":"","overlay-gradient":""}},"footnotes":""},"class_list":["post-942","page","type-page","status-publish","has-post-thumbnail","hentry"],"featured_image_src":"https:\/\/spanishcastlemoviemagic.com\/es\/wp-content\/uploads\/sites\/3\/2019\/09\/atienza-guadalajara-s.jpg","featured_image_src_square":"https:\/\/spanishcastlemoviemagic.com\/es\/wp-content\/uploads\/sites\/3\/2019\/09\/atienza-guadalajara-s.jpg","uagb_featured_image_src":{"full":["https:\/\/spanishcastlemoviemagic.com\/es\/wp-content\/uploads\/sites\/3\/2019\/09\/atienza-guadalajara-s.jpg",2500,1875,false],"thumbnail":["https:\/\/spanishcastlemoviemagic.com\/es\/wp-content\/uploads\/sites\/3\/2019\/09\/atienza-guadalajara-s-150x150.jpg",150,150,true],"medium":["https:\/\/spanishcastlemoviemagic.com\/es\/wp-content\/uploads\/sites\/3\/2019\/09\/atienza-guadalajara-s-300x225.jpg",300,225,true],"medium_large":["https:\/\/spanishcastlemoviemagic.com\/es\/wp-content\/uploads\/sites\/3\/2019\/09\/atienza-guadalajara-s-768x576.jpg",768,576,true],"large":["https:\/\/spanishcastlemoviemagic.com\/es\/wp-content\/uploads\/sites\/3\/2019\/09\/atienza-guadalajara-s-1024x768.jpg",1024,768,true],"1536x1536":["https:\/\/spanishcastlemoviemagic.com\/es\/wp-content\/uploads\/sites\/3\/2019\/09\/atienza-guadalajara-s.jpg",1536,1152,false],"2048x2048":["https:\/\/spanishcastlemoviemagic.com\/es\/wp-content\/uploads\/sites\/3\/2019\/09\/atienza-guadalajara-s.jpg",2048,1536,false],"ab-block-post-grid-landscape":["https:\/\/spanishcastlemoviemagic.com\/es\/wp-content\/uploads\/sites\/3\/2019\/09\/atienza-guadalajara-s.jpg",533,400,false],"ab-block-post-grid-square":["https:\/\/spanishcastlemoviemagic.com\/es\/wp-content\/uploads\/sites\/3\/2019\/09\/atienza-guadalajara-s.jpg",600,450,false]},"uagb_author_info":{"display_name":"admin","author_link":"https:\/\/spanishcastlemoviemagic.com\/es\/blog\/author\/cas-eggermontme-com\/"},"uagb_comment_info":0,"uagb_excerpt":"Un elenco de estrellas como Vanessa Redgrave, Katherine Hepburn e Irene Papas descendi\u00f3 sobre tranquila Atienza, a 80 millas de [&hellip;]","_links":{"self":[{"href":"https:\/\/spanishcastlemoviemagic.com\/es\/wp-json\/wp\/v2\/pages\/942","targetHints":{"allow":["GET"]}}],"collection":[{"href":"https:\/\/spanishcastlemoviemagic.com\/es\/wp-json\/wp\/v2\/pages"}],"about":[{"href":"https:\/\/spanishcastlemoviemagic.com\/es\/wp-json\/wp\/v2\/types\/page"}],"author":[{"embeddable":true,"href":"https:\/\/spanishcastlemoviemagic.com\/es\/wp-json\/wp\/v2\/users\/1"}],"replies":[{"embeddable":true,"href":"https:\/\/spanishcastlemoviemagic.com\/es\/wp-json\/wp\/v2\/comments?post=942"}],"version-history":[{"count":1,"href":"https:\/\/spanishcastlemoviemagic.com\/es\/wp-json\/wp\/v2\/pages\/942\/revisions"}],"predecessor-version":[{"id":3531,"href":"https:\/\/spanishcastlemoviemagic.com\/es\/wp-json\/wp\/v2\/pages\/942\/revisions\/3531"}],"wp:featuredmedia":[{"embeddable":true,"href":"https:\/\/spanishcastlemoviemagic.com\/es\/wp-json\/wp\/v2\/media\/1152"}],"wp:attachment":[{"href":"https:\/\/spanishcastlemoviemagic.com\/es\/wp-json\/wp\/v2\/media?parent=942"}],"curies":[{"name":"wp","href":"https:\/\/api.w.org\/{rel}","templated":true}]}}