{"id":938,"date":"2019-09-06T16:40:18","date_gmt":"2019-09-06T16:40:18","guid":{"rendered":"https:\/\/spanishcastlemoviemagic.com\/es\/?page_id=938"},"modified":"2021-05-31T13:16:32","modified_gmt":"2021-05-31T13:16:32","slug":"castillo-de-los-obispos-de-siguenza-2","status":"publish","type":"page","link":"https:\/\/spanishcastlemoviemagic.com\/es\/castillo-de-los-obispos-de-siguenza-2\/","title":{"rendered":"Castillo de los Obispos de Sig\u00fcenza"},"content":{"rendered":"<div  data-label=\"Portfolio\" data-id=\"portfolio-cards-section\" data-category=\"portfolio\" class=\"portfolio-cards-section\" id=\"portfolio-1\" style=\"background-color: rgb(255, 255, 255);\">\n<div  class=\"gridContainer\">\n<div  class=\"portfolio-cards-textcol dynamic-color\" data-type=\"column\">\n<h2  class=\"\">Castillo de los Obispos de Sig\u00fcenza<\/h2>\n<p  class=\"\">El castillo de Sig\u00fcenza es ahora Parador de Turismo, un monumento hist\u00f3rico que comenz\u00f3 su vida como un castillo \u00e1rabe construido sobre un castillo romano en el a\u00f1o 1123. El castillo original fue construido en el siglo V y reforzado por los \u00e1rabes en el a\u00f1o 712. En 1123 fue retomada por Fernando I y El Cid y se convirti\u00f3 en Palacio Episcopal.<br ><br \/>\nA finales del siglo XIX cay\u00f3 en desuso y despu\u00e9s de una restauraci\u00f3n que comenz\u00f3 en 1964, abri\u00f3 sus puertas como un hotel de cuatro estrellas una docena de a\u00f1os m\u00e1s tarde.<\/p>\n<\/div>\n<div  class=\"portfolio-cards-projectsro dark-text\" data-type=\"row\">\n<div  class=\"portfolio-cards-projectcol cp4cols cp6cols-tablet\">\n<div  class=\"portfolio-cards-projectcard\">\n<div  class=\"contentswap-effect ContentSwap104\" hover-fx=\"ContentSwap104\" id=\"ContentSwap104\" is-hovered=\"0\">\n<div  class=\"ContentSwap104_content initial-image\"><img decoding=\"async\"  class=\"portfolio-cards-projectimg\" data-size=\"1200x800\" src=\"https:\/\/spanishcastlemoviemagic.com\/es\/wp-content\/uploads\/sites\/3\/2019\/09\/cropped-sig\u00fcenza-guadalajara-2.jpg\"><\/div>\n<div  class=\"overlay\" style=\"display: block; opacity: 1;\"><\/div>\n<div  class=\"swap-inner\" style=\"opacity: 1; display: block;\">\n<div  class=\"ContentSwap104-center\"> <a href=\"https:\/\/spanishcastlemoviemagic.com\/es\/castillo-de-los-obispos-de-siguenza-2\/christopher-columbus-the-discovery-1992\" target=\"_self\" rel=\"noopener noreferrer\"><i  data-cp-fa=\"true\" class=\"portfolio-card-icon fa fa-search color6\"><\/i><\/a><\/div>\n<\/div>\n<\/div>\n<div  class=\"portfolio-cards-projectinfo\">\n<div  class=\"portfolio-cards-projnamecol\" data-type=\"column\"> <a href=\"https:\/\/spanishcastlemoviemagic.com\/es\/castillo-de-los-obispos-de-siguenza-2\/christopher-columbus-the-discovery-1992\" class=\"portfolio-cards-projlink\" target=\"_self\" rel=\"noopener noreferrer\"><\/p>\n<h4  class=\"portfolio-cards-projtitle\">Christopher Columbus: The Discovery (1992)<\/h4>\n<p><\/a><a href=\"https:\/\/spanishcastlemoviemagic.com\/es\/castillo-de-los-obispos-de-siguenza-2\/christopher-columbus-the-discovery-1992\" class=\"portfolio-cards-projlink\" target=\"_self\" rel=\"noopener noreferrer\"><\/a><\/p>\n<\/div>\n<\/div>\n<\/div>\n<\/div>\n<div  class=\"portfolio-cards-projectcol cp4cols cp6cols-tablet\">\n<div  class=\"portfolio-cards-projectcard\">\n<div  class=\"contentswap-effect ContentSwap104\" hover-fx=\"ContentSwap104\" id=\"ContentSwap104\" is-hovered=\"1\">\n<div  class=\"ContentSwap104_content initial-image\"><img decoding=\"async\"  class=\"portfolio-cards-projectimg\" data-size=\"1200x800\" src=\"https:\/\/spanishcastlemoviemagic.com\/es\/wp-content\/uploads\/sites\/3\/2019\/09\/cropped-sig\u00fcenza-guadalajara-3.jpg\"><\/div>\n<div  class=\"overlay\" style=\"display: block; opacity: 1;\"><\/div>\n<div  class=\"swap-inner\" style=\"opacity: 1; display: block;\">\n<div  class=\"ContentSwap104-center\"> <a href=\"https:\/\/spanishcastlemoviemagic.com\/es\/castillo-de-los-obispos-de-siguenza-2\/1492-conquest-of-paradise-2\" target=\"_self\" rel=\"noopener noreferrer\"><i  data-cp-fa=\"true\" class=\"portfolio-card-icon fa fa-search color6\"><\/i><\/a><\/div>\n<\/div>\n<\/div>\n<div  class=\"portfolio-cards-projectinfo\">\n<div  class=\"portfolio-cards-projnamecol\" data-type=\"column\"> <a href=\"https:\/\/spanishcastlemoviemagic.com\/es\/castillo-de-los-obispos-de-siguenza-2\/1492-conquest-of-paradise-2\" class=\"portfolio-cards-projlink\" target=\"_self\" rel=\"noopener noreferrer\"><\/p>\n<h4  class=\"portfolio-cards-projtitle\">1492: Conquest of Paradise<\/h4>\n<p><\/a><a href=\"https:\/\/spanishcastlemoviemagic.com\/es\/castillo-de-los-obispos-de-siguenza-2\/1492-conquest-of-paradise-2\" class=\"portfolio-cards-projlink\" target=\"_self\" rel=\"noopener noreferrer\"><\/a><\/p>\n<\/div>\n<\/div>\n<\/div>\n<\/div>\n<\/div>\n<\/div>\n<\/div>\n","protected":false},"excerpt":{"rendered":"<p>Castillo de los Obispos de Sig\u00fcenza El castillo de Sig\u00fcenza es ahora Parador de Turismo, un monumento hist\u00f3rico que comenz\u00f3 [&hellip;]<\/p>\n","protected":false},"author":1,"featured_media":1153,"parent":0,"menu_order":0,"comment_status":"closed","ping_status":"closed","template":"","meta":{"_uag_custom_page_level_css":"","site-sidebar-layout":"default","site-content-layout":"","ast-site-content-layout":"default","site-content-style":"default","site-sidebar-style":"default","ast-global-header-display":"","ast-banner-title-visibility":"","ast-main-header-display":"","ast-hfb-above-header-display":"","ast-hfb-below-header-display":"","ast-hfb-mobile-header-display":"","site-post-title":"","ast-breadcrumbs-content":"","ast-featured-img":"","footer-sml-layout":"","ast-disable-related-posts":"","theme-transparent-header-meta":"","adv-header-id-meta":"","stick-header-meta":"","header-above-stick-meta":"","header-main-stick-meta":"","header-below-stick-meta":"","astra-migrate-meta-layouts":"default","ast-page-background-enabled":"default","ast-page-background-meta":{"desktop":{"background-color":"var(--ast-global-color-5)","background-image":"","background-repeat":"repeat","background-position":"center center","background-size":"auto","background-attachment":"scroll","background-type":"","background-media":"","overlay-type":"","overlay-color":"","overlay-opacity":"","overlay-gradient":""},"tablet":{"background-color":"","background-image":"","background-repeat":"repeat","background-position":"center center","background-size":"auto","background-attachment":"scroll","background-type":"","background-media":"","overlay-type":"","overlay-color":"","overlay-opacity":"","overlay-gradient":""},"mobile":{"background-color":"","background-image":"","background-repeat":"repeat","background-position":"center center","background-size":"auto","background-attachment":"scroll","background-type":"","background-media":"","overlay-type":"","overlay-color":"","overlay-opacity":"","overlay-gradient":""}},"ast-content-background-meta":{"desktop":{"background-color":"var(--ast-global-color-4)","background-image":"","background-repeat":"repeat","background-position":"center center","background-size":"auto","background-attachment":"scroll","background-type":"","background-media":"","overlay-type":"","overlay-color":"","overlay-opacity":"","overlay-gradient":""},"tablet":{"background-color":"var(--ast-global-color-4)","background-image":"","background-repeat":"repeat","background-position":"center center","background-size":"auto","background-attachment":"scroll","background-type":"","background-media":"","overlay-type":"","overlay-color":"","overlay-opacity":"","overlay-gradient":""},"mobile":{"background-color":"var(--ast-global-color-4)","background-image":"","background-repeat":"repeat","background-position":"center center","background-size":"auto","background-attachment":"scroll","background-type":"","background-media":"","overlay-type":"","overlay-color":"","overlay-opacity":"","overlay-gradient":""}},"footnotes":""},"class_list":["post-938","page","type-page","status-publish","has-post-thumbnail","hentry"],"featured_image_src":"https:\/\/spanishcastlemoviemagic.com\/es\/wp-content\/uploads\/sites\/3\/2019\/09\/sig\u00fcenza-guadalajara.jpg","featured_image_src_square":"https:\/\/spanishcastlemoviemagic.com\/es\/wp-content\/uploads\/sites\/3\/2019\/09\/sig\u00fcenza-guadalajara.jpg","uagb_featured_image_src":{"full":["https:\/\/spanishcastlemoviemagic.com\/es\/wp-content\/uploads\/sites\/3\/2019\/09\/sig\u00fcenza-guadalajara.jpg",1536,1152,false],"thumbnail":["https:\/\/spanishcastlemoviemagic.com\/es\/wp-content\/uploads\/sites\/3\/2019\/09\/sig\u00fcenza-guadalajara-150x150.jpg",150,150,true],"medium":["https:\/\/spanishcastlemoviemagic.com\/es\/wp-content\/uploads\/sites\/3\/2019\/09\/sig\u00fcenza-guadalajara-300x225.jpg",300,225,true],"medium_large":["https:\/\/spanishcastlemoviemagic.com\/es\/wp-content\/uploads\/sites\/3\/2019\/09\/sig\u00fcenza-guadalajara-768x576.jpg",768,576,true],"large":["https:\/\/spanishcastlemoviemagic.com\/es\/wp-content\/uploads\/sites\/3\/2019\/09\/sig\u00fcenza-guadalajara-1024x768.jpg",1024,768,true],"1536x1536":["https:\/\/spanishcastlemoviemagic.com\/es\/wp-content\/uploads\/sites\/3\/2019\/09\/sig\u00fcenza-guadalajara.jpg",1536,1152,false],"2048x2048":["https:\/\/spanishcastlemoviemagic.com\/es\/wp-content\/uploads\/sites\/3\/2019\/09\/sig\u00fcenza-guadalajara.jpg",1536,1152,false],"ab-block-post-grid-landscape":["https:\/\/spanishcastlemoviemagic.com\/es\/wp-content\/uploads\/sites\/3\/2019\/09\/sig\u00fcenza-guadalajara.jpg",533,400,false],"ab-block-post-grid-square":["https:\/\/spanishcastlemoviemagic.com\/es\/wp-content\/uploads\/sites\/3\/2019\/09\/sig\u00fcenza-guadalajara.jpg",600,450,false]},"uagb_author_info":{"display_name":"admin","author_link":"https:\/\/spanishcastlemoviemagic.com\/es\/blog\/author\/cas-eggermontme-com\/"},"uagb_comment_info":0,"uagb_excerpt":"Castillo de los Obispos de Sig\u00fcenza El castillo de Sig\u00fcenza es ahora Parador de Turismo, un monumento hist\u00f3rico que comenz\u00f3 [&hellip;]","_links":{"self":[{"href":"https:\/\/spanishcastlemoviemagic.com\/es\/wp-json\/wp\/v2\/pages\/938","targetHints":{"allow":["GET"]}}],"collection":[{"href":"https:\/\/spanishcastlemoviemagic.com\/es\/wp-json\/wp\/v2\/pages"}],"about":[{"href":"https:\/\/spanishcastlemoviemagic.com\/es\/wp-json\/wp\/v2\/types\/page"}],"author":[{"embeddable":true,"href":"https:\/\/spanishcastlemoviemagic.com\/es\/wp-json\/wp\/v2\/users\/1"}],"replies":[{"embeddable":true,"href":"https:\/\/spanishcastlemoviemagic.com\/es\/wp-json\/wp\/v2\/comments?post=938"}],"version-history":[{"count":1,"href":"https:\/\/spanishcastlemoviemagic.com\/es\/wp-json\/wp\/v2\/pages\/938\/revisions"}],"predecessor-version":[{"id":3589,"href":"https:\/\/spanishcastlemoviemagic.com\/es\/wp-json\/wp\/v2\/pages\/938\/revisions\/3589"}],"wp:featuredmedia":[{"embeddable":true,"href":"https:\/\/spanishcastlemoviemagic.com\/es\/wp-json\/wp\/v2\/media\/1153"}],"wp:attachment":[{"href":"https:\/\/spanishcastlemoviemagic.com\/es\/wp-json\/wp\/v2\/media?parent=938"}],"curies":[{"name":"wp","href":"https:\/\/api.w.org\/{rel}","templated":true}]}}