{"id":898,"date":"2019-09-06T15:55:26","date_gmt":"2019-09-06T15:55:26","guid":{"rendered":"https:\/\/spanishcastlemoviemagic.com\/es\/?page_id=898"},"modified":"2019-09-23T10:47:05","modified_gmt":"2019-09-23T10:47:05","slug":"read-more-belmonte","status":"publish","type":"page","link":"https:\/\/spanishcastlemoviemagic.com\/es\/read-more-belmonte\/","title":{"rendered":"RM Belmonte"},"content":{"rendered":"<div data-label=\"About us\" data-id=\"about-image-section-pro\" data-category=\"about\" class=\"about-image-section-pro\" id=\"about-us-2\"  style=\"background-color: rgb(255, 255, 255);\">\n<div class=\"gridContainer\" >\n<div class=\"row about-image-gridcol-pro\" >\n<div class=\"about-image-textcol-pro\" data-type=\"column\" >\n<p class=\"\" >Se orden\u00f3 iniciar la construcci\u00f3n del castillo en el siglo XV, con obras de 18 a\u00f1os de duraci\u00f3n dirigidas por el arquitecto Hanequ\u00edn de Bruselas y continuadas por Juan Gu\u00e1s.<br ><br \/>\nEn 1488 el castillo recibi\u00f3 algunos invitados ilustres, los Reyes Cat\u00f3licos, Fernando e Isabel, que se alojaron all\u00ed el 12 de agosto.<br ><br \/>\nEl castillo de Belmonte ha tenido sus momentos violentos, incluso cuando los cineastas no derramaban sangre a su alrededor.<br ><br \/>\nEl XIV Duque de Pe\u00f1aranda, Conde de Montijo, Hernando Alfonso Fitz-James Stuart y Falc\u00f3, propietario del castillo en aquel momento, estaba en el lado equivocado de las l\u00edneas cuando estall\u00f3 la Guerra Civil espa\u00f1ola en 1936, y fue ejecutado en Paracuellos del Jarama el 8 de noviembre del mismo a\u00f1o.<br ><br \/>\nEl nombre de Fitz Stuart se remonta a la Guerra de Sucesi\u00f3n espa\u00f1ola a principios del siglo XVIII, cuando el l\u00edder de las tropas borb\u00f3nicas que apoyaba la pretensi\u00f3n de Felipe de Anjou al trono era James Fitz &#8211; James Stuart, Duque de Berwick,<br ><br \/>\nLas milicias republicanas utilizaron el castillo como prisi\u00f3n y cuartel mientras controlaban la zona.<br ><br \/>\nUn guerrillero espa\u00f1ol, conocido localmente como &#8216;T\u00edo Camu\u00f1as&#8217;, fue ejecutado contra las murallas del castillo.<br ><br \/>\nAntes de ellos, el ej\u00e9rcito de Napole\u00f3n tambi\u00e9n hab\u00eda utilizado el castillo para fines similares.<br ><br \/>\nLa Federaci\u00f3n Internacional de Combate Medieval y el Castillo de Belmonte celebran Campeonatos Internacionales en Espa\u00f1a, promoviendo la recreaci\u00f3n de batallas y combates medievales como una forma de atraer a m\u00e1s turistas.<\/p>\n<\/p><\/div>\n<div data-type=\"column\" class=\"\" >  <\/div>\n<\/p><\/div>\n<\/p><\/div>\n<\/p><\/div>\n","protected":false},"excerpt":{"rendered":"<p>Se orden\u00f3 iniciar la construcci\u00f3n del castillo en el siglo XV, con obras de 18 a\u00f1os de duraci\u00f3n dirigidas por [&hellip;]<\/p>\n","protected":false},"author":1,"featured_media":860,"parent":0,"menu_order":0,"comment_status":"closed","ping_status":"closed","template":"full-width-page.php","meta":{"_uag_custom_page_level_css":"","site-sidebar-layout":"default","site-content-layout":"","ast-site-content-layout":"default","site-content-style":"default","site-sidebar-style":"default","ast-global-header-display":"","ast-banner-title-visibility":"","ast-main-header-display":"","ast-hfb-above-header-display":"","ast-hfb-below-header-display":"","ast-hfb-mobile-header-display":"","site-post-title":"","ast-breadcrumbs-content":"","ast-featured-img":"","footer-sml-layout":"","ast-disable-related-posts":"","theme-transparent-header-meta":"","adv-header-id-meta":"","stick-header-meta":"","header-above-stick-meta":"","header-main-stick-meta":"","header-below-stick-meta":"","astra-migrate-meta-layouts":"default","ast-page-background-enabled":"default","ast-page-background-meta":{"desktop":{"background-color":"var(--ast-global-color-5)","background-image":"","background-repeat":"repeat","background-position":"center center","background-size":"auto","background-attachment":"scroll","background-type":"","background-media":"","overlay-type":"","overlay-color":"","overlay-opacity":"","overlay-gradient":""},"tablet":{"background-color":"","background-image":"","background-repeat":"repeat","background-position":"center center","background-size":"auto","background-attachment":"scroll","background-type":"","background-media":"","overlay-type":"","overlay-color":"","overlay-opacity":"","overlay-gradient":""},"mobile":{"background-color":"","background-image":"","background-repeat":"repeat","background-position":"center center","background-size":"auto","background-attachment":"scroll","background-type":"","background-media":"","overlay-type":"","overlay-color":"","overlay-opacity":"","overlay-gradient":""}},"ast-content-background-meta":{"desktop":{"background-color":"var(--ast-global-color-4)","background-image":"","background-repeat":"repeat","background-position":"center center","background-size":"auto","background-attachment":"scroll","background-type":"","background-media":"","overlay-type":"","overlay-color":"","overlay-opacity":"","overlay-gradient":""},"tablet":{"background-color":"var(--ast-global-color-4)","background-image":"","background-repeat":"repeat","background-position":"center center","background-size":"auto","background-attachment":"scroll","background-type":"","background-media":"","overlay-type":"","overlay-color":"","overlay-opacity":"","overlay-gradient":""},"mobile":{"background-color":"var(--ast-global-color-4)","background-image":"","background-repeat":"repeat","background-position":"center center","background-size":"auto","background-attachment":"scroll","background-type":"","background-media":"","overlay-type":"","overlay-color":"","overlay-opacity":"","overlay-gradient":""}},"footnotes":""},"class_list":["post-898","page","type-page","status-publish","has-post-thumbnail","hentry"],"featured_image_src":"https:\/\/spanishcastlemoviemagic.com\/es\/wp-content\/uploads\/sites\/3\/2019\/09\/Belmonte-Cuenca.jpg","featured_image_src_square":"https:\/\/spanishcastlemoviemagic.com\/es\/wp-content\/uploads\/sites\/3\/2019\/09\/Belmonte-Cuenca.jpg","uagb_featured_image_src":{"full":["https:\/\/spanishcastlemoviemagic.com\/es\/wp-content\/uploads\/sites\/3\/2019\/09\/Belmonte-Cuenca.jpg",1024,768,false],"thumbnail":["https:\/\/spanishcastlemoviemagic.com\/es\/wp-content\/uploads\/sites\/3\/2019\/09\/Belmonte-Cuenca-150x150.jpg",150,150,true],"medium":["https:\/\/spanishcastlemoviemagic.com\/es\/wp-content\/uploads\/sites\/3\/2019\/09\/Belmonte-Cuenca-300x225.jpg",300,225,true],"medium_large":["https:\/\/spanishcastlemoviemagic.com\/es\/wp-content\/uploads\/sites\/3\/2019\/09\/Belmonte-Cuenca-768x576.jpg",768,576,true],"large":["https:\/\/spanishcastlemoviemagic.com\/es\/wp-content\/uploads\/sites\/3\/2019\/09\/Belmonte-Cuenca-1024x768.jpg",1024,768,true],"1536x1536":["https:\/\/spanishcastlemoviemagic.com\/es\/wp-content\/uploads\/sites\/3\/2019\/09\/Belmonte-Cuenca.jpg",1024,768,false],"2048x2048":["https:\/\/spanishcastlemoviemagic.com\/es\/wp-content\/uploads\/sites\/3\/2019\/09\/Belmonte-Cuenca.jpg",1024,768,false],"ab-block-post-grid-landscape":["https:\/\/spanishcastlemoviemagic.com\/es\/wp-content\/uploads\/sites\/3\/2019\/09\/Belmonte-Cuenca.jpg",533,400,false],"ab-block-post-grid-square":["https:\/\/spanishcastlemoviemagic.com\/es\/wp-content\/uploads\/sites\/3\/2019\/09\/Belmonte-Cuenca.jpg",600,450,false]},"uagb_author_info":{"display_name":"admin","author_link":"https:\/\/spanishcastlemoviemagic.com\/es\/blog\/author\/cas-eggermontme-com\/"},"uagb_comment_info":0,"uagb_excerpt":"Se orden\u00f3 iniciar la construcci\u00f3n del castillo en el siglo XV, con obras de 18 a\u00f1os de duraci\u00f3n dirigidas por [&hellip;]","_links":{"self":[{"href":"https:\/\/spanishcastlemoviemagic.com\/es\/wp-json\/wp\/v2\/pages\/898","targetHints":{"allow":["GET"]}}],"collection":[{"href":"https:\/\/spanishcastlemoviemagic.com\/es\/wp-json\/wp\/v2\/pages"}],"about":[{"href":"https:\/\/spanishcastlemoviemagic.com\/es\/wp-json\/wp\/v2\/types\/page"}],"author":[{"embeddable":true,"href":"https:\/\/spanishcastlemoviemagic.com\/es\/wp-json\/wp\/v2\/users\/1"}],"replies":[{"embeddable":true,"href":"https:\/\/spanishcastlemoviemagic.com\/es\/wp-json\/wp\/v2\/comments?post=898"}],"version-history":[{"count":7,"href":"https:\/\/spanishcastlemoviemagic.com\/es\/wp-json\/wp\/v2\/pages\/898\/revisions"}],"predecessor-version":[{"id":3583,"href":"https:\/\/spanishcastlemoviemagic.com\/es\/wp-json\/wp\/v2\/pages\/898\/revisions\/3583"}],"wp:featuredmedia":[{"embeddable":true,"href":"https:\/\/spanishcastlemoviemagic.com\/es\/wp-json\/wp\/v2\/media\/860"}],"wp:attachment":[{"href":"https:\/\/spanishcastlemoviemagic.com\/es\/wp-json\/wp\/v2\/media?parent=898"}],"curies":[{"name":"wp","href":"https:\/\/api.w.org\/{rel}","templated":true}]}}