{"id":882,"date":"2019-09-06T15:46:48","date_gmt":"2019-09-06T15:46:48","guid":{"rendered":"https:\/\/spanishcastlemoviemagic.com\/es\/?page_id=882"},"modified":"2021-05-31T13:16:32","modified_gmt":"2021-05-31T13:16:32","slug":"flesh-and-blood-1985","status":"publish","type":"page","link":"https:\/\/spanishcastlemoviemagic.com\/es\/flesh-and-blood-1985\/","title":{"rendered":"Flesh and Blood (1985)"},"content":{"rendered":"\n<p>Al\nprincipio de la pel\u00edcula se nos dice que esto es Europa Occidental 1501, y de\nhecho no podr\u00eda ser m\u00e1s occidental, ya que toda la pel\u00edcula del director\nholand\u00e9s Paul Verhoeven se rod\u00f3 en Espa\u00f1a.<\/p>\n\n\n\n<p>La\nescena inicial muestra un asedio, y las conocidas murallas de \u00c1vila son f\u00e1cilmente\nreconocibles mientras que las tropas mercenarias embeben religi\u00f3n y alcohol en\npreparaci\u00f3n para el asalto a la puerta de la ciudad llamada Puerta del Carmen.<\/p>\n\n\n\n<p>Una\nvez dentro del castillo se trasladan a las sinuosas calles de piedra de C\u00e1ceres\nen Extremadura.<\/p>\n\n\n\n<p>Traicionados\npor su Se\u00f1or, que t\u00e9cnicamente est\u00e1 en incumplimiento de contrato, y que vuelve\nlos ca\u00f1ones contra sus tropas victoriosas, los mercenarios son desarmados y se\nretiran a la aldea abandonada de El Merino, cerca del pueblo de El Fresno en la\nprovincia de \u00c1vila, donde se recuperan tras su expulsi\u00f3n, y donde descubren la\nestatua enterrada de San Mart\u00edn, mientras que un seguidor del campamento da a\nluz a un ni\u00f1o muerto.<\/p>\n\n\n\n<p>Despu\u00e9s\nde atacar una caravana, al viejo estilo del oeste, secuestran a la hero\u00edna, que\nresulta ser m\u00e1s bien zorra, y luego se instalan en el castillo de Belmonte.<\/p>\n\n\n\n<p>El\nresto de la pel\u00edcula tiene lugar all\u00ed, incluyendo los interiores.<\/p>\n\n\n\n<p>Mercenarios\ntatuados, plaga, venganza, trajes sacadas de Sergeant Pepper y un complicado\ntri\u00e1ngulo amor-odio; casi podr\u00eda ser una pel\u00edcula contempor\u00e1nea en lugar de una\nambientada en la \u00e9poca medieval.<\/p>\n\n\n\n<p>La\npoblaci\u00f3n local sigue un poco enfadada con Verhoeven, que, en su b\u00fasqueda de la\nautenticidad, prendi\u00f3 fuego a la torre de homenaje del castillo.<\/p>\n","protected":false},"excerpt":{"rendered":"<p>Al principio de la pel\u00edcula se nos dice que esto es Europa Occidental 1501, y de hecho no podr\u00eda ser [&hellip;]<\/p>\n","protected":false},"author":1,"featured_media":860,"parent":0,"menu_order":0,"comment_status":"closed","ping_status":"closed","template":"","meta":{"_uag_custom_page_level_css":"","site-sidebar-layout":"default","site-content-layout":"","ast-site-content-layout":"default","site-content-style":"default","site-sidebar-style":"default","ast-global-header-display":"","ast-banner-title-visibility":"","ast-main-header-display":"","ast-hfb-above-header-display":"","ast-hfb-below-header-display":"","ast-hfb-mobile-header-display":"","site-post-title":"","ast-breadcrumbs-content":"","ast-featured-img":"","footer-sml-layout":"","ast-disable-related-posts":"","theme-transparent-header-meta":"","adv-header-id-meta":"","stick-header-meta":"","header-above-stick-meta":"","header-main-stick-meta":"","header-below-stick-meta":"","astra-migrate-meta-layouts":"default","ast-page-background-enabled":"default","ast-page-background-meta":{"desktop":{"background-color":"var(--ast-global-color-5)","background-image":"","background-repeat":"repeat","background-position":"center center","background-size":"auto","background-attachment":"scroll","background-type":"","background-media":"","overlay-type":"","overlay-color":"","overlay-opacity":"","overlay-gradient":""},"tablet":{"background-color":"","background-image":"","background-repeat":"repeat","background-position":"center center","background-size":"auto","background-attachment":"scroll","background-type":"","background-media":"","overlay-type":"","overlay-color":"","overlay-opacity":"","overlay-gradient":""},"mobile":{"background-color":"","background-image":"","background-repeat":"repeat","background-position":"center center","background-size":"auto","background-attachment":"scroll","background-type":"","background-media":"","overlay-type":"","overlay-color":"","overlay-opacity":"","overlay-gradient":""}},"ast-content-background-meta":{"desktop":{"background-color":"var(--ast-global-color-4)","background-image":"","background-repeat":"repeat","background-position":"center center","background-size":"auto","background-attachment":"scroll","background-type":"","background-media":"","overlay-type":"","overlay-color":"","overlay-opacity":"","overlay-gradient":""},"tablet":{"background-color":"var(--ast-global-color-4)","background-image":"","background-repeat":"repeat","background-position":"center center","background-size":"auto","background-attachment":"scroll","background-type":"","background-media":"","overlay-type":"","overlay-color":"","overlay-opacity":"","overlay-gradient":""},"mobile":{"background-color":"var(--ast-global-color-4)","background-image":"","background-repeat":"repeat","background-position":"center center","background-size":"auto","background-attachment":"scroll","background-type":"","background-media":"","overlay-type":"","overlay-color":"","overlay-opacity":"","overlay-gradient":""}},"footnotes":""},"class_list":["post-882","page","type-page","status-publish","has-post-thumbnail","hentry"],"featured_image_src":"https:\/\/spanishcastlemoviemagic.com\/es\/wp-content\/uploads\/sites\/3\/2019\/09\/Belmonte-Cuenca.jpg","featured_image_src_square":"https:\/\/spanishcastlemoviemagic.com\/es\/wp-content\/uploads\/sites\/3\/2019\/09\/Belmonte-Cuenca.jpg","uagb_featured_image_src":{"full":["https:\/\/spanishcastlemoviemagic.com\/es\/wp-content\/uploads\/sites\/3\/2019\/09\/Belmonte-Cuenca.jpg",1024,768,false],"thumbnail":["https:\/\/spanishcastlemoviemagic.com\/es\/wp-content\/uploads\/sites\/3\/2019\/09\/Belmonte-Cuenca-150x150.jpg",150,150,true],"medium":["https:\/\/spanishcastlemoviemagic.com\/es\/wp-content\/uploads\/sites\/3\/2019\/09\/Belmonte-Cuenca-300x225.jpg",300,225,true],"medium_large":["https:\/\/spanishcastlemoviemagic.com\/es\/wp-content\/uploads\/sites\/3\/2019\/09\/Belmonte-Cuenca-768x576.jpg",768,576,true],"large":["https:\/\/spanishcastlemoviemagic.com\/es\/wp-content\/uploads\/sites\/3\/2019\/09\/Belmonte-Cuenca-1024x768.jpg",1024,768,true],"1536x1536":["https:\/\/spanishcastlemoviemagic.com\/es\/wp-content\/uploads\/sites\/3\/2019\/09\/Belmonte-Cuenca.jpg",1024,768,false],"2048x2048":["https:\/\/spanishcastlemoviemagic.com\/es\/wp-content\/uploads\/sites\/3\/2019\/09\/Belmonte-Cuenca.jpg",1024,768,false],"ab-block-post-grid-landscape":["https:\/\/spanishcastlemoviemagic.com\/es\/wp-content\/uploads\/sites\/3\/2019\/09\/Belmonte-Cuenca.jpg",533,400,false],"ab-block-post-grid-square":["https:\/\/spanishcastlemoviemagic.com\/es\/wp-content\/uploads\/sites\/3\/2019\/09\/Belmonte-Cuenca.jpg",600,450,false]},"uagb_author_info":{"display_name":"admin","author_link":"https:\/\/spanishcastlemoviemagic.com\/es\/blog\/author\/cas-eggermontme-com\/"},"uagb_comment_info":0,"uagb_excerpt":"Al principio de la pel\u00edcula se nos dice que esto es Europa Occidental 1501, y de hecho no podr\u00eda ser [&hellip;]","_links":{"self":[{"href":"https:\/\/spanishcastlemoviemagic.com\/es\/wp-json\/wp\/v2\/pages\/882","targetHints":{"allow":["GET"]}}],"collection":[{"href":"https:\/\/spanishcastlemoviemagic.com\/es\/wp-json\/wp\/v2\/pages"}],"about":[{"href":"https:\/\/spanishcastlemoviemagic.com\/es\/wp-json\/wp\/v2\/types\/page"}],"author":[{"embeddable":true,"href":"https:\/\/spanishcastlemoviemagic.com\/es\/wp-json\/wp\/v2\/users\/1"}],"replies":[{"embeddable":true,"href":"https:\/\/spanishcastlemoviemagic.com\/es\/wp-json\/wp\/v2\/comments?post=882"}],"version-history":[{"count":1,"href":"https:\/\/spanishcastlemoviemagic.com\/es\/wp-json\/wp\/v2\/pages\/882\/revisions"}],"predecessor-version":[{"id":3522,"href":"https:\/\/spanishcastlemoviemagic.com\/es\/wp-json\/wp\/v2\/pages\/882\/revisions\/3522"}],"wp:featuredmedia":[{"embeddable":true,"href":"https:\/\/spanishcastlemoviemagic.com\/es\/wp-json\/wp\/v2\/media\/860"}],"wp:attachment":[{"href":"https:\/\/spanishcastlemoviemagic.com\/es\/wp-json\/wp\/v2\/media?parent=882"}],"curies":[{"name":"wp","href":"https:\/\/api.w.org\/{rel}","templated":true}]}}