{"id":872,"date":"2019-09-06T15:44:28","date_gmt":"2019-09-06T15:44:28","guid":{"rendered":"https:\/\/spanishcastlemoviemagic.com\/es\/?page_id=872"},"modified":"2021-05-31T13:16:32","modified_gmt":"2021-05-31T13:16:32","slug":"el-cid-1961-2","status":"publish","type":"page","link":"https:\/\/spanishcastlemoviemagic.com\/es\/el-cid-1961-2\/","title":{"rendered":"El Cid (1961)"},"content":{"rendered":"\n<p>Hoy\nen d\u00eda, a menudo parece que los conceptos de la historia que tiene la gente\nprovienen de pel\u00edculas y novelas hist\u00f3ricas m\u00e1s que de libros de historia.<\/p>\n\n\n\n<p>La\npel\u00edcula El Cid no es mala comparado con otros esfuerzos de Hollywood, en el\nsentido de que gran parte de ella corresponde a la realidad hist\u00f3rica (no me\natrevo a usar la palabra \u2018hechos\u2019, ya que los vencedores escriben la historia).<\/p>\n\n\n\n<p>Sin\nembargo, la mayor\u00eda de los personajes exist\u00edan, aunque cuando el rey Fernando\nmuere y sus hijos luchan por su reino, parece que faltan un hermano y una\nhermana.<\/p>\n\n\n\n<p>A\nmenudo es dif\u00edcil averiguar qui\u00e9nes son los malos en esta pel\u00edcula, ya que\nalgunos de los moros luchan en el lado cristiano para ayudar a un rey cristiano\ncuyos descendientes m\u00e1s tarde los expulsar\u00e1n de Espa\u00f1a. <\/p>\n\n\n\n<p>El\nfamoso duelo de justas, supuestamente para decidir la propiedad de Calahorra en\nArag\u00f3n, fue filmado bajo los espectaculares restos del Castillo de Belmonte en\nla provincia de Cuenca. El hecho de que el castillo de Belmonte data del siglo\nXV no estropea lo que de otro modo ser\u00eda un espl\u00e9ndido duelo del siglo XI.<\/p>\n\n\n\n<p>Hoy\nen d\u00eda todav\u00eda se puede encontrar el terreno aplastado a medio camino hasta el\ncastillo a trav\u00e9s de algunos arbustos infestados de conejos donde la justa se\nllev\u00f3 a cabo en lo que antes era un campo de f\u00fatbol. <\/p>\n\n\n\n<p>La zona se encuentra dentro de las dos murallas que se extienden desde el castillo antes de envolver el pueblo, donde han sido en gran parte demolidas o utilizadas para construir casas. Sin embargo, las dos murallas principales del castillo siguen intactas, y en la de la derecha, al mirar al castillo, hay una peque\u00f1a torre llamada Torre Albarana, donde se film\u00f3 la escena en la que el pr\u00edncipe Sancho es apu\u00f1alado hasta la muerte.<\/p>\n\n\n\n<p>Al parecer, Charlton Heston interrumpi\u00f3 el rodaje en Belmonte cuando vio a una mujer en lo alto de la torre del castillo. Se cree que fue la \u00faltima emperatriz de Francia, Eugenia de Montijo, esposa de Napole\u00f3n III.<\/p>\n\n\n\n<p><\/p>\n","protected":false},"excerpt":{"rendered":"<p>Hoy en d\u00eda, a menudo parece que los conceptos de la historia que tiene la gente provienen de pel\u00edculas y [&hellip;]<\/p>\n","protected":false},"author":1,"featured_media":860,"parent":0,"menu_order":0,"comment_status":"closed","ping_status":"closed","template":"","meta":{"_uag_custom_page_level_css":"","site-sidebar-layout":"default","site-content-layout":"","ast-site-content-layout":"default","site-content-style":"default","site-sidebar-style":"default","ast-global-header-display":"","ast-banner-title-visibility":"","ast-main-header-display":"","ast-hfb-above-header-display":"","ast-hfb-below-header-display":"","ast-hfb-mobile-header-display":"","site-post-title":"","ast-breadcrumbs-content":"","ast-featured-img":"","footer-sml-layout":"","ast-disable-related-posts":"","theme-transparent-header-meta":"","adv-header-id-meta":"","stick-header-meta":"","header-above-stick-meta":"","header-main-stick-meta":"","header-below-stick-meta":"","astra-migrate-meta-layouts":"default","ast-page-background-enabled":"default","ast-page-background-meta":{"desktop":{"background-color":"var(--ast-global-color-5)","background-image":"","background-repeat":"repeat","background-position":"center center","background-size":"auto","background-attachment":"scroll","background-type":"","background-media":"","overlay-type":"","overlay-color":"","overlay-opacity":"","overlay-gradient":""},"tablet":{"background-color":"","background-image":"","background-repeat":"repeat","background-position":"center center","background-size":"auto","background-attachment":"scroll","background-type":"","background-media":"","overlay-type":"","overlay-color":"","overlay-opacity":"","overlay-gradient":""},"mobile":{"background-color":"","background-image":"","background-repeat":"repeat","background-position":"center center","background-size":"auto","background-attachment":"scroll","background-type":"","background-media":"","overlay-type":"","overlay-color":"","overlay-opacity":"","overlay-gradient":""}},"ast-content-background-meta":{"desktop":{"background-color":"var(--ast-global-color-4)","background-image":"","background-repeat":"repeat","background-position":"center center","background-size":"auto","background-attachment":"scroll","background-type":"","background-media":"","overlay-type":"","overlay-color":"","overlay-opacity":"","overlay-gradient":""},"tablet":{"background-color":"var(--ast-global-color-4)","background-image":"","background-repeat":"repeat","background-position":"center center","background-size":"auto","background-attachment":"scroll","background-type":"","background-media":"","overlay-type":"","overlay-color":"","overlay-opacity":"","overlay-gradient":""},"mobile":{"background-color":"var(--ast-global-color-4)","background-image":"","background-repeat":"repeat","background-position":"center center","background-size":"auto","background-attachment":"scroll","background-type":"","background-media":"","overlay-type":"","overlay-color":"","overlay-opacity":"","overlay-gradient":""}},"footnotes":""},"class_list":["post-872","page","type-page","status-publish","has-post-thumbnail","hentry"],"featured_image_src":"https:\/\/spanishcastlemoviemagic.com\/es\/wp-content\/uploads\/sites\/3\/2019\/09\/Belmonte-Cuenca.jpg","featured_image_src_square":"https:\/\/spanishcastlemoviemagic.com\/es\/wp-content\/uploads\/sites\/3\/2019\/09\/Belmonte-Cuenca.jpg","uagb_featured_image_src":{"full":["https:\/\/spanishcastlemoviemagic.com\/es\/wp-content\/uploads\/sites\/3\/2019\/09\/Belmonte-Cuenca.jpg",1024,768,false],"thumbnail":["https:\/\/spanishcastlemoviemagic.com\/es\/wp-content\/uploads\/sites\/3\/2019\/09\/Belmonte-Cuenca-150x150.jpg",150,150,true],"medium":["https:\/\/spanishcastlemoviemagic.com\/es\/wp-content\/uploads\/sites\/3\/2019\/09\/Belmonte-Cuenca-300x225.jpg",300,225,true],"medium_large":["https:\/\/spanishcastlemoviemagic.com\/es\/wp-content\/uploads\/sites\/3\/2019\/09\/Belmonte-Cuenca-768x576.jpg",768,576,true],"large":["https:\/\/spanishcastlemoviemagic.com\/es\/wp-content\/uploads\/sites\/3\/2019\/09\/Belmonte-Cuenca-1024x768.jpg",1024,768,true],"1536x1536":["https:\/\/spanishcastlemoviemagic.com\/es\/wp-content\/uploads\/sites\/3\/2019\/09\/Belmonte-Cuenca.jpg",1024,768,false],"2048x2048":["https:\/\/spanishcastlemoviemagic.com\/es\/wp-content\/uploads\/sites\/3\/2019\/09\/Belmonte-Cuenca.jpg",1024,768,false],"ab-block-post-grid-landscape":["https:\/\/spanishcastlemoviemagic.com\/es\/wp-content\/uploads\/sites\/3\/2019\/09\/Belmonte-Cuenca.jpg",533,400,false],"ab-block-post-grid-square":["https:\/\/spanishcastlemoviemagic.com\/es\/wp-content\/uploads\/sites\/3\/2019\/09\/Belmonte-Cuenca.jpg",600,450,false]},"uagb_author_info":{"display_name":"admin","author_link":"https:\/\/spanishcastlemoviemagic.com\/es\/blog\/author\/cas-eggermontme-com\/"},"uagb_comment_info":0,"uagb_excerpt":"Hoy en d\u00eda, a menudo parece que los conceptos de la historia que tiene la gente provienen de pel\u00edculas y [&hellip;]","_links":{"self":[{"href":"https:\/\/spanishcastlemoviemagic.com\/es\/wp-json\/wp\/v2\/pages\/872","targetHints":{"allow":["GET"]}}],"collection":[{"href":"https:\/\/spanishcastlemoviemagic.com\/es\/wp-json\/wp\/v2\/pages"}],"about":[{"href":"https:\/\/spanishcastlemoviemagic.com\/es\/wp-json\/wp\/v2\/types\/page"}],"author":[{"embeddable":true,"href":"https:\/\/spanishcastlemoviemagic.com\/es\/wp-json\/wp\/v2\/users\/1"}],"replies":[{"embeddable":true,"href":"https:\/\/spanishcastlemoviemagic.com\/es\/wp-json\/wp\/v2\/comments?post=872"}],"version-history":[{"count":3,"href":"https:\/\/spanishcastlemoviemagic.com\/es\/wp-json\/wp\/v2\/pages\/872\/revisions"}],"predecessor-version":[{"id":4481,"href":"https:\/\/spanishcastlemoviemagic.com\/es\/wp-json\/wp\/v2\/pages\/872\/revisions\/4481"}],"wp:featuredmedia":[{"embeddable":true,"href":"https:\/\/spanishcastlemoviemagic.com\/es\/wp-json\/wp\/v2\/media\/860"}],"wp:attachment":[{"href":"https:\/\/spanishcastlemoviemagic.com\/es\/wp-json\/wp\/v2\/media?parent=872"}],"curies":[{"name":"wp","href":"https:\/\/api.w.org\/{rel}","templated":true}]}}