{"id":824,"date":"2019-09-06T14:58:54","date_gmt":"2019-09-06T14:58:54","guid":{"rendered":"https:\/\/spanishcastlemoviemagic.com\/es\/?page_id=824"},"modified":"2019-09-23T09:33:28","modified_gmt":"2019-09-23T09:33:28","slug":"hornblower-mutiny-2001","status":"publish","type":"page","link":"https:\/\/spanishcastlemoviemagic.com\/es\/hornblower-mutiny-2001\/","title":{"rendered":"Hornblower: Mutiny (2001)"},"content":{"rendered":"\n<p>Aunque\nno tiene la irritante tos de Gregory Peck, o un nombre f\u00e1cil de pronunciar,\nIoan Gruffudd da una buena actuaci\u00f3n como el Hornblower de C S Forrester en su\njuventud en esta versi\u00f3n de `Rebeli\u00f3n a Bordo&#8217;.<\/p>\n\n\n\n<p>La\nterriblemente brit\u00e1nica isla espa\u00f1ola de Menorca es uno de los lugares, y N\u00faria\nSintes, del Patronato de Turismo de Menorca, nos inform\u00f3 de que la mayor parte\ndel rodaje tuvo lugar en La Mola, en una casa de campo en la carretera de\nFornells.<\/p>\n\n\n\n<p>Un\nlugar muy conocido es el Castillo Fortaleza de Isabel II (o de la Mola), donde\nHornblower est\u00e1 preso y mira por la ventana de su celda cuando Sir Edward le\nhace una visita.<\/p>\n","protected":false},"excerpt":{"rendered":"<p>Aunque no tiene la irritante tos de Gregory Peck, o un nombre f\u00e1cil de pronunciar, Ioan Gruffudd da una buena [&hellip;]<\/p>\n","protected":false},"author":1,"featured_media":819,"parent":0,"menu_order":0,"comment_status":"closed","ping_status":"closed","template":"","meta":{"_uag_custom_page_level_css":"","site-sidebar-layout":"default","site-content-layout":"","ast-site-content-layout":"default","site-content-style":"default","site-sidebar-style":"default","ast-global-header-display":"","ast-banner-title-visibility":"","ast-main-header-display":"","ast-hfb-above-header-display":"","ast-hfb-below-header-display":"","ast-hfb-mobile-header-display":"","site-post-title":"","ast-breadcrumbs-content":"","ast-featured-img":"","footer-sml-layout":"","ast-disable-related-posts":"","theme-transparent-header-meta":"","adv-header-id-meta":"","stick-header-meta":"","header-above-stick-meta":"","header-main-stick-meta":"","header-below-stick-meta":"","astra-migrate-meta-layouts":"default","ast-page-background-enabled":"default","ast-page-background-meta":{"desktop":{"background-color":"var(--ast-global-color-5)","background-image":"","background-repeat":"repeat","background-position":"center center","background-size":"auto","background-attachment":"scroll","background-type":"","background-media":"","overlay-type":"","overlay-color":"","overlay-opacity":"","overlay-gradient":""},"tablet":{"background-color":"","background-image":"","background-repeat":"repeat","background-position":"center center","background-size":"auto","background-attachment":"scroll","background-type":"","background-media":"","overlay-type":"","overlay-color":"","overlay-opacity":"","overlay-gradient":""},"mobile":{"background-color":"","background-image":"","background-repeat":"repeat","background-position":"center center","background-size":"auto","background-attachment":"scroll","background-type":"","background-media":"","overlay-type":"","overlay-color":"","overlay-opacity":"","overlay-gradient":""}},"ast-content-background-meta":{"desktop":{"background-color":"var(--ast-global-color-4)","background-image":"","background-repeat":"repeat","background-position":"center center","background-size":"auto","background-attachment":"scroll","background-type":"","background-media":"","overlay-type":"","overlay-color":"","overlay-opacity":"","overlay-gradient":""},"tablet":{"background-color":"var(--ast-global-color-4)","background-image":"","background-repeat":"repeat","background-position":"center center","background-size":"auto","background-attachment":"scroll","background-type":"","background-media":"","overlay-type":"","overlay-color":"","overlay-opacity":"","overlay-gradient":""},"mobile":{"background-color":"var(--ast-global-color-4)","background-image":"","background-repeat":"repeat","background-position":"center center","background-size":"auto","background-attachment":"scroll","background-type":"","background-media":"","overlay-type":"","overlay-color":"","overlay-opacity":"","overlay-gradient":""}},"footnotes":""},"class_list":["post-824","page","type-page","status-publish","has-post-thumbnail","hentry"],"featured_image_src":"https:\/\/spanishcastlemoviemagic.com\/es\/wp-content\/uploads\/sites\/3\/2019\/09\/Castillo-Fortaleza-de-Isabel-II.jpg","featured_image_src_square":"https:\/\/spanishcastlemoviemagic.com\/es\/wp-content\/uploads\/sites\/3\/2019\/09\/Castillo-Fortaleza-de-Isabel-II.jpg","uagb_featured_image_src":{"full":["https:\/\/spanishcastlemoviemagic.com\/es\/wp-content\/uploads\/sites\/3\/2019\/09\/Castillo-Fortaleza-de-Isabel-II.jpg",2000,1048,false],"thumbnail":["https:\/\/spanishcastlemoviemagic.com\/es\/wp-content\/uploads\/sites\/3\/2019\/09\/Castillo-Fortaleza-de-Isabel-II-150x150.jpg",150,150,true],"medium":["https:\/\/spanishcastlemoviemagic.com\/es\/wp-content\/uploads\/sites\/3\/2019\/09\/Castillo-Fortaleza-de-Isabel-II-300x157.jpg",300,157,true],"medium_large":["https:\/\/spanishcastlemoviemagic.com\/es\/wp-content\/uploads\/sites\/3\/2019\/09\/Castillo-Fortaleza-de-Isabel-II-768x402.jpg",768,402,true],"large":["https:\/\/spanishcastlemoviemagic.com\/es\/wp-content\/uploads\/sites\/3\/2019\/09\/Castillo-Fortaleza-de-Isabel-II-1024x537.jpg",1024,537,true],"1536x1536":["https:\/\/spanishcastlemoviemagic.com\/es\/wp-content\/uploads\/sites\/3\/2019\/09\/Castillo-Fortaleza-de-Isabel-II.jpg",1536,805,false],"2048x2048":["https:\/\/spanishcastlemoviemagic.com\/es\/wp-content\/uploads\/sites\/3\/2019\/09\/Castillo-Fortaleza-de-Isabel-II.jpg",2000,1048,false],"ab-block-post-grid-landscape":["https:\/\/spanishcastlemoviemagic.com\/es\/wp-content\/uploads\/sites\/3\/2019\/09\/Castillo-Fortaleza-de-Isabel-II.jpg",600,314,false],"ab-block-post-grid-square":["https:\/\/spanishcastlemoviemagic.com\/es\/wp-content\/uploads\/sites\/3\/2019\/09\/Castillo-Fortaleza-de-Isabel-II.jpg",600,314,false]},"uagb_author_info":{"display_name":"admin","author_link":"https:\/\/spanishcastlemoviemagic.com\/es\/blog\/author\/cas-eggermontme-com\/"},"uagb_comment_info":0,"uagb_excerpt":"Aunque no tiene la irritante tos de Gregory Peck, o un nombre f\u00e1cil de pronunciar, Ioan Gruffudd da una buena [&hellip;]","_links":{"self":[{"href":"https:\/\/spanishcastlemoviemagic.com\/es\/wp-json\/wp\/v2\/pages\/824","targetHints":{"allow":["GET"]}}],"collection":[{"href":"https:\/\/spanishcastlemoviemagic.com\/es\/wp-json\/wp\/v2\/pages"}],"about":[{"href":"https:\/\/spanishcastlemoviemagic.com\/es\/wp-json\/wp\/v2\/types\/page"}],"author":[{"embeddable":true,"href":"https:\/\/spanishcastlemoviemagic.com\/es\/wp-json\/wp\/v2\/users\/1"}],"replies":[{"embeddable":true,"href":"https:\/\/spanishcastlemoviemagic.com\/es\/wp-json\/wp\/v2\/comments?post=824"}],"version-history":[{"count":2,"href":"https:\/\/spanishcastlemoviemagic.com\/es\/wp-json\/wp\/v2\/pages\/824\/revisions"}],"predecessor-version":[{"id":3504,"href":"https:\/\/spanishcastlemoviemagic.com\/es\/wp-json\/wp\/v2\/pages\/824\/revisions\/3504"}],"wp:featuredmedia":[{"embeddable":true,"href":"https:\/\/spanishcastlemoviemagic.com\/es\/wp-json\/wp\/v2\/media\/819"}],"wp:attachment":[{"href":"https:\/\/spanishcastlemoviemagic.com\/es\/wp-json\/wp\/v2\/media?parent=824"}],"curies":[{"name":"wp","href":"https:\/\/api.w.org\/{rel}","templated":true}]}}