{"id":8,"date":"2019-09-03T17:51:05","date_gmt":"2019-09-03T17:51:05","guid":{"rendered":"https:\/\/spanishcastlemoviemagic.com\/es\/one-page-express-pro\/"},"modified":"2021-05-31T13:16:32","modified_gmt":"2021-05-31T13:16:32","slug":"one-page-express-pro","status":"publish","type":"page","link":"https:\/\/spanishcastlemoviemagic.com\/es\/one-page-express-pro\/","title":{"rendered":"Front Page"},"content":{"rendered":"<div  id=\"about-us-2\" class=\"about-image-section-pro\" style=\"background-color: #f6f6f6;\" data-label=\"About us\" data-id=\"about-image-section-pro\" data-category=\"about\">\n<div  class=\"gridContainer\">\n<div  class=\"row about-image-gridcol-pro\">\n<div  class=\"about-image-textcol-pro\" data-type=\"column\">\n<h2  class=\"\" data-gramm=\"true\">Introducci\u00f3n<\/h2>\n<p  class=\"\">Lo que pasa con los castillos es que cuanto m\u00e1s te acercas, menos ves.<\/p>\n<p><a class=\"button color1\" href=\"https:\/\/spanishcastlemoviemagic.com\/es\/introduction\" target=\"_self\" rel=\"noopener noreferrer\" data-icon=\"\">Leer m\u00e1s<\/a><\/p>\n<\/div>\n<div  class=\"\" data-type=\"column\"><img decoding=\"async\"  class=\"about-image-img-pro\" src=\"https:\/\/spanishcastlemoviemagic.com\/es\/wp-content\/uploads\/sites\/3\/2019\/09\/Alcala-de-Guadaire-sevilla-s.jpg\"><\/div>\n<\/div>\n<\/div>\n<\/div>\n<div  id=\"overlapable-3\" class=\"features-image-cards-section stripped-features-image-cards-section\" style=\"background-color: #ffffff;\" data-label=\"Overlapable\" data-id=\"stripped-features-image-cards-section\" data-category=\"overlapable\" data-overlap=\"true\">\n<div  class=\"gridContainer\">\n<div  class=\"features-image-cards-innerrow flexbox-list\" data-type=\"row\">\n<div  class=\"features-image-cards-cardcol cp4cols cp6cols-tablet\">\n<div  class=\"features-image-cards-cardrow\"><img decoding=\"async\"  class=\"features-image-cards-featimg\" src=\"https:\/\/spanishcastlemoviemagic.com\/es\/wp-content\/uploads\/sites\/3\/2019\/09\/santa-barbara-zaragoza-S.jpg\"><\/p>\n<div  class=\"features-image-cards-cardtextrow\" data-type=\"column\">\n<h4  class=\"\">Aragon<\/h4>\n<hr  class=\"features-image-cards-separator\">\n<p><a class=\"\" href=\"https:\/\/spanishcastlemoviemagic.com\/es\/aragon\" target=\"_self\" rel=\"noopener noreferrer\"><i  class=\"font-icon-22 fa fa-arrow-circle-right color6\" data-cp-fa=\"true\"><\/i>&nbsp;learn more<\/a><\/p>\n<\/div>\n<\/div>\n<\/div>\n<div  class=\"features-image-cards-cardcol cp4cols cp6cols-tablet\">\n<div  class=\"features-image-cards-cardrow\"><img decoding=\"async\"  class=\"features-image-cards-featimg\" src=\"https:\/\/spanishcastlemoviemagic.com\/es\/wp-content\/uploads\/sites\/3\/2019\/09\/Bellver-Mallorca-s.jpg\"><\/p>\n<div  class=\"features-image-cards-cardtextrow\" data-type=\"column\">\n<h4  class=\"\">Baleares<\/h4>\n<hr  class=\"features-image-cards-separator\">\n<p><a class=\"\" href=\"https:\/\/spanishcastlemoviemagic.com\/es\/baleares\" target=\"_self\" rel=\"noopener noreferrer\"><i  class=\"font-icon-22 fa fa-arrow-circle-right color6\" data-cp-fa=\"true\"><\/i>&nbsp;learn more<\/a><\/p>\n<\/div>\n<\/div>\n<\/div>\n<div  class=\"features-image-cards-cardcol cp4cols cp6cols-tablet\">\n<div  class=\"features-image-cards-cardrow\"><img decoding=\"async\"  class=\"features-image-cards-featimg\" src=\"https:\/\/spanishcastlemoviemagic.com\/es\/wp-content\/uploads\/sites\/3\/2019\/09\/Ucles-Cuenca-s-1.jpg\"><\/p>\n<div  class=\"features-image-cards-cardtextrow\" data-type=\"column\">\n<h4  class=\"\">Castilla La Mancha<\/h4>\n<hr  class=\"features-image-cards-separator\">\n<p><a class=\"\" href=\"https:\/\/spanishcastlemoviemagic.com\/es\/la-mancha\" target=\"_self\" rel=\"noopener noreferrer\"><i  class=\"font-icon-22 fa fa-arrow-circle-right color6\" data-cp-fa=\"true\"><\/i>&nbsp;learn more<\/a><\/p>\n<\/div>\n<\/div>\n<\/div>\n<\/div>\n<\/div>\n<\/div>\n<div  id=\"overlapable-1\" class=\"features-image-cards-section stripped-features-image-cards-section-1\" style=\"background-color: #ffffff;\" data-label=\"Overlapable\" data-id=\"stripped-features-image-cards-section-1\" data-category=\"overlapable\" data-overlap=\"true\">\n<div  class=\"gridContainer\">\n<div  class=\"features-image-cards-innerrow flexbox-list\" data-type=\"row\">\n<div  class=\"features-image-cards-cardcol cp4cols cp6cols-tablet\">\n<div  class=\"features-image-cards-cardrow\"><img decoding=\"async\"  class=\"features-image-cards-featimg\" src=\"https:\/\/spanishcastlemoviemagic.com\/es\/wp-content\/uploads\/sites\/3\/2019\/09\/Villalonso-zamora-s-1.jpg\"><\/p>\n<div  class=\"features-image-cards-cardtextrow\" data-type=\"column\">\n<h4  class=\"\">Castilla Le\u00f3n<\/h4>\n<hr  class=\"features-image-cards-separator\">\n<p><a class=\"\" href=\"https:\/\/spanishcastlemoviemagic.com\/es\/leon\" target=\"_self\" rel=\"noopener noreferrer\"><i  class=\"font-icon-22 fa fa-arrow-circle-right color6\" data-cp-fa=\"true\"><\/i>&nbsp;learn more<\/a><\/p>\n<\/div>\n<\/div>\n<\/div>\n<div  class=\"features-image-cards-cardcol cp4cols cp6cols-tablet\">\n<div  class=\"features-image-cards-cardrow\"><img decoding=\"async\"  class=\"features-image-cards-featimg\" src=\"https:\/\/spanishcastlemoviemagic.com\/es\/wp-content\/uploads\/sites\/3\/2019\/09\/San-Sebastian-guipozcoa.jpg\"><\/p>\n<div  class=\"features-image-cards-cardtextrow\" data-type=\"column\">\n<h4  class=\"\">Euskadi<\/h4>\n<hr  class=\"features-image-cards-separator\">\n<p><a class=\"\" href=\"https:\/\/spanishcastlemoviemagic.com\/es\/euskadi\" target=\"_self\" rel=\"noopener noreferrer\"><i  class=\"font-icon-22 fa fa-arrow-circle-right color6\" data-cp-fa=\"true\"><\/i>&nbsp;learn more<\/a><\/p>\n<\/div>\n<\/div>\n<\/div>\n<div  class=\"features-image-cards-cardcol cp4cols cp6cols-tablet\">\n<div  class=\"features-image-cards-cardrow\"><img decoding=\"async\"  class=\"features-image-cards-featimg\" src=\"https:\/\/spanishcastlemoviemagic.com\/es\/wp-content\/uploads\/sites\/3\/2019\/09\/Trujillo-Caceres-s-1.jpg\" data-gramm=\"true\"><\/p>\n<div  class=\"features-image-cards-cardtextrow\" data-type=\"column\">\n<h4  class=\"\">Extremadura<\/h4>\n<hr  class=\"features-image-cards-separator\">\n<p><a class=\"\" href=\"https:\/\/spanishcastlemoviemagic.com\/es\/extremadura\" target=\"_self\" rel=\"noopener noreferrer\"><i  class=\"font-icon-22 fa fa-arrow-circle-right color6\" data-cp-fa=\"true\"><\/i>&nbsp;learn more<\/a><\/p>\n<\/div>\n<\/div>\n<\/div>\n<\/div>\n<\/div>\n<\/div>\n<div  id=\"overlapable-2\" class=\"features-image-cards-section stripped-features-image-cards-section-2\" style=\"background-color: #ffffff;\" data-label=\"Overlapable\" data-id=\"stripped-features-image-cards-section-2\" data-category=\"overlapable\" data-overlap=\"true\">\n<div  class=\"gridContainer\">\n<div  class=\"features-image-cards-innerrow flexbox-list\" data-type=\"row\">\n<div  class=\"features-image-cards-cardcol cp4cols cp6cols-tablet\">\n<div  class=\"features-image-cards-cardrow\"><img decoding=\"async\"  class=\"features-image-cards-featimg\" src=\"https:\/\/spanishcastlemoviemagic.com\/es\/wp-content\/uploads\/sites\/3\/2019\/09\/Friol-Lugo-s.jpg\"><\/p>\n<div  class=\"features-image-cards-cardtextrow\" data-type=\"column\">\n<h4  class=\"\">Galicia<\/h4>\n<hr  class=\"features-image-cards-separator\">\n<p><a class=\"\" href=\"https:\/\/spanishcastlemoviemagic.com\/es\/galicia\" target=\"_self\" rel=\"noopener noreferrer\"><i  class=\"font-icon-22 fa fa-arrow-circle-right color6\" data-cp-fa=\"true\"><\/i>&nbsp;learn more<\/a><\/p>\n<\/div>\n<\/div>\n<\/div>\n<div  class=\"features-image-cards-cardcol cp4cols cp6cols-tablet\">\n<div  class=\"features-image-cards-cardrow\"><img decoding=\"async\"  class=\"features-image-cards-featimg\" src=\"https:\/\/spanishcastlemoviemagic.com\/es\/wp-content\/uploads\/sites\/3\/2019\/09\/Sajazarra-La-Rioja-s.jpg\"><\/p>\n<div  class=\"features-image-cards-cardtextrow\" data-type=\"column\">\n<h4  class=\"\">La Rioja<\/h4>\n<hr  class=\"features-image-cards-separator\">\n<p><a class=\"\" href=\"https:\/\/spanishcastlemoviemagic.com\/es\/la-rioja\" target=\"_self\" rel=\"noopener noreferrer\"><i  class=\"font-icon-22 fa fa-arrow-circle-right color6\" data-cp-fa=\"true\"><\/i>&nbsp;learn more<\/a><\/p>\n<\/div>\n<\/div>\n<\/div>\n<div  class=\"features-image-cards-cardcol cp4cols cp6cols-tablet\">\n<div  class=\"features-image-cards-cardrow\"><img decoding=\"async\"  class=\"features-image-cards-featimg\" src=\"https:\/\/spanishcastlemoviemagic.com\/es\/wp-content\/uploads\/sites\/3\/2019\/09\/artejona-navarra-s-1.jpg\"><\/p>\n<div  class=\"features-image-cards-cardtextrow\" data-type=\"column\">\n<h4  class=\"\">Navarra<\/h4>\n<hr  class=\"features-image-cards-separator\">\n<p><a class=\"\" href=\"https:\/\/spanishcastlemoviemagic.com\/es\/navarra\" target=\"_self\" rel=\"noopener noreferrer\"><i  class=\"font-icon-22 fa fa-arrow-circle-right color6\" data-cp-fa=\"true\"><\/i>&nbsp;learn more<\/a><\/p>\n<\/div>\n<\/div>\n<\/div>\n<\/div>\n<\/div>\n<\/div>\n<div  id=\"overlapable-4\" class=\"features-image-cards-section stripped-features-image-cards-section-4\" style=\"background-color: #ffffff;\" data-label=\"Overlapable\" data-id=\"stripped-features-image-cards-section-4\" data-category=\"overlapable\" data-overlap=\"true\">\n<div  class=\"gridContainer\">\n<div  class=\"features-image-cards-innerrow flexbox-list\" data-type=\"row\">\n<div  class=\"features-image-cards-cardcol cp4cols cp6cols-tablet\">\n<div  class=\"features-image-cards-cardrow\"><img decoding=\"async\"  class=\"features-image-cards-featimg\" src=\"https:\/\/spanishcastlemoviemagic.com\/es\/wp-content\/uploads\/sites\/3\/2019\/09\/cardona-Barcelona-s.jpg\"><\/p>\n<div  class=\"features-image-cards-cardtextrow\" data-type=\"column\">\n<h4  class=\"\">Catalu\u00f1a<\/h4>\n<hr  class=\"features-image-cards-separator\">\n<p><a class=\"\" href=\"https:\/\/spanishcastlemoviemagic.com\/es\/catalonia\" target=\"_self\" rel=\"noopener noreferrer\">leer m\u00e1s<\/a><\/p>\n<\/div>\n<\/div>\n<\/div>\n<div  class=\"features-image-cards-cardcol cp4cols cp6cols-tablet\">\n<div  class=\"features-image-cards-cardrow\"><img decoding=\"async\"  class=\"features-image-cards-featimg\" src=\"https:\/\/spanishcastlemoviemagic.com\/es\/wp-content\/uploads\/sites\/3\/2019\/09\/manzanares-madrid-s.jpg\"><\/p>\n<div  class=\"features-image-cards-cardtextrow\" data-type=\"column\">\n<h4  class=\"\">Madrid<\/h4>\n<hr  class=\"features-image-cards-separator\">\n<p><a class=\"\" href=\"https:\/\/spanishcastlemoviemagic.com\/es\/madrid\" target=\"_self\" rel=\"noopener noreferrer\">leer m\u00e1s<\/a><\/p>\n<\/div>\n<\/div>\n<\/div>\n<div  class=\"features-image-cards-cardcol cp4cols cp6cols-tablet\">\n<div  class=\"features-image-cards-cardrow\"><img decoding=\"async\"  class=\"features-image-cards-featimg\" src=\"https:\/\/spanishcastlemoviemagic.com\/es\/wp-content\/uploads\/sites\/3\/2019\/09\/sohail-fuengirola-malaga-s.jpg\" data-gramm=\"true\"><\/p>\n<div  class=\"features-image-cards-cardtextrow\" data-type=\"column\">\n<h4  class=\"\">Andalucia<\/h4>\n<hr  class=\"features-image-cards-separator\">\n<p><a class=\"\" href=\"https:\/\/spanishcastlemoviemagic.com\/es\/andalucia\" target=\"_self\" rel=\"noopener noreferrer\"> leer m\u00e1s<\/a><\/p>\n<\/div>\n<\/div>\n<\/div>\n<\/div>\n<\/div>\n<\/div>\n<div  id=\"overlapable-5\" class=\"features-image-cards-section stripped-features-image-cards-section-5\" style=\"background-color: #ffffff;\" data-label=\"Overlapable\" data-id=\"stripped-features-image-cards-section-5\" data-category=\"overlapable\" data-overlap=\"true\">\n<div  class=\"gridContainer\">\n<div  class=\"features-image-cards-innerrow flexbox-list\" data-type=\"row\">\n<div  class=\"features-image-cards-cardcol cp4cols cp6cols-tablet\">\n<div  class=\"features-image-cards-cardrow\"><img decoding=\"async\"  class=\"features-image-cards-featimg\" src=\"https:\/\/spanishcastlemoviemagic.com\/es\/wp-content\/uploads\/sites\/3\/2019\/09\/Pe\u00f1iscola-castellon-s.jpg\"><\/p>\n<div  class=\"features-image-cards-cardtextrow\" data-type=\"column\">\n<h4  class=\"\">Comunidad Valenciana<\/h4>\n<hr  class=\"features-image-cards-separator\">\n<p><a class=\"\" href=\"https:\/\/spanishcastlemoviemagic.com\/es\/valencia\" target=\"_self\" rel=\"noopener noreferrer\"><i  class=\"font-icon-22 fa fa-arrow-circle-right color6\" data-cp-fa=\"true\"><\/i>&nbsp;learn more<\/a><\/p>\n<\/div>\n<\/div>\n<\/div>\n<\/div>\n<\/div>\n<\/div>\n<div  id=\"numbers\" class=\"numbers-section\" data-label=\"Numbers\" data-id=\"numbers-section\" data-category=\"numbers\" data-bg=\"transparent\" data-parallax-depth=\"20\" style=\"background-image: none; background-size: auto 766px; background-position: center top 70.77570518236696%; background-repeat: no-repeat no-repeat;\">\n<div  class=\"gridContainer dynamic-color\">\n<div  class=\"numbers-itemcol\">\n<h2  class=\"numbers-numbertext\">2500<\/h2>\n<h3  class=\"numbers-titletext\">Castillos<\/h3>\n<\/div>\n<div  class=\"numbers-itemcol\">\n<h2  class=\"numbers-numbertext\">800+<\/h2>\n<h3  class=\"numbers-titletext\">Pel\u00edculas<\/h3>\n<\/div>\n<div  class=\"numbers-itemcol-last\">\n<h2  class=\"numbers-numbertext\">30 a\u00f1os de<\/h2>\n<h3  class=\"numbers-titletext\">Investigaci\u00f3n<\/h3>\n<\/div>\n<\/div>\n<\/div>\n<div  id=\"latest-posts\" class=\"blog-section\" style=\"background-color: #f6f6f6;\" data-label=\"Latest posts\" data-id=\"blog-section\" data-category=\"latest_news\">\n<div  class=\"gridContainer\">\n<div  class=\"blog-textrow\">\n<div  class=\"blog-textcol dynamic-color\" data-type=\"column\">\n<h2  class=\"\">Noticias<\/h2>\n<p  class=\"\">\n<\/div>\n<\/div>\n<div  class=\"blog-postsrow dark-text\" data-type=\"row\" data-dynamic-columns=\"one_page_express_latest_news_columns\" data-content-shortcode=\"one_page_express_latest_news\">[one_page_express_latest_news]<\/div>\n<div  class=\"blog-textcol\"><a  class=\"button color1\" href=\"[one_page_express_blog_link]\" data-attr-shortcode=\"href:one_page_express_blog_link\" data-icon=\"\">VER TODAS LAS ENTRADAS DEL BLOG<\/a><\/div>\n<\/div>\n<\/div>\n<div  id=\"contact-4\" class=\"contact-section-formsection white-text contact-section\" data-label=\"Contact\" data-id=\"contact-section\" data-category=\"contact\" data-bg=\"transparent\" style=\"background-image: none; background-size: auto 1189px; background-position: center top 88.96486664354927%; background-repeat: no-repeat no-repeat;\">\n<div  class=\"gridContainer\">\n<div  class=\"row_224\">\n<div  class=\"contact-textrow\">\n<div  class=\"contact-textcol dynamic-color\">\n<h2 >Informaci\u00f3n<\/h2>\n<p  class=\"white_text\">Para m\u00e1s informaci\u00f3n<\/p>\n<\/div>\n<\/div>\n<\/div>\n<div  class=\"contact-formcol\" data-content-shortcode=\"one_page_express_contact_form shortcode=&quot;caldera_form id=&amp;amp;quot;CF5d89f39944fbf&amp;amp;quot;&quot;\" data-editable=\"true\">[one_page_express_contact_form shortcode=&#8221;caldera_form id=&amp;quot;CF5d89f39944fbf&amp;quot;&#8221;]<\/div>\n<\/div>\n<\/div>\n","protected":false},"excerpt":{"rendered":"<p>Introducci\u00f3n Lo que pasa con los castillos es que cuanto m\u00e1s te acercas, menos ves. Leer m\u00e1s Aragon &nbsp;learn more [&hellip;]<\/p>\n","protected":false},"author":1,"featured_media":0,"parent":0,"menu_order":0,"comment_status":"closed","ping_status":"closed","template":"","meta":{"_uag_custom_page_level_css":"","site-sidebar-layout":"default","site-content-layout":"","ast-site-content-layout":"default","site-content-style":"default","site-sidebar-style":"default","ast-global-header-display":"","ast-banner-title-visibility":"","ast-main-header-display":"","ast-hfb-above-header-display":"","ast-hfb-below-header-display":"","ast-hfb-mobile-header-display":"","site-post-title":"","ast-breadcrumbs-content":"","ast-featured-img":"","footer-sml-layout":"","ast-disable-related-posts":"","theme-transparent-header-meta":"","adv-header-id-meta":"","stick-header-meta":"","header-above-stick-meta":"","header-main-stick-meta":"","header-below-stick-meta":"","astra-migrate-meta-layouts":"default","ast-page-background-enabled":"default","ast-page-background-meta":{"desktop":{"background-color":"var(--ast-global-color-5)","background-image":"","background-repeat":"repeat","background-position":"center center","background-size":"auto","background-attachment":"scroll","background-type":"","background-media":"","overlay-type":"","overlay-color":"","overlay-opacity":"","overlay-gradient":""},"tablet":{"background-color":"","background-image":"","background-repeat":"repeat","background-position":"center center","background-size":"auto","background-attachment":"scroll","background-type":"","background-media":"","overlay-type":"","overlay-color":"","overlay-opacity":"","overlay-gradient":""},"mobile":{"background-color":"","background-image":"","background-repeat":"repeat","background-position":"center center","background-size":"auto","background-attachment":"scroll","background-type":"","background-media":"","overlay-type":"","overlay-color":"","overlay-opacity":"","overlay-gradient":""}},"ast-content-background-meta":{"desktop":{"background-color":"var(--ast-global-color-4)","background-image":"","background-repeat":"repeat","background-position":"center center","background-size":"auto","background-attachment":"scroll","background-type":"","background-media":"","overlay-type":"","overlay-color":"","overlay-opacity":"","overlay-gradient":""},"tablet":{"background-color":"var(--ast-global-color-4)","background-image":"","background-repeat":"repeat","background-position":"center center","background-size":"auto","background-attachment":"scroll","background-type":"","background-media":"","overlay-type":"","overlay-color":"","overlay-opacity":"","overlay-gradient":""},"mobile":{"background-color":"var(--ast-global-color-4)","background-image":"","background-repeat":"repeat","background-position":"center center","background-size":"auto","background-attachment":"scroll","background-type":"","background-media":"","overlay-type":"","overlay-color":"","overlay-opacity":"","overlay-gradient":""}},"footnotes":""},"class_list":["post-8","page","type-page","status-publish","hentry"],"featured_image_src":null,"featured_image_src_square":null,"uagb_featured_image_src":{"full":false,"thumbnail":false,"medium":false,"medium_large":false,"large":false,"1536x1536":false,"2048x2048":false,"ab-block-post-grid-landscape":false,"ab-block-post-grid-square":false},"uagb_author_info":{"display_name":"admin","author_link":"https:\/\/spanishcastlemoviemagic.com\/es\/blog\/author\/cas-eggermontme-com\/"},"uagb_comment_info":0,"uagb_excerpt":"Introducci\u00f3n Lo que pasa con los castillos es que cuanto m\u00e1s te acercas, menos ves. Leer m\u00e1s Aragon &nbsp;learn more [&hellip;]","_links":{"self":[{"href":"https:\/\/spanishcastlemoviemagic.com\/es\/wp-json\/wp\/v2\/pages\/8","targetHints":{"allow":["GET"]}}],"collection":[{"href":"https:\/\/spanishcastlemoviemagic.com\/es\/wp-json\/wp\/v2\/pages"}],"about":[{"href":"https:\/\/spanishcastlemoviemagic.com\/es\/wp-json\/wp\/v2\/types\/page"}],"author":[{"embeddable":true,"href":"https:\/\/spanishcastlemoviemagic.com\/es\/wp-json\/wp\/v2\/users\/1"}],"replies":[{"embeddable":true,"href":"https:\/\/spanishcastlemoviemagic.com\/es\/wp-json\/wp\/v2\/comments?post=8"}],"version-history":[{"count":26,"href":"https:\/\/spanishcastlemoviemagic.com\/es\/wp-json\/wp\/v2\/pages\/8\/revisions"}],"predecessor-version":[{"id":4375,"href":"https:\/\/spanishcastlemoviemagic.com\/es\/wp-json\/wp\/v2\/pages\/8\/revisions\/4375"}],"wp:attachment":[{"href":"https:\/\/spanishcastlemoviemagic.com\/es\/wp-json\/wp\/v2\/media?parent=8"}],"curies":[{"name":"wp","href":"https:\/\/api.w.org\/{rel}","templated":true}]}}