{"id":766,"date":"2019-09-06T13:22:57","date_gmt":"2019-09-06T13:22:57","guid":{"rendered":"https:\/\/spanishcastlemoviemagic.com\/es\/?page_id=766"},"modified":"2021-05-31T13:16:32","modified_gmt":"2021-05-31T13:16:32","slug":"deadfall-1968","status":"publish","type":"page","link":"https:\/\/spanishcastlemoviemagic.com\/es\/deadfall-1968\/","title":{"rendered":"Deadfall (1968)"},"content":{"rendered":"<div id=\"testimonials-2\" class=\"testimonials-full-section\" style=\"background-color: #ffffff\" data-label=\"Testimonials\" data-id=\"testimonials-full-section\" data-category=\"testimonials\">\n<div class=\"testimonials-full-section\">\n<div class=\"testimonials-full-textrow dynamic-color\">\n<div class=\"testimonials-full-textcol\" data-type=\"column\">\n<h2 class=\"\">Deadfall (1968)<\/h2>\n<p style=\"text-align: left\">Michael Caine est\u00e1 involucrado con diamantes y hurto en Madrid y Mallorca en una pel\u00edcula de Bryan Forbes basada en un libro de Desmond Cory, que vivi\u00f3 en C\u00f3rdoba desde 1953, se cas\u00f3 con una espa\u00f1ola y finalmente regres\u00f3 a M\u00e1laga en 1996, donde vivi\u00f3 hasta su muerte, como suele pasar.<\/p>\n<p style=\"text-align: left\">Al principio de la pel\u00edcula encontramos a Caine en una cl\u00ednica de desintoxicaci\u00f3n, que en realidad es el Castillo de Bendinat, un castillo privado (con un campo de golf, como suele ser el caso de los privados), cuya construcci\u00f3n comenz\u00f3 en 1855.<\/p>\n<p style=\"text-align: left\">La escena en la que Caine intenta abrir primero y luego llevarse una caja fuerte, fue rodada en el palacio Marivent de Palma, ahora casa de verano de la familia real espa\u00f1ola.<\/p>\n<p style=\"text-align: left\">Caine escala la fachada mientras que las victimas ricas salen por la puerta principal.<\/p>\n<p style=\"text-align: left\">Eric Portman, su c\u00f3mplice, celebra el robo regalando a Caine un coche deportivo y se va a pasar el d\u00eda a unos jardines, que son los Jardines de Alfabia, cerca de Bunyola, en el centro de la isla.<\/p>\n<\/div>\n<\/div>\n<div class=\"testimonials-full-itemsrow dynamic-color\" data-type=\"row\">\n<div class=\"testimonials-full-itemcol cp4cols cp6cols-tablet\">\n<div class=\"testimonials-full-imgcol\" style=\"text-align: left\" data-preview-empty=\"1\">Gracias a Eva Dominguis por la foto.<\/div>\n<div class=\"testimonials-full-itemtextcol\" data-type=\"column\"><\/div>\n<\/div>\n<\/div>\n<\/div>\n<\/div>\n","protected":false},"excerpt":{"rendered":"<p>Deadfall (1968) Michael Caine est\u00e1 involucrado con diamantes y hurto en Madrid y Mallorca en una pel\u00edcula de Bryan Forbes [&hellip;]<\/p>\n","protected":false},"author":1,"featured_media":2825,"parent":0,"menu_order":0,"comment_status":"closed","ping_status":"closed","template":"","meta":{"_uag_custom_page_level_css":"","site-sidebar-layout":"default","site-content-layout":"","ast-site-content-layout":"default","site-content-style":"default","site-sidebar-style":"default","ast-global-header-display":"","ast-banner-title-visibility":"","ast-main-header-display":"","ast-hfb-above-header-display":"","ast-hfb-below-header-display":"","ast-hfb-mobile-header-display":"","site-post-title":"","ast-breadcrumbs-content":"","ast-featured-img":"","footer-sml-layout":"","ast-disable-related-posts":"","theme-transparent-header-meta":"","adv-header-id-meta":"","stick-header-meta":"","header-above-stick-meta":"","header-main-stick-meta":"","header-below-stick-meta":"","astra-migrate-meta-layouts":"default","ast-page-background-enabled":"default","ast-page-background-meta":{"desktop":{"background-color":"var(--ast-global-color-5)","background-image":"","background-repeat":"repeat","background-position":"center center","background-size":"auto","background-attachment":"scroll","background-type":"","background-media":"","overlay-type":"","overlay-color":"","overlay-opacity":"","overlay-gradient":""},"tablet":{"background-color":"","background-image":"","background-repeat":"repeat","background-position":"center center","background-size":"auto","background-attachment":"scroll","background-type":"","background-media":"","overlay-type":"","overlay-color":"","overlay-opacity":"","overlay-gradient":""},"mobile":{"background-color":"","background-image":"","background-repeat":"repeat","background-position":"center center","background-size":"auto","background-attachment":"scroll","background-type":"","background-media":"","overlay-type":"","overlay-color":"","overlay-opacity":"","overlay-gradient":""}},"ast-content-background-meta":{"desktop":{"background-color":"var(--ast-global-color-4)","background-image":"","background-repeat":"repeat","background-position":"center center","background-size":"auto","background-attachment":"scroll","background-type":"","background-media":"","overlay-type":"","overlay-color":"","overlay-opacity":"","overlay-gradient":""},"tablet":{"background-color":"var(--ast-global-color-4)","background-image":"","background-repeat":"repeat","background-position":"center center","background-size":"auto","background-attachment":"scroll","background-type":"","background-media":"","overlay-type":"","overlay-color":"","overlay-opacity":"","overlay-gradient":""},"mobile":{"background-color":"var(--ast-global-color-4)","background-image":"","background-repeat":"repeat","background-position":"center center","background-size":"auto","background-attachment":"scroll","background-type":"","background-media":"","overlay-type":"","overlay-color":"","overlay-opacity":"","overlay-gradient":""}},"footnotes":""},"class_list":["post-766","page","type-page","status-publish","has-post-thumbnail","hentry"],"featured_image_src":"https:\/\/spanishcastlemoviemagic.com\/es\/wp-content\/uploads\/sites\/3\/2019\/09\/Baleares-mallorca-bendinat.jpg","featured_image_src_square":"https:\/\/spanishcastlemoviemagic.com\/es\/wp-content\/uploads\/sites\/3\/2019\/09\/Baleares-mallorca-bendinat.jpg","uagb_featured_image_src":{"full":["https:\/\/spanishcastlemoviemagic.com\/es\/wp-content\/uploads\/sites\/3\/2019\/09\/Baleares-mallorca-bendinat.jpg",1600,1200,false],"thumbnail":["https:\/\/spanishcastlemoviemagic.com\/es\/wp-content\/uploads\/sites\/3\/2019\/09\/Baleares-mallorca-bendinat-150x150.jpg",150,150,true],"medium":["https:\/\/spanishcastlemoviemagic.com\/es\/wp-content\/uploads\/sites\/3\/2019\/09\/Baleares-mallorca-bendinat-300x225.jpg",300,225,true],"medium_large":["https:\/\/spanishcastlemoviemagic.com\/es\/wp-content\/uploads\/sites\/3\/2019\/09\/Baleares-mallorca-bendinat-768x576.jpg",768,576,true],"large":["https:\/\/spanishcastlemoviemagic.com\/es\/wp-content\/uploads\/sites\/3\/2019\/09\/Baleares-mallorca-bendinat-1024x768.jpg",1024,768,true],"1536x1536":["https:\/\/spanishcastlemoviemagic.com\/es\/wp-content\/uploads\/sites\/3\/2019\/09\/Baleares-mallorca-bendinat.jpg",1536,1152,false],"2048x2048":["https:\/\/spanishcastlemoviemagic.com\/es\/wp-content\/uploads\/sites\/3\/2019\/09\/Baleares-mallorca-bendinat.jpg",1600,1200,false],"ab-block-post-grid-landscape":["https:\/\/spanishcastlemoviemagic.com\/es\/wp-content\/uploads\/sites\/3\/2019\/09\/Baleares-mallorca-bendinat.jpg",533,400,false],"ab-block-post-grid-square":["https:\/\/spanishcastlemoviemagic.com\/es\/wp-content\/uploads\/sites\/3\/2019\/09\/Baleares-mallorca-bendinat.jpg",600,450,false]},"uagb_author_info":{"display_name":"admin","author_link":"https:\/\/spanishcastlemoviemagic.com\/es\/blog\/author\/cas-eggermontme-com\/"},"uagb_comment_info":0,"uagb_excerpt":"Deadfall (1968) Michael Caine est\u00e1 involucrado con diamantes y hurto en Madrid y Mallorca en una pel\u00edcula de Bryan Forbes [&hellip;]","_links":{"self":[{"href":"https:\/\/spanishcastlemoviemagic.com\/es\/wp-json\/wp\/v2\/pages\/766","targetHints":{"allow":["GET"]}}],"collection":[{"href":"https:\/\/spanishcastlemoviemagic.com\/es\/wp-json\/wp\/v2\/pages"}],"about":[{"href":"https:\/\/spanishcastlemoviemagic.com\/es\/wp-json\/wp\/v2\/types\/page"}],"author":[{"embeddable":true,"href":"https:\/\/spanishcastlemoviemagic.com\/es\/wp-json\/wp\/v2\/users\/1"}],"replies":[{"embeddable":true,"href":"https:\/\/spanishcastlemoviemagic.com\/es\/wp-json\/wp\/v2\/comments?post=766"}],"version-history":[{"count":4,"href":"https:\/\/spanishcastlemoviemagic.com\/es\/wp-json\/wp\/v2\/pages\/766\/revisions"}],"predecessor-version":[{"id":4147,"href":"https:\/\/spanishcastlemoviemagic.com\/es\/wp-json\/wp\/v2\/pages\/766\/revisions\/4147"}],"wp:featuredmedia":[{"embeddable":true,"href":"https:\/\/spanishcastlemoviemagic.com\/es\/wp-json\/wp\/v2\/media\/2825"}],"wp:attachment":[{"href":"https:\/\/spanishcastlemoviemagic.com\/es\/wp-json\/wp\/v2\/media?parent=766"}],"curies":[{"name":"wp","href":"https:\/\/api.w.org\/{rel}","templated":true}]}}