{"id":714,"date":"2019-09-06T10:13:06","date_gmt":"2019-09-06T10:13:06","guid":{"rendered":"https:\/\/spanishcastlemoviemagic.com\/es\/?page_id=714"},"modified":"2020-02-01T10:45:19","modified_gmt":"2020-02-01T10:45:19","slug":"ibiza-3","status":"publish","type":"page","link":"https:\/\/spanishcastlemoviemagic.com\/es\/ibiza-3\/","title":{"rendered":"Ibiza"},"content":{"rendered":"<div id=\"portfolio-1\" class=\"portfolio-cards-section\" style=\"background-color: #ffffff\" data-label=\"Portfolio\" data-id=\"portfolio-cards-section\" data-category=\"portfolio\">\n<div class=\"gridContainer\">\n<div class=\"portfolio-cards-textcol dynamic-color\" data-type=\"column\">\n<h2 class=\"\">Eivissa Castle<\/h2>\n<p class=\"\" style=\"text-align: left\">El Castillo de Eivissa es un conjunto de edificios situados en el Puig de Vila. Sol\u00eda ser m\u00e1s espectacular con 12 torres.<br \/>\nEl castillo actual, construido sobre restos \u00e1rabes m\u00e1s antiguos, fue encargado en el siglo XVI por el rey Felipe II. Comenz\u00f3 a construirse en 1554, y mucho m\u00e1s tarde se empez\u00f3 a trabajar para convertirlo en un Parador de Turismo, cuya inauguraci\u00f3n est\u00e1 prevista para el a\u00f1o 2020.<\/p>\n<p>Hay una leyenda que dice que el castillo fue construido con piedras tomadas de las ruinas de la Atl\u00e1ntida, situadas cerca del m\u00e1gico islote de Es Vedra.<\/p>\n<\/div>\n<div class=\"portfolio-cards-projectsro dark-text\" data-type=\"row\">\n<div class=\"portfolio-cards-projectcol cp4cols cp6cols-tablet\">\n<div class=\"portfolio-cards-projectcard\">\n<div id=\"ContentSwap104\" class=\"contentswap-effect ContentSwap104\">\n<div class=\"ContentSwap104_content initial-image\"><img decoding=\"async\" class=\"portfolio-cards-projectimg\" src=\"https:\/\/spanishcastlemoviemagic.com\/es\/wp-content\/uploads\/sites\/3\/2019\/09\/cropped-Ibiza-1.jpg\" data-size=\"1200x800\" \/><\/div>\n<div class=\"overlay\"><\/div>\n<div class=\"swap-inner\">\n<div class=\"ContentSwap104-center\"><\/div>\n<\/div>\n<\/div>\n<div class=\"portfolio-cards-projectinfo\">\n<div class=\"portfolio-cards-projnamecol\" data-type=\"column\">\n<h4 class=\"portfolio-cards-projtitle\"><a href=\"https:\/\/spanishcastlemoviemagic.com\/es\/more-1969\/\">More (1969)<\/a><\/h4>\n<\/div>\n<\/div>\n<\/div>\n<\/div>\n<div class=\"portfolio-cards-projectcol cp4cols cp6cols-tablet\">\n<div class=\"portfolio-cards-projectcard\">\n<div id=\"ContentSwap104\" class=\"contentswap-effect ContentSwap104\">\n<div class=\"ContentSwap104_content initial-image\"><img decoding=\"async\" class=\"portfolio-cards-projectimg\" src=\"https:\/\/spanishcastlemoviemagic.com\/es\/wp-content\/uploads\/sites\/3\/2019\/09\/cropped-Ibiza-2.jpg\" data-size=\"1200x800\" \/><\/div>\n<div class=\"overlay\"><\/div>\n<div class=\"swap-inner\">\n<div class=\"ContentSwap104-center\"><\/div>\n<\/div>\n<\/div>\n<div class=\"portfolio-cards-projectinfo\">\n<div class=\"portfolio-cards-projnamecol\" data-type=\"column\">\n<h4 class=\"portfolio-cards-projtitle\"><a href=\"https:\/\/spanishcastlemoviemagic.com\/es\/the-trouble-with-spies-1987\/\">The Trouble with Spies (1987)<\/a><\/h4>\n<\/div>\n<\/div>\n<\/div>\n<\/div>\n<div class=\"portfolio-cards-projectcol cp4cols cp6cols-tablet\">\n<div class=\"portfolio-cards-projectcard\">\n<div id=\"ContentSwap104\" class=\"contentswap-effect ContentSwap104\">\n<div class=\"ContentSwap104_content initial-image\"><img decoding=\"async\" class=\"portfolio-cards-projectimg\" src=\"https:\/\/spanishcastlemoviemagic.com\/es\/wp-content\/uploads\/sites\/3\/2019\/09\/cropped-Ibiza-1-1.jpg\" data-size=\"1200x800\" \/><\/div>\n<div class=\"overlay\"><\/div>\n<div class=\"swap-inner\">\n<div class=\"ContentSwap104-center\"><\/div>\n<\/div>\n<\/div>\n<div class=\"portfolio-cards-projectinfo\">\n<div class=\"portfolio-cards-projnamecol\" data-type=\"column\">\n<h4 class=\"portfolio-cards-projtitle\"><a href=\"https:\/\/spanishcastlemoviemagic.com\/es\/the-shell-seekers-1989-3\/\">The Shell Seekers (1989)<\/a><\/h4>\n<\/div>\n<\/div>\n<\/div>\n<\/div>\n<div class=\"portfolio-cards-projectcol cp4cols cp6cols-tablet\">\n<div class=\"portfolio-cards-projectcard\">\n<div id=\"ContentSwap104\" class=\"contentswap-effect ContentSwap104\">\n<div class=\"ContentSwap104_content initial-image\"><img decoding=\"async\" class=\"portfolio-cards-projectimg\" src=\"https:\/\/spanishcastlemoviemagic.com\/es\/wp-content\/uploads\/sites\/3\/2019\/09\/cropped-Ibiza-4.jpg\" data-size=\"1200x800\" \/><\/div>\n<div class=\"overlay\"><\/div>\n<div class=\"swap-inner\">\n<div class=\"ContentSwap104-center\"><\/div>\n<\/div>\n<\/div>\n<div class=\"portfolio-cards-projectinfo\">\n<div class=\"portfolio-cards-projnamecol\" data-type=\"column\">\n<h4 class=\"portfolio-cards-projtitle\"><a href=\"https:\/\/spanishcastlemoviemagic.com\/es\/welcome-2-ibiza-2002\/\">Welcome 2 Ibiza (2002)<\/a><\/h4>\n<\/div>\n<\/div>\n<\/div>\n<\/div>\n<div class=\"portfolio-cards-projectcol cp4cols cp6cols-tablet\">\n<div class=\"portfolio-cards-projectcard\">\n<div id=\"ContentSwap104\" class=\"contentswap-effect ContentSwap104\">\n<div class=\"ContentSwap104_content initial-image\"><img decoding=\"async\" class=\"portfolio-cards-projectimg\" src=\"https:\/\/spanishcastlemoviemagic.com\/es\/wp-content\/uploads\/sites\/3\/2019\/09\/cropped-Ibiza-5.jpg\" data-size=\"1200x800\" \/><\/div>\n<div class=\"overlay\"><\/div>\n<div class=\"swap-inner\">\n<div class=\"ContentSwap104-center\"><\/div>\n<\/div>\n<\/div>\n<div class=\"portfolio-cards-projectinfo\">\n<div class=\"portfolio-cards-projnamecol\" data-type=\"column\">\n<h4 class=\"portfolio-cards-projtitle\"><a href=\"https:\/\/spanishcastlemoviemagic.com\/es\/its-all-gone-pete-tong-2004\/\">It\u2019s all Gone Pete Tong (2004)<\/a><\/h4>\n<\/div>\n<\/div>\n<\/div>\n<\/div>\n<\/div>\n<\/div>\n<\/div>\n","protected":false},"excerpt":{"rendered":"<p>Eivissa Castle El Castillo de Eivissa es un conjunto de edificios situados en el Puig de Vila. Sol\u00eda ser m\u00e1s [&hellip;]<\/p>\n","protected":false},"author":1,"featured_media":715,"parent":0,"menu_order":0,"comment_status":"closed","ping_status":"closed","template":"full-width-page.php","meta":{"_uag_custom_page_level_css":"","site-sidebar-layout":"default","site-content-layout":"","ast-site-content-layout":"default","site-content-style":"default","site-sidebar-style":"default","ast-global-header-display":"","ast-banner-title-visibility":"","ast-main-header-display":"","ast-hfb-above-header-display":"","ast-hfb-below-header-display":"","ast-hfb-mobile-header-display":"","site-post-title":"","ast-breadcrumbs-content":"","ast-featured-img":"","footer-sml-layout":"","ast-disable-related-posts":"","theme-transparent-header-meta":"","adv-header-id-meta":"","stick-header-meta":"","header-above-stick-meta":"","header-main-stick-meta":"","header-below-stick-meta":"","astra-migrate-meta-layouts":"default","ast-page-background-enabled":"default","ast-page-background-meta":{"desktop":{"background-color":"var(--ast-global-color-5)","background-image":"","background-repeat":"repeat","background-position":"center center","background-size":"auto","background-attachment":"scroll","background-type":"","background-media":"","overlay-type":"","overlay-color":"","overlay-opacity":"","overlay-gradient":""},"tablet":{"background-color":"","background-image":"","background-repeat":"repeat","background-position":"center center","background-size":"auto","background-attachment":"scroll","background-type":"","background-media":"","overlay-type":"","overlay-color":"","overlay-opacity":"","overlay-gradient":""},"mobile":{"background-color":"","background-image":"","background-repeat":"repeat","background-position":"center center","background-size":"auto","background-attachment":"scroll","background-type":"","background-media":"","overlay-type":"","overlay-color":"","overlay-opacity":"","overlay-gradient":""}},"ast-content-background-meta":{"desktop":{"background-color":"var(--ast-global-color-4)","background-image":"","background-repeat":"repeat","background-position":"center center","background-size":"auto","background-attachment":"scroll","background-type":"","background-media":"","overlay-type":"","overlay-color":"","overlay-opacity":"","overlay-gradient":""},"tablet":{"background-color":"var(--ast-global-color-4)","background-image":"","background-repeat":"repeat","background-position":"center center","background-size":"auto","background-attachment":"scroll","background-type":"","background-media":"","overlay-type":"","overlay-color":"","overlay-opacity":"","overlay-gradient":""},"mobile":{"background-color":"var(--ast-global-color-4)","background-image":"","background-repeat":"repeat","background-position":"center center","background-size":"auto","background-attachment":"scroll","background-type":"","background-media":"","overlay-type":"","overlay-color":"","overlay-opacity":"","overlay-gradient":""}},"footnotes":""},"class_list":["post-714","page","type-page","status-publish","has-post-thumbnail","hentry"],"featured_image_src":"https:\/\/spanishcastlemoviemagic.com\/es\/wp-content\/uploads\/sites\/3\/2019\/09\/Ibiza-1.jpg","featured_image_src_square":"https:\/\/spanishcastlemoviemagic.com\/es\/wp-content\/uploads\/sites\/3\/2019\/09\/Ibiza-1.jpg","uagb_featured_image_src":{"full":["https:\/\/spanishcastlemoviemagic.com\/es\/wp-content\/uploads\/sites\/3\/2019\/09\/Ibiza-1.jpg",1496,844,false],"thumbnail":["https:\/\/spanishcastlemoviemagic.com\/es\/wp-content\/uploads\/sites\/3\/2019\/09\/Ibiza-1-150x150.jpg",150,150,true],"medium":["https:\/\/spanishcastlemoviemagic.com\/es\/wp-content\/uploads\/sites\/3\/2019\/09\/Ibiza-1-300x169.jpg",300,169,true],"medium_large":["https:\/\/spanishcastlemoviemagic.com\/es\/wp-content\/uploads\/sites\/3\/2019\/09\/Ibiza-1-768x433.jpg",768,433,true],"large":["https:\/\/spanishcastlemoviemagic.com\/es\/wp-content\/uploads\/sites\/3\/2019\/09\/Ibiza-1-1024x578.jpg",1024,578,true],"1536x1536":["https:\/\/spanishcastlemoviemagic.com\/es\/wp-content\/uploads\/sites\/3\/2019\/09\/Ibiza-1.jpg",1496,844,false],"2048x2048":["https:\/\/spanishcastlemoviemagic.com\/es\/wp-content\/uploads\/sites\/3\/2019\/09\/Ibiza-1.jpg",1496,844,false],"ab-block-post-grid-landscape":["https:\/\/spanishcastlemoviemagic.com\/es\/wp-content\/uploads\/sites\/3\/2019\/09\/Ibiza-1.jpg",600,339,false],"ab-block-post-grid-square":["https:\/\/spanishcastlemoviemagic.com\/es\/wp-content\/uploads\/sites\/3\/2019\/09\/Ibiza-1.jpg",600,339,false]},"uagb_author_info":{"display_name":"admin","author_link":"https:\/\/spanishcastlemoviemagic.com\/es\/blog\/author\/cas-eggermontme-com\/"},"uagb_comment_info":0,"uagb_excerpt":"Eivissa Castle El Castillo de Eivissa es un conjunto de edificios situados en el Puig de Vila. Sol\u00eda ser m\u00e1s [&hellip;]","_links":{"self":[{"href":"https:\/\/spanishcastlemoviemagic.com\/es\/wp-json\/wp\/v2\/pages\/714","targetHints":{"allow":["GET"]}}],"collection":[{"href":"https:\/\/spanishcastlemoviemagic.com\/es\/wp-json\/wp\/v2\/pages"}],"about":[{"href":"https:\/\/spanishcastlemoviemagic.com\/es\/wp-json\/wp\/v2\/types\/page"}],"author":[{"embeddable":true,"href":"https:\/\/spanishcastlemoviemagic.com\/es\/wp-json\/wp\/v2\/users\/1"}],"replies":[{"embeddable":true,"href":"https:\/\/spanishcastlemoviemagic.com\/es\/wp-json\/wp\/v2\/comments?post=714"}],"version-history":[{"count":7,"href":"https:\/\/spanishcastlemoviemagic.com\/es\/wp-json\/wp\/v2\/pages\/714\/revisions"}],"predecessor-version":[{"id":4574,"href":"https:\/\/spanishcastlemoviemagic.com\/es\/wp-json\/wp\/v2\/pages\/714\/revisions\/4574"}],"wp:featuredmedia":[{"embeddable":true,"href":"https:\/\/spanishcastlemoviemagic.com\/es\/wp-json\/wp\/v2\/media\/715"}],"wp:attachment":[{"href":"https:\/\/spanishcastlemoviemagic.com\/es\/wp-json\/wp\/v2\/media?parent=714"}],"curies":[{"name":"wp","href":"https:\/\/api.w.org\/{rel}","templated":true}]}}