{"id":660,"date":"2019-09-05T07:17:22","date_gmt":"2019-09-05T07:17:22","guid":{"rendered":"https:\/\/spanishcastlemoviemagic.com\/es\/?page_id=660"},"modified":"2020-10-20T13:07:08","modified_gmt":"2020-10-20T13:07:08","slug":"teruel","status":"publish","type":"page","link":"https:\/\/spanishcastlemoviemagic.com\/es\/teruel\/","title":{"rendered":"Teruel"},"content":{"rendered":"<div id=\"portfolio-1\" class=\"portfolio-cards-section\" style=\"background-color: #ffffff;\" data-label=\"Portfolio\" data-id=\"portfolio-cards-section\" data-category=\"portfolio\">\n<div class=\"gridContainer\">\n<div class=\"portfolio-cards-textcol dynamic-color\" data-type=\"column\">\n<h2 class=\"\">Albarrac\u00edn<\/h2>\n<p class=\"\" style=\"text-align: left;\">La construcci\u00f3n principal fue iniciada por los \u00e1rabes en el siglo X. Controlaron la ciudad hasta la llegada del rey Pedro III de Arag\u00f3n, que, tras un exitoso asedio, reform\u00f3 considerablemente el castillo.<\/p>\n<p style=\"text-align: left;\" class=\"\">Fue ocupada por \u00faltima vez por los soldados del rey Felipe II, y desde entonces ha sido abandonada.<\/p>\n<p>El fantasma de Albarrac\u00edn es Do\u00f1a Blanca, que se qued\u00f3 all\u00ed de camino al exilio.<br \/>\nDurante su estancia desapareci\u00f3, y hoy, cuando hay luna llena en verano, los lugare\u00f1os afirman que se la puede ver como una presencia blanca y rala alrededor de la torre que ahora lleva su nombre.<\/p>\n<\/div>\n<div class=\"portfolio-cards-projectsro dark-text\" data-type=\"row\">\n<div class=\"portfolio-cards-projectcol cp4cols cp6cols-tablet\">\n<div class=\"portfolio-cards-projectcard\">\n<div id=\"ContentSwap104\" class=\"contentswap-effect ContentSwap104\">\n<div class=\"ContentSwap104_content initial-image\"><img decoding=\"async\" class=\"portfolio-cards-projectimg\" src=\"https:\/\/spanishcastlemoviemagic.com\/es\/wp-content\/uploads\/sites\/3\/2019\/09\/cropped-Albaracin-1.jpg\" data-size=\"1200x800\"><\/div>\n<div class=\"overlay\"><\/div>\n<div class=\"swap-inner\">\n<div class=\"ContentSwap104-center\"><\/div>\n<\/div>\n<\/div>\n<div class=\"portfolio-cards-projectinfo\">\n<div class=\"portfolio-cards-projnamecol\" data-type=\"column\">\n<h4 class=\"portfolio-cards-projtitle\"><a href=\"https:\/\/spanishcastlemoviemagic.com\/es\/the-promise-2016\">The Promise (2016)<\/a><\/h4>\n<\/div>\n<\/div>\n<\/div>\n<\/div>\n<\/div>\n<\/div>\n<\/div>\n","protected":false},"excerpt":{"rendered":"<p>Albarrac\u00edn La construcci\u00f3n principal fue iniciada por los \u00e1rabes en el siglo X. Controlaron la ciudad hasta la llegada del [&hellip;]<\/p>\n","protected":false},"author":1,"featured_media":646,"parent":0,"menu_order":0,"comment_status":"closed","ping_status":"closed","template":"","meta":{"_uag_custom_page_level_css":"","site-sidebar-layout":"default","site-content-layout":"","ast-site-content-layout":"default","site-content-style":"default","site-sidebar-style":"default","ast-global-header-display":"","ast-banner-title-visibility":"","ast-main-header-display":"","ast-hfb-above-header-display":"","ast-hfb-below-header-display":"","ast-hfb-mobile-header-display":"","site-post-title":"","ast-breadcrumbs-content":"","ast-featured-img":"","footer-sml-layout":"","ast-disable-related-posts":"","theme-transparent-header-meta":"","adv-header-id-meta":"","stick-header-meta":"","header-above-stick-meta":"","header-main-stick-meta":"","header-below-stick-meta":"","astra-migrate-meta-layouts":"default","ast-page-background-enabled":"default","ast-page-background-meta":{"desktop":{"background-color":"var(--ast-global-color-5)","background-image":"","background-repeat":"repeat","background-position":"center center","background-size":"auto","background-attachment":"scroll","background-type":"","background-media":"","overlay-type":"","overlay-color":"","overlay-opacity":"","overlay-gradient":""},"tablet":{"background-color":"","background-image":"","background-repeat":"repeat","background-position":"center center","background-size":"auto","background-attachment":"scroll","background-type":"","background-media":"","overlay-type":"","overlay-color":"","overlay-opacity":"","overlay-gradient":""},"mobile":{"background-color":"","background-image":"","background-repeat":"repeat","background-position":"center center","background-size":"auto","background-attachment":"scroll","background-type":"","background-media":"","overlay-type":"","overlay-color":"","overlay-opacity":"","overlay-gradient":""}},"ast-content-background-meta":{"desktop":{"background-color":"var(--ast-global-color-4)","background-image":"","background-repeat":"repeat","background-position":"center center","background-size":"auto","background-attachment":"scroll","background-type":"","background-media":"","overlay-type":"","overlay-color":"","overlay-opacity":"","overlay-gradient":""},"tablet":{"background-color":"var(--ast-global-color-4)","background-image":"","background-repeat":"repeat","background-position":"center center","background-size":"auto","background-attachment":"scroll","background-type":"","background-media":"","overlay-type":"","overlay-color":"","overlay-opacity":"","overlay-gradient":""},"mobile":{"background-color":"var(--ast-global-color-4)","background-image":"","background-repeat":"repeat","background-position":"center center","background-size":"auto","background-attachment":"scroll","background-type":"","background-media":"","overlay-type":"","overlay-color":"","overlay-opacity":"","overlay-gradient":""}},"footnotes":""},"class_list":["post-660","page","type-page","status-publish","has-post-thumbnail","hentry"],"featured_image_src":"https:\/\/spanishcastlemoviemagic.com\/es\/wp-content\/uploads\/sites\/3\/2019\/09\/Albaracin.jpg","featured_image_src_square":"https:\/\/spanishcastlemoviemagic.com\/es\/wp-content\/uploads\/sites\/3\/2019\/09\/Albaracin.jpg","uagb_featured_image_src":{"full":["https:\/\/spanishcastlemoviemagic.com\/es\/wp-content\/uploads\/sites\/3\/2019\/09\/Albaracin.jpg",2000,1333,false],"thumbnail":["https:\/\/spanishcastlemoviemagic.com\/es\/wp-content\/uploads\/sites\/3\/2019\/09\/Albaracin-150x150.jpg",150,150,true],"medium":["https:\/\/spanishcastlemoviemagic.com\/es\/wp-content\/uploads\/sites\/3\/2019\/09\/Albaracin-300x200.jpg",300,200,true],"medium_large":["https:\/\/spanishcastlemoviemagic.com\/es\/wp-content\/uploads\/sites\/3\/2019\/09\/Albaracin-768x512.jpg",768,512,true],"large":["https:\/\/spanishcastlemoviemagic.com\/es\/wp-content\/uploads\/sites\/3\/2019\/09\/Albaracin-1024x682.jpg",1024,682,true],"1536x1536":["https:\/\/spanishcastlemoviemagic.com\/es\/wp-content\/uploads\/sites\/3\/2019\/09\/Albaracin.jpg",1536,1024,false],"2048x2048":["https:\/\/spanishcastlemoviemagic.com\/es\/wp-content\/uploads\/sites\/3\/2019\/09\/Albaracin.jpg",2000,1333,false],"ab-block-post-grid-landscape":["https:\/\/spanishcastlemoviemagic.com\/es\/wp-content\/uploads\/sites\/3\/2019\/09\/Albaracin.jpg",600,400,false],"ab-block-post-grid-square":["https:\/\/spanishcastlemoviemagic.com\/es\/wp-content\/uploads\/sites\/3\/2019\/09\/Albaracin.jpg",600,400,false]},"uagb_author_info":{"display_name":"admin","author_link":"https:\/\/spanishcastlemoviemagic.com\/es\/blog\/author\/cas-eggermontme-com\/"},"uagb_comment_info":0,"uagb_excerpt":"Albarrac\u00edn La construcci\u00f3n principal fue iniciada por los \u00e1rabes en el siglo X. Controlaron la ciudad hasta la llegada del [&hellip;]","_links":{"self":[{"href":"https:\/\/spanishcastlemoviemagic.com\/es\/wp-json\/wp\/v2\/pages\/660","targetHints":{"allow":["GET"]}}],"collection":[{"href":"https:\/\/spanishcastlemoviemagic.com\/es\/wp-json\/wp\/v2\/pages"}],"about":[{"href":"https:\/\/spanishcastlemoviemagic.com\/es\/wp-json\/wp\/v2\/types\/page"}],"author":[{"embeddable":true,"href":"https:\/\/spanishcastlemoviemagic.com\/es\/wp-json\/wp\/v2\/users\/1"}],"replies":[{"embeddable":true,"href":"https:\/\/spanishcastlemoviemagic.com\/es\/wp-json\/wp\/v2\/comments?post=660"}],"version-history":[{"count":7,"href":"https:\/\/spanishcastlemoviemagic.com\/es\/wp-json\/wp\/v2\/pages\/660\/revisions"}],"predecessor-version":[{"id":4600,"href":"https:\/\/spanishcastlemoviemagic.com\/es\/wp-json\/wp\/v2\/pages\/660\/revisions\/4600"}],"wp:featuredmedia":[{"embeddable":true,"href":"https:\/\/spanishcastlemoviemagic.com\/es\/wp-json\/wp\/v2\/media\/646"}],"wp:attachment":[{"href":"https:\/\/spanishcastlemoviemagic.com\/es\/wp-json\/wp\/v2\/media?parent=660"}],"curies":[{"name":"wp","href":"https:\/\/api.w.org\/{rel}","templated":true}]}}