{"id":584,"date":"2019-09-04T20:10:52","date_gmt":"2019-09-04T20:10:52","guid":{"rendered":"https:\/\/spanishcastlemoviemagic.com\/es\/?page_id=584"},"modified":"2021-05-31T13:16:32","modified_gmt":"2021-05-31T13:16:32","slug":"el-cid-1961","status":"publish","type":"page","link":"https:\/\/spanishcastlemoviemagic.com\/es\/el-cid-1961\/","title":{"rendered":"El Cid (1961) Pe\u00f1iscola"},"content":{"rendered":"\n<p>La\nciudad de Valencia tiene una estatua de El Cid, as\u00ed como una avenida y una\nestaci\u00f3n de metro con su nombre. Sin embargo, en la pel\u00edcula El Cid, Valencia\nno es Valencia en absoluto, sino el pueblo costero de Pe\u00f1iscola en la provincia\nde Castell\u00f3n.<\/p>\n\n\n\n<p>Valencia\nes el lugar donde El Cid morir\u00e1 como un h\u00e9roe, defendiendo la ciudad de los\nmalvados moros con la ayuda de los buenos moros.<\/p>\n\n\n\n<p>Todo\nesto sucedi\u00f3 en 1094, e igual que Valencia no es Valencia en la pel\u00edcula,\ntampoco es el guion un reflejo de los hechos.<\/p>\n\n\n\n<p>El\nverdadero El Cid sobrevivi\u00f3 a la batalla y muri\u00f3 5 a\u00f1os despu\u00e9s, y la ciudad\nfue retomada por los Moros unos a\u00f1os m\u00e1s adelante.<\/p>\n\n\n\n<p>El\nhecho de que el castillo de Pe\u00f1\u00edscola data de los siglos XIII y XIV, ya que fue\nconstruido por los Caballeros Templarios entre 1294 y 1307, es sin duda un\npunto demasiado puntilloso como para ser de importancia, <\/p>\n\n\n\n<p>En\nla versi\u00f3n de Hollywood vemos a Cid cabalgando por la playa, muerto pero\nsatisfecho, habiendo cumplido con su deber de guiar a sus soldados en una de\nlas escenas de batalla menos convincentes jam\u00e1s realizadas.\n\nEn la 4\u00aa temporada de Juego de Tronos, Pe\u00f1iscola se\nconvierte en Meereen, una ciudad Bah\u00eda de Dragones, donde Daenerys Targaryenla\nllega para liberar a los \n\n\n\n<\/p>\n","protected":false},"excerpt":{"rendered":"<p>La ciudad de Valencia tiene una estatua de El Cid, as\u00ed como una avenida y una estaci\u00f3n de metro con [&hellip;]<\/p>\n","protected":false},"author":1,"featured_media":449,"parent":0,"menu_order":0,"comment_status":"closed","ping_status":"closed","template":"","meta":{"_uag_custom_page_level_css":"","site-sidebar-layout":"default","site-content-layout":"","ast-site-content-layout":"default","site-content-style":"default","site-sidebar-style":"default","ast-global-header-display":"","ast-banner-title-visibility":"","ast-main-header-display":"","ast-hfb-above-header-display":"","ast-hfb-below-header-display":"","ast-hfb-mobile-header-display":"","site-post-title":"","ast-breadcrumbs-content":"","ast-featured-img":"","footer-sml-layout":"","ast-disable-related-posts":"","theme-transparent-header-meta":"","adv-header-id-meta":"","stick-header-meta":"","header-above-stick-meta":"","header-main-stick-meta":"","header-below-stick-meta":"","astra-migrate-meta-layouts":"default","ast-page-background-enabled":"default","ast-page-background-meta":{"desktop":{"background-color":"var(--ast-global-color-5)","background-image":"","background-repeat":"repeat","background-position":"center center","background-size":"auto","background-attachment":"scroll","background-type":"","background-media":"","overlay-type":"","overlay-color":"","overlay-opacity":"","overlay-gradient":""},"tablet":{"background-color":"","background-image":"","background-repeat":"repeat","background-position":"center center","background-size":"auto","background-attachment":"scroll","background-type":"","background-media":"","overlay-type":"","overlay-color":"","overlay-opacity":"","overlay-gradient":""},"mobile":{"background-color":"","background-image":"","background-repeat":"repeat","background-position":"center center","background-size":"auto","background-attachment":"scroll","background-type":"","background-media":"","overlay-type":"","overlay-color":"","overlay-opacity":"","overlay-gradient":""}},"ast-content-background-meta":{"desktop":{"background-color":"var(--ast-global-color-4)","background-image":"","background-repeat":"repeat","background-position":"center center","background-size":"auto","background-attachment":"scroll","background-type":"","background-media":"","overlay-type":"","overlay-color":"","overlay-opacity":"","overlay-gradient":""},"tablet":{"background-color":"var(--ast-global-color-4)","background-image":"","background-repeat":"repeat","background-position":"center center","background-size":"auto","background-attachment":"scroll","background-type":"","background-media":"","overlay-type":"","overlay-color":"","overlay-opacity":"","overlay-gradient":""},"mobile":{"background-color":"var(--ast-global-color-4)","background-image":"","background-repeat":"repeat","background-position":"center center","background-size":"auto","background-attachment":"scroll","background-type":"","background-media":"","overlay-type":"","overlay-color":"","overlay-opacity":"","overlay-gradient":""}},"footnotes":""},"class_list":["post-584","page","type-page","status-publish","has-post-thumbnail","hentry"],"featured_image_src":"https:\/\/spanishcastlemoviemagic.com\/es\/wp-content\/uploads\/sites\/3\/2019\/09\/Pe\u00f1iscola-castellon-s.jpg","featured_image_src_square":"https:\/\/spanishcastlemoviemagic.com\/es\/wp-content\/uploads\/sites\/3\/2019\/09\/Pe\u00f1iscola-castellon-s.jpg","uagb_featured_image_src":{"full":["https:\/\/spanishcastlemoviemagic.com\/es\/wp-content\/uploads\/sites\/3\/2019\/09\/Pe\u00f1iscola-castellon-s.jpg",2000,1009,false],"thumbnail":["https:\/\/spanishcastlemoviemagic.com\/es\/wp-content\/uploads\/sites\/3\/2019\/09\/Pe\u00f1iscola-castellon-s-150x150.jpg",150,150,true],"medium":["https:\/\/spanishcastlemoviemagic.com\/es\/wp-content\/uploads\/sites\/3\/2019\/09\/Pe\u00f1iscola-castellon-s-300x151.jpg",300,151,true],"medium_large":["https:\/\/spanishcastlemoviemagic.com\/es\/wp-content\/uploads\/sites\/3\/2019\/09\/Pe\u00f1iscola-castellon-s-768x387.jpg",768,387,true],"large":["https:\/\/spanishcastlemoviemagic.com\/es\/wp-content\/uploads\/sites\/3\/2019\/09\/Pe\u00f1iscola-castellon-s-1024x517.jpg",1024,517,true],"1536x1536":["https:\/\/spanishcastlemoviemagic.com\/es\/wp-content\/uploads\/sites\/3\/2019\/09\/Pe\u00f1iscola-castellon-s.jpg",1536,775,false],"2048x2048":["https:\/\/spanishcastlemoviemagic.com\/es\/wp-content\/uploads\/sites\/3\/2019\/09\/Pe\u00f1iscola-castellon-s.jpg",2000,1009,false],"ab-block-post-grid-landscape":["https:\/\/spanishcastlemoviemagic.com\/es\/wp-content\/uploads\/sites\/3\/2019\/09\/Pe\u00f1iscola-castellon-s.jpg",600,303,false],"ab-block-post-grid-square":["https:\/\/spanishcastlemoviemagic.com\/es\/wp-content\/uploads\/sites\/3\/2019\/09\/Pe\u00f1iscola-castellon-s.jpg",600,303,false]},"uagb_author_info":{"display_name":"admin","author_link":"https:\/\/spanishcastlemoviemagic.com\/es\/blog\/author\/cas-eggermontme-com\/"},"uagb_comment_info":0,"uagb_excerpt":"La ciudad de Valencia tiene una estatua de El Cid, as\u00ed como una avenida y una estaci\u00f3n de metro con [&hellip;]","_links":{"self":[{"href":"https:\/\/spanishcastlemoviemagic.com\/es\/wp-json\/wp\/v2\/pages\/584","targetHints":{"allow":["GET"]}}],"collection":[{"href":"https:\/\/spanishcastlemoviemagic.com\/es\/wp-json\/wp\/v2\/pages"}],"about":[{"href":"https:\/\/spanishcastlemoviemagic.com\/es\/wp-json\/wp\/v2\/types\/page"}],"author":[{"embeddable":true,"href":"https:\/\/spanishcastlemoviemagic.com\/es\/wp-json\/wp\/v2\/users\/1"}],"replies":[{"embeddable":true,"href":"https:\/\/spanishcastlemoviemagic.com\/es\/wp-json\/wp\/v2\/comments?post=584"}],"version-history":[{"count":1,"href":"https:\/\/spanishcastlemoviemagic.com\/es\/wp-json\/wp\/v2\/pages\/584\/revisions"}],"predecessor-version":[{"id":3701,"href":"https:\/\/spanishcastlemoviemagic.com\/es\/wp-json\/wp\/v2\/pages\/584\/revisions\/3701"}],"wp:featuredmedia":[{"embeddable":true,"href":"https:\/\/spanishcastlemoviemagic.com\/es\/wp-json\/wp\/v2\/media\/449"}],"wp:attachment":[{"href":"https:\/\/spanishcastlemoviemagic.com\/es\/wp-json\/wp\/v2\/media?parent=584"}],"curies":[{"name":"wp","href":"https:\/\/api.w.org\/{rel}","templated":true}]}}