{"id":578,"date":"2019-09-04T20:07:38","date_gmt":"2019-09-04T20:07:38","guid":{"rendered":"https:\/\/spanishcastlemoviemagic.com\/es\/?page_id=578"},"modified":"2019-09-23T10:19:51","modified_gmt":"2019-09-23T10:19:51","slug":"peniscola-movie","status":"publish","type":"page","link":"https:\/\/spanishcastlemoviemagic.com\/es\/peniscola-movie\/","title":{"rendered":"Pe\u00f1iscola movie"},"content":{"rendered":"<div  id=\"portfolio-1\" class=\"portfolio-cards-section\" style=\"background-color: #ffffff;\" data-label=\"Portfolio\" data-id=\"portfolio-cards-section\" data-category=\"portfolio\">\n<div  class=\"gridContainer\">\n<div  class=\"portfolio-cards-textcol dynamic-color\" data-type=\"column\">\n<h2  class=\"\" data-gramm_id=\"8305b44c-3575-62e8-2990-b611847f544f\" data-gramm=\"true\" data-gramm_editor=\"true\">Pe\u00f1iscola<\/h2>\n<p  class=\"\" data-gramm_id=\"163a7d22-c62e-f62d-1cfd-f8199b997341\" data-gramm=\"true\" data-gramm_editor=\"true\">El hecho de que el castillo de Pe\u00f1\u00edscola data de los siglos XIII y XIV, ya que fue construido por los Caballeros Templarios entre 1294 y 1307,<\/p>\n<p><a  class=\"button color1\" href=\"https:\/\/spanishcastlemoviemagic.com\/es\/peniscola\" target=\"_self\" rel=\"noopener noreferrer\" data-icon=\"\">Read more<\/a><\/p>\n<\/div>\n<div  class=\"portfolio-cards-projectsro dark-text\" data-type=\"row\">\n<div  class=\"portfolio-cards-projectcol cp4cols cp6cols-tablet\">\n<div  class=\"portfolio-cards-projectcard\">\n<div  id=\"ContentSwap104\" class=\"contentswap-effect ContentSwap104\">\n<div  class=\"ContentSwap104_content initial-image\"><a  href=\"https:\/\/spanishcastlemoviemagic.com\/es\/el-cid-1961\"><img loading=\"lazy\" decoding=\"async\"  class=\"portfolio-cards-projectimg alignnone\" src=\"https:\/\/spanishcastlemoviemagic.com\/es\/wp-content\/uploads\/sites\/3\/2019\/09\/cropped-Pe\u00f1iscola-castellon-s-2.jpg\" alt=\"\" width=\"1200\" height=\"800\" data-size=\"1200x800\"><\/a><\/div>\n<div  class=\"overlay\" style=\"display: block; opacity: 1;\"><\/div>\n<div  class=\"swap-inner\" style=\"opacity: 1; display: block;\">\n<div >\n<hr >\n<\/div>\n<div ><\/div>\n<div ><\/div>\n<div  class=\"ContentSwap104-center\"><a  href=\"https:\/\/google.nl\" class=\"\"><img loading=\"lazy\" decoding=\"async\"  class=\"alignnone wp-image-449 size-medium\" src=\"https:\/\/spanishcastlemoviemagic.com\/es\/wp-content\/uploads\/sites\/3\/2019\/09\/Pe\u00f1iscola-castellon-s-300x151.jpg\" alt=\"\" width=\"300\" height=\"151\" srcset=\"https:\/\/spanishcastlemoviemagic.com\/es\/wp-content\/uploads\/sites\/3\/2019\/09\/Pe\u00f1iscola-castellon-s-300x151.jpg 300w, https:\/\/spanishcastlemoviemagic.com\/es\/wp-content\/uploads\/sites\/3\/2019\/09\/Pe\u00f1iscola-castellon-s-768x387.jpg 768w, https:\/\/spanishcastlemoviemagic.com\/es\/wp-content\/uploads\/sites\/3\/2019\/09\/Pe\u00f1iscola-castellon-s-1024x517.jpg 1024w\" sizes=\"auto, (max-width: 300px) 100vw, 300px\"><\/a><\/div>\n<\/div>\n<\/div>\n<div  class=\"portfolio-cards-projectinfo\">\n<div  class=\"portfolio-cards-projnamecol\" data-type=\"column\">\n<h4  class=\"portfolio-cards-projtitle\"><a  href=\"https:\/\/spanishcastlemoviemagic.com\/es\/el-cid-1961\">El Cid (1961)<\/a><\/h4>\n<\/div>\n<\/div>\n<\/div>\n<\/div>\n<\/div>\n<\/div>\n<\/div>\n","protected":false},"excerpt":{"rendered":"<p>Pe\u00f1iscola El hecho de que el castillo de Pe\u00f1\u00edscola data de los siglos XIII y XIV, ya que fue construido [&hellip;]<\/p>\n","protected":false},"author":1,"featured_media":449,"parent":0,"menu_order":0,"comment_status":"closed","ping_status":"closed","template":"full-width-page.php","meta":{"_uag_custom_page_level_css":"","site-sidebar-layout":"default","site-content-layout":"","ast-site-content-layout":"default","site-content-style":"default","site-sidebar-style":"default","ast-global-header-display":"","ast-banner-title-visibility":"","ast-main-header-display":"","ast-hfb-above-header-display":"","ast-hfb-below-header-display":"","ast-hfb-mobile-header-display":"","site-post-title":"","ast-breadcrumbs-content":"","ast-featured-img":"","footer-sml-layout":"","ast-disable-related-posts":"","theme-transparent-header-meta":"","adv-header-id-meta":"","stick-header-meta":"","header-above-stick-meta":"","header-main-stick-meta":"","header-below-stick-meta":"","astra-migrate-meta-layouts":"default","ast-page-background-enabled":"default","ast-page-background-meta":{"desktop":{"background-color":"var(--ast-global-color-5)","background-image":"","background-repeat":"repeat","background-position":"center center","background-size":"auto","background-attachment":"scroll","background-type":"","background-media":"","overlay-type":"","overlay-color":"","overlay-opacity":"","overlay-gradient":""},"tablet":{"background-color":"","background-image":"","background-repeat":"repeat","background-position":"center center","background-size":"auto","background-attachment":"scroll","background-type":"","background-media":"","overlay-type":"","overlay-color":"","overlay-opacity":"","overlay-gradient":""},"mobile":{"background-color":"","background-image":"","background-repeat":"repeat","background-position":"center center","background-size":"auto","background-attachment":"scroll","background-type":"","background-media":"","overlay-type":"","overlay-color":"","overlay-opacity":"","overlay-gradient":""}},"ast-content-background-meta":{"desktop":{"background-color":"var(--ast-global-color-4)","background-image":"","background-repeat":"repeat","background-position":"center center","background-size":"auto","background-attachment":"scroll","background-type":"","background-media":"","overlay-type":"","overlay-color":"","overlay-opacity":"","overlay-gradient":""},"tablet":{"background-color":"var(--ast-global-color-4)","background-image":"","background-repeat":"repeat","background-position":"center center","background-size":"auto","background-attachment":"scroll","background-type":"","background-media":"","overlay-type":"","overlay-color":"","overlay-opacity":"","overlay-gradient":""},"mobile":{"background-color":"var(--ast-global-color-4)","background-image":"","background-repeat":"repeat","background-position":"center center","background-size":"auto","background-attachment":"scroll","background-type":"","background-media":"","overlay-type":"","overlay-color":"","overlay-opacity":"","overlay-gradient":""}},"footnotes":""},"class_list":["post-578","page","type-page","status-publish","has-post-thumbnail","hentry"],"featured_image_src":"https:\/\/spanishcastlemoviemagic.com\/es\/wp-content\/uploads\/sites\/3\/2019\/09\/Pe\u00f1iscola-castellon-s.jpg","featured_image_src_square":"https:\/\/spanishcastlemoviemagic.com\/es\/wp-content\/uploads\/sites\/3\/2019\/09\/Pe\u00f1iscola-castellon-s.jpg","uagb_featured_image_src":{"full":["https:\/\/spanishcastlemoviemagic.com\/es\/wp-content\/uploads\/sites\/3\/2019\/09\/Pe\u00f1iscola-castellon-s.jpg",2000,1009,false],"thumbnail":["https:\/\/spanishcastlemoviemagic.com\/es\/wp-content\/uploads\/sites\/3\/2019\/09\/Pe\u00f1iscola-castellon-s-150x150.jpg",150,150,true],"medium":["https:\/\/spanishcastlemoviemagic.com\/es\/wp-content\/uploads\/sites\/3\/2019\/09\/Pe\u00f1iscola-castellon-s-300x151.jpg",300,151,true],"medium_large":["https:\/\/spanishcastlemoviemagic.com\/es\/wp-content\/uploads\/sites\/3\/2019\/09\/Pe\u00f1iscola-castellon-s-768x387.jpg",768,387,true],"large":["https:\/\/spanishcastlemoviemagic.com\/es\/wp-content\/uploads\/sites\/3\/2019\/09\/Pe\u00f1iscola-castellon-s-1024x517.jpg",1024,517,true],"1536x1536":["https:\/\/spanishcastlemoviemagic.com\/es\/wp-content\/uploads\/sites\/3\/2019\/09\/Pe\u00f1iscola-castellon-s.jpg",1536,775,false],"2048x2048":["https:\/\/spanishcastlemoviemagic.com\/es\/wp-content\/uploads\/sites\/3\/2019\/09\/Pe\u00f1iscola-castellon-s.jpg",2000,1009,false],"ab-block-post-grid-landscape":["https:\/\/spanishcastlemoviemagic.com\/es\/wp-content\/uploads\/sites\/3\/2019\/09\/Pe\u00f1iscola-castellon-s.jpg",600,303,false],"ab-block-post-grid-square":["https:\/\/spanishcastlemoviemagic.com\/es\/wp-content\/uploads\/sites\/3\/2019\/09\/Pe\u00f1iscola-castellon-s.jpg",600,303,false]},"uagb_author_info":{"display_name":"admin","author_link":"https:\/\/spanishcastlemoviemagic.com\/es\/blog\/author\/cas-eggermontme-com\/"},"uagb_comment_info":0,"uagb_excerpt":"Pe\u00f1iscola El hecho de que el castillo de Pe\u00f1\u00edscola data de los siglos XIII y XIV, ya que fue construido [&hellip;]","_links":{"self":[{"href":"https:\/\/spanishcastlemoviemagic.com\/es\/wp-json\/wp\/v2\/pages\/578","targetHints":{"allow":["GET"]}}],"collection":[{"href":"https:\/\/spanishcastlemoviemagic.com\/es\/wp-json\/wp\/v2\/pages"}],"about":[{"href":"https:\/\/spanishcastlemoviemagic.com\/es\/wp-json\/wp\/v2\/types\/page"}],"author":[{"embeddable":true,"href":"https:\/\/spanishcastlemoviemagic.com\/es\/wp-json\/wp\/v2\/users\/1"}],"replies":[{"embeddable":true,"href":"https:\/\/spanishcastlemoviemagic.com\/es\/wp-json\/wp\/v2\/comments?post=578"}],"version-history":[{"count":1,"href":"https:\/\/spanishcastlemoviemagic.com\/es\/wp-json\/wp\/v2\/pages\/578\/revisions"}],"predecessor-version":[{"id":3555,"href":"https:\/\/spanishcastlemoviemagic.com\/es\/wp-json\/wp\/v2\/pages\/578\/revisions\/3555"}],"wp:featuredmedia":[{"embeddable":true,"href":"https:\/\/spanishcastlemoviemagic.com\/es\/wp-json\/wp\/v2\/media\/449"}],"wp:attachment":[{"href":"https:\/\/spanishcastlemoviemagic.com\/es\/wp-json\/wp\/v2\/media?parent=578"}],"curies":[{"name":"wp","href":"https:\/\/api.w.org\/{rel}","templated":true}]}}