{"id":573,"date":"2019-09-04T20:06:23","date_gmt":"2019-09-04T20:06:23","guid":{"rendered":"https:\/\/spanishcastlemoviemagic.com\/es\/?page_id=573"},"modified":"2019-11-01T08:39:16","modified_gmt":"2019-11-01T08:39:16","slug":"peniscola","status":"publish","type":"page","link":"https:\/\/spanishcastlemoviemagic.com\/es\/peniscola\/","title":{"rendered":"Pe\u00f1iscola"},"content":{"rendered":"<div id=\"about-us-2\" class=\"about-image-section-pro\" style=\"background-color: #ffffff\" data-label=\"About us\" data-id=\"about-image-section-pro\" data-category=\"about\">\n<div class=\"gridContainer\">\n<div class=\"row about-image-gridcol-pro\">\n<div class=\"about-image-textcol-pro\" data-type=\"column\">\n<p class=\"\" style=\"text-align: left\">Es sin duda un punto demasiado puntilloso como para ser de importancia,<\/p>\n<p class=\"\" style=\"text-align: left\">En la versi\u00f3n de Hollywood vemos a Cid cabalgando por la playa, muerto pero satisfecho, habiendo cumplido con su deber de guiar a sus soldados en una de las escenas de batalla menos convincentes jam\u00e1s realizadas.<\/p>\n<p class=\"\" style=\"text-align: left\">En la 4\u00aa temporada de Juego de Tronos, Pe\u00f1iscola se convierte en Meereen, una ciudad Bah\u00eda de Dragones, donde Daenerys Targaryenla llega para liberar a los esclavos.<\/p>\n<p class=\"\" style=\"text-align: left\">Pe\u00f1\u00edscola es famosa por haber sido el hogar del Papa Benedicto XIII (Papa Luna). En el siglo XIV, cuando era de esperar que los Papas todav\u00eda tuvieran ej\u00e9rcitos y libraran guerras, hab\u00eda dos Papas rivales, Urbano VI y Clemente VII, uno en Roma y otro en Avi\u00f1\u00f3n.<\/p>\n<p class=\"\" style=\"text-align: left\">Despu\u00e9s de la muerte de Clemente, el Papa Luna se convirti\u00f3 en el Papa Benedicto XIII, pero la facci\u00f3n rival eligi\u00f3 a otro Papa; y as\u00ed floreci\u00f3 el cisma.<\/p>\n<p class=\"\" style=\"text-align: left\">Al evaporarse su apoyo, se vio obligado a huir a Perpi\u00f1\u00e1n y m\u00e1s tarde a Pe\u00f1\u00edscola, donde muri\u00f3, excomulgado en 1423.<\/p>\n<p>A Benedicto se le encomend\u00f3 supuestamente el C\u00f3dice Imperial del Emperador Constantino, un documento que se rumoreaba conten\u00eda un gran secreto que podr\u00eda destruir la Iglesia, o al menos proporcionar una nueva trama para Dan Brown. A la muerte de Benedicto desapareci\u00f3 y se cree que est\u00e1 escondido en el castillo o en las monta\u00f1as circundantes.<\/p>\n<p class=\"\" style=\"text-align: left\">Una parte del castillo original fue destruido durante la Guerra de la Independencia contra Napole\u00f3n en 1814 cuando las tropas espa\u00f1olas asediaban una guarnici\u00f3n francesa.<\/p>\n<p class=\"\" style=\"text-align: left\">Hoy en d\u00eda el castillo es el centro de una rica vida cultural, con conciertos de m\u00fasica cl\u00e1sica y un festival de cine.<\/p>\n<\/div>\n<div class=\"\" style=\"text-align: left\" data-type=\"column\"><\/div>\n<\/div>\n<\/div>\n<\/div>\n","protected":false},"excerpt":{"rendered":"<p>Es sin duda un punto demasiado puntilloso como para ser de importancia, En la versi\u00f3n de Hollywood vemos a Cid [&hellip;]<\/p>\n","protected":false},"author":1,"featured_media":449,"parent":0,"menu_order":0,"comment_status":"closed","ping_status":"closed","template":"full-width-page.php","meta":{"_uag_custom_page_level_css":"","site-sidebar-layout":"default","site-content-layout":"","ast-site-content-layout":"default","site-content-style":"default","site-sidebar-style":"default","ast-global-header-display":"","ast-banner-title-visibility":"","ast-main-header-display":"","ast-hfb-above-header-display":"","ast-hfb-below-header-display":"","ast-hfb-mobile-header-display":"","site-post-title":"","ast-breadcrumbs-content":"","ast-featured-img":"","footer-sml-layout":"","ast-disable-related-posts":"","theme-transparent-header-meta":"","adv-header-id-meta":"","stick-header-meta":"","header-above-stick-meta":"","header-main-stick-meta":"","header-below-stick-meta":"","astra-migrate-meta-layouts":"default","ast-page-background-enabled":"default","ast-page-background-meta":{"desktop":{"background-color":"var(--ast-global-color-5)","background-image":"","background-repeat":"repeat","background-position":"center center","background-size":"auto","background-attachment":"scroll","background-type":"","background-media":"","overlay-type":"","overlay-color":"","overlay-opacity":"","overlay-gradient":""},"tablet":{"background-color":"","background-image":"","background-repeat":"repeat","background-position":"center center","background-size":"auto","background-attachment":"scroll","background-type":"","background-media":"","overlay-type":"","overlay-color":"","overlay-opacity":"","overlay-gradient":""},"mobile":{"background-color":"","background-image":"","background-repeat":"repeat","background-position":"center center","background-size":"auto","background-attachment":"scroll","background-type":"","background-media":"","overlay-type":"","overlay-color":"","overlay-opacity":"","overlay-gradient":""}},"ast-content-background-meta":{"desktop":{"background-color":"var(--ast-global-color-4)","background-image":"","background-repeat":"repeat","background-position":"center center","background-size":"auto","background-attachment":"scroll","background-type":"","background-media":"","overlay-type":"","overlay-color":"","overlay-opacity":"","overlay-gradient":""},"tablet":{"background-color":"var(--ast-global-color-4)","background-image":"","background-repeat":"repeat","background-position":"center center","background-size":"auto","background-attachment":"scroll","background-type":"","background-media":"","overlay-type":"","overlay-color":"","overlay-opacity":"","overlay-gradient":""},"mobile":{"background-color":"var(--ast-global-color-4)","background-image":"","background-repeat":"repeat","background-position":"center center","background-size":"auto","background-attachment":"scroll","background-type":"","background-media":"","overlay-type":"","overlay-color":"","overlay-opacity":"","overlay-gradient":""}},"footnotes":""},"class_list":["post-573","page","type-page","status-publish","has-post-thumbnail","hentry"],"featured_image_src":"https:\/\/spanishcastlemoviemagic.com\/es\/wp-content\/uploads\/sites\/3\/2019\/09\/Pe\u00f1iscola-castellon-s.jpg","featured_image_src_square":"https:\/\/spanishcastlemoviemagic.com\/es\/wp-content\/uploads\/sites\/3\/2019\/09\/Pe\u00f1iscola-castellon-s.jpg","uagb_featured_image_src":{"full":["https:\/\/spanishcastlemoviemagic.com\/es\/wp-content\/uploads\/sites\/3\/2019\/09\/Pe\u00f1iscola-castellon-s.jpg",2000,1009,false],"thumbnail":["https:\/\/spanishcastlemoviemagic.com\/es\/wp-content\/uploads\/sites\/3\/2019\/09\/Pe\u00f1iscola-castellon-s-150x150.jpg",150,150,true],"medium":["https:\/\/spanishcastlemoviemagic.com\/es\/wp-content\/uploads\/sites\/3\/2019\/09\/Pe\u00f1iscola-castellon-s-300x151.jpg",300,151,true],"medium_large":["https:\/\/spanishcastlemoviemagic.com\/es\/wp-content\/uploads\/sites\/3\/2019\/09\/Pe\u00f1iscola-castellon-s-768x387.jpg",768,387,true],"large":["https:\/\/spanishcastlemoviemagic.com\/es\/wp-content\/uploads\/sites\/3\/2019\/09\/Pe\u00f1iscola-castellon-s-1024x517.jpg",1024,517,true],"1536x1536":["https:\/\/spanishcastlemoviemagic.com\/es\/wp-content\/uploads\/sites\/3\/2019\/09\/Pe\u00f1iscola-castellon-s.jpg",1536,775,false],"2048x2048":["https:\/\/spanishcastlemoviemagic.com\/es\/wp-content\/uploads\/sites\/3\/2019\/09\/Pe\u00f1iscola-castellon-s.jpg",2000,1009,false],"ab-block-post-grid-landscape":["https:\/\/spanishcastlemoviemagic.com\/es\/wp-content\/uploads\/sites\/3\/2019\/09\/Pe\u00f1iscola-castellon-s.jpg",600,303,false],"ab-block-post-grid-square":["https:\/\/spanishcastlemoviemagic.com\/es\/wp-content\/uploads\/sites\/3\/2019\/09\/Pe\u00f1iscola-castellon-s.jpg",600,303,false]},"uagb_author_info":{"display_name":"admin","author_link":"https:\/\/spanishcastlemoviemagic.com\/es\/blog\/author\/cas-eggermontme-com\/"},"uagb_comment_info":0,"uagb_excerpt":"Es sin duda un punto demasiado puntilloso como para ser de importancia, En la versi\u00f3n de Hollywood vemos a Cid [&hellip;]","_links":{"self":[{"href":"https:\/\/spanishcastlemoviemagic.com\/es\/wp-json\/wp\/v2\/pages\/573","targetHints":{"allow":["GET"]}}],"collection":[{"href":"https:\/\/spanishcastlemoviemagic.com\/es\/wp-json\/wp\/v2\/pages"}],"about":[{"href":"https:\/\/spanishcastlemoviemagic.com\/es\/wp-json\/wp\/v2\/types\/page"}],"author":[{"embeddable":true,"href":"https:\/\/spanishcastlemoviemagic.com\/es\/wp-json\/wp\/v2\/users\/1"}],"replies":[{"embeddable":true,"href":"https:\/\/spanishcastlemoviemagic.com\/es\/wp-json\/wp\/v2\/comments?post=573"}],"version-history":[{"count":10,"href":"https:\/\/spanishcastlemoviemagic.com\/es\/wp-json\/wp\/v2\/pages\/573\/revisions"}],"predecessor-version":[{"id":4490,"href":"https:\/\/spanishcastlemoviemagic.com\/es\/wp-json\/wp\/v2\/pages\/573\/revisions\/4490"}],"wp:featuredmedia":[{"embeddable":true,"href":"https:\/\/spanishcastlemoviemagic.com\/es\/wp-json\/wp\/v2\/media\/449"}],"wp:attachment":[{"href":"https:\/\/spanishcastlemoviemagic.com\/es\/wp-json\/wp\/v2\/media?parent=573"}],"curies":[{"name":"wp","href":"https:\/\/api.w.org\/{rel}","templated":true}]}}