{"id":546,"date":"2019-09-04T19:22:52","date_gmt":"2019-09-04T19:22:52","guid":{"rendered":"https:\/\/spanishcastlemoviemagic.com\/es\/?page_id=546"},"modified":"2019-09-25T14:46:18","modified_gmt":"2019-09-25T14:46:18","slug":"zaragoza","status":"publish","type":"page","link":"https:\/\/spanishcastlemoviemagic.com\/es\/zaragoza\/","title":{"rendered":"Zaragoza"},"content":{"rendered":"<div id=\"portfolio-1\" class=\"portfolio-cards-section\" style=\"background-color: #ffffff;\" data-label=\"Portfolio\" data-id=\"portfolio-cards-section\" data-category=\"portfolio\">\n<div class=\"gridContainer\">\n<div class=\"portfolio-cards-textcol dynamic-color\" data-type=\"column\">\n<h2 class=\"\">Castillo de Santa Barbara<\/h2>\n<p class=\"\" style=\"text-align: left;\">El castillo fue arrebatado a sus constructores y defensores moros en 1118 por el rey Alfonso I. Parte de la defensa de la ciudad de Zaragoza (Saraqusta en su versi\u00f3n \u00e1rabe), era el punto m\u00e1s alto de la ciudad.<\/p>\n<\/div>\n<div class=\"portfolio-cards-projectsro dark-text\" data-type=\"row\">\n<div class=\"portfolio-cards-projectcol cp4cols cp6cols-tablet\">\n<div class=\"portfolio-cards-projectcard\">\n<div id=\"ContentSwap104\" class=\"contentswap-effect ContentSwap104\">\n<div class=\"ContentSwap104_content initial-image\"><img decoding=\"async\" class=\"portfolio-cards-projectimg\" src=\"https:\/\/spanishcastlemoviemagic.com\/es\/wp-content\/uploads\/sites\/3\/2019\/09\/cropped-santa-barbara-zaragoza-S-1.jpg\" data-size=\"1200x800\" \/><\/div>\n<div class=\"overlay\" style=\"display: block; opacity: 1;\"><\/div>\n<div class=\"swap-inner\" style=\"opacity: 1; display: block;\">\n<div class=\"ContentSwap104-center\"><\/div>\n<\/div>\n<\/div>\n<div class=\"portfolio-cards-projectinfo\">\n<div class=\"portfolio-cards-projnamecol\" data-type=\"column\">\n<h4 class=\"portfolio-cards-projtitle\"><a href=\"https:\/\/spanishcastlemoviemagic.com\/es\/solomon-and-sheba-1959\/\">Solomon and Sheba (1959)<\/a><\/h4>\n<\/div>\n<\/div>\n<\/div>\n<\/div>\n<\/div>\n<\/div>\n<\/div>\n","protected":false},"excerpt":{"rendered":"<p>Castillo de Santa Barbara El castillo fue arrebatado a sus constructores y defensores moros en 1118 por el rey Alfonso [&hellip;]<\/p>\n","protected":false},"author":1,"featured_media":656,"parent":0,"menu_order":0,"comment_status":"closed","ping_status":"closed","template":"full-width-page.php","meta":{"_uag_custom_page_level_css":"","site-sidebar-layout":"default","site-content-layout":"","ast-site-content-layout":"default","site-content-style":"default","site-sidebar-style":"default","ast-global-header-display":"","ast-banner-title-visibility":"","ast-main-header-display":"","ast-hfb-above-header-display":"","ast-hfb-below-header-display":"","ast-hfb-mobile-header-display":"","site-post-title":"","ast-breadcrumbs-content":"","ast-featured-img":"","footer-sml-layout":"","ast-disable-related-posts":"","theme-transparent-header-meta":"","adv-header-id-meta":"","stick-header-meta":"","header-above-stick-meta":"","header-main-stick-meta":"","header-below-stick-meta":"","astra-migrate-meta-layouts":"default","ast-page-background-enabled":"default","ast-page-background-meta":{"desktop":{"background-color":"var(--ast-global-color-5)","background-image":"","background-repeat":"repeat","background-position":"center center","background-size":"auto","background-attachment":"scroll","background-type":"","background-media":"","overlay-type":"","overlay-color":"","overlay-opacity":"","overlay-gradient":""},"tablet":{"background-color":"","background-image":"","background-repeat":"repeat","background-position":"center center","background-size":"auto","background-attachment":"scroll","background-type":"","background-media":"","overlay-type":"","overlay-color":"","overlay-opacity":"","overlay-gradient":""},"mobile":{"background-color":"","background-image":"","background-repeat":"repeat","background-position":"center center","background-size":"auto","background-attachment":"scroll","background-type":"","background-media":"","overlay-type":"","overlay-color":"","overlay-opacity":"","overlay-gradient":""}},"ast-content-background-meta":{"desktop":{"background-color":"var(--ast-global-color-4)","background-image":"","background-repeat":"repeat","background-position":"center center","background-size":"auto","background-attachment":"scroll","background-type":"","background-media":"","overlay-type":"","overlay-color":"","overlay-opacity":"","overlay-gradient":""},"tablet":{"background-color":"var(--ast-global-color-4)","background-image":"","background-repeat":"repeat","background-position":"center center","background-size":"auto","background-attachment":"scroll","background-type":"","background-media":"","overlay-type":"","overlay-color":"","overlay-opacity":"","overlay-gradient":""},"mobile":{"background-color":"var(--ast-global-color-4)","background-image":"","background-repeat":"repeat","background-position":"center center","background-size":"auto","background-attachment":"scroll","background-type":"","background-media":"","overlay-type":"","overlay-color":"","overlay-opacity":"","overlay-gradient":""}},"footnotes":""},"class_list":["post-546","page","type-page","status-publish","has-post-thumbnail","hentry"],"featured_image_src":"https:\/\/spanishcastlemoviemagic.com\/es\/wp-content\/uploads\/sites\/3\/2019\/09\/santa-barbara-zaragoza-S.jpg","featured_image_src_square":"https:\/\/spanishcastlemoviemagic.com\/es\/wp-content\/uploads\/sites\/3\/2019\/09\/santa-barbara-zaragoza-S.jpg","uagb_featured_image_src":{"full":["https:\/\/spanishcastlemoviemagic.com\/es\/wp-content\/uploads\/sites\/3\/2019\/09\/santa-barbara-zaragoza-S.jpg",2000,1500,false],"thumbnail":["https:\/\/spanishcastlemoviemagic.com\/es\/wp-content\/uploads\/sites\/3\/2019\/09\/santa-barbara-zaragoza-S-150x150.jpg",150,150,true],"medium":["https:\/\/spanishcastlemoviemagic.com\/es\/wp-content\/uploads\/sites\/3\/2019\/09\/santa-barbara-zaragoza-S-300x225.jpg",300,225,true],"medium_large":["https:\/\/spanishcastlemoviemagic.com\/es\/wp-content\/uploads\/sites\/3\/2019\/09\/santa-barbara-zaragoza-S-768x576.jpg",768,576,true],"large":["https:\/\/spanishcastlemoviemagic.com\/es\/wp-content\/uploads\/sites\/3\/2019\/09\/santa-barbara-zaragoza-S-1024x768.jpg",1024,768,true],"1536x1536":["https:\/\/spanishcastlemoviemagic.com\/es\/wp-content\/uploads\/sites\/3\/2019\/09\/santa-barbara-zaragoza-S.jpg",1536,1152,false],"2048x2048":["https:\/\/spanishcastlemoviemagic.com\/es\/wp-content\/uploads\/sites\/3\/2019\/09\/santa-barbara-zaragoza-S.jpg",2000,1500,false],"ab-block-post-grid-landscape":["https:\/\/spanishcastlemoviemagic.com\/es\/wp-content\/uploads\/sites\/3\/2019\/09\/santa-barbara-zaragoza-S.jpg",533,400,false],"ab-block-post-grid-square":["https:\/\/spanishcastlemoviemagic.com\/es\/wp-content\/uploads\/sites\/3\/2019\/09\/santa-barbara-zaragoza-S.jpg",600,450,false]},"uagb_author_info":{"display_name":"admin","author_link":"https:\/\/spanishcastlemoviemagic.com\/es\/blog\/author\/cas-eggermontme-com\/"},"uagb_comment_info":0,"uagb_excerpt":"Castillo de Santa Barbara El castillo fue arrebatado a sus constructores y defensores moros en 1118 por el rey Alfonso [&hellip;]","_links":{"self":[{"href":"https:\/\/spanishcastlemoviemagic.com\/es\/wp-json\/wp\/v2\/pages\/546","targetHints":{"allow":["GET"]}}],"collection":[{"href":"https:\/\/spanishcastlemoviemagic.com\/es\/wp-json\/wp\/v2\/pages"}],"about":[{"href":"https:\/\/spanishcastlemoviemagic.com\/es\/wp-json\/wp\/v2\/types\/page"}],"author":[{"embeddable":true,"href":"https:\/\/spanishcastlemoviemagic.com\/es\/wp-json\/wp\/v2\/users\/1"}],"replies":[{"embeddable":true,"href":"https:\/\/spanishcastlemoviemagic.com\/es\/wp-json\/wp\/v2\/comments?post=546"}],"version-history":[{"count":3,"href":"https:\/\/spanishcastlemoviemagic.com\/es\/wp-json\/wp\/v2\/pages\/546\/revisions"}],"predecessor-version":[{"id":4136,"href":"https:\/\/spanishcastlemoviemagic.com\/es\/wp-json\/wp\/v2\/pages\/546\/revisions\/4136"}],"wp:featuredmedia":[{"embeddable":true,"href":"https:\/\/spanishcastlemoviemagic.com\/es\/wp-json\/wp\/v2\/media\/656"}],"wp:attachment":[{"href":"https:\/\/spanishcastlemoviemagic.com\/es\/wp-json\/wp\/v2\/media?parent=546"}],"curies":[{"name":"wp","href":"https:\/\/api.w.org\/{rel}","templated":true}]}}