{"id":4129,"date":"2019-09-24T17:55:29","date_gmt":"2019-09-24T17:55:29","guid":{"rendered":"https:\/\/spanishcastlemoviemagic.com\/es\/?page_id=4129"},"modified":"2019-09-24T17:55:29","modified_gmt":"2019-09-24T17:55:29","slug":"lm-alhambra","status":"publish","type":"page","link":"https:\/\/spanishcastlemoviemagic.com\/es\/lm-alhambra\/","title":{"rendered":"LM Alhambra"},"content":{"rendered":"\n<p>En 1333 Yusuf I, sult\u00e1n de Granada continu\u00f3 la construcci\u00f3n, que se mantuvo hasta que fue entregado a los Reyes Cat\u00f3licos Fernando e Isabel en 1492, el \u00faltimo asentamiento musulm\u00e1n en Espa\u00f1a.<\/p>\n\n\n\n<p>Fue aqu\u00ed, en el mismo a\u00f1o, donde Crist\u00f3bal Col\u00f3n recibi\u00f3 un respaldo real para su expedici\u00f3n hacia el oeste.<\/p>\n\n\n\n<p>Despu\u00e9s de muchos a\u00f1os de abandono y ocupaciones ilegales, y despu\u00e9s de que el ej\u00e9rcito de Napole\u00f3n hubiera destruido parte en busca de venganza por su derrota en Espa\u00f1a, comenz\u00f3 la restauraci\u00f3n. Un bosque de olmos ingleses fue tra\u00eddo a Granada y plantado por el duque de Wellington en 1812.<\/p>\n\n\n\n<p>Un terremoto caus\u00f3 m\u00e1s da\u00f1os en 1821 en la Alhambra, que significa &#8220;la roja&#8221;,<\/p>\n\n\n\n<p>El escritor y viajero estadounidense Washington Irving vivi\u00f3 en la Alhambra mientras escrib\u00eda &#8220;Cuentos de la Alhambra&#8221;, que relata todas las leyendas asociadas al palacio real.<\/p>\n","protected":false},"excerpt":{"rendered":"<p>En 1333 Yusuf I, sult\u00e1n de Granada continu\u00f3 la construcci\u00f3n, que se mantuvo hasta que fue entregado a los Reyes [&hellip;]<\/p>\n","protected":false},"author":1,"featured_media":1364,"parent":0,"menu_order":0,"comment_status":"closed","ping_status":"closed","template":"","meta":{"_uag_custom_page_level_css":"","site-sidebar-layout":"default","site-content-layout":"","ast-site-content-layout":"default","site-content-style":"default","site-sidebar-style":"default","ast-global-header-display":"","ast-banner-title-visibility":"","ast-main-header-display":"","ast-hfb-above-header-display":"","ast-hfb-below-header-display":"","ast-hfb-mobile-header-display":"","site-post-title":"","ast-breadcrumbs-content":"","ast-featured-img":"","footer-sml-layout":"","ast-disable-related-posts":"","theme-transparent-header-meta":"","adv-header-id-meta":"","stick-header-meta":"","header-above-stick-meta":"","header-main-stick-meta":"","header-below-stick-meta":"","astra-migrate-meta-layouts":"default","ast-page-background-enabled":"default","ast-page-background-meta":{"desktop":{"background-color":"var(--ast-global-color-5)","background-image":"","background-repeat":"repeat","background-position":"center center","background-size":"auto","background-attachment":"scroll","background-type":"","background-media":"","overlay-type":"","overlay-color":"","overlay-opacity":"","overlay-gradient":""},"tablet":{"background-color":"","background-image":"","background-repeat":"repeat","background-position":"center center","background-size":"auto","background-attachment":"scroll","background-type":"","background-media":"","overlay-type":"","overlay-color":"","overlay-opacity":"","overlay-gradient":""},"mobile":{"background-color":"","background-image":"","background-repeat":"repeat","background-position":"center center","background-size":"auto","background-attachment":"scroll","background-type":"","background-media":"","overlay-type":"","overlay-color":"","overlay-opacity":"","overlay-gradient":""}},"ast-content-background-meta":{"desktop":{"background-color":"var(--ast-global-color-4)","background-image":"","background-repeat":"repeat","background-position":"center center","background-size":"auto","background-attachment":"scroll","background-type":"","background-media":"","overlay-type":"","overlay-color":"","overlay-opacity":"","overlay-gradient":""},"tablet":{"background-color":"var(--ast-global-color-4)","background-image":"","background-repeat":"repeat","background-position":"center center","background-size":"auto","background-attachment":"scroll","background-type":"","background-media":"","overlay-type":"","overlay-color":"","overlay-opacity":"","overlay-gradient":""},"mobile":{"background-color":"var(--ast-global-color-4)","background-image":"","background-repeat":"repeat","background-position":"center center","background-size":"auto","background-attachment":"scroll","background-type":"","background-media":"","overlay-type":"","overlay-color":"","overlay-opacity":"","overlay-gradient":""}},"footnotes":""},"class_list":["post-4129","page","type-page","status-publish","has-post-thumbnail","hentry"],"featured_image_src":"https:\/\/spanishcastlemoviemagic.com\/es\/wp-content\/uploads\/sites\/3\/2019\/09\/alhambra-granada.jpg","featured_image_src_square":"https:\/\/spanishcastlemoviemagic.com\/es\/wp-content\/uploads\/sites\/3\/2019\/09\/alhambra-granada.jpg","uagb_featured_image_src":{"full":["https:\/\/spanishcastlemoviemagic.com\/es\/wp-content\/uploads\/sites\/3\/2019\/09\/alhambra-granada.jpg",1280,956,false],"thumbnail":["https:\/\/spanishcastlemoviemagic.com\/es\/wp-content\/uploads\/sites\/3\/2019\/09\/alhambra-granada-150x150.jpg",150,150,true],"medium":["https:\/\/spanishcastlemoviemagic.com\/es\/wp-content\/uploads\/sites\/3\/2019\/09\/alhambra-granada-300x224.jpg",300,224,true],"medium_large":["https:\/\/spanishcastlemoviemagic.com\/es\/wp-content\/uploads\/sites\/3\/2019\/09\/alhambra-granada-768x574.jpg",768,574,true],"large":["https:\/\/spanishcastlemoviemagic.com\/es\/wp-content\/uploads\/sites\/3\/2019\/09\/alhambra-granada-1024x765.jpg",1024,765,true],"1536x1536":["https:\/\/spanishcastlemoviemagic.com\/es\/wp-content\/uploads\/sites\/3\/2019\/09\/alhambra-granada.jpg",1280,956,false],"2048x2048":["https:\/\/spanishcastlemoviemagic.com\/es\/wp-content\/uploads\/sites\/3\/2019\/09\/alhambra-granada.jpg",1280,956,false],"ab-block-post-grid-landscape":["https:\/\/spanishcastlemoviemagic.com\/es\/wp-content\/uploads\/sites\/3\/2019\/09\/alhambra-granada.jpg",536,400,false],"ab-block-post-grid-square":["https:\/\/spanishcastlemoviemagic.com\/es\/wp-content\/uploads\/sites\/3\/2019\/09\/alhambra-granada.jpg",600,448,false]},"uagb_author_info":{"display_name":"admin","author_link":"https:\/\/spanishcastlemoviemagic.com\/es\/blog\/author\/cas-eggermontme-com\/"},"uagb_comment_info":0,"uagb_excerpt":"En 1333 Yusuf I, sult\u00e1n de Granada continu\u00f3 la construcci\u00f3n, que se mantuvo hasta que fue entregado a los Reyes [&hellip;]","_links":{"self":[{"href":"https:\/\/spanishcastlemoviemagic.com\/es\/wp-json\/wp\/v2\/pages\/4129","targetHints":{"allow":["GET"]}}],"collection":[{"href":"https:\/\/spanishcastlemoviemagic.com\/es\/wp-json\/wp\/v2\/pages"}],"about":[{"href":"https:\/\/spanishcastlemoviemagic.com\/es\/wp-json\/wp\/v2\/types\/page"}],"author":[{"embeddable":true,"href":"https:\/\/spanishcastlemoviemagic.com\/es\/wp-json\/wp\/v2\/users\/1"}],"replies":[{"embeddable":true,"href":"https:\/\/spanishcastlemoviemagic.com\/es\/wp-json\/wp\/v2\/comments?post=4129"}],"version-history":[{"count":1,"href":"https:\/\/spanishcastlemoviemagic.com\/es\/wp-json\/wp\/v2\/pages\/4129\/revisions"}],"predecessor-version":[{"id":4130,"href":"https:\/\/spanishcastlemoviemagic.com\/es\/wp-json\/wp\/v2\/pages\/4129\/revisions\/4130"}],"wp:featuredmedia":[{"embeddable":true,"href":"https:\/\/spanishcastlemoviemagic.com\/es\/wp-json\/wp\/v2\/media\/1364"}],"wp:attachment":[{"href":"https:\/\/spanishcastlemoviemagic.com\/es\/wp-json\/wp\/v2\/media?parent=4129"}],"curies":[{"name":"wp","href":"https:\/\/api.w.org\/{rel}","templated":true}]}}