{"id":405,"date":"2019-09-04T17:32:19","date_gmt":"2019-09-04T17:32:19","guid":{"rendered":"https:\/\/spanishcastlemoviemagic.com\/es\/?page_id=405"},"modified":"2019-10-10T16:22:45","modified_gmt":"2019-10-10T16:22:45","slug":"introduction","status":"publish","type":"page","link":"https:\/\/spanishcastlemoviemagic.com\/es\/introduction\/","title":{"rendered":"Introducci\u00f3n"},"content":{"rendered":"<div id=\"about-us-2\" class=\"about-image-section-pro\" style=\"background-color: #ffffff\" data-label=\"About us\" data-id=\"about-image-section-pro\" data-category=\"about\">\n<div class=\"gridContainer\">\n<div class=\"row about-image-gridcol-pro\">\n<div class=\"about-image-textcol-pro\" data-type=\"column\">\n<p class=\"\" style=\"text-align: left\">Introducci\u00f3n<\/p>\n<p style=\"text-align: left\">\u00bfPor qu\u00e9 me gustan los castillos? Porque son grandes, porque son viejos, como mis antepasados, que tambi\u00e9n los vieron y vivieron debajo de ellos. Porque son m\u00e1gicos y tienen leyendas, fantasmas e incluso historias reales. Porque, aunque todos los castillos tocan el suelo, tambi\u00e9n intentan alcanzar el cielo, y si te tomas el tiempo y te esfuerzas, te ofrecer\u00e1n las mejores vistas. Ya sea totalmente reconstruido o en ruinas, hay castillos para todos los gustos en Espa\u00f1a, ya sea en coche, en bicicleta o a caballo, o simplemente caminando y encontrando uno; nunca est\u00e1n lejos.<\/p>\n<p style=\"text-align: left\">\n<p style=\"text-align: left\">Hay cerca de 2.500 castillos en Espa\u00f1a y su ubicaci\u00f3n siempre nos dice algo sobre lo que estaba pasando cuando fueron construidos; o sea, qui\u00e9n necesitaba protecci\u00f3n de qui\u00e9n.<\/p>\n<p style=\"text-align: left\">Curiosamente, la provincia con m\u00e1s castillos, Ja\u00e9n, no aparece en esta obra, ya que todav\u00eda no se ha realizado ninguna pel\u00edcula en ingl\u00e9s en ninguno de ellos.<\/p>\n<p style=\"text-align: left\">Tambi\u00e9n hay dudas sobre lo que es un castillo. Algunas murallas, como las de Artajona, que representa a Nottingham en la pel\u00edcula Robin and Marian, a m\u00ed me parecen un castillo, mientras que las murallas de \u00c1vila no aparecen aqu\u00ed, ya que son demasiado extensas para enga\u00f1arnos.<\/p>\n<p style=\"text-align: left\">Los \u00e1rabes distinguieron una Alcazaba (ciudad amurallada) de un Alc\u00e1zar (castillo), aunque la diferencia es a menudo m\u00ednima.<\/p>\n<p style=\"text-align: left\">Al final, en cualquier proyecto, hay que poner alg\u00fan tipo de l\u00edmite. En este proyecto hemos incluido castillos que aparecen en largometrajes en ingl\u00e9s, pero no en series o cortometrajes. \u00bfLos criterios? Para poder terminar esto, aunque con nuevas pel\u00edculas y descubrimientos sobre las viejas, este proyecto no tiene fin.<\/p>\n<p style=\"text-align: left\">Los t\u00edtulos de las pel\u00edculas est\u00e1n en ingl\u00e9s; cualquier informaci\u00f3n que no est\u00e9 aqu\u00ed se puede encontrar f\u00e1cilmente en www.imdb.com<\/p>\n<p style=\"text-align: left\">Las fechas de las pel\u00edculas que aqu\u00ed se indican se refieren al a\u00f1o de estreno.<\/p>\n<p style=\"text-align: left\">Como somos falibles y autofinanciados, aceptamos con gratitud las correcciones.<\/p>\n<p style=\"text-align: left\">La mayoria de las fotos (y todas las buenas) las hizo Mark Sicon, con algunas de Bob Yareham y James Yareham. Otras indicadas en situ.<\/p>\n<p>Gracias a John &#8216;Dos Botellas&#8217; Hill por colaborar en la recabaci\u00f3n de informaci\u00f3n durante un viaje en coche por toda Espa\u00f1a en el verano de 2019.<\/p>\n<p style=\"text-align: left\">&#8220;Cuando te levantes para atacar una ciudad, hazla a su gente una oferta de paz. Si aceptan y abren sus puertas, todas las personas en ella ser\u00e1n sometidas a trabajos forzados y trabajar\u00e1n para ustedes. Si se niegan a hacer las paces y te involucran en una batalla, asedian esa ciudad. Cuando Yahveh tu Dios lo entregue en tu mano, pon a espada a todos los hombres que hay en \u00e9l. En cuanto a las mujeres, los ni\u00f1os, el ganado y todo lo dem\u00e1s en la ciudad, pod\u00e9is tomarlos como bot\u00edn para vosotros mismos. Y puedes usar el bot\u00edn que Jehov\u00e1 tu Dios te da de tus enemigos.&#8221;<\/p>\n<p style=\"text-align: left\">Deuteronomio 20:10-14<\/p>\n<p style=\"text-align: left\">\n<\/div>\n<div class=\"\" style=\"text-align: left\" data-type=\"column\"><\/div>\n<p style=\"text-align: left\">\n<\/div>\n<p style=\"text-align: left\">\n<\/div>\n<p style=\"text-align: left\">\n<\/div>\n","protected":false},"excerpt":{"rendered":"<p>Introducci\u00f3n \u00bfPor qu\u00e9 me gustan los castillos? Porque son grandes, porque son viejos, como mis antepasados, que tambi\u00e9n los vieron [&hellip;]<\/p>\n","protected":false},"author":1,"featured_media":18,"parent":0,"menu_order":0,"comment_status":"closed","ping_status":"closed","template":"full-width-page.php","meta":{"_uag_custom_page_level_css":"","site-sidebar-layout":"default","site-content-layout":"","ast-site-content-layout":"default","site-content-style":"default","site-sidebar-style":"default","ast-global-header-display":"","ast-banner-title-visibility":"","ast-main-header-display":"","ast-hfb-above-header-display":"","ast-hfb-below-header-display":"","ast-hfb-mobile-header-display":"","site-post-title":"","ast-breadcrumbs-content":"","ast-featured-img":"","footer-sml-layout":"","ast-disable-related-posts":"","theme-transparent-header-meta":"","adv-header-id-meta":"","stick-header-meta":"","header-above-stick-meta":"","header-main-stick-meta":"","header-below-stick-meta":"","astra-migrate-meta-layouts":"default","ast-page-background-enabled":"default","ast-page-background-meta":{"desktop":{"background-color":"var(--ast-global-color-5)","background-image":"","background-repeat":"repeat","background-position":"center center","background-size":"auto","background-attachment":"scroll","background-type":"","background-media":"","overlay-type":"","overlay-color":"","overlay-opacity":"","overlay-gradient":""},"tablet":{"background-color":"","background-image":"","background-repeat":"repeat","background-position":"center center","background-size":"auto","background-attachment":"scroll","background-type":"","background-media":"","overlay-type":"","overlay-color":"","overlay-opacity":"","overlay-gradient":""},"mobile":{"background-color":"","background-image":"","background-repeat":"repeat","background-position":"center center","background-size":"auto","background-attachment":"scroll","background-type":"","background-media":"","overlay-type":"","overlay-color":"","overlay-opacity":"","overlay-gradient":""}},"ast-content-background-meta":{"desktop":{"background-color":"var(--ast-global-color-4)","background-image":"","background-repeat":"repeat","background-position":"center center","background-size":"auto","background-attachment":"scroll","background-type":"","background-media":"","overlay-type":"","overlay-color":"","overlay-opacity":"","overlay-gradient":""},"tablet":{"background-color":"var(--ast-global-color-4)","background-image":"","background-repeat":"repeat","background-position":"center center","background-size":"auto","background-attachment":"scroll","background-type":"","background-media":"","overlay-type":"","overlay-color":"","overlay-opacity":"","overlay-gradient":""},"mobile":{"background-color":"var(--ast-global-color-4)","background-image":"","background-repeat":"repeat","background-position":"center center","background-size":"auto","background-attachment":"scroll","background-type":"","background-media":"","overlay-type":"","overlay-color":"","overlay-opacity":"","overlay-gradient":""}},"footnotes":""},"class_list":["post-405","page","type-page","status-publish","has-post-thumbnail","hentry"],"featured_image_src":"https:\/\/spanishcastlemoviemagic.com\/es\/wp-content\/uploads\/sites\/3\/2019\/09\/cardona-Barcelona.jpg","featured_image_src_square":"https:\/\/spanishcastlemoviemagic.com\/es\/wp-content\/uploads\/sites\/3\/2019\/09\/cardona-Barcelona.jpg","uagb_featured_image_src":{"full":["https:\/\/spanishcastlemoviemagic.com\/es\/wp-content\/uploads\/sites\/3\/2019\/09\/cardona-Barcelona.jpg",2000,1308,false],"thumbnail":["https:\/\/spanishcastlemoviemagic.com\/es\/wp-content\/uploads\/sites\/3\/2019\/09\/cardona-Barcelona-150x150.jpg",150,150,true],"medium":["https:\/\/spanishcastlemoviemagic.com\/es\/wp-content\/uploads\/sites\/3\/2019\/09\/cardona-Barcelona-300x196.jpg",300,196,true],"medium_large":["https:\/\/spanishcastlemoviemagic.com\/es\/wp-content\/uploads\/sites\/3\/2019\/09\/cardona-Barcelona-768x502.jpg",768,502,true],"large":["https:\/\/spanishcastlemoviemagic.com\/es\/wp-content\/uploads\/sites\/3\/2019\/09\/cardona-Barcelona-1024x670.jpg",1024,670,true],"1536x1536":["https:\/\/spanishcastlemoviemagic.com\/es\/wp-content\/uploads\/sites\/3\/2019\/09\/cardona-Barcelona.jpg",1536,1005,false],"2048x2048":["https:\/\/spanishcastlemoviemagic.com\/es\/wp-content\/uploads\/sites\/3\/2019\/09\/cardona-Barcelona.jpg",2000,1308,false],"ab-block-post-grid-landscape":["https:\/\/spanishcastlemoviemagic.com\/es\/wp-content\/uploads\/sites\/3\/2019\/09\/cardona-Barcelona.jpg",600,392,false],"ab-block-post-grid-square":["https:\/\/spanishcastlemoviemagic.com\/es\/wp-content\/uploads\/sites\/3\/2019\/09\/cardona-Barcelona.jpg",600,392,false]},"uagb_author_info":{"display_name":"admin","author_link":"https:\/\/spanishcastlemoviemagic.com\/es\/blog\/author\/cas-eggermontme-com\/"},"uagb_comment_info":0,"uagb_excerpt":"Introducci\u00f3n \u00bfPor qu\u00e9 me gustan los castillos? Porque son grandes, porque son viejos, como mis antepasados, que tambi\u00e9n los vieron [&hellip;]","_links":{"self":[{"href":"https:\/\/spanishcastlemoviemagic.com\/es\/wp-json\/wp\/v2\/pages\/405","targetHints":{"allow":["GET"]}}],"collection":[{"href":"https:\/\/spanishcastlemoviemagic.com\/es\/wp-json\/wp\/v2\/pages"}],"about":[{"href":"https:\/\/spanishcastlemoviemagic.com\/es\/wp-json\/wp\/v2\/types\/page"}],"author":[{"embeddable":true,"href":"https:\/\/spanishcastlemoviemagic.com\/es\/wp-json\/wp\/v2\/users\/1"}],"replies":[{"embeddable":true,"href":"https:\/\/spanishcastlemoviemagic.com\/es\/wp-json\/wp\/v2\/comments?post=405"}],"version-history":[{"count":23,"href":"https:\/\/spanishcastlemoviemagic.com\/es\/wp-json\/wp\/v2\/pages\/405\/revisions"}],"predecessor-version":[{"id":4296,"href":"https:\/\/spanishcastlemoviemagic.com\/es\/wp-json\/wp\/v2\/pages\/405\/revisions\/4296"}],"wp:featuredmedia":[{"embeddable":true,"href":"https:\/\/spanishcastlemoviemagic.com\/es\/wp-json\/wp\/v2\/media\/18"}],"wp:attachment":[{"href":"https:\/\/spanishcastlemoviemagic.com\/es\/wp-json\/wp\/v2\/media?parent=405"}],"curies":[{"name":"wp","href":"https:\/\/api.w.org\/{rel}","templated":true}]}}