{"id":390,"date":"2019-09-04T17:11:26","date_gmt":"2019-09-04T17:11:26","guid":{"rendered":"https:\/\/spanishcastlemoviemagic.com\/es\/?page_id=390"},"modified":"2021-05-31T13:16:32","modified_gmt":"2021-05-31T13:16:32","slug":"fine-gold-1989","status":"publish","type":"page","link":"https:\/\/spanishcastlemoviemagic.com\/es\/fine-gold-1989\/","title":{"rendered":"Fine Gold (1989)"},"content":{"rendered":"\n<p>Una pel\u00edcula extra\u00f1a, y una que apunta a\nmostrar el vino de Rioja para los mercados estadounidenses mediante la creaci\u00f3n\nde una versi\u00f3n en Espa\u00f1ol de &#8216;Falcon Crest&#8217; con un Stewart Granger de 74 a\u00f1os y\nese lagarto desagradable de la serie de televisi\u00f3n \u2018V\u2019 llamada Diana, Jane\nBadler, en forma humana. La inevitable rivalidad entre dos bodegas es la trama,\nmientras se bebe una gran cantidad de vino.<\/p>\n\n\n\n<p>Filmada alrededor de los vi\u00f1edos de la Rioja,\nla atracci\u00f3n principal visualmente es el castillo de Sajazarra, que pertenec\u00eda\ny pertenece a la empresa vitivin\u00edcola que produjo la pel\u00edcula, y a su\npropietario Marcos Eguiz\u00e1bel, que se regal\u00f3 a s\u00ed mismo dos cameos como ch\u00f3fer y\ncomo cliente de la bodega.<\/p>\n\n\n\n<p>El director espa\u00f1ol Jos\u00e9 Antonio de la Loma,\nque trabajaba en Hollywood en ese momento, dirigi\u00f3, y un actor habitual espa\u00f1ol\nen las pel\u00edculas angloamericanas, Sim\u00f3n Andreu, tambi\u00e9n aparece, como lo har\u00eda\nmuchos a\u00f1os m\u00e1s tarde con Martin Sheen en The Way.<\/p>\n","protected":false},"excerpt":{"rendered":"<p>Una pel\u00edcula extra\u00f1a, y una que apunta a mostrar el vino de Rioja para los mercados estadounidenses mediante la creaci\u00f3n [&hellip;]<\/p>\n","protected":false},"author":1,"featured_media":386,"parent":0,"menu_order":0,"comment_status":"closed","ping_status":"closed","template":"","meta":{"_uag_custom_page_level_css":"","site-sidebar-layout":"default","site-content-layout":"","ast-site-content-layout":"default","site-content-style":"default","site-sidebar-style":"default","ast-global-header-display":"","ast-banner-title-visibility":"","ast-main-header-display":"","ast-hfb-above-header-display":"","ast-hfb-below-header-display":"","ast-hfb-mobile-header-display":"","site-post-title":"","ast-breadcrumbs-content":"","ast-featured-img":"","footer-sml-layout":"","ast-disable-related-posts":"","theme-transparent-header-meta":"","adv-header-id-meta":"","stick-header-meta":"","header-above-stick-meta":"","header-main-stick-meta":"","header-below-stick-meta":"","astra-migrate-meta-layouts":"default","ast-page-background-enabled":"default","ast-page-background-meta":{"desktop":{"background-color":"var(--ast-global-color-5)","background-image":"","background-repeat":"repeat","background-position":"center center","background-size":"auto","background-attachment":"scroll","background-type":"","background-media":"","overlay-type":"","overlay-color":"","overlay-opacity":"","overlay-gradient":""},"tablet":{"background-color":"","background-image":"","background-repeat":"repeat","background-position":"center center","background-size":"auto","background-attachment":"scroll","background-type":"","background-media":"","overlay-type":"","overlay-color":"","overlay-opacity":"","overlay-gradient":""},"mobile":{"background-color":"","background-image":"","background-repeat":"repeat","background-position":"center center","background-size":"auto","background-attachment":"scroll","background-type":"","background-media":"","overlay-type":"","overlay-color":"","overlay-opacity":"","overlay-gradient":""}},"ast-content-background-meta":{"desktop":{"background-color":"var(--ast-global-color-4)","background-image":"","background-repeat":"repeat","background-position":"center center","background-size":"auto","background-attachment":"scroll","background-type":"","background-media":"","overlay-type":"","overlay-color":"","overlay-opacity":"","overlay-gradient":""},"tablet":{"background-color":"var(--ast-global-color-4)","background-image":"","background-repeat":"repeat","background-position":"center center","background-size":"auto","background-attachment":"scroll","background-type":"","background-media":"","overlay-type":"","overlay-color":"","overlay-opacity":"","overlay-gradient":""},"mobile":{"background-color":"var(--ast-global-color-4)","background-image":"","background-repeat":"repeat","background-position":"center center","background-size":"auto","background-attachment":"scroll","background-type":"","background-media":"","overlay-type":"","overlay-color":"","overlay-opacity":"","overlay-gradient":""}},"footnotes":""},"class_list":["post-390","page","type-page","status-publish","has-post-thumbnail","hentry"],"featured_image_src":"https:\/\/spanishcastlemoviemagic.com\/es\/wp-content\/uploads\/sites\/3\/2019\/09\/Sajazarra-La-Rioja-s.jpg","featured_image_src_square":"https:\/\/spanishcastlemoviemagic.com\/es\/wp-content\/uploads\/sites\/3\/2019\/09\/Sajazarra-La-Rioja-s.jpg","uagb_featured_image_src":{"full":["https:\/\/spanishcastlemoviemagic.com\/es\/wp-content\/uploads\/sites\/3\/2019\/09\/Sajazarra-La-Rioja-s.jpg",2000,1408,false],"thumbnail":["https:\/\/spanishcastlemoviemagic.com\/es\/wp-content\/uploads\/sites\/3\/2019\/09\/Sajazarra-La-Rioja-s-150x150.jpg",150,150,true],"medium":["https:\/\/spanishcastlemoviemagic.com\/es\/wp-content\/uploads\/sites\/3\/2019\/09\/Sajazarra-La-Rioja-s-300x211.jpg",300,211,true],"medium_large":["https:\/\/spanishcastlemoviemagic.com\/es\/wp-content\/uploads\/sites\/3\/2019\/09\/Sajazarra-La-Rioja-s-768x541.jpg",768,541,true],"large":["https:\/\/spanishcastlemoviemagic.com\/es\/wp-content\/uploads\/sites\/3\/2019\/09\/Sajazarra-La-Rioja-s-1024x721.jpg",1024,721,true],"1536x1536":["https:\/\/spanishcastlemoviemagic.com\/es\/wp-content\/uploads\/sites\/3\/2019\/09\/Sajazarra-La-Rioja-s.jpg",1536,1081,false],"2048x2048":["https:\/\/spanishcastlemoviemagic.com\/es\/wp-content\/uploads\/sites\/3\/2019\/09\/Sajazarra-La-Rioja-s.jpg",2000,1408,false],"ab-block-post-grid-landscape":["https:\/\/spanishcastlemoviemagic.com\/es\/wp-content\/uploads\/sites\/3\/2019\/09\/Sajazarra-La-Rioja-s.jpg",568,400,false],"ab-block-post-grid-square":["https:\/\/spanishcastlemoviemagic.com\/es\/wp-content\/uploads\/sites\/3\/2019\/09\/Sajazarra-La-Rioja-s.jpg",600,422,false]},"uagb_author_info":{"display_name":"admin","author_link":"https:\/\/spanishcastlemoviemagic.com\/es\/blog\/author\/cas-eggermontme-com\/"},"uagb_comment_info":0,"uagb_excerpt":"Una pel\u00edcula extra\u00f1a, y una que apunta a mostrar el vino de Rioja para los mercados estadounidenses mediante la creaci\u00f3n [&hellip;]","_links":{"self":[{"href":"https:\/\/spanishcastlemoviemagic.com\/es\/wp-json\/wp\/v2\/pages\/390","targetHints":{"allow":["GET"]}}],"collection":[{"href":"https:\/\/spanishcastlemoviemagic.com\/es\/wp-json\/wp\/v2\/pages"}],"about":[{"href":"https:\/\/spanishcastlemoviemagic.com\/es\/wp-json\/wp\/v2\/types\/page"}],"author":[{"embeddable":true,"href":"https:\/\/spanishcastlemoviemagic.com\/es\/wp-json\/wp\/v2\/users\/1"}],"replies":[{"embeddable":true,"href":"https:\/\/spanishcastlemoviemagic.com\/es\/wp-json\/wp\/v2\/comments?post=390"}],"version-history":[{"count":1,"href":"https:\/\/spanishcastlemoviemagic.com\/es\/wp-json\/wp\/v2\/pages\/390\/revisions"}],"predecessor-version":[{"id":3652,"href":"https:\/\/spanishcastlemoviemagic.com\/es\/wp-json\/wp\/v2\/pages\/390\/revisions\/3652"}],"wp:featuredmedia":[{"embeddable":true,"href":"https:\/\/spanishcastlemoviemagic.com\/es\/wp-json\/wp\/v2\/media\/386"}],"wp:attachment":[{"href":"https:\/\/spanishcastlemoviemagic.com\/es\/wp-json\/wp\/v2\/media?parent=390"}],"curies":[{"name":"wp","href":"https:\/\/api.w.org\/{rel}","templated":true}]}}