{"id":3833,"date":"2019-09-23T16:23:05","date_gmt":"2019-09-23T16:23:05","guid":{"rendered":"https:\/\/spanishcastlemoviemagic.com\/es\/?page_id=3833"},"modified":"2019-09-23T16:23:06","modified_gmt":"2019-09-23T16:23:06","slug":"lm-la-calahorra","status":"publish","type":"page","link":"https:\/\/spanishcastlemoviemagic.com\/es\/lm-la-calahorra\/","title":{"rendered":"LM La Calahorra"},"content":{"rendered":"\n<p>Los Reyes Cat\u00f3licos cedieron el castillo al Cardenal Mendoza, su consejero, que desempe\u00f1\u00f3 un papel importante en la conquista cristiana de Granada. A su vez se lo leg\u00f3 a su hijo ileg\u00edtimo, Rodrigo de Vivar y Mendoza, el primer marqu\u00e9s de Cenete. Rodrigo fue el protagonista de una intriga t\u00edpicamente medieval de amor versus deber.<\/p>\n\n\n\n<p>Cuando muri\u00f3 su esposa Leonor de la Cerda, visit\u00f3 Italia y luego regres\u00f3 con un grupo de arquitectos, escultores y artistas italianos, y unos cuantos carros cargados con m\u00e1rmol de Carrara para embellecer su casa.<\/p>\n\n\n\n<p>Durante su estancia en Italia, no todo era arte y cultura; tambi\u00e9n cautiv\u00f3 a una belleza de 15 a\u00f1os, Mar\u00eda de Fonseca.<\/p>\n\n\n\n<p>Su padre no estaba muy entusiasmado con el enlace y Rodrigo se cas\u00f3 en secreto con ella, lo que molest\u00f3 mucho a Isabel la Cat\u00f3lica, que se puso furiosa e hizo que encarcelaran a Rodrigo. Cuando Isabel muri\u00f3, Rodrigo fue liberado e inmediatamente sac\u00f3 a Mar\u00eda del convento donde hab\u00eda estado encarcelada.<\/p>\n\n\n\n<p>Se mudaron al castillo con su m\u00e1rmol, tuvieron dos hijos y vivieron felices comiendo codornices.<\/p>\n","protected":false},"excerpt":{"rendered":"<p>Los Reyes Cat\u00f3licos cedieron el castillo al Cardenal Mendoza, su consejero, que desempe\u00f1\u00f3 un papel importante en la conquista cristiana [&hellip;]<\/p>\n","protected":false},"author":1,"featured_media":1366,"parent":0,"menu_order":0,"comment_status":"closed","ping_status":"closed","template":"","meta":{"_uag_custom_page_level_css":"","site-sidebar-layout":"default","site-content-layout":"","ast-site-content-layout":"default","site-content-style":"default","site-sidebar-style":"default","ast-global-header-display":"","ast-banner-title-visibility":"","ast-main-header-display":"","ast-hfb-above-header-display":"","ast-hfb-below-header-display":"","ast-hfb-mobile-header-display":"","site-post-title":"","ast-breadcrumbs-content":"","ast-featured-img":"","footer-sml-layout":"","ast-disable-related-posts":"","theme-transparent-header-meta":"","adv-header-id-meta":"","stick-header-meta":"","header-above-stick-meta":"","header-main-stick-meta":"","header-below-stick-meta":"","astra-migrate-meta-layouts":"default","ast-page-background-enabled":"default","ast-page-background-meta":{"desktop":{"background-color":"var(--ast-global-color-5)","background-image":"","background-repeat":"repeat","background-position":"center center","background-size":"auto","background-attachment":"scroll","background-type":"","background-media":"","overlay-type":"","overlay-color":"","overlay-opacity":"","overlay-gradient":""},"tablet":{"background-color":"","background-image":"","background-repeat":"repeat","background-position":"center center","background-size":"auto","background-attachment":"scroll","background-type":"","background-media":"","overlay-type":"","overlay-color":"","overlay-opacity":"","overlay-gradient":""},"mobile":{"background-color":"","background-image":"","background-repeat":"repeat","background-position":"center center","background-size":"auto","background-attachment":"scroll","background-type":"","background-media":"","overlay-type":"","overlay-color":"","overlay-opacity":"","overlay-gradient":""}},"ast-content-background-meta":{"desktop":{"background-color":"var(--ast-global-color-4)","background-image":"","background-repeat":"repeat","background-position":"center center","background-size":"auto","background-attachment":"scroll","background-type":"","background-media":"","overlay-type":"","overlay-color":"","overlay-opacity":"","overlay-gradient":""},"tablet":{"background-color":"var(--ast-global-color-4)","background-image":"","background-repeat":"repeat","background-position":"center center","background-size":"auto","background-attachment":"scroll","background-type":"","background-media":"","overlay-type":"","overlay-color":"","overlay-opacity":"","overlay-gradient":""},"mobile":{"background-color":"var(--ast-global-color-4)","background-image":"","background-repeat":"repeat","background-position":"center center","background-size":"auto","background-attachment":"scroll","background-type":"","background-media":"","overlay-type":"","overlay-color":"","overlay-opacity":"","overlay-gradient":""}},"footnotes":""},"class_list":["post-3833","page","type-page","status-publish","has-post-thumbnail","hentry"],"featured_image_src":"https:\/\/spanishcastlemoviemagic.com\/es\/wp-content\/uploads\/sites\/3\/2019\/09\/la-calahorra-granada-s.jpg","featured_image_src_square":"https:\/\/spanishcastlemoviemagic.com\/es\/wp-content\/uploads\/sites\/3\/2019\/09\/la-calahorra-granada-s.jpg","uagb_featured_image_src":{"full":["https:\/\/spanishcastlemoviemagic.com\/es\/wp-content\/uploads\/sites\/3\/2019\/09\/la-calahorra-granada-s.jpg",2000,1500,false],"thumbnail":["https:\/\/spanishcastlemoviemagic.com\/es\/wp-content\/uploads\/sites\/3\/2019\/09\/la-calahorra-granada-s-150x150.jpg",150,150,true],"medium":["https:\/\/spanishcastlemoviemagic.com\/es\/wp-content\/uploads\/sites\/3\/2019\/09\/la-calahorra-granada-s-300x225.jpg",300,225,true],"medium_large":["https:\/\/spanishcastlemoviemagic.com\/es\/wp-content\/uploads\/sites\/3\/2019\/09\/la-calahorra-granada-s-768x576.jpg",768,576,true],"large":["https:\/\/spanishcastlemoviemagic.com\/es\/wp-content\/uploads\/sites\/3\/2019\/09\/la-calahorra-granada-s-1024x768.jpg",1024,768,true],"1536x1536":["https:\/\/spanishcastlemoviemagic.com\/es\/wp-content\/uploads\/sites\/3\/2019\/09\/la-calahorra-granada-s.jpg",1536,1152,false],"2048x2048":["https:\/\/spanishcastlemoviemagic.com\/es\/wp-content\/uploads\/sites\/3\/2019\/09\/la-calahorra-granada-s.jpg",2000,1500,false],"ab-block-post-grid-landscape":["https:\/\/spanishcastlemoviemagic.com\/es\/wp-content\/uploads\/sites\/3\/2019\/09\/la-calahorra-granada-s.jpg",533,400,false],"ab-block-post-grid-square":["https:\/\/spanishcastlemoviemagic.com\/es\/wp-content\/uploads\/sites\/3\/2019\/09\/la-calahorra-granada-s.jpg",600,450,false]},"uagb_author_info":{"display_name":"admin","author_link":"https:\/\/spanishcastlemoviemagic.com\/es\/blog\/author\/cas-eggermontme-com\/"},"uagb_comment_info":0,"uagb_excerpt":"Los Reyes Cat\u00f3licos cedieron el castillo al Cardenal Mendoza, su consejero, que desempe\u00f1\u00f3 un papel importante en la conquista cristiana [&hellip;]","_links":{"self":[{"href":"https:\/\/spanishcastlemoviemagic.com\/es\/wp-json\/wp\/v2\/pages\/3833","targetHints":{"allow":["GET"]}}],"collection":[{"href":"https:\/\/spanishcastlemoviemagic.com\/es\/wp-json\/wp\/v2\/pages"}],"about":[{"href":"https:\/\/spanishcastlemoviemagic.com\/es\/wp-json\/wp\/v2\/types\/page"}],"author":[{"embeddable":true,"href":"https:\/\/spanishcastlemoviemagic.com\/es\/wp-json\/wp\/v2\/users\/1"}],"replies":[{"embeddable":true,"href":"https:\/\/spanishcastlemoviemagic.com\/es\/wp-json\/wp\/v2\/comments?post=3833"}],"version-history":[{"count":1,"href":"https:\/\/spanishcastlemoviemagic.com\/es\/wp-json\/wp\/v2\/pages\/3833\/revisions"}],"predecessor-version":[{"id":3834,"href":"https:\/\/spanishcastlemoviemagic.com\/es\/wp-json\/wp\/v2\/pages\/3833\/revisions\/3834"}],"wp:featuredmedia":[{"embeddable":true,"href":"https:\/\/spanishcastlemoviemagic.com\/es\/wp-json\/wp\/v2\/media\/1366"}],"wp:attachment":[{"href":"https:\/\/spanishcastlemoviemagic.com\/es\/wp-json\/wp\/v2\/media?parent=3833"}],"curies":[{"name":"wp","href":"https:\/\/api.w.org\/{rel}","templated":true}]}}