{"id":3826,"date":"2019-09-23T16:16:36","date_gmt":"2019-09-23T16:16:36","guid":{"rendered":"https:\/\/spanishcastlemoviemagic.com\/es\/?page_id=3826"},"modified":"2019-09-23T16:16:37","modified_gmt":"2019-09-23T16:16:37","slug":"lm-almodovar","status":"publish","type":"page","link":"https:\/\/spanishcastlemoviemagic.com\/es\/lm-almodovar\/","title":{"rendered":"LM Almodovar"},"content":{"rendered":"\n<p>Tanto la Orden de Calatrava como la de Santiago han sido anteriores propietarios y arrendadores.<br>El rey Pedro I de Castilla, conocido cari\u00f1osamente en su familia como &#8216;Pedro el Cruel&#8217;, a veces guardaba su tesoro all\u00ed, y tambi\u00e9n guardaba bajo llave a la esposa de su hermanastro, Do\u00f1a Juana de Lara.<br>Fue restaurada entre 1901 y 1936 por el XII Conde de Torravala.<br>El castillo tambi\u00e9n representa a High Garden en la s\u00e9ptima serie de Game of Thrones, cuando Jamie Lannister saquea el lugar.<br>El uso como lugar de celebraci\u00f3n del Juego de Tronos ha dado nueva vida al castillo, que se abri\u00f3 al p\u00fablico en 2001 y que ahora organiza todo tipo de visitas y eventos teatralizados.<br>La subdirectora Teresa Moreno nos mostr\u00f3 en julio de 2019 c\u00f3mo el castillo cuenta ahora con un cat\u00e1logo completo de visitas escolares, banquetes medievales, representaciones, bodas, congresos y rodajes publicitarios.<br>La serie de Netflix Manga Warrior Nun tambi\u00e9n ha sido filmada all\u00ed.<br>En la cercana Palma del R\u00edo se puede visitar el Palacio de Portocarrero, donde Ridley Scott film\u00f3 escenas del Kingdom of Heaven. El palacio forma parte del complejo del Convento de Santa Clara, que incluye un extraordinario, pero muy econ\u00f3mico hotel dirigido por Pedro, un hombre muy locuaz.<\/p>\n","protected":false},"excerpt":{"rendered":"<p>Tanto la Orden de Calatrava como la de Santiago han sido anteriores propietarios y arrendadores.El rey Pedro I de Castilla, [&hellip;]<\/p>\n","protected":false},"author":1,"featured_media":23,"parent":0,"menu_order":0,"comment_status":"closed","ping_status":"closed","template":"","meta":{"_uag_custom_page_level_css":"","site-sidebar-layout":"default","site-content-layout":"","ast-site-content-layout":"default","site-content-style":"default","site-sidebar-style":"default","ast-global-header-display":"","ast-banner-title-visibility":"","ast-main-header-display":"","ast-hfb-above-header-display":"","ast-hfb-below-header-display":"","ast-hfb-mobile-header-display":"","site-post-title":"","ast-breadcrumbs-content":"","ast-featured-img":"","footer-sml-layout":"","ast-disable-related-posts":"","theme-transparent-header-meta":"","adv-header-id-meta":"","stick-header-meta":"","header-above-stick-meta":"","header-main-stick-meta":"","header-below-stick-meta":"","astra-migrate-meta-layouts":"default","ast-page-background-enabled":"default","ast-page-background-meta":{"desktop":{"background-color":"var(--ast-global-color-5)","background-image":"","background-repeat":"repeat","background-position":"center center","background-size":"auto","background-attachment":"scroll","background-type":"","background-media":"","overlay-type":"","overlay-color":"","overlay-opacity":"","overlay-gradient":""},"tablet":{"background-color":"","background-image":"","background-repeat":"repeat","background-position":"center center","background-size":"auto","background-attachment":"scroll","background-type":"","background-media":"","overlay-type":"","overlay-color":"","overlay-opacity":"","overlay-gradient":""},"mobile":{"background-color":"","background-image":"","background-repeat":"repeat","background-position":"center center","background-size":"auto","background-attachment":"scroll","background-type":"","background-media":"","overlay-type":"","overlay-color":"","overlay-opacity":"","overlay-gradient":""}},"ast-content-background-meta":{"desktop":{"background-color":"var(--ast-global-color-4)","background-image":"","background-repeat":"repeat","background-position":"center center","background-size":"auto","background-attachment":"scroll","background-type":"","background-media":"","overlay-type":"","overlay-color":"","overlay-opacity":"","overlay-gradient":""},"tablet":{"background-color":"var(--ast-global-color-4)","background-image":"","background-repeat":"repeat","background-position":"center center","background-size":"auto","background-attachment":"scroll","background-type":"","background-media":"","overlay-type":"","overlay-color":"","overlay-opacity":"","overlay-gradient":""},"mobile":{"background-color":"var(--ast-global-color-4)","background-image":"","background-repeat":"repeat","background-position":"center center","background-size":"auto","background-attachment":"scroll","background-type":"","background-media":"","overlay-type":"","overlay-color":"","overlay-opacity":"","overlay-gradient":""}},"footnotes":""},"class_list":["post-3826","page","type-page","status-publish","has-post-thumbnail","hentry"],"featured_image_src":"https:\/\/spanishcastlemoviemagic.com\/es\/wp-content\/uploads\/sites\/3\/2019\/09\/almodovar-del-rio-cordoba-s.jpg","featured_image_src_square":"https:\/\/spanishcastlemoviemagic.com\/es\/wp-content\/uploads\/sites\/3\/2019\/09\/almodovar-del-rio-cordoba-s.jpg","uagb_featured_image_src":{"full":["https:\/\/spanishcastlemoviemagic.com\/es\/wp-content\/uploads\/sites\/3\/2019\/09\/almodovar-del-rio-cordoba-s.jpg",2000,1500,false],"thumbnail":["https:\/\/spanishcastlemoviemagic.com\/es\/wp-content\/uploads\/sites\/3\/2019\/09\/almodovar-del-rio-cordoba-s-150x150.jpg",150,150,true],"medium":["https:\/\/spanishcastlemoviemagic.com\/es\/wp-content\/uploads\/sites\/3\/2019\/09\/almodovar-del-rio-cordoba-s-300x225.jpg",300,225,true],"medium_large":["https:\/\/spanishcastlemoviemagic.com\/es\/wp-content\/uploads\/sites\/3\/2019\/09\/almodovar-del-rio-cordoba-s-768x576.jpg",768,576,true],"large":["https:\/\/spanishcastlemoviemagic.com\/es\/wp-content\/uploads\/sites\/3\/2019\/09\/almodovar-del-rio-cordoba-s-1024x768.jpg",1024,768,true],"1536x1536":["https:\/\/spanishcastlemoviemagic.com\/es\/wp-content\/uploads\/sites\/3\/2019\/09\/almodovar-del-rio-cordoba-s.jpg",1536,1152,false],"2048x2048":["https:\/\/spanishcastlemoviemagic.com\/es\/wp-content\/uploads\/sites\/3\/2019\/09\/almodovar-del-rio-cordoba-s.jpg",2000,1500,false],"ab-block-post-grid-landscape":["https:\/\/spanishcastlemoviemagic.com\/es\/wp-content\/uploads\/sites\/3\/2019\/09\/almodovar-del-rio-cordoba-s.jpg",533,400,false],"ab-block-post-grid-square":["https:\/\/spanishcastlemoviemagic.com\/es\/wp-content\/uploads\/sites\/3\/2019\/09\/almodovar-del-rio-cordoba-s.jpg",600,450,false]},"uagb_author_info":{"display_name":"admin","author_link":"https:\/\/spanishcastlemoviemagic.com\/es\/blog\/author\/cas-eggermontme-com\/"},"uagb_comment_info":0,"uagb_excerpt":"Tanto la Orden de Calatrava como la de Santiago han sido anteriores propietarios y arrendadores.El rey Pedro I de Castilla, [&hellip;]","_links":{"self":[{"href":"https:\/\/spanishcastlemoviemagic.com\/es\/wp-json\/wp\/v2\/pages\/3826","targetHints":{"allow":["GET"]}}],"collection":[{"href":"https:\/\/spanishcastlemoviemagic.com\/es\/wp-json\/wp\/v2\/pages"}],"about":[{"href":"https:\/\/spanishcastlemoviemagic.com\/es\/wp-json\/wp\/v2\/types\/page"}],"author":[{"embeddable":true,"href":"https:\/\/spanishcastlemoviemagic.com\/es\/wp-json\/wp\/v2\/users\/1"}],"replies":[{"embeddable":true,"href":"https:\/\/spanishcastlemoviemagic.com\/es\/wp-json\/wp\/v2\/comments?post=3826"}],"version-history":[{"count":1,"href":"https:\/\/spanishcastlemoviemagic.com\/es\/wp-json\/wp\/v2\/pages\/3826\/revisions"}],"predecessor-version":[{"id":3827,"href":"https:\/\/spanishcastlemoviemagic.com\/es\/wp-json\/wp\/v2\/pages\/3826\/revisions\/3827"}],"wp:featuredmedia":[{"embeddable":true,"href":"https:\/\/spanishcastlemoviemagic.com\/es\/wp-json\/wp\/v2\/media\/23"}],"wp:attachment":[{"href":"https:\/\/spanishcastlemoviemagic.com\/es\/wp-json\/wp\/v2\/media?parent=3826"}],"curies":[{"name":"wp","href":"https:\/\/api.w.org\/{rel}","templated":true}]}}