{"id":3782,"date":"2019-09-23T15:58:03","date_gmt":"2019-09-23T15:58:03","guid":{"rendered":"https:\/\/spanishcastlemoviemagic.com\/es\/?page_id=3782"},"modified":"2019-10-18T16:09:24","modified_gmt":"2019-10-18T16:09:24","slug":"lm-alcazaba","status":"publish","type":"page","link":"https:\/\/spanishcastlemoviemagic.com\/es\/lm-alcazaba\/","title":{"rendered":"LM Alcazaba"},"content":{"rendered":"\n<p>Empleado del castillo, el historiador Carlos Mart\u00edn es un tesoro de informaci\u00f3n y un aficionado al cine.<\/p>\n\n\n\n<p>Nos inform\u00f3 que &#8216;Rat Patrol&#8217; fue la primera serie internacional en hacer uso del castillo, uno de los muchos de muchos pa\u00edses que han visitado el castillo a lo largo de los a\u00f1os.<\/p>\n\n\n\n<p>La construcci\u00f3n del castillo y de las murallas se inici\u00f3 en el siglo X cuando la ciudad perteneci\u00f3 al califa cordob\u00e9s Abdar-Rahman III.<\/p>\n\n\n\n<p>M\u00e1s tarde fue ampliada por el Califa Al-Mansur y Al-Jairan.<\/p>\n\n\n\n<p>El primer recinto, el Muro de la Vela, fue construido por el rey Carlos III.<\/p>\n\n\n\n<p>Las fuerzas cristianas de Alfonso VII tomaron el castillo por primera vez en 1147, aunque lo perdieron 10 a\u00f1os m\u00e1s tarde, hasta 1489, cuando finaliz\u00f3 su reconquista.<\/p>\n\n\n\n<p>El tercer recinto fue encargado por los Reyes Cat\u00f3licos Isabel I de Castilla y Fernando I de Arag\u00f3n.<\/p>\n\n\n\n<p>En 1522 un terremoto masivo da\u00f1\u00f3 gravemente el castillo.<\/p>\n\n\n\n<p>\nCuenta la leyenda que los que entren en la Alcazaba la Noche de San Juan\n a medianoche contemplar\u00e1n un t\u00fanel que conduce a un palacio encantado \ndentro de una de las monta\u00f1as cercanas. <br>All\u00ed se puede encontrar una \ninfinita muestra de tesoros, pero si alguien se atreve a tomar algo, \ncomo un moro que en 1485 tom\u00f3 un pergamino, los elfos lo condenar\u00e1n a \nvagar por la eternidad, o al menos hasta que \u00e9l devuelva su bot\u00edn.\n\n<\/p>\n","protected":false},"excerpt":{"rendered":"<p>Empleado del castillo, el historiador Carlos Mart\u00edn es un tesoro de informaci\u00f3n y un aficionado al cine. Nos inform\u00f3 que [&hellip;]<\/p>\n","protected":false},"author":1,"featured_media":1348,"parent":0,"menu_order":0,"comment_status":"closed","ping_status":"closed","template":"","meta":{"_uag_custom_page_level_css":"","site-sidebar-layout":"default","site-content-layout":"","ast-site-content-layout":"default","site-content-style":"default","site-sidebar-style":"default","ast-global-header-display":"","ast-banner-title-visibility":"","ast-main-header-display":"","ast-hfb-above-header-display":"","ast-hfb-below-header-display":"","ast-hfb-mobile-header-display":"","site-post-title":"","ast-breadcrumbs-content":"","ast-featured-img":"","footer-sml-layout":"","ast-disable-related-posts":"","theme-transparent-header-meta":"","adv-header-id-meta":"","stick-header-meta":"","header-above-stick-meta":"","header-main-stick-meta":"","header-below-stick-meta":"","astra-migrate-meta-layouts":"default","ast-page-background-enabled":"default","ast-page-background-meta":{"desktop":{"background-color":"var(--ast-global-color-5)","background-image":"","background-repeat":"repeat","background-position":"center center","background-size":"auto","background-attachment":"scroll","background-type":"","background-media":"","overlay-type":"","overlay-color":"","overlay-opacity":"","overlay-gradient":""},"tablet":{"background-color":"","background-image":"","background-repeat":"repeat","background-position":"center center","background-size":"auto","background-attachment":"scroll","background-type":"","background-media":"","overlay-type":"","overlay-color":"","overlay-opacity":"","overlay-gradient":""},"mobile":{"background-color":"","background-image":"","background-repeat":"repeat","background-position":"center center","background-size":"auto","background-attachment":"scroll","background-type":"","background-media":"","overlay-type":"","overlay-color":"","overlay-opacity":"","overlay-gradient":""}},"ast-content-background-meta":{"desktop":{"background-color":"var(--ast-global-color-4)","background-image":"","background-repeat":"repeat","background-position":"center center","background-size":"auto","background-attachment":"scroll","background-type":"","background-media":"","overlay-type":"","overlay-color":"","overlay-opacity":"","overlay-gradient":""},"tablet":{"background-color":"var(--ast-global-color-4)","background-image":"","background-repeat":"repeat","background-position":"center center","background-size":"auto","background-attachment":"scroll","background-type":"","background-media":"","overlay-type":"","overlay-color":"","overlay-opacity":"","overlay-gradient":""},"mobile":{"background-color":"var(--ast-global-color-4)","background-image":"","background-repeat":"repeat","background-position":"center center","background-size":"auto","background-attachment":"scroll","background-type":"","background-media":"","overlay-type":"","overlay-color":"","overlay-opacity":"","overlay-gradient":""}},"footnotes":""},"class_list":["post-3782","page","type-page","status-publish","has-post-thumbnail","hentry"],"featured_image_src":"https:\/\/spanishcastlemoviemagic.com\/es\/wp-content\/uploads\/sites\/3\/2019\/09\/Alcazaba-almeria-s.jpg","featured_image_src_square":"https:\/\/spanishcastlemoviemagic.com\/es\/wp-content\/uploads\/sites\/3\/2019\/09\/Alcazaba-almeria-s.jpg","uagb_featured_image_src":{"full":["https:\/\/spanishcastlemoviemagic.com\/es\/wp-content\/uploads\/sites\/3\/2019\/09\/Alcazaba-almeria-s.jpg",2000,1500,false],"thumbnail":["https:\/\/spanishcastlemoviemagic.com\/es\/wp-content\/uploads\/sites\/3\/2019\/09\/Alcazaba-almeria-s-150x150.jpg",150,150,true],"medium":["https:\/\/spanishcastlemoviemagic.com\/es\/wp-content\/uploads\/sites\/3\/2019\/09\/Alcazaba-almeria-s-300x225.jpg",300,225,true],"medium_large":["https:\/\/spanishcastlemoviemagic.com\/es\/wp-content\/uploads\/sites\/3\/2019\/09\/Alcazaba-almeria-s-768x576.jpg",768,576,true],"large":["https:\/\/spanishcastlemoviemagic.com\/es\/wp-content\/uploads\/sites\/3\/2019\/09\/Alcazaba-almeria-s-1024x768.jpg",1024,768,true],"1536x1536":["https:\/\/spanishcastlemoviemagic.com\/es\/wp-content\/uploads\/sites\/3\/2019\/09\/Alcazaba-almeria-s.jpg",1536,1152,false],"2048x2048":["https:\/\/spanishcastlemoviemagic.com\/es\/wp-content\/uploads\/sites\/3\/2019\/09\/Alcazaba-almeria-s.jpg",2000,1500,false],"ab-block-post-grid-landscape":["https:\/\/spanishcastlemoviemagic.com\/es\/wp-content\/uploads\/sites\/3\/2019\/09\/Alcazaba-almeria-s.jpg",533,400,false],"ab-block-post-grid-square":["https:\/\/spanishcastlemoviemagic.com\/es\/wp-content\/uploads\/sites\/3\/2019\/09\/Alcazaba-almeria-s.jpg",600,450,false]},"uagb_author_info":{"display_name":"admin","author_link":"https:\/\/spanishcastlemoviemagic.com\/es\/blog\/author\/cas-eggermontme-com\/"},"uagb_comment_info":0,"uagb_excerpt":"Empleado del castillo, el historiador Carlos Mart\u00edn es un tesoro de informaci\u00f3n y un aficionado al cine. Nos inform\u00f3 que [&hellip;]","_links":{"self":[{"href":"https:\/\/spanishcastlemoviemagic.com\/es\/wp-json\/wp\/v2\/pages\/3782","targetHints":{"allow":["GET"]}}],"collection":[{"href":"https:\/\/spanishcastlemoviemagic.com\/es\/wp-json\/wp\/v2\/pages"}],"about":[{"href":"https:\/\/spanishcastlemoviemagic.com\/es\/wp-json\/wp\/v2\/types\/page"}],"author":[{"embeddable":true,"href":"https:\/\/spanishcastlemoviemagic.com\/es\/wp-json\/wp\/v2\/users\/1"}],"replies":[{"embeddable":true,"href":"https:\/\/spanishcastlemoviemagic.com\/es\/wp-json\/wp\/v2\/comments?post=3782"}],"version-history":[{"count":3,"href":"https:\/\/spanishcastlemoviemagic.com\/es\/wp-json\/wp\/v2\/pages\/3782\/revisions"}],"predecessor-version":[{"id":4469,"href":"https:\/\/spanishcastlemoviemagic.com\/es\/wp-json\/wp\/v2\/pages\/3782\/revisions\/4469"}],"wp:featuredmedia":[{"embeddable":true,"href":"https:\/\/spanishcastlemoviemagic.com\/es\/wp-json\/wp\/v2\/media\/1348"}],"wp:attachment":[{"href":"https:\/\/spanishcastlemoviemagic.com\/es\/wp-json\/wp\/v2\/media?parent=3782"}],"curies":[{"name":"wp","href":"https:\/\/api.w.org\/{rel}","templated":true}]}}