{"id":3735,"date":"2019-09-23T15:23:21","date_gmt":"2019-09-23T15:23:21","guid":{"rendered":"https:\/\/spanishcastlemoviemagic.com\/es\/?page_id=3735"},"modified":"2019-09-23T15:23:22","modified_gmt":"2019-09-23T15:23:22","slug":"lm-cardona","status":"publish","type":"page","link":"https:\/\/spanishcastlemoviemagic.com\/es\/lm-cardona\/","title":{"rendered":"LM Cardona"},"content":{"rendered":"\n<p>El asedio se levant\u00f3 despu\u00e9s de que un ej\u00e9rcito aliado llegara y derrotara a las fuerzas borb\u00f3nicas en una batalla que se explica en uno de los muchos tableros que rodean el castillo detallando su historia.<br>Naturalmente, el castillo tiene un fantasma, y uno muy fastidioso, ya que s\u00f3lo frecuenta una habitaci\u00f3n espec\u00edfica, el n\u00famero 712, y se advierte a los hu\u00e9spedes de posibles acompa\u00f1antes no deseados si lo reservan.<br>La actividad fantasmag\u00f3rica est\u00e1ndar incluye mover muebles, voces y grifos que se abren y cierran solos.<br>El personal de limpieza ahora limpia la habitaci\u00f3n por parejas, y cuando estuve all\u00ed en octubre de 2015, vi a una se\u00f1ora de la limpieza que ten\u00eda problemas con su carro de limpieza fuera de la habitaci\u00f3n, y as\u00ed hui de forma r\u00e1pida y decisiva.<br>El fantasma tiene un nombre, Adal\u00e9s, y una t\u00edpica historia tipo Romeo y Julieta o West Side Story. Era una cristiana del siglo XI que se enamor\u00f3 de un ni\u00f1o musulm\u00e1n, por lo que su padre la encerr\u00f3 para evitar problemas, lo que la hizo languidecer y morir.<\/p>\n","protected":false},"excerpt":{"rendered":"<p>El asedio se levant\u00f3 despu\u00e9s de que un ej\u00e9rcito aliado llegara y derrotara a las fuerzas borb\u00f3nicas en una batalla [&hellip;]<\/p>\n","protected":false},"author":1,"featured_media":18,"parent":0,"menu_order":0,"comment_status":"closed","ping_status":"closed","template":"","meta":{"_uag_custom_page_level_css":"","site-sidebar-layout":"default","site-content-layout":"","ast-site-content-layout":"default","site-content-style":"default","site-sidebar-style":"default","ast-global-header-display":"","ast-banner-title-visibility":"","ast-main-header-display":"","ast-hfb-above-header-display":"","ast-hfb-below-header-display":"","ast-hfb-mobile-header-display":"","site-post-title":"","ast-breadcrumbs-content":"","ast-featured-img":"","footer-sml-layout":"","ast-disable-related-posts":"","theme-transparent-header-meta":"","adv-header-id-meta":"","stick-header-meta":"","header-above-stick-meta":"","header-main-stick-meta":"","header-below-stick-meta":"","astra-migrate-meta-layouts":"default","ast-page-background-enabled":"default","ast-page-background-meta":{"desktop":{"background-color":"var(--ast-global-color-5)","background-image":"","background-repeat":"repeat","background-position":"center center","background-size":"auto","background-attachment":"scroll","background-type":"","background-media":"","overlay-type":"","overlay-color":"","overlay-opacity":"","overlay-gradient":""},"tablet":{"background-color":"","background-image":"","background-repeat":"repeat","background-position":"center center","background-size":"auto","background-attachment":"scroll","background-type":"","background-media":"","overlay-type":"","overlay-color":"","overlay-opacity":"","overlay-gradient":""},"mobile":{"background-color":"","background-image":"","background-repeat":"repeat","background-position":"center center","background-size":"auto","background-attachment":"scroll","background-type":"","background-media":"","overlay-type":"","overlay-color":"","overlay-opacity":"","overlay-gradient":""}},"ast-content-background-meta":{"desktop":{"background-color":"var(--ast-global-color-4)","background-image":"","background-repeat":"repeat","background-position":"center center","background-size":"auto","background-attachment":"scroll","background-type":"","background-media":"","overlay-type":"","overlay-color":"","overlay-opacity":"","overlay-gradient":""},"tablet":{"background-color":"var(--ast-global-color-4)","background-image":"","background-repeat":"repeat","background-position":"center center","background-size":"auto","background-attachment":"scroll","background-type":"","background-media":"","overlay-type":"","overlay-color":"","overlay-opacity":"","overlay-gradient":""},"mobile":{"background-color":"var(--ast-global-color-4)","background-image":"","background-repeat":"repeat","background-position":"center center","background-size":"auto","background-attachment":"scroll","background-type":"","background-media":"","overlay-type":"","overlay-color":"","overlay-opacity":"","overlay-gradient":""}},"footnotes":""},"class_list":["post-3735","page","type-page","status-publish","has-post-thumbnail","hentry"],"featured_image_src":"https:\/\/spanishcastlemoviemagic.com\/es\/wp-content\/uploads\/sites\/3\/2019\/09\/cardona-Barcelona.jpg","featured_image_src_square":"https:\/\/spanishcastlemoviemagic.com\/es\/wp-content\/uploads\/sites\/3\/2019\/09\/cardona-Barcelona.jpg","uagb_featured_image_src":{"full":["https:\/\/spanishcastlemoviemagic.com\/es\/wp-content\/uploads\/sites\/3\/2019\/09\/cardona-Barcelona.jpg",2000,1308,false],"thumbnail":["https:\/\/spanishcastlemoviemagic.com\/es\/wp-content\/uploads\/sites\/3\/2019\/09\/cardona-Barcelona-150x150.jpg",150,150,true],"medium":["https:\/\/spanishcastlemoviemagic.com\/es\/wp-content\/uploads\/sites\/3\/2019\/09\/cardona-Barcelona-300x196.jpg",300,196,true],"medium_large":["https:\/\/spanishcastlemoviemagic.com\/es\/wp-content\/uploads\/sites\/3\/2019\/09\/cardona-Barcelona-768x502.jpg",768,502,true],"large":["https:\/\/spanishcastlemoviemagic.com\/es\/wp-content\/uploads\/sites\/3\/2019\/09\/cardona-Barcelona-1024x670.jpg",1024,670,true],"1536x1536":["https:\/\/spanishcastlemoviemagic.com\/es\/wp-content\/uploads\/sites\/3\/2019\/09\/cardona-Barcelona.jpg",1536,1005,false],"2048x2048":["https:\/\/spanishcastlemoviemagic.com\/es\/wp-content\/uploads\/sites\/3\/2019\/09\/cardona-Barcelona.jpg",2000,1308,false],"ab-block-post-grid-landscape":["https:\/\/spanishcastlemoviemagic.com\/es\/wp-content\/uploads\/sites\/3\/2019\/09\/cardona-Barcelona.jpg",600,392,false],"ab-block-post-grid-square":["https:\/\/spanishcastlemoviemagic.com\/es\/wp-content\/uploads\/sites\/3\/2019\/09\/cardona-Barcelona.jpg",600,392,false]},"uagb_author_info":{"display_name":"admin","author_link":"https:\/\/spanishcastlemoviemagic.com\/es\/blog\/author\/cas-eggermontme-com\/"},"uagb_comment_info":0,"uagb_excerpt":"El asedio se levant\u00f3 despu\u00e9s de que un ej\u00e9rcito aliado llegara y derrotara a las fuerzas borb\u00f3nicas en una batalla [&hellip;]","_links":{"self":[{"href":"https:\/\/spanishcastlemoviemagic.com\/es\/wp-json\/wp\/v2\/pages\/3735","targetHints":{"allow":["GET"]}}],"collection":[{"href":"https:\/\/spanishcastlemoviemagic.com\/es\/wp-json\/wp\/v2\/pages"}],"about":[{"href":"https:\/\/spanishcastlemoviemagic.com\/es\/wp-json\/wp\/v2\/types\/page"}],"author":[{"embeddable":true,"href":"https:\/\/spanishcastlemoviemagic.com\/es\/wp-json\/wp\/v2\/users\/1"}],"replies":[{"embeddable":true,"href":"https:\/\/spanishcastlemoviemagic.com\/es\/wp-json\/wp\/v2\/comments?post=3735"}],"version-history":[{"count":1,"href":"https:\/\/spanishcastlemoviemagic.com\/es\/wp-json\/wp\/v2\/pages\/3735\/revisions"}],"predecessor-version":[{"id":3736,"href":"https:\/\/spanishcastlemoviemagic.com\/es\/wp-json\/wp\/v2\/pages\/3735\/revisions\/3736"}],"wp:featuredmedia":[{"embeddable":true,"href":"https:\/\/spanishcastlemoviemagic.com\/es\/wp-json\/wp\/v2\/media\/18"}],"wp:attachment":[{"href":"https:\/\/spanishcastlemoviemagic.com\/es\/wp-json\/wp\/v2\/media?parent=3735"}],"curies":[{"name":"wp","href":"https:\/\/api.w.org\/{rel}","templated":true}]}}