{"id":3710,"date":"2019-09-23T14:34:47","date_gmt":"2019-09-23T14:34:47","guid":{"rendered":"https:\/\/spanishcastlemoviemagic.com\/es\/?page_id=3710"},"modified":"2021-05-31T13:16:32","modified_gmt":"2021-05-31T13:16:32","slug":"desire-1936-urgell","status":"publish","type":"page","link":"https:\/\/spanishcastlemoviemagic.com\/es\/desire-1936-urgell\/","title":{"rendered":"Desire (1936) Urgell"},"content":{"rendered":"\n<p>Gary\nCooper y Marlene Dieterich no est\u00e1n f\u00e1cilmente asociados con Espa\u00f1a, ni con los\ncastillos, y sin embargo, entre las primeras im\u00e1genes de las majestuosos\ncastillos espa\u00f1oles en una pel\u00edcula de Hollywood, se encuentra una breve toma\ndel castillo de Urgell, situado en un istmo de la famosa bah\u00eda de Concha en San\nSebasti\u00e1n.<\/p>\n\n\n\n<p>Gary\nCooper va de vacaciones de Par\u00eds a San Sebasti\u00e1n, cuando se encuentra con la\nladrona de joyas Marlene Dietrich, que lo utiliza para introducir de\ncontrabando algunas joyas en Espa\u00f1a (Grant s\u00f3lo est\u00e1 contrabandeando\ncigarrillos, aunque su mayor crimen en la pel\u00edcula es, con diferencia, su\ncanto).<\/p>\n\n\n\n<p>Una\nvez all\u00ed, despu\u00e9s de un viaje lleno de acontecimientos en el que los burros\ndesempe\u00f1an un papel destacado, se re\u00fanen en el Hotel Continental Palace,\ninaugurado en 1884 y cerrado en 1972.<\/p>\n\n\n\n<p>Desgraciadamente,\nlas estrellas no llegaron a Espa\u00f1a en el a\u00f1o en que las campanas doblaron\nanunciando el comienzo de una guerra incivil, aunque se envi\u00f3 un equipo de\nfilmaci\u00f3n estadounidense para filmar las im\u00e1genes que formaban el tel\u00f3n de\nfondo.<\/p>\n\n\n\n<p>Seg\u00fan\nel estudio, los operadores de c\u00e1mara Erick Locke y Harry Perry fueron enviados\na la ciudad de San Sebasti\u00e1n para filmar las im\u00e1genes.<\/p>\n\n\n\n<p>Alrededor\nde media hora despu\u00e9s del comienzo de la pel\u00edcula vemos breves escenas de la\nfamosa playa de la Concha de San Sebasti\u00e1n, su paseo mar\u00edtimo `Paseo Nuevo\u2019 con\nsus tamarindos, la plaza Alderdi Eder, donde se encuentra el Ayuntamiento, y el\nantiguo Hotel Continental Palace.<\/p>\n","protected":false},"excerpt":{"rendered":"<p>Gary Cooper y Marlene Dieterich no est\u00e1n f\u00e1cilmente asociados con Espa\u00f1a, ni con los castillos, y sin embargo, entre las [&hellip;]<\/p>\n","protected":false},"author":1,"featured_media":1170,"parent":0,"menu_order":0,"comment_status":"closed","ping_status":"closed","template":"","meta":{"_uag_custom_page_level_css":"","site-sidebar-layout":"default","site-content-layout":"","ast-site-content-layout":"default","site-content-style":"default","site-sidebar-style":"default","ast-global-header-display":"","ast-banner-title-visibility":"","ast-main-header-display":"","ast-hfb-above-header-display":"","ast-hfb-below-header-display":"","ast-hfb-mobile-header-display":"","site-post-title":"","ast-breadcrumbs-content":"","ast-featured-img":"","footer-sml-layout":"","ast-disable-related-posts":"","theme-transparent-header-meta":"","adv-header-id-meta":"","stick-header-meta":"","header-above-stick-meta":"","header-main-stick-meta":"","header-below-stick-meta":"","astra-migrate-meta-layouts":"default","ast-page-background-enabled":"default","ast-page-background-meta":{"desktop":{"background-color":"var(--ast-global-color-5)","background-image":"","background-repeat":"repeat","background-position":"center center","background-size":"auto","background-attachment":"scroll","background-type":"","background-media":"","overlay-type":"","overlay-color":"","overlay-opacity":"","overlay-gradient":""},"tablet":{"background-color":"","background-image":"","background-repeat":"repeat","background-position":"center center","background-size":"auto","background-attachment":"scroll","background-type":"","background-media":"","overlay-type":"","overlay-color":"","overlay-opacity":"","overlay-gradient":""},"mobile":{"background-color":"","background-image":"","background-repeat":"repeat","background-position":"center center","background-size":"auto","background-attachment":"scroll","background-type":"","background-media":"","overlay-type":"","overlay-color":"","overlay-opacity":"","overlay-gradient":""}},"ast-content-background-meta":{"desktop":{"background-color":"var(--ast-global-color-4)","background-image":"","background-repeat":"repeat","background-position":"center center","background-size":"auto","background-attachment":"scroll","background-type":"","background-media":"","overlay-type":"","overlay-color":"","overlay-opacity":"","overlay-gradient":""},"tablet":{"background-color":"var(--ast-global-color-4)","background-image":"","background-repeat":"repeat","background-position":"center center","background-size":"auto","background-attachment":"scroll","background-type":"","background-media":"","overlay-type":"","overlay-color":"","overlay-opacity":"","overlay-gradient":""},"mobile":{"background-color":"var(--ast-global-color-4)","background-image":"","background-repeat":"repeat","background-position":"center center","background-size":"auto","background-attachment":"scroll","background-type":"","background-media":"","overlay-type":"","overlay-color":"","overlay-opacity":"","overlay-gradient":""}},"footnotes":""},"class_list":["post-3710","page","type-page","status-publish","has-post-thumbnail","hentry"],"featured_image_src":"https:\/\/spanishcastlemoviemagic.com\/es\/wp-content\/uploads\/sites\/3\/2019\/09\/San-Sebastian-guipozcoa.jpg","featured_image_src_square":"https:\/\/spanishcastlemoviemagic.com\/es\/wp-content\/uploads\/sites\/3\/2019\/09\/San-Sebastian-guipozcoa.jpg","uagb_featured_image_src":{"full":["https:\/\/spanishcastlemoviemagic.com\/es\/wp-content\/uploads\/sites\/3\/2019\/09\/San-Sebastian-guipozcoa.jpg",1024,768,false],"thumbnail":["https:\/\/spanishcastlemoviemagic.com\/es\/wp-content\/uploads\/sites\/3\/2019\/09\/San-Sebastian-guipozcoa-150x150.jpg",150,150,true],"medium":["https:\/\/spanishcastlemoviemagic.com\/es\/wp-content\/uploads\/sites\/3\/2019\/09\/San-Sebastian-guipozcoa-300x225.jpg",300,225,true],"medium_large":["https:\/\/spanishcastlemoviemagic.com\/es\/wp-content\/uploads\/sites\/3\/2019\/09\/San-Sebastian-guipozcoa-768x576.jpg",768,576,true],"large":["https:\/\/spanishcastlemoviemagic.com\/es\/wp-content\/uploads\/sites\/3\/2019\/09\/San-Sebastian-guipozcoa-1024x768.jpg",1024,768,true],"1536x1536":["https:\/\/spanishcastlemoviemagic.com\/es\/wp-content\/uploads\/sites\/3\/2019\/09\/San-Sebastian-guipozcoa.jpg",1024,768,false],"2048x2048":["https:\/\/spanishcastlemoviemagic.com\/es\/wp-content\/uploads\/sites\/3\/2019\/09\/San-Sebastian-guipozcoa.jpg",1024,768,false],"ab-block-post-grid-landscape":["https:\/\/spanishcastlemoviemagic.com\/es\/wp-content\/uploads\/sites\/3\/2019\/09\/San-Sebastian-guipozcoa.jpg",533,400,false],"ab-block-post-grid-square":["https:\/\/spanishcastlemoviemagic.com\/es\/wp-content\/uploads\/sites\/3\/2019\/09\/San-Sebastian-guipozcoa.jpg",600,450,false]},"uagb_author_info":{"display_name":"admin","author_link":"https:\/\/spanishcastlemoviemagic.com\/es\/blog\/author\/cas-eggermontme-com\/"},"uagb_comment_info":0,"uagb_excerpt":"Gary Cooper y Marlene Dieterich no est\u00e1n f\u00e1cilmente asociados con Espa\u00f1a, ni con los castillos, y sin embargo, entre las [&hellip;]","_links":{"self":[{"href":"https:\/\/spanishcastlemoviemagic.com\/es\/wp-json\/wp\/v2\/pages\/3710","targetHints":{"allow":["GET"]}}],"collection":[{"href":"https:\/\/spanishcastlemoviemagic.com\/es\/wp-json\/wp\/v2\/pages"}],"about":[{"href":"https:\/\/spanishcastlemoviemagic.com\/es\/wp-json\/wp\/v2\/types\/page"}],"author":[{"embeddable":true,"href":"https:\/\/spanishcastlemoviemagic.com\/es\/wp-json\/wp\/v2\/users\/1"}],"replies":[{"embeddable":true,"href":"https:\/\/spanishcastlemoviemagic.com\/es\/wp-json\/wp\/v2\/comments?post=3710"}],"version-history":[{"count":4,"href":"https:\/\/spanishcastlemoviemagic.com\/es\/wp-json\/wp\/v2\/pages\/3710\/revisions"}],"predecessor-version":[{"id":3758,"href":"https:\/\/spanishcastlemoviemagic.com\/es\/wp-json\/wp\/v2\/pages\/3710\/revisions\/3758"}],"wp:featuredmedia":[{"embeddable":true,"href":"https:\/\/spanishcastlemoviemagic.com\/es\/wp-json\/wp\/v2\/media\/1170"}],"wp:attachment":[{"href":"https:\/\/spanishcastlemoviemagic.com\/es\/wp-json\/wp\/v2\/media?parent=3710"}],"curies":[{"name":"wp","href":"https:\/\/api.w.org\/{rel}","templated":true}]}}