{"id":3705,"date":"2019-09-23T14:29:37","date_gmt":"2019-09-23T14:29:37","guid":{"rendered":"https:\/\/spanishcastlemoviemagic.com\/es\/?page_id=3705"},"modified":"2019-09-23T14:30:14","modified_gmt":"2019-09-23T14:30:14","slug":"lm-urgell-castle","status":"publish","type":"page","link":"https:\/\/spanishcastlemoviemagic.com\/es\/lm-urgell-castle\/","title":{"rendered":"LM  Urgell Castle"},"content":{"rendered":"\n<p>El estado del monumento a los soldados ingleses muertos en el asedio de San Sebasti\u00e1n, bien escondido entre densos arbustos, desatendidos, borrados por los grafiti y vandalizados de manera irreconocible, dice mucho de la sinceridad de quienquiera que haya sido el responsable de escribir esas palabras.<br>El primer asalto del 25 de julio fracas\u00f3 estrepitosamente con casi 3.000 bajas. Un participante llamado Douglas escribi\u00f3 estoicamente sobre sus camaradas: &#8220;Uno estaba haciendo lo mejor de su camino menos un brazo; otro su cara tan desfigurada&#8230;.que no dejaba rastro de los rasgos de un ser humano; otros se arrastraban con la pierna colgando de un pedazo de piel; y, peor a\u00fan, algunos se esforzaban por mantener dentro a las entra\u00f1as.\u201d<br>El 31 de agosto comenz\u00f3 el asalto final. Mientras las tropas de Robinson se abalanzaban sobre las brechas en las defensas del istmo, los soldados portugueses vadeaban el r\u00edo en marea baja bajo un intenso fuego.<br>Con grandes p\u00e9rdidas, los ingleses y los portugueses finalmente entraron en la ciudad, mientras que el resto de los defensas franceses retrocedieron al castillo.<br>Dos aspectos \u00fanicos de este ataque fueron que tuvo lugar a plena luz del d\u00eda y que el General Graham sinti\u00f3 la necesidad de continuar el bombardeo durante el ataque, como resultado de lo cual muchos de los defensores franceses se encontraron sin cabeza cuando los aliados entraron.<br>Hubo una pausa despu\u00e9s de los combates, (y sin duda despu\u00e9s de admirar primero las preciosas vistas de una de las bah\u00edas m\u00e1s bellas de Espa\u00f1a y la impresionante playa de la Concha), y luego las tropas brit\u00e1nicas se centraron en llevar a cabo un serio pillaje, justificado m\u00e1s tarde de forma bastante vergonzosa por el hecho de que se consideraba que el pueblo de San Sebasti\u00e1n hab\u00eda colaborado voluntariamente con los franceses e incluso hab\u00eda participado en la defensa.<br>Uno de los comandantes brit\u00e1nicos, Hay, declar\u00f3 m\u00e1s tarde que &#8220;nunca en los anales de la guerra hab\u00eda habido una aniquilaci\u00f3n tan completa como en San Sebasti\u00e1n&#8221;.<br>Wellington lleg\u00f3 al d\u00eda siguiente para supervisar la toma del castillo.<br>Con la p\u00e9rdida de dos tercios de sus hombres, los franceses que continuaron resistiendo comenzaron a perder la esperanza y finalmente se rendieron una semana m\u00e1s tarde, el 7 de septiembre.<\/p>\n","protected":false},"excerpt":{"rendered":"<p>El estado del monumento a los soldados ingleses muertos en el asedio de San Sebasti\u00e1n, bien escondido entre densos arbustos, [&hellip;]<\/p>\n","protected":false},"author":1,"featured_media":1170,"parent":0,"menu_order":0,"comment_status":"closed","ping_status":"closed","template":"","meta":{"_uag_custom_page_level_css":"","site-sidebar-layout":"default","site-content-layout":"","ast-site-content-layout":"default","site-content-style":"default","site-sidebar-style":"default","ast-global-header-display":"","ast-banner-title-visibility":"","ast-main-header-display":"","ast-hfb-above-header-display":"","ast-hfb-below-header-display":"","ast-hfb-mobile-header-display":"","site-post-title":"","ast-breadcrumbs-content":"","ast-featured-img":"","footer-sml-layout":"","ast-disable-related-posts":"","theme-transparent-header-meta":"","adv-header-id-meta":"","stick-header-meta":"","header-above-stick-meta":"","header-main-stick-meta":"","header-below-stick-meta":"","astra-migrate-meta-layouts":"default","ast-page-background-enabled":"default","ast-page-background-meta":{"desktop":{"background-color":"var(--ast-global-color-5)","background-image":"","background-repeat":"repeat","background-position":"center center","background-size":"auto","background-attachment":"scroll","background-type":"","background-media":"","overlay-type":"","overlay-color":"","overlay-opacity":"","overlay-gradient":""},"tablet":{"background-color":"","background-image":"","background-repeat":"repeat","background-position":"center center","background-size":"auto","background-attachment":"scroll","background-type":"","background-media":"","overlay-type":"","overlay-color":"","overlay-opacity":"","overlay-gradient":""},"mobile":{"background-color":"","background-image":"","background-repeat":"repeat","background-position":"center center","background-size":"auto","background-attachment":"scroll","background-type":"","background-media":"","overlay-type":"","overlay-color":"","overlay-opacity":"","overlay-gradient":""}},"ast-content-background-meta":{"desktop":{"background-color":"var(--ast-global-color-4)","background-image":"","background-repeat":"repeat","background-position":"center center","background-size":"auto","background-attachment":"scroll","background-type":"","background-media":"","overlay-type":"","overlay-color":"","overlay-opacity":"","overlay-gradient":""},"tablet":{"background-color":"var(--ast-global-color-4)","background-image":"","background-repeat":"repeat","background-position":"center center","background-size":"auto","background-attachment":"scroll","background-type":"","background-media":"","overlay-type":"","overlay-color":"","overlay-opacity":"","overlay-gradient":""},"mobile":{"background-color":"var(--ast-global-color-4)","background-image":"","background-repeat":"repeat","background-position":"center center","background-size":"auto","background-attachment":"scroll","background-type":"","background-media":"","overlay-type":"","overlay-color":"","overlay-opacity":"","overlay-gradient":""}},"footnotes":""},"class_list":["post-3705","page","type-page","status-publish","has-post-thumbnail","hentry"],"featured_image_src":"https:\/\/spanishcastlemoviemagic.com\/es\/wp-content\/uploads\/sites\/3\/2019\/09\/San-Sebastian-guipozcoa.jpg","featured_image_src_square":"https:\/\/spanishcastlemoviemagic.com\/es\/wp-content\/uploads\/sites\/3\/2019\/09\/San-Sebastian-guipozcoa.jpg","uagb_featured_image_src":{"full":["https:\/\/spanishcastlemoviemagic.com\/es\/wp-content\/uploads\/sites\/3\/2019\/09\/San-Sebastian-guipozcoa.jpg",1024,768,false],"thumbnail":["https:\/\/spanishcastlemoviemagic.com\/es\/wp-content\/uploads\/sites\/3\/2019\/09\/San-Sebastian-guipozcoa-150x150.jpg",150,150,true],"medium":["https:\/\/spanishcastlemoviemagic.com\/es\/wp-content\/uploads\/sites\/3\/2019\/09\/San-Sebastian-guipozcoa-300x225.jpg",300,225,true],"medium_large":["https:\/\/spanishcastlemoviemagic.com\/es\/wp-content\/uploads\/sites\/3\/2019\/09\/San-Sebastian-guipozcoa-768x576.jpg",768,576,true],"large":["https:\/\/spanishcastlemoviemagic.com\/es\/wp-content\/uploads\/sites\/3\/2019\/09\/San-Sebastian-guipozcoa-1024x768.jpg",1024,768,true],"1536x1536":["https:\/\/spanishcastlemoviemagic.com\/es\/wp-content\/uploads\/sites\/3\/2019\/09\/San-Sebastian-guipozcoa.jpg",1024,768,false],"2048x2048":["https:\/\/spanishcastlemoviemagic.com\/es\/wp-content\/uploads\/sites\/3\/2019\/09\/San-Sebastian-guipozcoa.jpg",1024,768,false],"ab-block-post-grid-landscape":["https:\/\/spanishcastlemoviemagic.com\/es\/wp-content\/uploads\/sites\/3\/2019\/09\/San-Sebastian-guipozcoa.jpg",533,400,false],"ab-block-post-grid-square":["https:\/\/spanishcastlemoviemagic.com\/es\/wp-content\/uploads\/sites\/3\/2019\/09\/San-Sebastian-guipozcoa.jpg",600,450,false]},"uagb_author_info":{"display_name":"admin","author_link":"https:\/\/spanishcastlemoviemagic.com\/es\/blog\/author\/cas-eggermontme-com\/"},"uagb_comment_info":0,"uagb_excerpt":"El estado del monumento a los soldados ingleses muertos en el asedio de San Sebasti\u00e1n, bien escondido entre densos arbustos, [&hellip;]","_links":{"self":[{"href":"https:\/\/spanishcastlemoviemagic.com\/es\/wp-json\/wp\/v2\/pages\/3705","targetHints":{"allow":["GET"]}}],"collection":[{"href":"https:\/\/spanishcastlemoviemagic.com\/es\/wp-json\/wp\/v2\/pages"}],"about":[{"href":"https:\/\/spanishcastlemoviemagic.com\/es\/wp-json\/wp\/v2\/types\/page"}],"author":[{"embeddable":true,"href":"https:\/\/spanishcastlemoviemagic.com\/es\/wp-json\/wp\/v2\/users\/1"}],"replies":[{"embeddable":true,"href":"https:\/\/spanishcastlemoviemagic.com\/es\/wp-json\/wp\/v2\/comments?post=3705"}],"version-history":[{"count":1,"href":"https:\/\/spanishcastlemoviemagic.com\/es\/wp-json\/wp\/v2\/pages\/3705\/revisions"}],"predecessor-version":[{"id":3707,"href":"https:\/\/spanishcastlemoviemagic.com\/es\/wp-json\/wp\/v2\/pages\/3705\/revisions\/3707"}],"wp:featuredmedia":[{"embeddable":true,"href":"https:\/\/spanishcastlemoviemagic.com\/es\/wp-json\/wp\/v2\/media\/1170"}],"wp:attachment":[{"href":"https:\/\/spanishcastlemoviemagic.com\/es\/wp-json\/wp\/v2\/media?parent=3705"}],"curies":[{"name":"wp","href":"https:\/\/api.w.org\/{rel}","templated":true}]}}