{"id":367,"date":"2019-09-04T16:51:31","date_gmt":"2019-09-04T16:51:31","guid":{"rendered":"https:\/\/spanishcastlemoviemagic.com\/es\/?page_id=367"},"modified":"2019-09-24T05:08:30","modified_gmt":"2019-09-24T05:08:30","slug":"the-happy-thieves-1962","status":"publish","type":"page","link":"https:\/\/spanishcastlemoviemagic.com\/es\/the-happy-thieves-1962\/","title":{"rendered":"The Happy Thieves (1962)"},"content":{"rendered":"\n<p>The Happy Thieves (1962)<\/p>\n\n\n\n<p><\/p>\n\n\n\n<p>Madrid\nes el tel\u00f3n de fondo de esta historia del mundo del arte en la que se cuenta la\nhistoria de dos chorizos ladrones protagonizados por Rita Hayworth y Rex\nHarrison, a los que The New York Times calific\u00f3 de &#8220;arenque blando&#8221;;\n\u00a1aunque, para ser justos, un arenque tieso ser\u00eda a\u00fan menos apetitoso!<\/p>\n\n\n\n<p>Rex\nHarrison y su esposa Rita Hayworth son chantajeados para que roben una famosa\npintura de Goya llamada el Dos de mayo, que representa la matanza de patriotas\nespa\u00f1oles por parte de invasores franceses, (o la disciplina de alborotadores\nterroristas por parte de las fuerzas amistosas de la ley y el orden,\ndependiendo de su punto de vista) en el Museo del Prado.<\/p>\n\n\n\n<p>Para\nlograr sus objetivos organizan una distracci\u00f3n en la plaza de toros local;\n\u00a1como si la muerte y arena no fueran suficiente distracci\u00f3n!<\/p>\n\n\n\n<p>La\npel\u00edcula comienza con nuestro Rex robando una pintura de un castillo, donde es\nun invitado desagradecido. El castillo es en realidad el castillo de Vi\u00f1uelas,\ncerca de Madrid. Vuelven m\u00e1s tarde para conspirar con V\u00edctor, el due\u00f1o sin\nescr\u00fapulos, entre los trajes de armadura.<\/p>\n","protected":false},"excerpt":{"rendered":"<p>The Happy Thieves (1962) Madrid es el tel\u00f3n de fondo de esta historia del mundo del arte en la que [&hellip;]<\/p>\n","protected":false},"author":1,"featured_media":170,"parent":0,"menu_order":0,"comment_status":"closed","ping_status":"closed","template":"","meta":{"_uag_custom_page_level_css":"","site-sidebar-layout":"default","site-content-layout":"","ast-site-content-layout":"default","site-content-style":"default","site-sidebar-style":"default","ast-global-header-display":"","ast-banner-title-visibility":"","ast-main-header-display":"","ast-hfb-above-header-display":"","ast-hfb-below-header-display":"","ast-hfb-mobile-header-display":"","site-post-title":"","ast-breadcrumbs-content":"","ast-featured-img":"","footer-sml-layout":"","ast-disable-related-posts":"","theme-transparent-header-meta":"","adv-header-id-meta":"","stick-header-meta":"","header-above-stick-meta":"","header-main-stick-meta":"","header-below-stick-meta":"","astra-migrate-meta-layouts":"default","ast-page-background-enabled":"default","ast-page-background-meta":{"desktop":{"background-color":"var(--ast-global-color-5)","background-image":"","background-repeat":"repeat","background-position":"center center","background-size":"auto","background-attachment":"scroll","background-type":"","background-media":"","overlay-type":"","overlay-color":"","overlay-opacity":"","overlay-gradient":""},"tablet":{"background-color":"","background-image":"","background-repeat":"repeat","background-position":"center center","background-size":"auto","background-attachment":"scroll","background-type":"","background-media":"","overlay-type":"","overlay-color":"","overlay-opacity":"","overlay-gradient":""},"mobile":{"background-color":"","background-image":"","background-repeat":"repeat","background-position":"center center","background-size":"auto","background-attachment":"scroll","background-type":"","background-media":"","overlay-type":"","overlay-color":"","overlay-opacity":"","overlay-gradient":""}},"ast-content-background-meta":{"desktop":{"background-color":"var(--ast-global-color-4)","background-image":"","background-repeat":"repeat","background-position":"center center","background-size":"auto","background-attachment":"scroll","background-type":"","background-media":"","overlay-type":"","overlay-color":"","overlay-opacity":"","overlay-gradient":""},"tablet":{"background-color":"var(--ast-global-color-4)","background-image":"","background-repeat":"repeat","background-position":"center center","background-size":"auto","background-attachment":"scroll","background-type":"","background-media":"","overlay-type":"","overlay-color":"","overlay-opacity":"","overlay-gradient":""},"mobile":{"background-color":"var(--ast-global-color-4)","background-image":"","background-repeat":"repeat","background-position":"center center","background-size":"auto","background-attachment":"scroll","background-type":"","background-media":"","overlay-type":"","overlay-color":"","overlay-opacity":"","overlay-gradient":""}},"footnotes":""},"class_list":["post-367","page","type-page","status-publish","has-post-thumbnail","hentry"],"featured_image_src":"https:\/\/spanishcastlemoviemagic.com\/es\/wp-content\/uploads\/sites\/3\/2019\/09\/vi\u00f1uelas-madrid.jpg","featured_image_src_square":"https:\/\/spanishcastlemoviemagic.com\/es\/wp-content\/uploads\/sites\/3\/2019\/09\/vi\u00f1uelas-madrid.jpg","uagb_featured_image_src":{"full":["https:\/\/spanishcastlemoviemagic.com\/es\/wp-content\/uploads\/sites\/3\/2019\/09\/vi\u00f1uelas-madrid.jpg",2304,1536,false],"thumbnail":["https:\/\/spanishcastlemoviemagic.com\/es\/wp-content\/uploads\/sites\/3\/2019\/09\/vi\u00f1uelas-madrid-150x150.jpg",150,150,true],"medium":["https:\/\/spanishcastlemoviemagic.com\/es\/wp-content\/uploads\/sites\/3\/2019\/09\/vi\u00f1uelas-madrid-300x200.jpg",300,200,true],"medium_large":["https:\/\/spanishcastlemoviemagic.com\/es\/wp-content\/uploads\/sites\/3\/2019\/09\/vi\u00f1uelas-madrid-768x512.jpg",768,512,true],"large":["https:\/\/spanishcastlemoviemagic.com\/es\/wp-content\/uploads\/sites\/3\/2019\/09\/vi\u00f1uelas-madrid-1024x683.jpg",1024,683,true],"1536x1536":["https:\/\/spanishcastlemoviemagic.com\/es\/wp-content\/uploads\/sites\/3\/2019\/09\/vi\u00f1uelas-madrid.jpg",1536,1024,false],"2048x2048":["https:\/\/spanishcastlemoviemagic.com\/es\/wp-content\/uploads\/sites\/3\/2019\/09\/vi\u00f1uelas-madrid.jpg",2048,1365,false],"ab-block-post-grid-landscape":["https:\/\/spanishcastlemoviemagic.com\/es\/wp-content\/uploads\/sites\/3\/2019\/09\/vi\u00f1uelas-madrid.jpg",600,400,false],"ab-block-post-grid-square":["https:\/\/spanishcastlemoviemagic.com\/es\/wp-content\/uploads\/sites\/3\/2019\/09\/vi\u00f1uelas-madrid.jpg",600,400,false]},"uagb_author_info":{"display_name":"admin","author_link":"https:\/\/spanishcastlemoviemagic.com\/es\/blog\/author\/cas-eggermontme-com\/"},"uagb_comment_info":0,"uagb_excerpt":"The Happy Thieves (1962) Madrid es el tel\u00f3n de fondo de esta historia del mundo del arte en la que [&hellip;]","_links":{"self":[{"href":"https:\/\/spanishcastlemoviemagic.com\/es\/wp-json\/wp\/v2\/pages\/367","targetHints":{"allow":["GET"]}}],"collection":[{"href":"https:\/\/spanishcastlemoviemagic.com\/es\/wp-json\/wp\/v2\/pages"}],"about":[{"href":"https:\/\/spanishcastlemoviemagic.com\/es\/wp-json\/wp\/v2\/types\/page"}],"author":[{"embeddable":true,"href":"https:\/\/spanishcastlemoviemagic.com\/es\/wp-json\/wp\/v2\/users\/1"}],"replies":[{"embeddable":true,"href":"https:\/\/spanishcastlemoviemagic.com\/es\/wp-json\/wp\/v2\/comments?post=367"}],"version-history":[{"count":1,"href":"https:\/\/spanishcastlemoviemagic.com\/es\/wp-json\/wp\/v2\/pages\/367\/revisions"}],"predecessor-version":[{"id":3941,"href":"https:\/\/spanishcastlemoviemagic.com\/es\/wp-json\/wp\/v2\/pages\/367\/revisions\/3941"}],"wp:featuredmedia":[{"embeddable":true,"href":"https:\/\/spanishcastlemoviemagic.com\/es\/wp-json\/wp\/v2\/media\/170"}],"wp:attachment":[{"href":"https:\/\/spanishcastlemoviemagic.com\/es\/wp-json\/wp\/v2\/media?parent=367"}],"curies":[{"name":"wp","href":"https:\/\/api.w.org\/{rel}","templated":true}]}}