{"id":361,"date":"2019-09-04T16:48:17","date_gmt":"2019-09-04T16:48:17","guid":{"rendered":"https:\/\/spanishcastlemoviemagic.com\/es\/?page_id=361"},"modified":"2021-05-31T13:16:32","modified_gmt":"2021-05-31T13:16:32","slug":"dracula-versus-frankenstein-1970","status":"publish","type":"page","link":"https:\/\/spanishcastlemoviemagic.com\/es\/dracula-versus-frankenstein-1970\/","title":{"rendered":"Dracula Versus Frankenstein (1970)"},"content":{"rendered":"\n<p>Los\ncastillos de Santa B\u00e1rbara en Alicante y San Mart\u00edn de Valdeiglesias, Madrid,\ncontribuyeron con un poco de ambiente aut\u00e9ntico de Transilvania, y las dunas de\nCabo de Gata en Almer\u00eda tambi\u00e9n se vieron afectadas cuando Rennie vol\u00f3 a Egipto\npara reclutar a la Momia.<\/p>\n\n\n\n<p>En\nla Ermita de San Frutos, Sep\u00falveda, Segovia, construida en el a\u00f1o 1100 d.C. y\nsituada sobre un afloramiento rocoso sobre el r\u00edo Durat\u00f3n, el hombre lobo y su\nrubia salvadora\/asesina se toman un respiro despu\u00e9s de escapar de las garras de\nlos alien\u00edgenas, y deciden entonces volver a enfrentarse a su destino.<\/p>\n\n\n\n<p>Seg\u00fan\nlos vecinos de Sep\u00falveda, el castillo de Castilnovo, a diez kil\u00f3metros al sur\nde la ciudad, retrataba el Monasterio comprado por el alien\u00edgena Michael Rennie\npara llevar a cabo sus viles experimentos, experimentos que nos hace\npreguntarnos por qu\u00e9 una civilizaci\u00f3n alien\u00edgena capaz de viajar 40.000 a\u00f1os\nluz para conquistar la tierra es incapaz de fabricar una pantalla de televisi\u00f3n\ndecente.<\/p>\n\n\n\n<p><\/p>\n","protected":false},"excerpt":{"rendered":"<p>Los castillos de Santa B\u00e1rbara en Alicante y San Mart\u00edn de Valdeiglesias, Madrid, contribuyeron con un poco de ambiente aut\u00e9ntico [&hellip;]<\/p>\n","protected":false},"author":1,"featured_media":1155,"parent":0,"menu_order":0,"comment_status":"closed","ping_status":"closed","template":"","meta":{"_uag_custom_page_level_css":"","site-sidebar-layout":"default","site-content-layout":"","ast-site-content-layout":"default","site-content-style":"default","site-sidebar-style":"default","ast-global-header-display":"","ast-banner-title-visibility":"","ast-main-header-display":"","ast-hfb-above-header-display":"","ast-hfb-below-header-display":"","ast-hfb-mobile-header-display":"","site-post-title":"","ast-breadcrumbs-content":"","ast-featured-img":"","footer-sml-layout":"","ast-disable-related-posts":"","theme-transparent-header-meta":"","adv-header-id-meta":"","stick-header-meta":"","header-above-stick-meta":"","header-main-stick-meta":"","header-below-stick-meta":"","astra-migrate-meta-layouts":"default","ast-page-background-enabled":"default","ast-page-background-meta":{"desktop":{"background-color":"var(--ast-global-color-5)","background-image":"","background-repeat":"repeat","background-position":"center center","background-size":"auto","background-attachment":"scroll","background-type":"","background-media":"","overlay-type":"","overlay-color":"","overlay-opacity":"","overlay-gradient":""},"tablet":{"background-color":"","background-image":"","background-repeat":"repeat","background-position":"center center","background-size":"auto","background-attachment":"scroll","background-type":"","background-media":"","overlay-type":"","overlay-color":"","overlay-opacity":"","overlay-gradient":""},"mobile":{"background-color":"","background-image":"","background-repeat":"repeat","background-position":"center center","background-size":"auto","background-attachment":"scroll","background-type":"","background-media":"","overlay-type":"","overlay-color":"","overlay-opacity":"","overlay-gradient":""}},"ast-content-background-meta":{"desktop":{"background-color":"var(--ast-global-color-4)","background-image":"","background-repeat":"repeat","background-position":"center center","background-size":"auto","background-attachment":"scroll","background-type":"","background-media":"","overlay-type":"","overlay-color":"","overlay-opacity":"","overlay-gradient":""},"tablet":{"background-color":"var(--ast-global-color-4)","background-image":"","background-repeat":"repeat","background-position":"center center","background-size":"auto","background-attachment":"scroll","background-type":"","background-media":"","overlay-type":"","overlay-color":"","overlay-opacity":"","overlay-gradient":""},"mobile":{"background-color":"var(--ast-global-color-4)","background-image":"","background-repeat":"repeat","background-position":"center center","background-size":"auto","background-attachment":"scroll","background-type":"","background-media":"","overlay-type":"","overlay-color":"","overlay-opacity":"","overlay-gradient":""}},"footnotes":""},"class_list":["post-361","page","type-page","status-publish","has-post-thumbnail","hentry"],"featured_image_src":"https:\/\/spanishcastlemoviemagic.com\/es\/wp-content\/uploads\/sites\/3\/2019\/09\/Castilnovo-Segovia-s.jpg","featured_image_src_square":"https:\/\/spanishcastlemoviemagic.com\/es\/wp-content\/uploads\/sites\/3\/2019\/09\/Castilnovo-Segovia-s.jpg","uagb_featured_image_src":{"full":["https:\/\/spanishcastlemoviemagic.com\/es\/wp-content\/uploads\/sites\/3\/2019\/09\/Castilnovo-Segovia-s.jpg",2500,1667,false],"thumbnail":["https:\/\/spanishcastlemoviemagic.com\/es\/wp-content\/uploads\/sites\/3\/2019\/09\/Castilnovo-Segovia-s-150x150.jpg",150,150,true],"medium":["https:\/\/spanishcastlemoviemagic.com\/es\/wp-content\/uploads\/sites\/3\/2019\/09\/Castilnovo-Segovia-s-300x200.jpg",300,200,true],"medium_large":["https:\/\/spanishcastlemoviemagic.com\/es\/wp-content\/uploads\/sites\/3\/2019\/09\/Castilnovo-Segovia-s-768x512.jpg",768,512,true],"large":["https:\/\/spanishcastlemoviemagic.com\/es\/wp-content\/uploads\/sites\/3\/2019\/09\/Castilnovo-Segovia-s-1024x683.jpg",1024,683,true],"1536x1536":["https:\/\/spanishcastlemoviemagic.com\/es\/wp-content\/uploads\/sites\/3\/2019\/09\/Castilnovo-Segovia-s.jpg",1536,1024,false],"2048x2048":["https:\/\/spanishcastlemoviemagic.com\/es\/wp-content\/uploads\/sites\/3\/2019\/09\/Castilnovo-Segovia-s.jpg",2048,1366,false],"ab-block-post-grid-landscape":["https:\/\/spanishcastlemoviemagic.com\/es\/wp-content\/uploads\/sites\/3\/2019\/09\/Castilnovo-Segovia-s.jpg",600,400,false],"ab-block-post-grid-square":["https:\/\/spanishcastlemoviemagic.com\/es\/wp-content\/uploads\/sites\/3\/2019\/09\/Castilnovo-Segovia-s.jpg",600,400,false]},"uagb_author_info":{"display_name":"admin","author_link":"https:\/\/spanishcastlemoviemagic.com\/es\/blog\/author\/cas-eggermontme-com\/"},"uagb_comment_info":0,"uagb_excerpt":"Los castillos de Santa B\u00e1rbara en Alicante y San Mart\u00edn de Valdeiglesias, Madrid, contribuyeron con un poco de ambiente aut\u00e9ntico [&hellip;]","_links":{"self":[{"href":"https:\/\/spanishcastlemoviemagic.com\/es\/wp-json\/wp\/v2\/pages\/361","targetHints":{"allow":["GET"]}}],"collection":[{"href":"https:\/\/spanishcastlemoviemagic.com\/es\/wp-json\/wp\/v2\/pages"}],"about":[{"href":"https:\/\/spanishcastlemoviemagic.com\/es\/wp-json\/wp\/v2\/types\/page"}],"author":[{"embeddable":true,"href":"https:\/\/spanishcastlemoviemagic.com\/es\/wp-json\/wp\/v2\/users\/1"}],"replies":[{"embeddable":true,"href":"https:\/\/spanishcastlemoviemagic.com\/es\/wp-json\/wp\/v2\/comments?post=361"}],"version-history":[{"count":3,"href":"https:\/\/spanishcastlemoviemagic.com\/es\/wp-json\/wp\/v2\/pages\/361\/revisions"}],"predecessor-version":[{"id":4000,"href":"https:\/\/spanishcastlemoviemagic.com\/es\/wp-json\/wp\/v2\/pages\/361\/revisions\/4000"}],"wp:featuredmedia":[{"embeddable":true,"href":"https:\/\/spanishcastlemoviemagic.com\/es\/wp-json\/wp\/v2\/media\/1155"}],"wp:attachment":[{"href":"https:\/\/spanishcastlemoviemagic.com\/es\/wp-json\/wp\/v2\/media?parent=361"}],"curies":[{"name":"wp","href":"https:\/\/api.w.org\/{rel}","templated":true}]}}