{"id":3547,"date":"2019-09-23T10:15:48","date_gmt":"2019-09-23T10:15:48","guid":{"rendered":"https:\/\/spanishcastlemoviemagic.com\/es\/?page_id=3547"},"modified":"2019-09-23T10:17:34","modified_gmt":"2019-09-23T10:17:34","slug":"lm-denia","status":"publish","type":"page","link":"https:\/\/spanishcastlemoviemagic.com\/es\/lm-denia\/","title":{"rendered":"LM Denia"},"content":{"rendered":"\n<p>Tambi\u00e9n fue ocupada por los brit\u00e1nicos durante la Guerra de Sucesi\u00f3n espa\u00f1ola del siglo XVIII y por las tropas de Napole\u00f3n durante el siglo XIX.<\/p>\n\n\n\n<p>Una comunidad de comerciantes brit\u00e1nicos de pasas vivi\u00f3 en D\u00e9nia desde 1800 hasta la \u00e9poca de la Guerra Civil Espa\u00f1ola a finales de los a\u00f1os 30, lo que explica la existencia de un cementerio brit\u00e1nico, ya abandonado.<\/p>\n\n\n\n<p>Escondido en la playa de Patacona, cerca de Alboraya, Valencia, se encuentra un monumento a Joan Baptista Basset y Ramos, una figura que para algunos representa la lucha de los pobres valencianos para derrocar a sus opresores y establecer una naci\u00f3n valenciana independiente, pero que para la gran mayor\u00eda de los valencianos no significa tanto. Su historia, sin embargo, est\u00e1 siempre ligada al castillo de Denia.<\/p>\n\n\n\n<p>En 1705 Basset llev\u00f3 un peque\u00f1o grupo de barcos a D\u00e9nia, donde desembarc\u00f3 y proclam\u00f3 Rey de Espa\u00f1a al archiduque de los Habsburgo Carlos, e inmediatamente comenz\u00f3 a organizar la resistencia contra el futuro Felipe V, respaldado por los franceses.<\/p>\n\n\n\n<p>La resistencia a Basset fue organizada desde Valencia por el Mariscal Llu\u00eds de Z\u00fa\u00f1iga y el Duque de Gandia, que atac\u00f3 a Basset en Denia.<\/p>\n\n\n\n<p>Sin embargo, el castillo de D\u00e9nia result\u00f3 ser demasiado fuerte y las tropas de Z\u00fa\u00f1iga comenzaron a desertar y el asedio se disip\u00f3.&nbsp;<\/p>\n\n\n\n<p>Sin embargo, Basset fue considerado demasiado radical por sus aliados brit\u00e1nicos y fue encarcelado primero en el castillo de Denia y luego en Tortosa.&nbsp;<\/p>\n\n\n\n<p>El castillo est\u00e1 situado en un pe\u00f1\u00f3n rocoso con vistas a la ciudad, pero tambi\u00e9n dentro de ella. Actualmente alberga un museo arqueol\u00f3gico llamado Palau del Gobernador.<\/p>\n\n\n\n<p>La parte oriental del castillo, concretamente la torre del Galliner, contiene restos de la \u00e9poca romana de D\u00e9nia.<\/p>\n","protected":false},"excerpt":{"rendered":"<p>Tambi\u00e9n fue ocupada por los brit\u00e1nicos durante la Guerra de Sucesi\u00f3n espa\u00f1ola del siglo XVIII y por las tropas de [&hellip;]<\/p>\n","protected":false},"author":1,"featured_media":432,"parent":0,"menu_order":0,"comment_status":"closed","ping_status":"closed","template":"","meta":{"_uag_custom_page_level_css":"","site-sidebar-layout":"default","site-content-layout":"","ast-site-content-layout":"default","site-content-style":"default","site-sidebar-style":"default","ast-global-header-display":"","ast-banner-title-visibility":"","ast-main-header-display":"","ast-hfb-above-header-display":"","ast-hfb-below-header-display":"","ast-hfb-mobile-header-display":"","site-post-title":"","ast-breadcrumbs-content":"","ast-featured-img":"","footer-sml-layout":"","ast-disable-related-posts":"","theme-transparent-header-meta":"","adv-header-id-meta":"","stick-header-meta":"","header-above-stick-meta":"","header-main-stick-meta":"","header-below-stick-meta":"","astra-migrate-meta-layouts":"default","ast-page-background-enabled":"default","ast-page-background-meta":{"desktop":{"background-color":"var(--ast-global-color-5)","background-image":"","background-repeat":"repeat","background-position":"center center","background-size":"auto","background-attachment":"scroll","background-type":"","background-media":"","overlay-type":"","overlay-color":"","overlay-opacity":"","overlay-gradient":""},"tablet":{"background-color":"","background-image":"","background-repeat":"repeat","background-position":"center center","background-size":"auto","background-attachment":"scroll","background-type":"","background-media":"","overlay-type":"","overlay-color":"","overlay-opacity":"","overlay-gradient":""},"mobile":{"background-color":"","background-image":"","background-repeat":"repeat","background-position":"center center","background-size":"auto","background-attachment":"scroll","background-type":"","background-media":"","overlay-type":"","overlay-color":"","overlay-opacity":"","overlay-gradient":""}},"ast-content-background-meta":{"desktop":{"background-color":"var(--ast-global-color-4)","background-image":"","background-repeat":"repeat","background-position":"center center","background-size":"auto","background-attachment":"scroll","background-type":"","background-media":"","overlay-type":"","overlay-color":"","overlay-opacity":"","overlay-gradient":""},"tablet":{"background-color":"var(--ast-global-color-4)","background-image":"","background-repeat":"repeat","background-position":"center center","background-size":"auto","background-attachment":"scroll","background-type":"","background-media":"","overlay-type":"","overlay-color":"","overlay-opacity":"","overlay-gradient":""},"mobile":{"background-color":"var(--ast-global-color-4)","background-image":"","background-repeat":"repeat","background-position":"center center","background-size":"auto","background-attachment":"scroll","background-type":"","background-media":"","overlay-type":"","overlay-color":"","overlay-opacity":"","overlay-gradient":""}},"footnotes":""},"class_list":["post-3547","page","type-page","status-publish","has-post-thumbnail","hentry"],"featured_image_src":"https:\/\/spanishcastlemoviemagic.com\/es\/wp-content\/uploads\/sites\/3\/2019\/09\/DENIA-Alicante-s-1.jpg","featured_image_src_square":"https:\/\/spanishcastlemoviemagic.com\/es\/wp-content\/uploads\/sites\/3\/2019\/09\/DENIA-Alicante-s-1.jpg","uagb_featured_image_src":{"full":["https:\/\/spanishcastlemoviemagic.com\/es\/wp-content\/uploads\/sites\/3\/2019\/09\/DENIA-Alicante-s-1.jpg",2000,1124,false],"thumbnail":["https:\/\/spanishcastlemoviemagic.com\/es\/wp-content\/uploads\/sites\/3\/2019\/09\/DENIA-Alicante-s-1-150x150.jpg",150,150,true],"medium":["https:\/\/spanishcastlemoviemagic.com\/es\/wp-content\/uploads\/sites\/3\/2019\/09\/DENIA-Alicante-s-1-300x169.jpg",300,169,true],"medium_large":["https:\/\/spanishcastlemoviemagic.com\/es\/wp-content\/uploads\/sites\/3\/2019\/09\/DENIA-Alicante-s-1-768x432.jpg",768,432,true],"large":["https:\/\/spanishcastlemoviemagic.com\/es\/wp-content\/uploads\/sites\/3\/2019\/09\/DENIA-Alicante-s-1-1024x575.jpg",1024,575,true],"1536x1536":["https:\/\/spanishcastlemoviemagic.com\/es\/wp-content\/uploads\/sites\/3\/2019\/09\/DENIA-Alicante-s-1.jpg",1536,863,false],"2048x2048":["https:\/\/spanishcastlemoviemagic.com\/es\/wp-content\/uploads\/sites\/3\/2019\/09\/DENIA-Alicante-s-1.jpg",2000,1124,false],"ab-block-post-grid-landscape":["https:\/\/spanishcastlemoviemagic.com\/es\/wp-content\/uploads\/sites\/3\/2019\/09\/DENIA-Alicante-s-1.jpg",600,337,false],"ab-block-post-grid-square":["https:\/\/spanishcastlemoviemagic.com\/es\/wp-content\/uploads\/sites\/3\/2019\/09\/DENIA-Alicante-s-1.jpg",600,337,false]},"uagb_author_info":{"display_name":"admin","author_link":"https:\/\/spanishcastlemoviemagic.com\/es\/blog\/author\/cas-eggermontme-com\/"},"uagb_comment_info":0,"uagb_excerpt":"Tambi\u00e9n fue ocupada por los brit\u00e1nicos durante la Guerra de Sucesi\u00f3n espa\u00f1ola del siglo XVIII y por las tropas de [&hellip;]","_links":{"self":[{"href":"https:\/\/spanishcastlemoviemagic.com\/es\/wp-json\/wp\/v2\/pages\/3547","targetHints":{"allow":["GET"]}}],"collection":[{"href":"https:\/\/spanishcastlemoviemagic.com\/es\/wp-json\/wp\/v2\/pages"}],"about":[{"href":"https:\/\/spanishcastlemoviemagic.com\/es\/wp-json\/wp\/v2\/types\/page"}],"author":[{"embeddable":true,"href":"https:\/\/spanishcastlemoviemagic.com\/es\/wp-json\/wp\/v2\/users\/1"}],"replies":[{"embeddable":true,"href":"https:\/\/spanishcastlemoviemagic.com\/es\/wp-json\/wp\/v2\/comments?post=3547"}],"version-history":[{"count":1,"href":"https:\/\/spanishcastlemoviemagic.com\/es\/wp-json\/wp\/v2\/pages\/3547\/revisions"}],"predecessor-version":[{"id":3548,"href":"https:\/\/spanishcastlemoviemagic.com\/es\/wp-json\/wp\/v2\/pages\/3547\/revisions\/3548"}],"wp:featuredmedia":[{"embeddable":true,"href":"https:\/\/spanishcastlemoviemagic.com\/es\/wp-json\/wp\/v2\/media\/432"}],"wp:attachment":[{"href":"https:\/\/spanishcastlemoviemagic.com\/es\/wp-json\/wp\/v2\/media?parent=3547"}],"curies":[{"name":"wp","href":"https:\/\/api.w.org\/{rel}","templated":true}]}}