{"id":3487,"date":"2019-09-23T09:13:24","date_gmt":"2019-09-23T09:13:24","guid":{"rendered":"https:\/\/spanishcastlemoviemagic.com\/es\/?page_id=3487"},"modified":"2020-01-15T14:36:17","modified_gmt":"2020-01-15T14:36:17","slug":"patrocinadores","status":"publish","type":"page","link":"https:\/\/spanishcastlemoviemagic.com\/es\/patrocinadores\/","title":{"rendered":"Patrocinadores"},"content":{"rendered":"<p  style=\"text-align: center;\">\n<div  id=\"content-4\" class=\"content-right-image-section content-image-right\" style=\"background-color: #f6f6f6;\" data-label=\"Content\" data-id=\"content-image-right\" data-category=\"content\">\n<div  class=\"gridContainer\">\n<div  class=\"content-right-image-gridcol\">\n<div  class=\"content-right-image-textcol dynamic-color\" data-type=\"column\">\n<h2  class=\"\">\u00bfPor qu\u00e9 ser patrocinador?<\/h2>\n<ul  class=\"\">\n<li  style=\"text-align: left;\"><em >Ayudar\u00e1s a un buen proyecto que pretende informar, entretener y conducir el turismo a sitios menos visitados.<\/em><\/li>\n<\/ul>\n<ul  class=\"\">\n<li  style=\"text-align: left;\"><em >Tu nombre y un enlace con tu p\u00e1gina web aparece en la secci\u00f3n de patrocinadores.<\/em><\/li>\n<\/ul>\n<ul  class=\"\">\n<li ><em >Tendr\u00e1s derecho a colgar tus noticias en nuestra p\u00e1gina de Noticias.<\/em><\/li>\n<\/ul>\n<ul  class=\"\">\n<li ><em >Recibiras una copia del texto en formato Word del libro Movies Made in Spain, siempre actualizado, que actualmente contiene informaci\u00f3n sobre las localizaciones de m\u00e1s de 800 pel\u00edculas de habla inglesa rodadas en Espa\u00f1a.<\/em><\/li>\n<\/ul>\n<\/div>\n<div  class=\"content-right-image-imgcol\" data-type=\"column\"><img decoding=\"async\"  class=\"\" src=\"https:\/\/spanishcastlemoviemagic.com\/es\/wp-content\/uploads\/sites\/3\/2019\/09\/Santa-Florentina-Barcelona-courtesy-Jaume-Palau.jpg\"><\/div>\n<\/div>\n<\/div>\n<\/div>\n<div data-label=\"Team\" data-id=\"team-large-square-section-1\" data-category=\"team\" class=\"team-large-square-section team-large-square-section-1\" id=\"team-1\"  style=\"background-color: rgb(246, 246, 246);\">\n<div class=\"\" >\n<div class=\"team-large-square-textcol dynamic-color\" data-type=\"column\" >\n<h2 class=\"\" >Nuestros patrocinadores son:<\/h2>\n<\/p><\/div>\n<div class=\"team-large-square-innerrow dark-text\" data-type=\"row\" >\n<div class=\"team-large-square-membercol cp4cols cp6cols-tablet\" >\n<div class=\"team-large-square-membercard\" >\n<div class=\"contentswap-effect ContentSwap102\" hover-fx=\"ContentSwap102\" id=\"ContentSwap102\" is-hovered=\"1\" >\n<div class=\"ContentSwap102_content initial-image\" ><img decoding=\"async\" class=\"image13\" data-size=\"800x800\" src=\"https:\/\/spanishcastlemoviemagic.com\/es\/wp-content\/uploads\/sites\/3\/2020\/01\/cropped-Archivocine.jpg\" > <\/div>\n<div class=\"overlay\" style=\"display: block; opacity: 1;\" ><\/div>\n<div class=\"swap-inner\" style=\"opacity: 1; display: block;\" >\n<div class=\"ContentSwap102-center\" > <a href=\"#\"  target=\"_self\" data-reiki-hidden=\"true\"><i data-cp-fa=\"true\" class=\"team-large-square-membericon fa fa-twitter color6\" ><\/i><\/a> <a href=\"#\"  target=\"_self\" data-reiki-hidden=\"true\"><i data-cp-fa=\"true\" class=\"team-large-square-membericon fa fa-linkedin color6\" ><\/i><\/a> <a href=\"#\"  target=\"_self\" data-reiki-hidden=\"true\"><i data-cp-fa=\"true\" class=\"team-large-square-membericon fa fa-dribbble color6\" ><\/i><\/a> <\/div>\n<\/p><\/div>\n<\/p><\/div>\n<div class=\"team-large-square-memberinfo\" data-type=\"column\" >\n<h3 class=\"team-large-square-membername\" >Archivocine.com<\/h3>\n<p class=\"\" >La finalidad de esta web no s\u00f3lo pretende mostrar parte del material que se encuentra en el Archivo, sino tambi\u00e9n que sirva para ampliar el conocimiento.<\/p>\n<p> <a  class=\"button color1\" href=\"https:\/\/www.archivocine.com\" target=\"_blank\" data-icon=\"\">WEB<\/a><\/div>\n<\/p><\/div>\n<\/p><\/div>\n<div class=\"team-large-square-membercol cp4cols cp6cols-tablet\" >\n<div class=\"team-large-square-membercard\" >\n<div class=\"contentswap-effect ContentSwap102\" hover-fx=\"ContentSwap102\" id=\"ContentSwap102\" is-hovered=\"1\" >\n<div class=\"ContentSwap102_content initial-image\" ><img decoding=\"async\" class=\"image13\" data-size=\"800x800\" src=\"https:\/\/spanishcastlemoviemagic.com\/es\/wp-content\/uploads\/sites\/3\/2020\/01\/cropped-Great-Southern-Railway-of-Spain.jpg\" > <\/div>\n<div class=\"overlay\" style=\"display: block; opacity: 1;\" ><\/div>\n<div class=\"swap-inner\" style=\"opacity: 1; display: block;\" >\n<div class=\"ContentSwap102-center\" > <a href=\"#\"  target=\"_self\" data-reiki-hidden=\"true\"><i data-cp-fa=\"true\" class=\"team-large-square-membericon fa fa-twitter color6\" ><\/i><\/a> <a href=\"#\"  target=\"_self\" data-reiki-hidden=\"true\"><i data-cp-fa=\"true\" class=\"team-large-square-membericon fa fa-linkedin color6\" ><\/i><\/a> <a href=\"#\"  target=\"_self\" data-reiki-hidden=\"true\"><i data-cp-fa=\"true\" class=\"team-large-square-membericon fa fa-dribbble color6\" ><\/i><\/a> <\/div>\n<\/p><\/div>\n<\/p><\/div>\n<div class=\"team-large-square-memberinfo\" data-type=\"column\" >\n<h3 class=\"team-large-square-membername\" >The Great Southern Railway of Spain&nbsp;<\/h3>\n<p class=\"\" >LLa historia es una historia de dificultades increibles, la riqueza a pobriedad a al final un muerte doloroso por guerra civil.<\/p>\n<p> <a  class=\"button color1\" href=\"http:\/\/www.gssr.es\" target=\"_blank\" data-icon=\"\">WEB<\/a><\/div>\n<\/p><\/div>\n<\/p><\/div>\n<div class=\"team-large-square-membercol cp4cols cp6cols-tablet\" >\n<div class=\"team-large-square-membercard\" >\n<div class=\"contentswap-effect ContentSwap102\" hover-fx=\"ContentSwap102\" id=\"ContentSwap102\" is-hovered=\"1\" >\n<div class=\"ContentSwap102_content initial-image\" ><img decoding=\"async\" class=\"image13\" data-size=\"800x800\" src=\"https:\/\/spanishcastlemoviemagic.com\/es\/wp-content\/uploads\/sites\/3\/2020\/01\/cropped-La-Casa-Rural-Terra-Blanca-.jpg\" > <\/div>\n<div class=\"overlay\" style=\"display: block; opacity: 1;\" ><\/div>\n<div class=\"swap-inner\" style=\"opacity: 1; display: block;\" >\n<div class=\"ContentSwap102-center\" > <a href=\"#\"  target=\"_self\" data-reiki-hidden=\"true\"><i data-cp-fa=\"true\" class=\"team-large-square-membericon fa fa-twitter color6\" ><\/i><\/a> <a href=\"#\"  target=\"_self\" data-reiki-hidden=\"true\"><i data-cp-fa=\"true\" class=\"team-large-square-membericon fa fa-linkedin color6\" ><\/i><\/a> <a href=\"#\"  target=\"_self\" data-reiki-hidden=\"true\"><i data-cp-fa=\"true\" class=\"team-large-square-membericon fa fa-dribbble color6\" ><\/i><\/a> <\/div>\n<\/p><\/div>\n<\/p><\/div>\n<div class=\"team-large-square-memberinfo\" data-type=\"column\" >\n<h3 class=\"team-large-square-membername\" >La Casa Rural Terra Blanca<\/h3>\n<p class=\"\" >La Casa Rural Terra Blanca del Benicadell*** est\u00e1 situada en el interior de la poblaci\u00f3n de Beniatjar (Valencia).<\/p>\n<p> <a  class=\"button color1\" href=\"https:\/\/www.terra-blanca-del-benicadell.es\/casa\" target=\"_blank\" data-icon=\"\">WEB<\/a><\/div>\n<\/p><\/div>\n<\/p><\/div>\n<\/p><\/div>\n<\/p><\/div>\n<\/div>\n<div data-label=\"Team\" data-id=\"team-large-square-section-3\" data-category=\"team\" class=\"team-large-square-section team-large-square-section-3\" id=\"team-3\"  style=\"background-color: rgb(255, 255, 255); background-image: none;\" data-ovid=\"ovid-team-3-4561\">\n<div class=\"\" >\n<div class=\"team-large-square-textcol dynamic-color\" data-type=\"column\" >   <\/div>\n<div class=\"team-large-square-innerrow dark-text\" data-type=\"row\" >\n<div class=\"team-large-square-membercol cp4cols cp6cols-tablet\" >\n<div class=\"team-large-square-membercard\" >\n<div class=\"contentswap-effect ContentSwap102\" hover-fx=\"ContentSwap102\" id=\"ContentSwap102\" is-hovered=\"1\" >\n<div class=\"ContentSwap102_content initial-image\" ><img decoding=\"async\" class=\"image13\" data-size=\"800x800\" src=\"https:\/\/spanishcastlemoviemagic.com\/es\/wp-content\/uploads\/sites\/3\/2020\/01\/cropped-cineturismo.jpg\" > <\/div>\n<div class=\"overlay\" style=\"display: block; opacity: 1;\" ><\/div>\n<div class=\"swap-inner\" style=\"opacity: 1; display: block;\" >\n<div class=\"ContentSwap102-center\" > <a href=\"#\"  target=\"_self\" data-reiki-hidden=\"true\"><i data-cp-fa=\"true\" class=\"team-large-square-membericon fa fa-twitter color6\" ><\/i><\/a> <a href=\"#\"  target=\"_self\" data-reiki-hidden=\"true\"><i data-cp-fa=\"true\" class=\"team-large-square-membericon fa fa-linkedin color6\" ><\/i><\/a> <a href=\"#\"  target=\"_self\" data-reiki-hidden=\"true\"><i data-cp-fa=\"true\" class=\"team-large-square-membericon fa fa-dribbble color6\" ><\/i><\/a> <\/div>\n<\/p><\/div>\n<\/p><\/div>\n<div class=\"team-large-square-memberinfo\" data-type=\"column\" >\n<h3 class=\"team-large-square-membername\" >Cineturismo.es<\/h3>\n<p class=\"\" >Cineturismo.es es el mayor portal web en espa\u00f1ol sobre turismo cinematogr\u00e1fico y televisivo.<\/p>\n<p> <a  class=\"button color1\" href=\"https:\/\/www.cineturismo.es\" target=\"_blank\" data-icon=\"\">WEB<\/a><\/div>\n<\/p><\/div>\n<\/p><\/div>\n<div class=\"team-large-square-membercol cp4cols cp6cols-tablet\" >\n<div class=\"team-large-square-membercard\" >\n<div class=\"contentswap-effect ContentSwap102\" hover-fx=\"ContentSwap102\" id=\"ContentSwap102\" is-hovered=\"1\" >\n<div class=\"ContentSwap102_content initial-image\" ><img decoding=\"async\" class=\"image13\" data-size=\"800x800\" src=\"https:\/\/spanishcastlemoviemagic.com\/es\/wp-content\/uploads\/sites\/3\/2019\/10\/cropped-avel-chuklanov-Hn3S90f6aak-unsplash-1.jpg\" > <\/div>\n<div class=\"overlay\" style=\"display: block; opacity: 1;\" ><\/div>\n<div class=\"swap-inner\" style=\"opacity: 1; display: block;\" >\n<div class=\"ContentSwap102-center\" > <a href=\"#\"  target=\"_self\" data-reiki-hidden=\"true\"><i data-cp-fa=\"true\" class=\"team-large-square-membericon fa fa-twitter color6\" ><\/i><\/a> <a href=\"#\"  target=\"_self\" data-reiki-hidden=\"true\"><i data-cp-fa=\"true\" class=\"team-large-square-membericon fa fa-linkedin color6\" ><\/i><\/a> <a href=\"#\"  target=\"_self\" data-reiki-hidden=\"true\"><i data-cp-fa=\"true\" class=\"team-large-square-membericon fa fa-dribbble color6\" ><\/i><\/a> <\/div>\n<\/p><\/div>\n<\/p><\/div>\n<div class=\"team-large-square-memberinfo\" data-type=\"column\" >\n<h3 class=\"team-large-square-membername\" >Cristina Middelmann Kiefe<\/h3>\n<\/p><\/div>\n<\/p><\/div>\n<\/p><\/div>\n<\/p><\/div>\n<\/p><\/div>\n<\/div>\n","protected":false},"excerpt":{"rendered":"<p>\u00bfPor qu\u00e9 ser patrocinador? Ayudar\u00e1s a un buen proyecto que pretende informar, entretener y conducir el turismo a sitios menos [&hellip;]<\/p>\n","protected":false},"author":1,"featured_media":0,"parent":0,"menu_order":0,"comment_status":"closed","ping_status":"closed","template":"full-width-page.php","meta":{"_uag_custom_page_level_css":"","site-sidebar-layout":"default","site-content-layout":"","ast-site-content-layout":"default","site-content-style":"default","site-sidebar-style":"default","ast-global-header-display":"","ast-banner-title-visibility":"","ast-main-header-display":"","ast-hfb-above-header-display":"","ast-hfb-below-header-display":"","ast-hfb-mobile-header-display":"","site-post-title":"","ast-breadcrumbs-content":"","ast-featured-img":"","footer-sml-layout":"","ast-disable-related-posts":"","theme-transparent-header-meta":"","adv-header-id-meta":"","stick-header-meta":"","header-above-stick-meta":"","header-main-stick-meta":"","header-below-stick-meta":"","astra-migrate-meta-layouts":"default","ast-page-background-enabled":"default","ast-page-background-meta":{"desktop":{"background-color":"var(--ast-global-color-5)","background-image":"","background-repeat":"repeat","background-position":"center center","background-size":"auto","background-attachment":"scroll","background-type":"","background-media":"","overlay-type":"","overlay-color":"","overlay-opacity":"","overlay-gradient":""},"tablet":{"background-color":"","background-image":"","background-repeat":"repeat","background-position":"center center","background-size":"auto","background-attachment":"scroll","background-type":"","background-media":"","overlay-type":"","overlay-color":"","overlay-opacity":"","overlay-gradient":""},"mobile":{"background-color":"","background-image":"","background-repeat":"repeat","background-position":"center center","background-size":"auto","background-attachment":"scroll","background-type":"","background-media":"","overlay-type":"","overlay-color":"","overlay-opacity":"","overlay-gradient":""}},"ast-content-background-meta":{"desktop":{"background-color":"var(--ast-global-color-4)","background-image":"","background-repeat":"repeat","background-position":"center center","background-size":"auto","background-attachment":"scroll","background-type":"","background-media":"","overlay-type":"","overlay-color":"","overlay-opacity":"","overlay-gradient":""},"tablet":{"background-color":"var(--ast-global-color-4)","background-image":"","background-repeat":"repeat","background-position":"center center","background-size":"auto","background-attachment":"scroll","background-type":"","background-media":"","overlay-type":"","overlay-color":"","overlay-opacity":"","overlay-gradient":""},"mobile":{"background-color":"var(--ast-global-color-4)","background-image":"","background-repeat":"repeat","background-position":"center center","background-size":"auto","background-attachment":"scroll","background-type":"","background-media":"","overlay-type":"","overlay-color":"","overlay-opacity":"","overlay-gradient":""}},"footnotes":""},"class_list":["post-3487","page","type-page","status-publish","hentry"],"featured_image_src":null,"featured_image_src_square":null,"uagb_featured_image_src":{"full":false,"thumbnail":false,"medium":false,"medium_large":false,"large":false,"1536x1536":false,"2048x2048":false,"ab-block-post-grid-landscape":false,"ab-block-post-grid-square":false},"uagb_author_info":{"display_name":"admin","author_link":"https:\/\/spanishcastlemoviemagic.com\/es\/blog\/author\/cas-eggermontme-com\/"},"uagb_comment_info":0,"uagb_excerpt":"\u00bfPor qu\u00e9 ser patrocinador? Ayudar\u00e1s a un buen proyecto que pretende informar, entretener y conducir el turismo a sitios menos [&hellip;]","_links":{"self":[{"href":"https:\/\/spanishcastlemoviemagic.com\/es\/wp-json\/wp\/v2\/pages\/3487","targetHints":{"allow":["GET"]}}],"collection":[{"href":"https:\/\/spanishcastlemoviemagic.com\/es\/wp-json\/wp\/v2\/pages"}],"about":[{"href":"https:\/\/spanishcastlemoviemagic.com\/es\/wp-json\/wp\/v2\/types\/page"}],"author":[{"embeddable":true,"href":"https:\/\/spanishcastlemoviemagic.com\/es\/wp-json\/wp\/v2\/users\/1"}],"replies":[{"embeddable":true,"href":"https:\/\/spanishcastlemoviemagic.com\/es\/wp-json\/wp\/v2\/comments?post=3487"}],"version-history":[{"count":70,"href":"https:\/\/spanishcastlemoviemagic.com\/es\/wp-json\/wp\/v2\/pages\/3487\/revisions"}],"predecessor-version":[{"id":4565,"href":"https:\/\/spanishcastlemoviemagic.com\/es\/wp-json\/wp\/v2\/pages\/3487\/revisions\/4565"}],"wp:attachment":[{"href":"https:\/\/spanishcastlemoviemagic.com\/es\/wp-json\/wp\/v2\/media?parent=3487"}],"curies":[{"name":"wp","href":"https:\/\/api.w.org\/{rel}","templated":true}]}}