{"id":3481,"date":"2019-09-23T09:09:05","date_gmt":"2019-09-23T09:09:05","guid":{"rendered":"https:\/\/spanishcastlemoviemagic.com\/es\/?page_id=3481"},"modified":"2019-12-31T11:07:18","modified_gmt":"2019-12-31T11:07:18","slug":"noticias","status":"publish","type":"page","link":"https:\/\/spanishcastlemoviemagic.com\/es\/noticias\/","title":{"rendered":"Noticias"},"content":{"rendered":"<div id=\"latest-posts\" class=\"blog-section\" style=\"background-color: #ffffff\" data-label=\"Latest posts\" data-id=\"blog-section\" data-category=\"latest_news\">\n<div class=\"gridContainer\">\n<div class=\"blog-textrow\">\n<div class=\"blog-textcol dynamic-color\" data-type=\"column\">\n<h2 class=\"\">Noticias<\/h2>\n<p class=\"\">Noticias<\/p>\n<div><span style=\"font-family: Calibri\">Lluis Benejam, nuestro patrocinador informa que en su p\u00e1gina web puede visitar una nueva secci\u00f3n <b>&#8220;Holocausto nazi en el cine&#8221;<\/b>, en la cual hay una relaci\u00f3n de pel\u00edculas donde, a trav\u00e9s del cine, se muestra la persecuci\u00f3n y el asesinato sistem\u00e1tico, \u00a0burocr\u00e1ticamente organizado y auspiciado por el estado de seis millones de personas por parte del r\u00e9gimen nazi y sus colaboradores.\u00a0<\/span><\/div>\n<div><\/div>\n<div><span style=\"color: #0002ed;font-family: Calibri\"><a href=\"https:\/\/www.archivocine.com\/index.php\/extras\/holocausto-nazi-en-el-cine\" target=\"_blank\" rel=\"noopener noreferrer\" data-saferedirecturl=\"https:\/\/www.google.com\/url?q=https:\/\/www.archivocine.com\/index.php\/extras\/holocausto-nazi-en-el-cine&amp;source=gmail&amp;ust=1577874059279000&amp;usg=AFQjCNEpk7kiNO7Abi6Bolpb8VhoaZKPLw\">https:\/\/www.archivocine.com\/index.php\/extras\/holocausto-nazi-en-el-cine<\/a><\/span><\/div>\n<div><\/div>\n<\/div>\n<\/div>\n<div class=\"blog-postsrow dark-text\" data-type=\"row\" data-dynamic-columns=\"one_page_express_latest_news_columns\" data-content-shortcode=\"one_page_express_latest_news\">[one_page_express_latest_news]<\/div>\n<div class=\"blog-textcol\"><a class=\"button blue\" href=\"[one_page_express_blog_link]\" data-attr-shortcode=\"href:one_page_express_blog_link\">SEE ALL BLOG POSTS<\/a><\/div>\n<\/div>\n<\/div>\n","protected":false},"excerpt":{"rendered":"<p>Noticias Noticias Lluis Benejam, nuestro patrocinador informa que en su p\u00e1gina web puede visitar una nueva secci\u00f3n &#8220;Holocausto nazi en [&hellip;]<\/p>\n","protected":false},"author":1,"featured_media":0,"parent":0,"menu_order":0,"comment_status":"closed","ping_status":"closed","template":"full-width-page.php","meta":{"_uag_custom_page_level_css":"","site-sidebar-layout":"default","site-content-layout":"","ast-site-content-layout":"default","site-content-style":"default","site-sidebar-style":"default","ast-global-header-display":"","ast-banner-title-visibility":"","ast-main-header-display":"","ast-hfb-above-header-display":"","ast-hfb-below-header-display":"","ast-hfb-mobile-header-display":"","site-post-title":"","ast-breadcrumbs-content":"","ast-featured-img":"","footer-sml-layout":"","ast-disable-related-posts":"","theme-transparent-header-meta":"","adv-header-id-meta":"","stick-header-meta":"","header-above-stick-meta":"","header-main-stick-meta":"","header-below-stick-meta":"","astra-migrate-meta-layouts":"default","ast-page-background-enabled":"default","ast-page-background-meta":{"desktop":{"background-color":"var(--ast-global-color-5)","background-image":"","background-repeat":"repeat","background-position":"center center","background-size":"auto","background-attachment":"scroll","background-type":"","background-media":"","overlay-type":"","overlay-color":"","overlay-opacity":"","overlay-gradient":""},"tablet":{"background-color":"","background-image":"","background-repeat":"repeat","background-position":"center center","background-size":"auto","background-attachment":"scroll","background-type":"","background-media":"","overlay-type":"","overlay-color":"","overlay-opacity":"","overlay-gradient":""},"mobile":{"background-color":"","background-image":"","background-repeat":"repeat","background-position":"center center","background-size":"auto","background-attachment":"scroll","background-type":"","background-media":"","overlay-type":"","overlay-color":"","overlay-opacity":"","overlay-gradient":""}},"ast-content-background-meta":{"desktop":{"background-color":"var(--ast-global-color-4)","background-image":"","background-repeat":"repeat","background-position":"center center","background-size":"auto","background-attachment":"scroll","background-type":"","background-media":"","overlay-type":"","overlay-color":"","overlay-opacity":"","overlay-gradient":""},"tablet":{"background-color":"var(--ast-global-color-4)","background-image":"","background-repeat":"repeat","background-position":"center center","background-size":"auto","background-attachment":"scroll","background-type":"","background-media":"","overlay-type":"","overlay-color":"","overlay-opacity":"","overlay-gradient":""},"mobile":{"background-color":"var(--ast-global-color-4)","background-image":"","background-repeat":"repeat","background-position":"center center","background-size":"auto","background-attachment":"scroll","background-type":"","background-media":"","overlay-type":"","overlay-color":"","overlay-opacity":"","overlay-gradient":""}},"footnotes":""},"class_list":["post-3481","page","type-page","status-publish","hentry"],"featured_image_src":null,"featured_image_src_square":null,"uagb_featured_image_src":{"full":false,"thumbnail":false,"medium":false,"medium_large":false,"large":false,"1536x1536":false,"2048x2048":false,"ab-block-post-grid-landscape":false,"ab-block-post-grid-square":false},"uagb_author_info":{"display_name":"admin","author_link":"https:\/\/spanishcastlemoviemagic.com\/es\/blog\/author\/cas-eggermontme-com\/"},"uagb_comment_info":0,"uagb_excerpt":"Noticias Noticias Lluis Benejam, nuestro patrocinador informa que en su p\u00e1gina web puede visitar una nueva secci\u00f3n &#8220;Holocausto nazi en [&hellip;]","_links":{"self":[{"href":"https:\/\/spanishcastlemoviemagic.com\/es\/wp-json\/wp\/v2\/pages\/3481","targetHints":{"allow":["GET"]}}],"collection":[{"href":"https:\/\/spanishcastlemoviemagic.com\/es\/wp-json\/wp\/v2\/pages"}],"about":[{"href":"https:\/\/spanishcastlemoviemagic.com\/es\/wp-json\/wp\/v2\/types\/page"}],"author":[{"embeddable":true,"href":"https:\/\/spanishcastlemoviemagic.com\/es\/wp-json\/wp\/v2\/users\/1"}],"replies":[{"embeddable":true,"href":"https:\/\/spanishcastlemoviemagic.com\/es\/wp-json\/wp\/v2\/comments?post=3481"}],"version-history":[{"count":5,"href":"https:\/\/spanishcastlemoviemagic.com\/es\/wp-json\/wp\/v2\/pages\/3481\/revisions"}],"predecessor-version":[{"id":4534,"href":"https:\/\/spanishcastlemoviemagic.com\/es\/wp-json\/wp\/v2\/pages\/3481\/revisions\/4534"}],"wp:attachment":[{"href":"https:\/\/spanishcastlemoviemagic.com\/es\/wp-json\/wp\/v2\/media?parent=3481"}],"curies":[{"name":"wp","href":"https:\/\/api.w.org\/{rel}","templated":true}]}}