{"id":3479,"date":"2019-09-23T09:08:47","date_gmt":"2019-09-23T09:08:47","guid":{"rendered":"https:\/\/spanishcastlemoviemagic.com\/es\/?page_id=3479"},"modified":"2021-05-31T13:16:32","modified_gmt":"2021-05-31T13:16:32","slug":"educacion","status":"publish","type":"page","link":"https:\/\/spanishcastlemoviemagic.com\/es\/educacion\/","title":{"rendered":"Educaci\u00f3n"},"content":{"rendered":"\n<p>Spanish Castle Movie Magic es m\u00e1s que un sitio web. Despu\u00e9s de muchas d\u00e9cadas trabajando en institutos y universidades espa\u00f1oles con profesores y alumnos, queremos ofrecer una actividad de audiovisual que ofrezca a los estudiantes algo de historia, geograf\u00eda, cine y, por supuesto, ingl\u00e9s.<\/p>\n\n\n\n<p>La actividad emplea Powerpoint y es apropiado para el nivel intermedio como m\u00ednimo.<\/p>\n\n\n\n<p>HOT NEWS!<\/p>\n\n\n\n<p>El 14 de Octubre a las 2.30 hablamos sobre el proyecto en Levante TV con Ximo Rovira, y Octubre 21 a las 12.30 lo explicamos junto con otros asuntos de  Screen Tourism a estudiantes de Turismo de la UPV de Gandia.<\/p>\n\n\n\n<p>El 4 de noviembre estuvimos en IES Les Alf\u00e0begues, B\u00e9tera  <\/p>\n\n\n\n<p>El 19 de Diciembre 2019 IES estuvimos en IES Federica Montseny Burjassot,   <\/p>\n\n\n\n<p>P\u00f3ngase en contacto con nosotros si desea experimentar la actividad en su escuela.<\/p>\n\n\n\n<p>bobyareham@gmail.com<\/p>\n\n\n\n<p>Estos Institutos ya nos han pedido la actividad:<\/p>\n\n\n\n<p>Los Olivos School (27 enero 2020)<\/p>\n\n\n\n<p><\/p>\n\n\n\n<p><\/p>\n\n\n<p><!--EndFragment--><\/p>\n<p><!--EndFragment--><\/p>","protected":false},"excerpt":{"rendered":"<p>Spanish Castle Movie Magic es m\u00e1s que un sitio web. Despu\u00e9s de muchas d\u00e9cadas trabajando en institutos y universidades espa\u00f1oles [&hellip;]<\/p>\n","protected":false},"author":1,"featured_media":0,"parent":0,"menu_order":0,"comment_status":"closed","ping_status":"closed","template":"","meta":{"_uag_custom_page_level_css":"","site-sidebar-layout":"default","site-content-layout":"","ast-site-content-layout":"default","site-content-style":"default","site-sidebar-style":"default","ast-global-header-display":"","ast-banner-title-visibility":"","ast-main-header-display":"","ast-hfb-above-header-display":"","ast-hfb-below-header-display":"","ast-hfb-mobile-header-display":"","site-post-title":"","ast-breadcrumbs-content":"","ast-featured-img":"","footer-sml-layout":"","ast-disable-related-posts":"","theme-transparent-header-meta":"","adv-header-id-meta":"","stick-header-meta":"","header-above-stick-meta":"","header-main-stick-meta":"","header-below-stick-meta":"","astra-migrate-meta-layouts":"default","ast-page-background-enabled":"default","ast-page-background-meta":{"desktop":{"background-color":"var(--ast-global-color-5)","background-image":"","background-repeat":"repeat","background-position":"center center","background-size":"auto","background-attachment":"scroll","background-type":"","background-media":"","overlay-type":"","overlay-color":"","overlay-opacity":"","overlay-gradient":""},"tablet":{"background-color":"","background-image":"","background-repeat":"repeat","background-position":"center center","background-size":"auto","background-attachment":"scroll","background-type":"","background-media":"","overlay-type":"","overlay-color":"","overlay-opacity":"","overlay-gradient":""},"mobile":{"background-color":"","background-image":"","background-repeat":"repeat","background-position":"center center","background-size":"auto","background-attachment":"scroll","background-type":"","background-media":"","overlay-type":"","overlay-color":"","overlay-opacity":"","overlay-gradient":""}},"ast-content-background-meta":{"desktop":{"background-color":"var(--ast-global-color-4)","background-image":"","background-repeat":"repeat","background-position":"center center","background-size":"auto","background-attachment":"scroll","background-type":"","background-media":"","overlay-type":"","overlay-color":"","overlay-opacity":"","overlay-gradient":""},"tablet":{"background-color":"var(--ast-global-color-4)","background-image":"","background-repeat":"repeat","background-position":"center center","background-size":"auto","background-attachment":"scroll","background-type":"","background-media":"","overlay-type":"","overlay-color":"","overlay-opacity":"","overlay-gradient":""},"mobile":{"background-color":"var(--ast-global-color-4)","background-image":"","background-repeat":"repeat","background-position":"center center","background-size":"auto","background-attachment":"scroll","background-type":"","background-media":"","overlay-type":"","overlay-color":"","overlay-opacity":"","overlay-gradient":""}},"footnotes":""},"class_list":["post-3479","page","type-page","status-publish","hentry"],"featured_image_src":null,"featured_image_src_square":null,"uagb_featured_image_src":{"full":false,"thumbnail":false,"medium":false,"medium_large":false,"large":false,"1536x1536":false,"2048x2048":false,"ab-block-post-grid-landscape":false,"ab-block-post-grid-square":false},"uagb_author_info":{"display_name":"admin","author_link":"https:\/\/spanishcastlemoviemagic.com\/es\/blog\/author\/cas-eggermontme-com\/"},"uagb_comment_info":0,"uagb_excerpt":"Spanish Castle Movie Magic es m\u00e1s que un sitio web. Despu\u00e9s de muchas d\u00e9cadas trabajando en institutos y universidades espa\u00f1oles [&hellip;]","_links":{"self":[{"href":"https:\/\/spanishcastlemoviemagic.com\/es\/wp-json\/wp\/v2\/pages\/3479","targetHints":{"allow":["GET"]}}],"collection":[{"href":"https:\/\/spanishcastlemoviemagic.com\/es\/wp-json\/wp\/v2\/pages"}],"about":[{"href":"https:\/\/spanishcastlemoviemagic.com\/es\/wp-json\/wp\/v2\/types\/page"}],"author":[{"embeddable":true,"href":"https:\/\/spanishcastlemoviemagic.com\/es\/wp-json\/wp\/v2\/users\/1"}],"replies":[{"embeddable":true,"href":"https:\/\/spanishcastlemoviemagic.com\/es\/wp-json\/wp\/v2\/comments?post=3479"}],"version-history":[{"count":14,"href":"https:\/\/spanishcastlemoviemagic.com\/es\/wp-json\/wp\/v2\/pages\/3479\/revisions"}],"predecessor-version":[{"id":4571,"href":"https:\/\/spanishcastlemoviemagic.com\/es\/wp-json\/wp\/v2\/pages\/3479\/revisions\/4571"}],"wp:attachment":[{"href":"https:\/\/spanishcastlemoviemagic.com\/es\/wp-json\/wp\/v2\/media?parent=3479"}],"curies":[{"name":"wp","href":"https:\/\/api.w.org\/{rel}","templated":true}]}}