{"id":3377,"date":"2019-09-20T17:50:29","date_gmt":"2019-09-20T17:50:29","guid":{"rendered":"https:\/\/spanishcastlemoviemagic.com\/es\/?page_id=3377"},"modified":"2019-09-22T11:22:45","modified_gmt":"2019-09-22T11:22:45","slug":"kingdom-of-heaven-2005-loarre","status":"publish","type":"page","link":"https:\/\/spanishcastlemoviemagic.com\/es\/kingdom-of-heaven-2005-loarre\/","title":{"rendered":"Kingdom of Heaven (2005)  Loarre"},"content":{"rendered":"<div  id=\"about-us-2\" class=\"about-image-section-pro\" style=\"background-color: #ffffff;\" data-label=\"About us\" data-id=\"about-image-section-pro\" data-category=\"about\">\n<div  class=\"gridContainer\">\n<div  class=\"row about-image-gridcol-pro\">\n<div  class=\"about-image-textcol-pro\" data-type=\"column\">\n<h2  class=\"\">Kingdom of Heaven<\/h2>\n<p  class=\"\">El director brit\u00e1nico Ridley Scott descubri\u00f3 el castillo de Loarre (Huesca) del siglo XII mientras buscaba lugares para filmar su \u20181492: The Conquest of Paraise\u2019.<br \/>\n<br >La escena que mostraba el castillo iba a ser originalmente rodada en Francia y se supone que es Francia en la historia, pero los castillos franceses disponibles no eran lo suficientemente aut\u00e9nticos como para representar a Francia, y Loarre se supone que es el castillo mejor conservado de la \u00e9poca en Europa.<\/p>\n<p>Este magn\u00edfico castillo se puede ver al principio y al final de la pel\u00edcula, debajo de la humilde morada del herrero de Orlando Bloom, con algunas chozas de barro a\u00fan m\u00e1s humildes a\u00f1adidas por el equipo de producci\u00f3n.<\/p>\n<p>Orlando Bloom calific\u00f3 el castillo de \u201cimpresionante\u201d, mientras que Liam Neeson, cuya participaci\u00f3n supuso su primer viaje a la Pen\u00ednsula Ib\u00e9rica, dijo que todo el pa\u00eds le parec\u00eda \u201calucinantemente bello\u201d.<\/p>\n<p><br >La pel\u00edcula, que trata de las Cruzadas y Jerusal\u00e9n, utiliza personajes reales de la historia, pero falsifica muchos hechos hist\u00f3ricos, hasta el punto de que deber\u00eda llevar una Advertencia de Salud Hist\u00f3rica.<\/p>\n<\/div>\n<div  class=\"\" data-type=\"column\"><\/div>\n<\/div>\n<\/div>\n<\/div>\n","protected":false},"excerpt":{"rendered":"<p>Kingdom of Heaven El director brit\u00e1nico Ridley Scott descubri\u00f3 el castillo de Loarre (Huesca) del siglo XII mientras buscaba lugares [&hellip;]<\/p>\n","protected":false},"author":1,"featured_media":652,"parent":0,"menu_order":0,"comment_status":"closed","ping_status":"closed","template":"full-width-page.php","meta":{"_uag_custom_page_level_css":"","site-sidebar-layout":"default","site-content-layout":"","ast-site-content-layout":"default","site-content-style":"default","site-sidebar-style":"default","ast-global-header-display":"","ast-banner-title-visibility":"","ast-main-header-display":"","ast-hfb-above-header-display":"","ast-hfb-below-header-display":"","ast-hfb-mobile-header-display":"","site-post-title":"","ast-breadcrumbs-content":"","ast-featured-img":"","footer-sml-layout":"","ast-disable-related-posts":"","theme-transparent-header-meta":"","adv-header-id-meta":"","stick-header-meta":"","header-above-stick-meta":"","header-main-stick-meta":"","header-below-stick-meta":"","astra-migrate-meta-layouts":"default","ast-page-background-enabled":"default","ast-page-background-meta":{"desktop":{"background-color":"var(--ast-global-color-5)","background-image":"","background-repeat":"repeat","background-position":"center center","background-size":"auto","background-attachment":"scroll","background-type":"","background-media":"","overlay-type":"","overlay-color":"","overlay-opacity":"","overlay-gradient":""},"tablet":{"background-color":"","background-image":"","background-repeat":"repeat","background-position":"center center","background-size":"auto","background-attachment":"scroll","background-type":"","background-media":"","overlay-type":"","overlay-color":"","overlay-opacity":"","overlay-gradient":""},"mobile":{"background-color":"","background-image":"","background-repeat":"repeat","background-position":"center center","background-size":"auto","background-attachment":"scroll","background-type":"","background-media":"","overlay-type":"","overlay-color":"","overlay-opacity":"","overlay-gradient":""}},"ast-content-background-meta":{"desktop":{"background-color":"var(--ast-global-color-4)","background-image":"","background-repeat":"repeat","background-position":"center center","background-size":"auto","background-attachment":"scroll","background-type":"","background-media":"","overlay-type":"","overlay-color":"","overlay-opacity":"","overlay-gradient":""},"tablet":{"background-color":"var(--ast-global-color-4)","background-image":"","background-repeat":"repeat","background-position":"center center","background-size":"auto","background-attachment":"scroll","background-type":"","background-media":"","overlay-type":"","overlay-color":"","overlay-opacity":"","overlay-gradient":""},"mobile":{"background-color":"var(--ast-global-color-4)","background-image":"","background-repeat":"repeat","background-position":"center center","background-size":"auto","background-attachment":"scroll","background-type":"","background-media":"","overlay-type":"","overlay-color":"","overlay-opacity":"","overlay-gradient":""}},"footnotes":""},"class_list":["post-3377","page","type-page","status-publish","has-post-thumbnail","hentry"],"featured_image_src":"https:\/\/spanishcastlemoviemagic.com\/es\/wp-content\/uploads\/sites\/3\/2019\/09\/Loarre-Huesca-S.jpg","featured_image_src_square":"https:\/\/spanishcastlemoviemagic.com\/es\/wp-content\/uploads\/sites\/3\/2019\/09\/Loarre-Huesca-S.jpg","uagb_featured_image_src":{"full":["https:\/\/spanishcastlemoviemagic.com\/es\/wp-content\/uploads\/sites\/3\/2019\/09\/Loarre-Huesca-S.jpg",2000,1268,false],"thumbnail":["https:\/\/spanishcastlemoviemagic.com\/es\/wp-content\/uploads\/sites\/3\/2019\/09\/Loarre-Huesca-S-150x150.jpg",150,150,true],"medium":["https:\/\/spanishcastlemoviemagic.com\/es\/wp-content\/uploads\/sites\/3\/2019\/09\/Loarre-Huesca-S-300x190.jpg",300,190,true],"medium_large":["https:\/\/spanishcastlemoviemagic.com\/es\/wp-content\/uploads\/sites\/3\/2019\/09\/Loarre-Huesca-S-768x487.jpg",768,487,true],"large":["https:\/\/spanishcastlemoviemagic.com\/es\/wp-content\/uploads\/sites\/3\/2019\/09\/Loarre-Huesca-S-1024x649.jpg",1024,649,true],"1536x1536":["https:\/\/spanishcastlemoviemagic.com\/es\/wp-content\/uploads\/sites\/3\/2019\/09\/Loarre-Huesca-S.jpg",1536,974,false],"2048x2048":["https:\/\/spanishcastlemoviemagic.com\/es\/wp-content\/uploads\/sites\/3\/2019\/09\/Loarre-Huesca-S.jpg",2000,1268,false],"ab-block-post-grid-landscape":["https:\/\/spanishcastlemoviemagic.com\/es\/wp-content\/uploads\/sites\/3\/2019\/09\/Loarre-Huesca-S.jpg",600,380,false],"ab-block-post-grid-square":["https:\/\/spanishcastlemoviemagic.com\/es\/wp-content\/uploads\/sites\/3\/2019\/09\/Loarre-Huesca-S.jpg",600,380,false]},"uagb_author_info":{"display_name":"admin","author_link":"https:\/\/spanishcastlemoviemagic.com\/es\/blog\/author\/cas-eggermontme-com\/"},"uagb_comment_info":0,"uagb_excerpt":"Kingdom of Heaven El director brit\u00e1nico Ridley Scott descubri\u00f3 el castillo de Loarre (Huesca) del siglo XII mientras buscaba lugares [&hellip;]","_links":{"self":[{"href":"https:\/\/spanishcastlemoviemagic.com\/es\/wp-json\/wp\/v2\/pages\/3377","targetHints":{"allow":["GET"]}}],"collection":[{"href":"https:\/\/spanishcastlemoviemagic.com\/es\/wp-json\/wp\/v2\/pages"}],"about":[{"href":"https:\/\/spanishcastlemoviemagic.com\/es\/wp-json\/wp\/v2\/types\/page"}],"author":[{"embeddable":true,"href":"https:\/\/spanishcastlemoviemagic.com\/es\/wp-json\/wp\/v2\/users\/1"}],"replies":[{"embeddable":true,"href":"https:\/\/spanishcastlemoviemagic.com\/es\/wp-json\/wp\/v2\/comments?post=3377"}],"version-history":[{"count":5,"href":"https:\/\/spanishcastlemoviemagic.com\/es\/wp-json\/wp\/v2\/pages\/3377\/revisions"}],"predecessor-version":[{"id":3438,"href":"https:\/\/spanishcastlemoviemagic.com\/es\/wp-json\/wp\/v2\/pages\/3377\/revisions\/3438"}],"wp:featuredmedia":[{"embeddable":true,"href":"https:\/\/spanishcastlemoviemagic.com\/es\/wp-json\/wp\/v2\/media\/652"}],"wp:attachment":[{"href":"https:\/\/spanishcastlemoviemagic.com\/es\/wp-json\/wp\/v2\/media?parent=3377"}],"curies":[{"name":"wp","href":"https:\/\/api.w.org\/{rel}","templated":true}]}}