{"id":3334,"date":"2019-09-20T16:10:20","date_gmt":"2019-09-20T16:10:20","guid":{"rendered":"https:\/\/spanishcastlemoviemagic.com\/es\/?page_id=3334"},"modified":"2019-09-24T09:44:09","modified_gmt":"2019-09-24T09:44:09","slug":"love-and-pain-and-the-whole-damn-thing-1973-pedraza","status":"publish","type":"page","link":"https:\/\/spanishcastlemoviemagic.com\/es\/love-and-pain-and-the-whole-damn-thing-1973-pedraza\/","title":{"rendered":"Love and Pain and the Whole Damn Thing (1973) Pedraza"},"content":{"rendered":"\n<p>Mientras\nMaggie Smith y Timothy Bottoms juguetean entre las monta\u00f1as del centro de\nEspa\u00f1a, ella tropieza y es llevada por un &#8216;Duque&#8217; espa\u00f1ol en su caballo (interpretado\npor un aut\u00e9ntico arist\u00f3crata espa\u00f1ol Don Jaime de Mora y Arag\u00f3n).<\/p>\n\n\n\n<p>La\nlleva a su castillo, al que llama el Castillo de Arag\u00f3n, y trata de seducirla\ncon algunos pasatiempos t\u00edpicos de la nobleza, como el de azotar a los globos.<\/p>\n\n\n\n<p>Desayunan\nen el interior del castillo, donde un sirviente aparece puntualmente de un\nagujero en la tierra cada vez que el duque toca el silbato, lo que demuestra\nque la calidad de la servidumbre est\u00e1 viva en Espa\u00f1a.<\/p>\n\n\n\n<p>El\ncastillo aparece varias veces antes y despu\u00e9s de la reuni\u00f3n con el Duque. <\/p>\n\n\n\n<p>Tim\ny Maggie deambulan por un mercado, situado en la plaza principal de Pedraza,\nque antes hab\u00eda sido utilizado como lugar diferente, la primera parada del\nautob\u00fas tur\u00edstico despu\u00e9s de subir en ello Bottoms, y \u00e9l le compra un vestido,\nque ella se pondr\u00e1 para visitar al Duque, provocando de nuevo la rabia de\nBottoms.<\/p>\n\n\n\n<p>Tras\nabandonar Pedraza, el castillo y el duque, ellos encuentran la resignaci\u00f3n\nentre las fuentes del palacio real de La Granja.<\/p>\n","protected":false},"excerpt":{"rendered":"<p>Mientras Maggie Smith y Timothy Bottoms juguetean entre las monta\u00f1as del centro de Espa\u00f1a, ella tropieza y es llevada por [&hellip;]<\/p>\n","protected":false},"author":1,"featured_media":1157,"parent":0,"menu_order":0,"comment_status":"closed","ping_status":"closed","template":"","meta":{"_uag_custom_page_level_css":"","site-sidebar-layout":"default","site-content-layout":"","ast-site-content-layout":"default","site-content-style":"default","site-sidebar-style":"default","ast-global-header-display":"","ast-banner-title-visibility":"","ast-main-header-display":"","ast-hfb-above-header-display":"","ast-hfb-below-header-display":"","ast-hfb-mobile-header-display":"","site-post-title":"","ast-breadcrumbs-content":"","ast-featured-img":"","footer-sml-layout":"","ast-disable-related-posts":"","theme-transparent-header-meta":"","adv-header-id-meta":"","stick-header-meta":"","header-above-stick-meta":"","header-main-stick-meta":"","header-below-stick-meta":"","astra-migrate-meta-layouts":"default","ast-page-background-enabled":"default","ast-page-background-meta":{"desktop":{"background-color":"var(--ast-global-color-5)","background-image":"","background-repeat":"repeat","background-position":"center center","background-size":"auto","background-attachment":"scroll","background-type":"","background-media":"","overlay-type":"","overlay-color":"","overlay-opacity":"","overlay-gradient":""},"tablet":{"background-color":"","background-image":"","background-repeat":"repeat","background-position":"center center","background-size":"auto","background-attachment":"scroll","background-type":"","background-media":"","overlay-type":"","overlay-color":"","overlay-opacity":"","overlay-gradient":""},"mobile":{"background-color":"","background-image":"","background-repeat":"repeat","background-position":"center center","background-size":"auto","background-attachment":"scroll","background-type":"","background-media":"","overlay-type":"","overlay-color":"","overlay-opacity":"","overlay-gradient":""}},"ast-content-background-meta":{"desktop":{"background-color":"var(--ast-global-color-4)","background-image":"","background-repeat":"repeat","background-position":"center center","background-size":"auto","background-attachment":"scroll","background-type":"","background-media":"","overlay-type":"","overlay-color":"","overlay-opacity":"","overlay-gradient":""},"tablet":{"background-color":"var(--ast-global-color-4)","background-image":"","background-repeat":"repeat","background-position":"center center","background-size":"auto","background-attachment":"scroll","background-type":"","background-media":"","overlay-type":"","overlay-color":"","overlay-opacity":"","overlay-gradient":""},"mobile":{"background-color":"var(--ast-global-color-4)","background-image":"","background-repeat":"repeat","background-position":"center center","background-size":"auto","background-attachment":"scroll","background-type":"","background-media":"","overlay-type":"","overlay-color":"","overlay-opacity":"","overlay-gradient":""}},"footnotes":""},"class_list":["post-3334","page","type-page","status-publish","has-post-thumbnail","hentry"],"featured_image_src":"https:\/\/spanishcastlemoviemagic.com\/es\/wp-content\/uploads\/sites\/3\/2019\/09\/Pedraza-Segovia-s.jpg","featured_image_src_square":"https:\/\/spanishcastlemoviemagic.com\/es\/wp-content\/uploads\/sites\/3\/2019\/09\/Pedraza-Segovia-s.jpg","uagb_featured_image_src":{"full":["https:\/\/spanishcastlemoviemagic.com\/es\/wp-content\/uploads\/sites\/3\/2019\/09\/Pedraza-Segovia-s.jpg",3500,1783,false],"thumbnail":["https:\/\/spanishcastlemoviemagic.com\/es\/wp-content\/uploads\/sites\/3\/2019\/09\/Pedraza-Segovia-s-150x150.jpg",150,150,true],"medium":["https:\/\/spanishcastlemoviemagic.com\/es\/wp-content\/uploads\/sites\/3\/2019\/09\/Pedraza-Segovia-s-300x153.jpg",300,153,true],"medium_large":["https:\/\/spanishcastlemoviemagic.com\/es\/wp-content\/uploads\/sites\/3\/2019\/09\/Pedraza-Segovia-s-768x391.jpg",768,391,true],"large":["https:\/\/spanishcastlemoviemagic.com\/es\/wp-content\/uploads\/sites\/3\/2019\/09\/Pedraza-Segovia-s-1024x522.jpg",1024,522,true],"1536x1536":["https:\/\/spanishcastlemoviemagic.com\/es\/wp-content\/uploads\/sites\/3\/2019\/09\/Pedraza-Segovia-s.jpg",1536,782,false],"2048x2048":["https:\/\/spanishcastlemoviemagic.com\/es\/wp-content\/uploads\/sites\/3\/2019\/09\/Pedraza-Segovia-s.jpg",2048,1043,false],"ab-block-post-grid-landscape":["https:\/\/spanishcastlemoviemagic.com\/es\/wp-content\/uploads\/sites\/3\/2019\/09\/Pedraza-Segovia-s.jpg",600,306,false],"ab-block-post-grid-square":["https:\/\/spanishcastlemoviemagic.com\/es\/wp-content\/uploads\/sites\/3\/2019\/09\/Pedraza-Segovia-s.jpg",600,306,false]},"uagb_author_info":{"display_name":"admin","author_link":"https:\/\/spanishcastlemoviemagic.com\/es\/blog\/author\/cas-eggermontme-com\/"},"uagb_comment_info":0,"uagb_excerpt":"Mientras Maggie Smith y Timothy Bottoms juguetean entre las monta\u00f1as del centro de Espa\u00f1a, ella tropieza y es llevada por [&hellip;]","_links":{"self":[{"href":"https:\/\/spanishcastlemoviemagic.com\/es\/wp-json\/wp\/v2\/pages\/3334","targetHints":{"allow":["GET"]}}],"collection":[{"href":"https:\/\/spanishcastlemoviemagic.com\/es\/wp-json\/wp\/v2\/pages"}],"about":[{"href":"https:\/\/spanishcastlemoviemagic.com\/es\/wp-json\/wp\/v2\/types\/page"}],"author":[{"embeddable":true,"href":"https:\/\/spanishcastlemoviemagic.com\/es\/wp-json\/wp\/v2\/users\/1"}],"replies":[{"embeddable":true,"href":"https:\/\/spanishcastlemoviemagic.com\/es\/wp-json\/wp\/v2\/comments?post=3334"}],"version-history":[{"count":2,"href":"https:\/\/spanishcastlemoviemagic.com\/es\/wp-json\/wp\/v2\/pages\/3334\/revisions"}],"predecessor-version":[{"id":4009,"href":"https:\/\/spanishcastlemoviemagic.com\/es\/wp-json\/wp\/v2\/pages\/3334\/revisions\/4009"}],"wp:featuredmedia":[{"embeddable":true,"href":"https:\/\/spanishcastlemoviemagic.com\/es\/wp-json\/wp\/v2\/media\/1157"}],"wp:attachment":[{"href":"https:\/\/spanishcastlemoviemagic.com\/es\/wp-json\/wp\/v2\/media?parent=3334"}],"curies":[{"name":"wp","href":"https:\/\/api.w.org\/{rel}","templated":true}]}}