{"id":3312,"date":"2019-09-20T15:49:04","date_gmt":"2019-09-20T15:49:04","guid":{"rendered":"https:\/\/spanishcastlemoviemagic.com\/es\/?page_id=3312"},"modified":"2019-09-24T09:45:55","modified_gmt":"2019-09-24T09:45:55","slug":"the-black-knight-1954-alcazar","status":"publish","type":"page","link":"https:\/\/spanishcastlemoviemagic.com\/es\/the-black-knight-1954-alcazar\/","title":{"rendered":"The Black Knight (1954) Alcazar"},"content":{"rendered":"\n<p>Alan\nLadd es un herrero medieval en la \u00e9poca del rey Arturo, donde cumple el sue\u00f1o\namericano de conseguir estatus y riqueza matando a gente (noblemente, por\nsupuesto). <\/p>\n\n\n\n<p>Muchos\nhan vinculado la ideolog\u00eda de la pel\u00edcula con el McCarthyism que prevalec\u00eda en\nla \u00e9poca, especialmente la traici\u00f3n desde dentro, que trabaja a favor de las\npotencias extranjeras. La autenticidad hist\u00f3rica es un reto incluso para un\nestudiante de EGB, ya que los sarracenos, los c\u00f3rnicos y los vikingos compiten\npor invadir la Inglaterra de Arturo y empalarse sobre la espada de Ladd.<\/p>\n\n\n\n<p>No\ncontentos con mostrar algunos de los mejores castillos de Espa\u00f1a, los\nproductores hicieron lo que s\u00f3lo Hollywood har\u00eda, fusionando los muros de \u00c1vila\ncon el castillo del Alc\u00e1zar de Segovia, para hacer un s\u00faper castillo estilo &#8216;Disney&#8217;,\nque es Camelot en la pel\u00edcula.<\/p>\n","protected":false},"excerpt":{"rendered":"<p>Alan Ladd es un herrero medieval en la \u00e9poca del rey Arturo, donde cumple el sue\u00f1o americano de conseguir estatus [&hellip;]<\/p>\n","protected":false},"author":1,"featured_media":1154,"parent":0,"menu_order":0,"comment_status":"closed","ping_status":"closed","template":"","meta":{"_uag_custom_page_level_css":"","site-sidebar-layout":"default","site-content-layout":"","ast-site-content-layout":"default","site-content-style":"default","site-sidebar-style":"default","ast-global-header-display":"","ast-banner-title-visibility":"","ast-main-header-display":"","ast-hfb-above-header-display":"","ast-hfb-below-header-display":"","ast-hfb-mobile-header-display":"","site-post-title":"","ast-breadcrumbs-content":"","ast-featured-img":"","footer-sml-layout":"","ast-disable-related-posts":"","theme-transparent-header-meta":"","adv-header-id-meta":"","stick-header-meta":"","header-above-stick-meta":"","header-main-stick-meta":"","header-below-stick-meta":"","astra-migrate-meta-layouts":"default","ast-page-background-enabled":"default","ast-page-background-meta":{"desktop":{"background-color":"var(--ast-global-color-5)","background-image":"","background-repeat":"repeat","background-position":"center center","background-size":"auto","background-attachment":"scroll","background-type":"","background-media":"","overlay-type":"","overlay-color":"","overlay-opacity":"","overlay-gradient":""},"tablet":{"background-color":"","background-image":"","background-repeat":"repeat","background-position":"center center","background-size":"auto","background-attachment":"scroll","background-type":"","background-media":"","overlay-type":"","overlay-color":"","overlay-opacity":"","overlay-gradient":""},"mobile":{"background-color":"","background-image":"","background-repeat":"repeat","background-position":"center center","background-size":"auto","background-attachment":"scroll","background-type":"","background-media":"","overlay-type":"","overlay-color":"","overlay-opacity":"","overlay-gradient":""}},"ast-content-background-meta":{"desktop":{"background-color":"var(--ast-global-color-4)","background-image":"","background-repeat":"repeat","background-position":"center center","background-size":"auto","background-attachment":"scroll","background-type":"","background-media":"","overlay-type":"","overlay-color":"","overlay-opacity":"","overlay-gradient":""},"tablet":{"background-color":"var(--ast-global-color-4)","background-image":"","background-repeat":"repeat","background-position":"center center","background-size":"auto","background-attachment":"scroll","background-type":"","background-media":"","overlay-type":"","overlay-color":"","overlay-opacity":"","overlay-gradient":""},"mobile":{"background-color":"var(--ast-global-color-4)","background-image":"","background-repeat":"repeat","background-position":"center center","background-size":"auto","background-attachment":"scroll","background-type":"","background-media":"","overlay-type":"","overlay-color":"","overlay-opacity":"","overlay-gradient":""}},"footnotes":""},"class_list":["post-3312","page","type-page","status-publish","has-post-thumbnail","hentry"],"featured_image_src":"https:\/\/spanishcastlemoviemagic.com\/es\/wp-content\/uploads\/sites\/3\/2019\/09\/alcazar-segovia-s.jpg","featured_image_src_square":"https:\/\/spanishcastlemoviemagic.com\/es\/wp-content\/uploads\/sites\/3\/2019\/09\/alcazar-segovia-s.jpg","uagb_featured_image_src":{"full":["https:\/\/spanishcastlemoviemagic.com\/es\/wp-content\/uploads\/sites\/3\/2019\/09\/alcazar-segovia-s.jpg",2500,1875,false],"thumbnail":["https:\/\/spanishcastlemoviemagic.com\/es\/wp-content\/uploads\/sites\/3\/2019\/09\/alcazar-segovia-s-150x150.jpg",150,150,true],"medium":["https:\/\/spanishcastlemoviemagic.com\/es\/wp-content\/uploads\/sites\/3\/2019\/09\/alcazar-segovia-s-300x225.jpg",300,225,true],"medium_large":["https:\/\/spanishcastlemoviemagic.com\/es\/wp-content\/uploads\/sites\/3\/2019\/09\/alcazar-segovia-s-768x576.jpg",768,576,true],"large":["https:\/\/spanishcastlemoviemagic.com\/es\/wp-content\/uploads\/sites\/3\/2019\/09\/alcazar-segovia-s-1024x768.jpg",1024,768,true],"1536x1536":["https:\/\/spanishcastlemoviemagic.com\/es\/wp-content\/uploads\/sites\/3\/2019\/09\/alcazar-segovia-s.jpg",1536,1152,false],"2048x2048":["https:\/\/spanishcastlemoviemagic.com\/es\/wp-content\/uploads\/sites\/3\/2019\/09\/alcazar-segovia-s.jpg",2048,1536,false],"ab-block-post-grid-landscape":["https:\/\/spanishcastlemoviemagic.com\/es\/wp-content\/uploads\/sites\/3\/2019\/09\/alcazar-segovia-s.jpg",533,400,false],"ab-block-post-grid-square":["https:\/\/spanishcastlemoviemagic.com\/es\/wp-content\/uploads\/sites\/3\/2019\/09\/alcazar-segovia-s.jpg",600,450,false]},"uagb_author_info":{"display_name":"admin","author_link":"https:\/\/spanishcastlemoviemagic.com\/es\/blog\/author\/cas-eggermontme-com\/"},"uagb_comment_info":0,"uagb_excerpt":"Alan Ladd es un herrero medieval en la \u00e9poca del rey Arturo, donde cumple el sue\u00f1o americano de conseguir estatus [&hellip;]","_links":{"self":[{"href":"https:\/\/spanishcastlemoviemagic.com\/es\/wp-json\/wp\/v2\/pages\/3312","targetHints":{"allow":["GET"]}}],"collection":[{"href":"https:\/\/spanishcastlemoviemagic.com\/es\/wp-json\/wp\/v2\/pages"}],"about":[{"href":"https:\/\/spanishcastlemoviemagic.com\/es\/wp-json\/wp\/v2\/types\/page"}],"author":[{"embeddable":true,"href":"https:\/\/spanishcastlemoviemagic.com\/es\/wp-json\/wp\/v2\/users\/1"}],"replies":[{"embeddable":true,"href":"https:\/\/spanishcastlemoviemagic.com\/es\/wp-json\/wp\/v2\/comments?post=3312"}],"version-history":[{"count":2,"href":"https:\/\/spanishcastlemoviemagic.com\/es\/wp-json\/wp\/v2\/pages\/3312\/revisions"}],"predecessor-version":[{"id":4014,"href":"https:\/\/spanishcastlemoviemagic.com\/es\/wp-json\/wp\/v2\/pages\/3312\/revisions\/4014"}],"wp:featuredmedia":[{"embeddable":true,"href":"https:\/\/spanishcastlemoviemagic.com\/es\/wp-json\/wp\/v2\/media\/1154"}],"wp:attachment":[{"href":"https:\/\/spanishcastlemoviemagic.com\/es\/wp-json\/wp\/v2\/media?parent=3312"}],"curies":[{"name":"wp","href":"https:\/\/api.w.org\/{rel}","templated":true}]}}