{"id":3096,"date":"2019-09-19T13:02:59","date_gmt":"2019-09-19T13:02:59","guid":{"rendered":"https:\/\/spanishcastlemoviemagic.com\/es\/?page_id=3096"},"modified":"2021-05-31T13:16:32","modified_gmt":"2021-05-31T13:16:32","slug":"fathom-1967-mijas","status":"publish","type":"page","link":"https:\/\/spanishcastlemoviemagic.com\/es\/fathom-1967-mijas\/","title":{"rendered":"Fathom (1967) Mijas"},"content":{"rendered":"\n<p>Raquel\nWelch nos sorprende a todos con un bikini en esta fr\u00edvola pel\u00edcula rodada en\nlas playas malague\u00f1as de Torremolinos, Mijas, Nerja (donde Raquel es serenada\npor j\u00f3venes que tocan m\u00fasica flamenca) mientras desciende por la Cuesta de la\nCalahonda hacia Playa Calahonda. <\/p>\n\n\n\n<p>Paracaidistas,\nesp\u00edas y villanos chinos que roban bombas at\u00f3micas son el tel\u00f3n de fondo de la\nverdadera trama, que es el cuerpo de Raquel.<\/p>\n\n\n\n<p>\u00a1Y,\npor si no estabas seguro de que esto fuera filmado en Espa\u00f1a, Raquel es perseguida\ny derribada por un toro en una plaza de toros!<\/p>\n\n\n\n<p>Cuando\nRaquel montar a caballo con Anthony (\u00bfes el villano, es el h\u00e9roe?) Franciosa,\ndespu\u00e9s de tirar un cuerpo por un acantilado, \u00e9l la deja en Mijas, con el\ncastillo claramente visible justo a la izquierda de la aldea.<\/p>\n","protected":false},"excerpt":{"rendered":"<p>Raquel Welch nos sorprende a todos con un bikini en esta fr\u00edvola pel\u00edcula rodada en las playas malague\u00f1as de Torremolinos, [&hellip;]<\/p>\n","protected":false},"author":1,"featured_media":1588,"parent":0,"menu_order":0,"comment_status":"closed","ping_status":"closed","template":"","meta":{"_uag_custom_page_level_css":"","site-sidebar-layout":"default","site-content-layout":"","ast-site-content-layout":"default","site-content-style":"default","site-sidebar-style":"default","ast-global-header-display":"","ast-banner-title-visibility":"","ast-main-header-display":"","ast-hfb-above-header-display":"","ast-hfb-below-header-display":"","ast-hfb-mobile-header-display":"","site-post-title":"","ast-breadcrumbs-content":"","ast-featured-img":"","footer-sml-layout":"","ast-disable-related-posts":"","theme-transparent-header-meta":"","adv-header-id-meta":"","stick-header-meta":"","header-above-stick-meta":"","header-main-stick-meta":"","header-below-stick-meta":"","astra-migrate-meta-layouts":"default","ast-page-background-enabled":"default","ast-page-background-meta":{"desktop":{"background-color":"var(--ast-global-color-5)","background-image":"","background-repeat":"repeat","background-position":"center center","background-size":"auto","background-attachment":"scroll","background-type":"","background-media":"","overlay-type":"","overlay-color":"","overlay-opacity":"","overlay-gradient":""},"tablet":{"background-color":"","background-image":"","background-repeat":"repeat","background-position":"center center","background-size":"auto","background-attachment":"scroll","background-type":"","background-media":"","overlay-type":"","overlay-color":"","overlay-opacity":"","overlay-gradient":""},"mobile":{"background-color":"","background-image":"","background-repeat":"repeat","background-position":"center center","background-size":"auto","background-attachment":"scroll","background-type":"","background-media":"","overlay-type":"","overlay-color":"","overlay-opacity":"","overlay-gradient":""}},"ast-content-background-meta":{"desktop":{"background-color":"var(--ast-global-color-4)","background-image":"","background-repeat":"repeat","background-position":"center center","background-size":"auto","background-attachment":"scroll","background-type":"","background-media":"","overlay-type":"","overlay-color":"","overlay-opacity":"","overlay-gradient":""},"tablet":{"background-color":"var(--ast-global-color-4)","background-image":"","background-repeat":"repeat","background-position":"center center","background-size":"auto","background-attachment":"scroll","background-type":"","background-media":"","overlay-type":"","overlay-color":"","overlay-opacity":"","overlay-gradient":""},"mobile":{"background-color":"var(--ast-global-color-4)","background-image":"","background-repeat":"repeat","background-position":"center center","background-size":"auto","background-attachment":"scroll","background-type":"","background-media":"","overlay-type":"","overlay-color":"","overlay-opacity":"","overlay-gradient":""}},"footnotes":""},"class_list":["post-3096","page","type-page","status-publish","has-post-thumbnail","hentry"],"featured_image_src":"https:\/\/spanishcastlemoviemagic.com\/es\/wp-content\/uploads\/sites\/3\/2019\/09\/Mijas-Malaga-Guns-at-Darkness-s-1.jpg","featured_image_src_square":"https:\/\/spanishcastlemoviemagic.com\/es\/wp-content\/uploads\/sites\/3\/2019\/09\/Mijas-Malaga-Guns-at-Darkness-s-1.jpg","uagb_featured_image_src":{"full":["https:\/\/spanishcastlemoviemagic.com\/es\/wp-content\/uploads\/sites\/3\/2019\/09\/Mijas-Malaga-Guns-at-Darkness-s-1.jpg",2000,1500,false],"thumbnail":["https:\/\/spanishcastlemoviemagic.com\/es\/wp-content\/uploads\/sites\/3\/2019\/09\/Mijas-Malaga-Guns-at-Darkness-s-1-150x150.jpg",150,150,true],"medium":["https:\/\/spanishcastlemoviemagic.com\/es\/wp-content\/uploads\/sites\/3\/2019\/09\/Mijas-Malaga-Guns-at-Darkness-s-1-300x225.jpg",300,225,true],"medium_large":["https:\/\/spanishcastlemoviemagic.com\/es\/wp-content\/uploads\/sites\/3\/2019\/09\/Mijas-Malaga-Guns-at-Darkness-s-1-768x576.jpg",768,576,true],"large":["https:\/\/spanishcastlemoviemagic.com\/es\/wp-content\/uploads\/sites\/3\/2019\/09\/Mijas-Malaga-Guns-at-Darkness-s-1-1024x768.jpg",1024,768,true],"1536x1536":["https:\/\/spanishcastlemoviemagic.com\/es\/wp-content\/uploads\/sites\/3\/2019\/09\/Mijas-Malaga-Guns-at-Darkness-s-1.jpg",1536,1152,false],"2048x2048":["https:\/\/spanishcastlemoviemagic.com\/es\/wp-content\/uploads\/sites\/3\/2019\/09\/Mijas-Malaga-Guns-at-Darkness-s-1.jpg",2000,1500,false],"ab-block-post-grid-landscape":["https:\/\/spanishcastlemoviemagic.com\/es\/wp-content\/uploads\/sites\/3\/2019\/09\/Mijas-Malaga-Guns-at-Darkness-s-1.jpg",533,400,false],"ab-block-post-grid-square":["https:\/\/spanishcastlemoviemagic.com\/es\/wp-content\/uploads\/sites\/3\/2019\/09\/Mijas-Malaga-Guns-at-Darkness-s-1.jpg",600,450,false]},"uagb_author_info":{"display_name":"admin","author_link":"https:\/\/spanishcastlemoviemagic.com\/es\/blog\/author\/cas-eggermontme-com\/"},"uagb_comment_info":0,"uagb_excerpt":"Raquel Welch nos sorprende a todos con un bikini en esta fr\u00edvola pel\u00edcula rodada en las playas malague\u00f1as de Torremolinos, [&hellip;]","_links":{"self":[{"href":"https:\/\/spanishcastlemoviemagic.com\/es\/wp-json\/wp\/v2\/pages\/3096","targetHints":{"allow":["GET"]}}],"collection":[{"href":"https:\/\/spanishcastlemoviemagic.com\/es\/wp-json\/wp\/v2\/pages"}],"about":[{"href":"https:\/\/spanishcastlemoviemagic.com\/es\/wp-json\/wp\/v2\/types\/page"}],"author":[{"embeddable":true,"href":"https:\/\/spanishcastlemoviemagic.com\/es\/wp-json\/wp\/v2\/users\/1"}],"replies":[{"embeddable":true,"href":"https:\/\/spanishcastlemoviemagic.com\/es\/wp-json\/wp\/v2\/comments?post=3096"}],"version-history":[{"count":1,"href":"https:\/\/spanishcastlemoviemagic.com\/es\/wp-json\/wp\/v2\/pages\/3096\/revisions"}],"predecessor-version":[{"id":4065,"href":"https:\/\/spanishcastlemoviemagic.com\/es\/wp-json\/wp\/v2\/pages\/3096\/revisions\/4065"}],"wp:featuredmedia":[{"embeddable":true,"href":"https:\/\/spanishcastlemoviemagic.com\/es\/wp-json\/wp\/v2\/media\/1588"}],"wp:attachment":[{"href":"https:\/\/spanishcastlemoviemagic.com\/es\/wp-json\/wp\/v2\/media?parent=3096"}],"curies":[{"name":"wp","href":"https:\/\/api.w.org\/{rel}","templated":true}]}}