{"id":2990,"date":"2019-09-17T11:49:51","date_gmt":"2019-09-17T11:49:51","guid":{"rendered":"https:\/\/spanishcastlemoviemagic.com\/es\/?page_id=2990"},"modified":"2019-11-01T08:19:24","modified_gmt":"2019-11-01T08:19:24","slug":"rm-pedraza","status":"publish","type":"page","link":"https:\/\/spanishcastlemoviemagic.com\/es\/rm-pedraza\/","title":{"rendered":"RM Pedraza"},"content":{"rendered":"<div id=\"about-us-2\" class=\"about-image-section-pro\" style=\"background-color: #ffffff\" data-label=\"About us\" data-id=\"about-image-section-pro\" data-category=\"about\">\n<div class=\"gridContainer\">\n<div class=\"row about-image-gridcol-pro\">\n<div class=\"about-image-textcol-pro\" data-type=\"column\">\n<p class=\"\">Se cree que el castillo original fue la cuna del emperador romano Trajano y la prisi\u00f3n de dos rehenes, los hijos del rey franc\u00e9s Francisco I.<\/p>\n<p>Don Sancho, se\u00f1or del castillo, se fue a luchar en la batalla de las Navas de Tolosa un buen d\u00eda de 1212. A su regreso se dio cuenta de que su esposa, Elvira, no parec\u00eda muy contenta de verle. Descubri\u00f3 que ella hab\u00eda reavivado una vieja llama con su confesor Roberto.<\/p>\n<p>Don Sancho organiz\u00f3 una cena en la que coloc\u00f3 en la cabeza de Roberto una corona de hierro especialmente trabajada, hiri\u00e9ndolo de muerte. Elvira corri\u00f3 a buscar su daga y se suicid\u00f3 mientras su marido se alejaba, para no volver a ser vista mientras el castillo ard\u00eda.<\/p>\n<p>Hoy se dice que en las almenas se pueden ver dos figuras luminosas juntas; probablemente Sancho no sea una de ellas.<\/p>\n<p class=\"\">\n<p>Cada a\u00f1o se celebra un festival en el castillo y sus alrededores llamado &#8216;La Noche de las Velas&#8217;, y en \u00e9l se han realizado varias series y pel\u00edculas espa\u00f1olas, como &#8216;Isabel&#8217;.<\/p>\n<p>En 1926 fue adquirida por un artista vasco, y ahora alberga su obra como Museo Ignacio Zuloaga.<\/p>\n<p>Tambi\u00e9n hacen bodas.<\/p>\n<p>La Pedraza medieval ha sido utilizada para muchas pel\u00edculas, y las calles de \u00e9poca, pr\u00e1cticamente sin veh\u00edculos, suelen ser tranquilas, excepto los fines de semana cuando llegan los turistas.<\/p>\n<p>La mayor\u00eda de los d\u00edas, si se pasa por el restaurante El Soportal en la plaza principal, junto al Ayuntamiento, puede encontrarse con Juli\u00e1n Mat\u00e9, disfrutando de una copa de brandy despu\u00e9s de su almuerzo.<\/p>\n<p>Juli\u00e1n sabe mucho de las pel\u00edculas realizadas en Pedraza, y ha participado en muchas de ellas.<\/p>\n<p>Aqu\u00ed, seg\u00fan \u00e9l, se rodaron Mister Arkadin, The Immortal Story, (pero no Chimes at Midnight, insiste) The Return of the Musketeers, Love, Pain and the Whole Damn Thing, Honeymoon Academy y Bolero.<\/p>\n<p>Juli\u00e1n mantiene un par de collages de fotos y recortes en las paredes de El Soportal, detallando las pel\u00edculas que se han realizado en Pedraza.<\/p>\n<\/div>\n<div class=\"\" data-type=\"column\"><\/div>\n<\/div>\n<\/div>\n<\/div>\n","protected":false},"excerpt":{"rendered":"<p>Se cree que el castillo original fue la cuna del emperador romano Trajano y la prisi\u00f3n de dos rehenes, los [&hellip;]<\/p>\n","protected":false},"author":1,"featured_media":1157,"parent":0,"menu_order":0,"comment_status":"closed","ping_status":"closed","template":"full-width-page.php","meta":{"_uag_custom_page_level_css":"","site-sidebar-layout":"default","site-content-layout":"","ast-site-content-layout":"default","site-content-style":"default","site-sidebar-style":"default","ast-global-header-display":"","ast-banner-title-visibility":"","ast-main-header-display":"","ast-hfb-above-header-display":"","ast-hfb-below-header-display":"","ast-hfb-mobile-header-display":"","site-post-title":"","ast-breadcrumbs-content":"","ast-featured-img":"","footer-sml-layout":"","ast-disable-related-posts":"","theme-transparent-header-meta":"","adv-header-id-meta":"","stick-header-meta":"","header-above-stick-meta":"","header-main-stick-meta":"","header-below-stick-meta":"","astra-migrate-meta-layouts":"default","ast-page-background-enabled":"default","ast-page-background-meta":{"desktop":{"background-color":"var(--ast-global-color-5)","background-image":"","background-repeat":"repeat","background-position":"center center","background-size":"auto","background-attachment":"scroll","background-type":"","background-media":"","overlay-type":"","overlay-color":"","overlay-opacity":"","overlay-gradient":""},"tablet":{"background-color":"","background-image":"","background-repeat":"repeat","background-position":"center center","background-size":"auto","background-attachment":"scroll","background-type":"","background-media":"","overlay-type":"","overlay-color":"","overlay-opacity":"","overlay-gradient":""},"mobile":{"background-color":"","background-image":"","background-repeat":"repeat","background-position":"center center","background-size":"auto","background-attachment":"scroll","background-type":"","background-media":"","overlay-type":"","overlay-color":"","overlay-opacity":"","overlay-gradient":""}},"ast-content-background-meta":{"desktop":{"background-color":"var(--ast-global-color-4)","background-image":"","background-repeat":"repeat","background-position":"center center","background-size":"auto","background-attachment":"scroll","background-type":"","background-media":"","overlay-type":"","overlay-color":"","overlay-opacity":"","overlay-gradient":""},"tablet":{"background-color":"var(--ast-global-color-4)","background-image":"","background-repeat":"repeat","background-position":"center center","background-size":"auto","background-attachment":"scroll","background-type":"","background-media":"","overlay-type":"","overlay-color":"","overlay-opacity":"","overlay-gradient":""},"mobile":{"background-color":"var(--ast-global-color-4)","background-image":"","background-repeat":"repeat","background-position":"center center","background-size":"auto","background-attachment":"scroll","background-type":"","background-media":"","overlay-type":"","overlay-color":"","overlay-opacity":"","overlay-gradient":""}},"footnotes":""},"class_list":["post-2990","page","type-page","status-publish","has-post-thumbnail","hentry"],"featured_image_src":"https:\/\/spanishcastlemoviemagic.com\/es\/wp-content\/uploads\/sites\/3\/2019\/09\/Pedraza-Segovia-s.jpg","featured_image_src_square":"https:\/\/spanishcastlemoviemagic.com\/es\/wp-content\/uploads\/sites\/3\/2019\/09\/Pedraza-Segovia-s.jpg","uagb_featured_image_src":{"full":["https:\/\/spanishcastlemoviemagic.com\/es\/wp-content\/uploads\/sites\/3\/2019\/09\/Pedraza-Segovia-s.jpg",3500,1783,false],"thumbnail":["https:\/\/spanishcastlemoviemagic.com\/es\/wp-content\/uploads\/sites\/3\/2019\/09\/Pedraza-Segovia-s-150x150.jpg",150,150,true],"medium":["https:\/\/spanishcastlemoviemagic.com\/es\/wp-content\/uploads\/sites\/3\/2019\/09\/Pedraza-Segovia-s-300x153.jpg",300,153,true],"medium_large":["https:\/\/spanishcastlemoviemagic.com\/es\/wp-content\/uploads\/sites\/3\/2019\/09\/Pedraza-Segovia-s-768x391.jpg",768,391,true],"large":["https:\/\/spanishcastlemoviemagic.com\/es\/wp-content\/uploads\/sites\/3\/2019\/09\/Pedraza-Segovia-s-1024x522.jpg",1024,522,true],"1536x1536":["https:\/\/spanishcastlemoviemagic.com\/es\/wp-content\/uploads\/sites\/3\/2019\/09\/Pedraza-Segovia-s.jpg",1536,782,false],"2048x2048":["https:\/\/spanishcastlemoviemagic.com\/es\/wp-content\/uploads\/sites\/3\/2019\/09\/Pedraza-Segovia-s.jpg",2048,1043,false],"ab-block-post-grid-landscape":["https:\/\/spanishcastlemoviemagic.com\/es\/wp-content\/uploads\/sites\/3\/2019\/09\/Pedraza-Segovia-s.jpg",600,306,false],"ab-block-post-grid-square":["https:\/\/spanishcastlemoviemagic.com\/es\/wp-content\/uploads\/sites\/3\/2019\/09\/Pedraza-Segovia-s.jpg",600,306,false]},"uagb_author_info":{"display_name":"admin","author_link":"https:\/\/spanishcastlemoviemagic.com\/es\/blog\/author\/cas-eggermontme-com\/"},"uagb_comment_info":0,"uagb_excerpt":"Se cree que el castillo original fue la cuna del emperador romano Trajano y la prisi\u00f3n de dos rehenes, los [&hellip;]","_links":{"self":[{"href":"https:\/\/spanishcastlemoviemagic.com\/es\/wp-json\/wp\/v2\/pages\/2990","targetHints":{"allow":["GET"]}}],"collection":[{"href":"https:\/\/spanishcastlemoviemagic.com\/es\/wp-json\/wp\/v2\/pages"}],"about":[{"href":"https:\/\/spanishcastlemoviemagic.com\/es\/wp-json\/wp\/v2\/types\/page"}],"author":[{"embeddable":true,"href":"https:\/\/spanishcastlemoviemagic.com\/es\/wp-json\/wp\/v2\/users\/1"}],"replies":[{"embeddable":true,"href":"https:\/\/spanishcastlemoviemagic.com\/es\/wp-json\/wp\/v2\/comments?post=2990"}],"version-history":[{"count":4,"href":"https:\/\/spanishcastlemoviemagic.com\/es\/wp-json\/wp\/v2\/pages\/2990\/revisions"}],"predecessor-version":[{"id":4488,"href":"https:\/\/spanishcastlemoviemagic.com\/es\/wp-json\/wp\/v2\/pages\/2990\/revisions\/4488"}],"wp:featuredmedia":[{"embeddable":true,"href":"https:\/\/spanishcastlemoviemagic.com\/es\/wp-json\/wp\/v2\/media\/1157"}],"wp:attachment":[{"href":"https:\/\/spanishcastlemoviemagic.com\/es\/wp-json\/wp\/v2\/media?parent=2990"}],"curies":[{"name":"wp","href":"https:\/\/api.w.org\/{rel}","templated":true}]}}