{"id":2873,"date":"2019-09-15T21:01:05","date_gmt":"2019-09-15T21:01:05","guid":{"rendered":"https:\/\/spanishcastlemoviemagic.com\/es\/?page_id=2873"},"modified":"2019-10-20T07:42:04","modified_gmt":"2019-10-20T07:42:04","slug":"rm-loarre","status":"publish","type":"page","link":"https:\/\/spanishcastlemoviemagic.com\/es\/rm-loarre\/","title":{"rendered":"RM Loarre"},"content":{"rendered":"<div id=\"about-us-2\" class=\"about-image-section-pro\" style=\"background-color: #ffffff\" data-label=\"About us\" data-id=\"about-image-section-pro\" data-category=\"about\">\n<div class=\"gridContainer\">\n<div class=\"row about-image-gridcol-pro\">\n<div class=\"about-image-textcol-pro\" data-type=\"column\">\n<h2 class=\"\">Loarre<\/h2>\n<p class=\"\">En 1020, Sancho el Mayor (1063-94) reconquista la zona de los musulmanes y comienza a construir en serio. En 1073, el rey Sancho introdujo una comunidad de monjes agustinos, y utiliz\u00f3 a Loarre como base para la conquista de Huesca en 1094.<\/p>\n<p>Las murallas exteriores del castillo y sus ocho torres fueron construidas entre los siglos XIII y XIV.<\/p>\n<p>En 1913 y posteriormente en los a\u00f1os setenta se llevaron a cabo extensas obras de restauraci\u00f3n. Hoy tiene la suerte de contar con una asociaci\u00f3n de amigos para proteger sus intereses y con una campa\u00f1a para que sea declarado patrimonio de la UNESCO.<\/p>\n<p>Las estrellas y el director de la pel\u00edcula pasaron su tiempo libre en el Hotel Villa de Ayerbe, a siete kil\u00f3metros de Loarre, donde los visitantes pueden encontrar hoy en d\u00eda una amplia evidencia de su estancia.<\/p>\n<p>Las habitaciones del \u00e1tico ocupadas por Scott y Bloom tienen cada una un collage de im\u00e1genes y recortes de prensa relacionados con la pel\u00edcula, mientras que la habitaci\u00f3n de Neesom tiene una similar en el pasillo, y dos m\u00e1s se encuentran en el peque\u00f1o bar al lado de la recepci\u00f3n.<\/p>\n<p>El propietario Antonio muestra con orgullo el libro de visitas con el agradecimiento de todos los que se quedaron all\u00ed.<\/p>\n<\/div>\n<\/div>\n<\/div>\n<p>El castillo de Loarre aparece dos veces en el The Kingdom of Heaven, por lo que es apropiado que tenga dos fantasmas: el Conde Juli\u00e1n y Do\u00f1a Violante de Luna.<\/p>\n<p>En la batalla del r\u00edo Guadalate en 711 Juli\u00e1n supuestamente traicion\u00f3 al rey visigodo Don Rodrigo. Juli\u00e1n probablemente ten\u00eda una buena causa, ya que el Rey hab\u00eda dejado embarazada a su hija, Florinda.<\/p>\n<p>Tras la derrota, el conde y su hija se retiraron a Loarre. Ella se suicid\u00f3 arroj\u00e1ndose desde una de las torres y el conde, despu\u00e9s de morir, fue enterrado a la entrada de la iglesia de San Pedro para que cualquiera que entrara pisara al traidor.<\/p>\n<p>Desde entonces, el fantasma de Juli\u00e1n deambula por las dependencias del castillo llorando desconsoladamente en las noches de luna llena, lamentando su traici\u00f3n, que permiti\u00f3 la conquista \u00e1rabe de Espa\u00f1a.<\/p>\n<p>Unos a\u00f1os m\u00e1s tarde, en 1410, el rey de Arag\u00f3n, Mart\u00edn el Humano, muri\u00f3 sin descendencia, y Fernando de Antequera se convirti\u00f3 en el nuevo soberano, con el apoyo de Benedicto XIII, m\u00e1s conocido como el Papa Luna. Algunos nobles, como el conde de Urgel, Jaime de Arag\u00f3n y el infante Ant\u00f3n de Luna, se negaron a aceptarlo.<\/p>\n<p>Cuando el Papa supo que su sobrina Violante de Luna, abadesa del convento de Trasobares, ten\u00eda una relaci\u00f3n con Ant\u00f3n y apoyaba la rebeli\u00f3n, orden\u00f3 la quema del convento y la dispersi\u00f3n de las monjas.<\/p>\n<p>Violante se refugi\u00f3 en Loarre, que tras dos meses de asedio fue conquistada por los hombres de Fernando. Violante fue arrestada y encarcelada, y desde entonces aparece en la noche de San Juan en un balc\u00f3n en busca de los refuerzos que su amante le traer\u00eda para liberarla. Cuando la Luna est\u00e1 llena, se la puede ver, vestido de blanco.<\/p>\n<p>Debe estar un poco apretado en las almenas algunas noches.<\/p>\n<div class=\"gridContainer\">\n<div class=\"row about-image-gridcol-pro\">\n<div class=\"\" data-type=\"column\"><\/div>\n<\/div>\n<\/div>\n<\/div>\n","protected":false},"excerpt":{"rendered":"<p>Loarre En 1020, Sancho el Mayor (1063-94) reconquista la zona de los musulmanes y comienza a construir en serio. En [&hellip;]<\/p>\n","protected":false},"author":1,"featured_media":652,"parent":0,"menu_order":0,"comment_status":"closed","ping_status":"closed","template":"full-width-page.php","meta":{"_uag_custom_page_level_css":"","site-sidebar-layout":"default","site-content-layout":"","ast-site-content-layout":"default","site-content-style":"default","site-sidebar-style":"default","ast-global-header-display":"","ast-banner-title-visibility":"","ast-main-header-display":"","ast-hfb-above-header-display":"","ast-hfb-below-header-display":"","ast-hfb-mobile-header-display":"","site-post-title":"","ast-breadcrumbs-content":"","ast-featured-img":"","footer-sml-layout":"","ast-disable-related-posts":"","theme-transparent-header-meta":"","adv-header-id-meta":"","stick-header-meta":"","header-above-stick-meta":"","header-main-stick-meta":"","header-below-stick-meta":"","astra-migrate-meta-layouts":"default","ast-page-background-enabled":"default","ast-page-background-meta":{"desktop":{"background-color":"var(--ast-global-color-5)","background-image":"","background-repeat":"repeat","background-position":"center center","background-size":"auto","background-attachment":"scroll","background-type":"","background-media":"","overlay-type":"","overlay-color":"","overlay-opacity":"","overlay-gradient":""},"tablet":{"background-color":"","background-image":"","background-repeat":"repeat","background-position":"center center","background-size":"auto","background-attachment":"scroll","background-type":"","background-media":"","overlay-type":"","overlay-color":"","overlay-opacity":"","overlay-gradient":""},"mobile":{"background-color":"","background-image":"","background-repeat":"repeat","background-position":"center center","background-size":"auto","background-attachment":"scroll","background-type":"","background-media":"","overlay-type":"","overlay-color":"","overlay-opacity":"","overlay-gradient":""}},"ast-content-background-meta":{"desktop":{"background-color":"var(--ast-global-color-4)","background-image":"","background-repeat":"repeat","background-position":"center center","background-size":"auto","background-attachment":"scroll","background-type":"","background-media":"","overlay-type":"","overlay-color":"","overlay-opacity":"","overlay-gradient":""},"tablet":{"background-color":"var(--ast-global-color-4)","background-image":"","background-repeat":"repeat","background-position":"center center","background-size":"auto","background-attachment":"scroll","background-type":"","background-media":"","overlay-type":"","overlay-color":"","overlay-opacity":"","overlay-gradient":""},"mobile":{"background-color":"var(--ast-global-color-4)","background-image":"","background-repeat":"repeat","background-position":"center center","background-size":"auto","background-attachment":"scroll","background-type":"","background-media":"","overlay-type":"","overlay-color":"","overlay-opacity":"","overlay-gradient":""}},"footnotes":""},"class_list":["post-2873","page","type-page","status-publish","has-post-thumbnail","hentry"],"featured_image_src":"https:\/\/spanishcastlemoviemagic.com\/es\/wp-content\/uploads\/sites\/3\/2019\/09\/Loarre-Huesca-S.jpg","featured_image_src_square":"https:\/\/spanishcastlemoviemagic.com\/es\/wp-content\/uploads\/sites\/3\/2019\/09\/Loarre-Huesca-S.jpg","uagb_featured_image_src":{"full":["https:\/\/spanishcastlemoviemagic.com\/es\/wp-content\/uploads\/sites\/3\/2019\/09\/Loarre-Huesca-S.jpg",2000,1268,false],"thumbnail":["https:\/\/spanishcastlemoviemagic.com\/es\/wp-content\/uploads\/sites\/3\/2019\/09\/Loarre-Huesca-S-150x150.jpg",150,150,true],"medium":["https:\/\/spanishcastlemoviemagic.com\/es\/wp-content\/uploads\/sites\/3\/2019\/09\/Loarre-Huesca-S-300x190.jpg",300,190,true],"medium_large":["https:\/\/spanishcastlemoviemagic.com\/es\/wp-content\/uploads\/sites\/3\/2019\/09\/Loarre-Huesca-S-768x487.jpg",768,487,true],"large":["https:\/\/spanishcastlemoviemagic.com\/es\/wp-content\/uploads\/sites\/3\/2019\/09\/Loarre-Huesca-S-1024x649.jpg",1024,649,true],"1536x1536":["https:\/\/spanishcastlemoviemagic.com\/es\/wp-content\/uploads\/sites\/3\/2019\/09\/Loarre-Huesca-S.jpg",1536,974,false],"2048x2048":["https:\/\/spanishcastlemoviemagic.com\/es\/wp-content\/uploads\/sites\/3\/2019\/09\/Loarre-Huesca-S.jpg",2000,1268,false],"ab-block-post-grid-landscape":["https:\/\/spanishcastlemoviemagic.com\/es\/wp-content\/uploads\/sites\/3\/2019\/09\/Loarre-Huesca-S.jpg",600,380,false],"ab-block-post-grid-square":["https:\/\/spanishcastlemoviemagic.com\/es\/wp-content\/uploads\/sites\/3\/2019\/09\/Loarre-Huesca-S.jpg",600,380,false]},"uagb_author_info":{"display_name":"admin","author_link":"https:\/\/spanishcastlemoviemagic.com\/es\/blog\/author\/cas-eggermontme-com\/"},"uagb_comment_info":0,"uagb_excerpt":"Loarre En 1020, Sancho el Mayor (1063-94) reconquista la zona de los musulmanes y comienza a construir en serio. En [&hellip;]","_links":{"self":[{"href":"https:\/\/spanishcastlemoviemagic.com\/es\/wp-json\/wp\/v2\/pages\/2873","targetHints":{"allow":["GET"]}}],"collection":[{"href":"https:\/\/spanishcastlemoviemagic.com\/es\/wp-json\/wp\/v2\/pages"}],"about":[{"href":"https:\/\/spanishcastlemoviemagic.com\/es\/wp-json\/wp\/v2\/types\/page"}],"author":[{"embeddable":true,"href":"https:\/\/spanishcastlemoviemagic.com\/es\/wp-json\/wp\/v2\/users\/1"}],"replies":[{"embeddable":true,"href":"https:\/\/spanishcastlemoviemagic.com\/es\/wp-json\/wp\/v2\/comments?post=2873"}],"version-history":[{"count":6,"href":"https:\/\/spanishcastlemoviemagic.com\/es\/wp-json\/wp\/v2\/pages\/2873\/revisions"}],"predecessor-version":[{"id":4474,"href":"https:\/\/spanishcastlemoviemagic.com\/es\/wp-json\/wp\/v2\/pages\/2873\/revisions\/4474"}],"wp:featuredmedia":[{"embeddable":true,"href":"https:\/\/spanishcastlemoviemagic.com\/es\/wp-json\/wp\/v2\/media\/652"}],"wp:attachment":[{"href":"https:\/\/spanishcastlemoviemagic.com\/es\/wp-json\/wp\/v2\/media?parent=2873"}],"curies":[{"name":"wp","href":"https:\/\/api.w.org\/{rel}","templated":true}]}}