{"id":2869,"date":"2019-09-15T20:52:33","date_gmt":"2019-09-15T20:52:33","guid":{"rendered":"https:\/\/spanishcastlemoviemagic.com\/es\/?page_id=2869"},"modified":"2019-09-26T06:20:02","modified_gmt":"2019-09-26T06:20:02","slug":"rm-san-telmo-castel","status":"publish","type":"page","link":"https:\/\/spanishcastlemoviemagic.com\/es\/rm-san-telmo-castel\/","title":{"rendered":"RM San Telmo Castle"},"content":{"rendered":"<div id=\"about-us-2\" class=\"about-image-section-pro\" data-label=\"About us\" data-id=\"about-image-section-pro\" data-category=\"about\">\n<div class=\"gridContainer\">\n<div class=\"row about-image-gridcol-pro\">\n<div class=\"about-image-textcol-pro\" data-type=\"column\">\n<p class=\"\" style=\"text-align: left\">Fue construido en 1598 por orden de Juan Vel\u00e1zquez, Capit\u00e1n de Gipuzkoa, para proteger el puerto de Asturiaga.<\/p>\n<p style=\"text-align: left\">Hoy en d\u00eda es una vivienda privada, aunque tengo entendido que el propietario todav\u00eda est\u00e1 dispuesto a disparar una salva ocasional cuando los piratas amenazan.<\/p>\n<p style=\"text-align: left\">El castillo viene con mazmorras incluidas, donde se dice que los prisioneros encadenados a las murallas a menudo se ahogaban por la subida de la marea; un elemento disuasorio eficaz que lamentablemente ya no se utiliza para controlar a las clases criminales.<\/p>\n<p style=\"text-align: left\">San Telmo se encuentra pasando el antiguo puerto, y aparece justo antes de que la carretera gire a la izquierda para adentrarse en las colinas.<\/p>\n<p style=\"text-align: left\">Desde delante parece desierta, aunque si se toma el peque\u00f1o sendero que rodea el lado izquierdo, el c\u00e9sped se ve inmaculadamente recortado.<\/p>\n<p style=\"text-align: left\">Contin\u00fae por ese camino y encontrar\u00e1 un tabl\u00f3n de anuncios que asegura que se trata de un territorio pirata, y que los pescadores vascos a menudo se dedicaban a la pirater\u00eda cuando los peces no colaboraron.<\/p>\n<p style=\"text-align: left\">El castillo tambi\u00e9n sirvi\u00f3 para defender la ciudad de los franceses, que a menudo cruzaban el r\u00edo para saquearla cuando les entraba en gana.<\/p>\n<p style=\"text-align: left\">\n<\/div>\n<div class=\"\" style=\"text-align: left\" data-type=\"column\"><\/div>\n<\/div>\n<\/div>\n<\/div>\n","protected":false},"excerpt":{"rendered":"<p>Fue construido en 1598 por orden de Juan Vel\u00e1zquez, Capit\u00e1n de Gipuzkoa, para proteger el puerto de Asturiaga. Hoy en [&hellip;]<\/p>\n","protected":false},"author":1,"featured_media":1171,"parent":0,"menu_order":0,"comment_status":"closed","ping_status":"closed","template":"full-width-page.php","meta":{"_uag_custom_page_level_css":"","site-sidebar-layout":"default","site-content-layout":"","ast-site-content-layout":"default","site-content-style":"default","site-sidebar-style":"default","ast-global-header-display":"","ast-banner-title-visibility":"","ast-main-header-display":"","ast-hfb-above-header-display":"","ast-hfb-below-header-display":"","ast-hfb-mobile-header-display":"","site-post-title":"","ast-breadcrumbs-content":"","ast-featured-img":"","footer-sml-layout":"","ast-disable-related-posts":"","theme-transparent-header-meta":"","adv-header-id-meta":"","stick-header-meta":"","header-above-stick-meta":"","header-main-stick-meta":"","header-below-stick-meta":"","astra-migrate-meta-layouts":"default","ast-page-background-enabled":"default","ast-page-background-meta":{"desktop":{"background-color":"var(--ast-global-color-5)","background-image":"","background-repeat":"repeat","background-position":"center center","background-size":"auto","background-attachment":"scroll","background-type":"","background-media":"","overlay-type":"","overlay-color":"","overlay-opacity":"","overlay-gradient":""},"tablet":{"background-color":"","background-image":"","background-repeat":"repeat","background-position":"center center","background-size":"auto","background-attachment":"scroll","background-type":"","background-media":"","overlay-type":"","overlay-color":"","overlay-opacity":"","overlay-gradient":""},"mobile":{"background-color":"","background-image":"","background-repeat":"repeat","background-position":"center center","background-size":"auto","background-attachment":"scroll","background-type":"","background-media":"","overlay-type":"","overlay-color":"","overlay-opacity":"","overlay-gradient":""}},"ast-content-background-meta":{"desktop":{"background-color":"var(--ast-global-color-4)","background-image":"","background-repeat":"repeat","background-position":"center center","background-size":"auto","background-attachment":"scroll","background-type":"","background-media":"","overlay-type":"","overlay-color":"","overlay-opacity":"","overlay-gradient":""},"tablet":{"background-color":"var(--ast-global-color-4)","background-image":"","background-repeat":"repeat","background-position":"center center","background-size":"auto","background-attachment":"scroll","background-type":"","background-media":"","overlay-type":"","overlay-color":"","overlay-opacity":"","overlay-gradient":""},"mobile":{"background-color":"var(--ast-global-color-4)","background-image":"","background-repeat":"repeat","background-position":"center center","background-size":"auto","background-attachment":"scroll","background-type":"","background-media":"","overlay-type":"","overlay-color":"","overlay-opacity":"","overlay-gradient":""}},"footnotes":""},"class_list":["post-2869","page","type-page","status-publish","has-post-thumbnail","hentry"],"featured_image_src":"https:\/\/spanishcastlemoviemagic.com\/es\/wp-content\/uploads\/sites\/3\/2019\/09\/San-Telmo-Hondarribia-Guipozcoa-s.jpg","featured_image_src_square":"https:\/\/spanishcastlemoviemagic.com\/es\/wp-content\/uploads\/sites\/3\/2019\/09\/San-Telmo-Hondarribia-Guipozcoa-s.jpg","uagb_featured_image_src":{"full":["https:\/\/spanishcastlemoviemagic.com\/es\/wp-content\/uploads\/sites\/3\/2019\/09\/San-Telmo-Hondarribia-Guipozcoa-s.jpg",2000,1277,false],"thumbnail":["https:\/\/spanishcastlemoviemagic.com\/es\/wp-content\/uploads\/sites\/3\/2019\/09\/San-Telmo-Hondarribia-Guipozcoa-s-150x150.jpg",150,150,true],"medium":["https:\/\/spanishcastlemoviemagic.com\/es\/wp-content\/uploads\/sites\/3\/2019\/09\/San-Telmo-Hondarribia-Guipozcoa-s-300x192.jpg",300,192,true],"medium_large":["https:\/\/spanishcastlemoviemagic.com\/es\/wp-content\/uploads\/sites\/3\/2019\/09\/San-Telmo-Hondarribia-Guipozcoa-s-768x490.jpg",768,490,true],"large":["https:\/\/spanishcastlemoviemagic.com\/es\/wp-content\/uploads\/sites\/3\/2019\/09\/San-Telmo-Hondarribia-Guipozcoa-s-1024x654.jpg",1024,654,true],"1536x1536":["https:\/\/spanishcastlemoviemagic.com\/es\/wp-content\/uploads\/sites\/3\/2019\/09\/San-Telmo-Hondarribia-Guipozcoa-s.jpg",1536,981,false],"2048x2048":["https:\/\/spanishcastlemoviemagic.com\/es\/wp-content\/uploads\/sites\/3\/2019\/09\/San-Telmo-Hondarribia-Guipozcoa-s.jpg",2000,1277,false],"ab-block-post-grid-landscape":["https:\/\/spanishcastlemoviemagic.com\/es\/wp-content\/uploads\/sites\/3\/2019\/09\/San-Telmo-Hondarribia-Guipozcoa-s.jpg",600,383,false],"ab-block-post-grid-square":["https:\/\/spanishcastlemoviemagic.com\/es\/wp-content\/uploads\/sites\/3\/2019\/09\/San-Telmo-Hondarribia-Guipozcoa-s.jpg",600,383,false]},"uagb_author_info":{"display_name":"admin","author_link":"https:\/\/spanishcastlemoviemagic.com\/es\/blog\/author\/cas-eggermontme-com\/"},"uagb_comment_info":0,"uagb_excerpt":"Fue construido en 1598 por orden de Juan Vel\u00e1zquez, Capit\u00e1n de Gipuzkoa, para proteger el puerto de Asturiaga. Hoy en [&hellip;]","_links":{"self":[{"href":"https:\/\/spanishcastlemoviemagic.com\/es\/wp-json\/wp\/v2\/pages\/2869","targetHints":{"allow":["GET"]}}],"collection":[{"href":"https:\/\/spanishcastlemoviemagic.com\/es\/wp-json\/wp\/v2\/pages"}],"about":[{"href":"https:\/\/spanishcastlemoviemagic.com\/es\/wp-json\/wp\/v2\/types\/page"}],"author":[{"embeddable":true,"href":"https:\/\/spanishcastlemoviemagic.com\/es\/wp-json\/wp\/v2\/users\/1"}],"replies":[{"embeddable":true,"href":"https:\/\/spanishcastlemoviemagic.com\/es\/wp-json\/wp\/v2\/comments?post=2869"}],"version-history":[{"count":5,"href":"https:\/\/spanishcastlemoviemagic.com\/es\/wp-json\/wp\/v2\/pages\/2869\/revisions"}],"predecessor-version":[{"id":4152,"href":"https:\/\/spanishcastlemoviemagic.com\/es\/wp-json\/wp\/v2\/pages\/2869\/revisions\/4152"}],"wp:featuredmedia":[{"embeddable":true,"href":"https:\/\/spanishcastlemoviemagic.com\/es\/wp-json\/wp\/v2\/media\/1171"}],"wp:attachment":[{"href":"https:\/\/spanishcastlemoviemagic.com\/es\/wp-json\/wp\/v2\/media?parent=2869"}],"curies":[{"name":"wp","href":"https:\/\/api.w.org\/{rel}","templated":true}]}}