{"id":2703,"date":"2019-09-15T15:59:56","date_gmt":"2019-09-15T15:59:56","guid":{"rendered":"https:\/\/spanishcastlemoviemagic.com\/es\/?page_id=2703"},"modified":"2019-10-07T15:32:58","modified_gmt":"2019-10-07T15:32:58","slug":"torre-de-los-dones-torrelodones","status":"publish","type":"page","link":"https:\/\/spanishcastlemoviemagic.com\/es\/torre-de-los-dones-torrelodones\/","title":{"rendered":"Torre de los Dones, Torrelodones"},"content":{"rendered":"<div  id=\"portfolio-1\" class=\"portfolio-cards-section\" style=\"background-color: #ffffff;\" data-label=\"Portfolio\" data-id=\"portfolio-cards-section\" data-category=\"portfolio\">\n<div  class=\"gridContainer\">\n<div  class=\"portfolio-cards-textcol dynamic-color\" data-type=\"column\">\n<h2  class=\"\">Torre de los Dones, Torrelodones<\/h2>\n<p  class=\"\">La torre es una fortificaci\u00f3n musulmana construida entre los siglos IX y XI.<br ><br \/>\nEl 1 de marzo de 1979, la torre fue v\u00edctima de un atentado terrorista, cuando una bomba casera explot\u00f3 all\u00ed, coincidiendo con las elecciones generales.<br ><br \/>\nLa torre es claramente visible desde la autopista que la separa de la ciudad a la que da nombre, y necesita un poco de tiempo para llegar, incluso con, o quiz\u00e1s debido a, las indicaciones dadas por la buena gente que vive en sus alrededores.<\/p>\n<\/div>\n<div  class=\"portfolio-cards-projectsro dark-text\" data-type=\"row\">\n<div  class=\"portfolio-cards-projectcol cp4cols cp6cols-tablet\">\n<div  class=\"portfolio-cards-projectcard\">\n<div  id=\"ContentSwap104\" class=\"contentswap-effect ContentSwap104\">\n<div  class=\"ContentSwap104_content initial-image\"><img decoding=\"async\"  class=\"portfolio-cards-projectimg\" src=\"https:\/\/spanishcastlemoviemagic.com\/es\/wp-content\/uploads\/sites\/3\/2019\/09\/cropped-torrelodones-madrid-s-1.jpg\" data-size=\"1200x800\"><\/div>\n<div  class=\"overlay\" style=\"display: block; opacity: 1;\"><\/div>\n<div  class=\"swap-inner\" style=\"opacity: 1; display: block;\">\n<div  class=\"ContentSwap104-center\"><\/div>\n<\/div>\n<\/div>\n<div  class=\"portfolio-cards-projectinfo\">\n<div  class=\"portfolio-cards-projnamecol\" data-type=\"column\">\n<h4  class=\"portfolio-cards-projtitle\"><a  href=\"https:\/\/spanishcastlemoviemagic.com\/es\/that-lady-1955\">That Lady (1955)<\/a><\/h4>\n<\/div>\n<\/div>\n<\/div>\n<\/div>\n<\/div>\n<\/div>\n<\/div>\n","protected":false},"excerpt":{"rendered":"<p>Torre de los Dones, Torrelodones La torre es una fortificaci\u00f3n musulmana construida entre los siglos IX y XI. El 1 [&hellip;]<\/p>\n","protected":false},"author":1,"featured_media":172,"parent":0,"menu_order":0,"comment_status":"closed","ping_status":"closed","template":"full-width-page.php","meta":{"_uag_custom_page_level_css":"","site-sidebar-layout":"default","site-content-layout":"","ast-site-content-layout":"default","site-content-style":"default","site-sidebar-style":"default","ast-global-header-display":"","ast-banner-title-visibility":"","ast-main-header-display":"","ast-hfb-above-header-display":"","ast-hfb-below-header-display":"","ast-hfb-mobile-header-display":"","site-post-title":"","ast-breadcrumbs-content":"","ast-featured-img":"","footer-sml-layout":"","ast-disable-related-posts":"","theme-transparent-header-meta":"","adv-header-id-meta":"","stick-header-meta":"","header-above-stick-meta":"","header-main-stick-meta":"","header-below-stick-meta":"","astra-migrate-meta-layouts":"default","ast-page-background-enabled":"default","ast-page-background-meta":{"desktop":{"background-color":"var(--ast-global-color-5)","background-image":"","background-repeat":"repeat","background-position":"center center","background-size":"auto","background-attachment":"scroll","background-type":"","background-media":"","overlay-type":"","overlay-color":"","overlay-opacity":"","overlay-gradient":""},"tablet":{"background-color":"","background-image":"","background-repeat":"repeat","background-position":"center center","background-size":"auto","background-attachment":"scroll","background-type":"","background-media":"","overlay-type":"","overlay-color":"","overlay-opacity":"","overlay-gradient":""},"mobile":{"background-color":"","background-image":"","background-repeat":"repeat","background-position":"center center","background-size":"auto","background-attachment":"scroll","background-type":"","background-media":"","overlay-type":"","overlay-color":"","overlay-opacity":"","overlay-gradient":""}},"ast-content-background-meta":{"desktop":{"background-color":"var(--ast-global-color-4)","background-image":"","background-repeat":"repeat","background-position":"center center","background-size":"auto","background-attachment":"scroll","background-type":"","background-media":"","overlay-type":"","overlay-color":"","overlay-opacity":"","overlay-gradient":""},"tablet":{"background-color":"var(--ast-global-color-4)","background-image":"","background-repeat":"repeat","background-position":"center center","background-size":"auto","background-attachment":"scroll","background-type":"","background-media":"","overlay-type":"","overlay-color":"","overlay-opacity":"","overlay-gradient":""},"mobile":{"background-color":"var(--ast-global-color-4)","background-image":"","background-repeat":"repeat","background-position":"center center","background-size":"auto","background-attachment":"scroll","background-type":"","background-media":"","overlay-type":"","overlay-color":"","overlay-opacity":"","overlay-gradient":""}},"footnotes":""},"class_list":["post-2703","page","type-page","status-publish","has-post-thumbnail","hentry"],"featured_image_src":"https:\/\/spanishcastlemoviemagic.com\/es\/wp-content\/uploads\/sites\/3\/2019\/09\/torrelodones-madrid-s.jpg","featured_image_src_square":"https:\/\/spanishcastlemoviemagic.com\/es\/wp-content\/uploads\/sites\/3\/2019\/09\/torrelodones-madrid-s.jpg","uagb_featured_image_src":{"full":["https:\/\/spanishcastlemoviemagic.com\/es\/wp-content\/uploads\/sites\/3\/2019\/09\/torrelodones-madrid-s.jpg",3000,2457,false],"thumbnail":["https:\/\/spanishcastlemoviemagic.com\/es\/wp-content\/uploads\/sites\/3\/2019\/09\/torrelodones-madrid-s-150x150.jpg",150,150,true],"medium":["https:\/\/spanishcastlemoviemagic.com\/es\/wp-content\/uploads\/sites\/3\/2019\/09\/torrelodones-madrid-s-300x246.jpg",300,246,true],"medium_large":["https:\/\/spanishcastlemoviemagic.com\/es\/wp-content\/uploads\/sites\/3\/2019\/09\/torrelodones-madrid-s-768x629.jpg",768,629,true],"large":["https:\/\/spanishcastlemoviemagic.com\/es\/wp-content\/uploads\/sites\/3\/2019\/09\/torrelodones-madrid-s-1024x839.jpg",1024,839,true],"1536x1536":["https:\/\/spanishcastlemoviemagic.com\/es\/wp-content\/uploads\/sites\/3\/2019\/09\/torrelodones-madrid-s.jpg",1536,1258,false],"2048x2048":["https:\/\/spanishcastlemoviemagic.com\/es\/wp-content\/uploads\/sites\/3\/2019\/09\/torrelodones-madrid-s.jpg",2048,1677,false],"ab-block-post-grid-landscape":["https:\/\/spanishcastlemoviemagic.com\/es\/wp-content\/uploads\/sites\/3\/2019\/09\/torrelodones-madrid-s.jpg",488,400,false],"ab-block-post-grid-square":["https:\/\/spanishcastlemoviemagic.com\/es\/wp-content\/uploads\/sites\/3\/2019\/09\/torrelodones-madrid-s.jpg",600,491,false]},"uagb_author_info":{"display_name":"admin","author_link":"https:\/\/spanishcastlemoviemagic.com\/es\/blog\/author\/cas-eggermontme-com\/"},"uagb_comment_info":0,"uagb_excerpt":"Torre de los Dones, Torrelodones La torre es una fortificaci\u00f3n musulmana construida entre los siglos IX y XI. El 1 [&hellip;]","_links":{"self":[{"href":"https:\/\/spanishcastlemoviemagic.com\/es\/wp-json\/wp\/v2\/pages\/2703","targetHints":{"allow":["GET"]}}],"collection":[{"href":"https:\/\/spanishcastlemoviemagic.com\/es\/wp-json\/wp\/v2\/pages"}],"about":[{"href":"https:\/\/spanishcastlemoviemagic.com\/es\/wp-json\/wp\/v2\/types\/page"}],"author":[{"embeddable":true,"href":"https:\/\/spanishcastlemoviemagic.com\/es\/wp-json\/wp\/v2\/users\/1"}],"replies":[{"embeddable":true,"href":"https:\/\/spanishcastlemoviemagic.com\/es\/wp-json\/wp\/v2\/comments?post=2703"}],"version-history":[{"count":2,"href":"https:\/\/spanishcastlemoviemagic.com\/es\/wp-json\/wp\/v2\/pages\/2703\/revisions"}],"predecessor-version":[{"id":4290,"href":"https:\/\/spanishcastlemoviemagic.com\/es\/wp-json\/wp\/v2\/pages\/2703\/revisions\/4290"}],"wp:featuredmedia":[{"embeddable":true,"href":"https:\/\/spanishcastlemoviemagic.com\/es\/wp-json\/wp\/v2\/media\/172"}],"wp:attachment":[{"href":"https:\/\/spanishcastlemoviemagic.com\/es\/wp-json\/wp\/v2\/media?parent=2703"}],"curies":[{"name":"wp","href":"https:\/\/api.w.org\/{rel}","templated":true}]}}