{"id":2633,"date":"2019-09-15T14:33:33","date_gmt":"2019-09-15T14:33:33","guid":{"rendered":"https:\/\/spanishcastlemoviemagic.com\/es\/?page_id=2633"},"modified":"2019-09-23T15:44:34","modified_gmt":"2019-09-23T15:44:34","slug":"papillon-1973","status":"publish","type":"page","link":"https:\/\/spanishcastlemoviemagic.com\/es\/papillon-1973\/","title":{"rendered":"Papillon (1973)"},"content":{"rendered":"\n<p>&#8220;\u00a1Olv\u00eddate\nde Francia, v\u00edstete!&#8221; Palabras que nos han servido a todos a lo largo de\nlas d\u00e9cadas y que se dirijan a un grupo de prisioneros franceses entre los que\nse encuentran Steve McQueen y Dustin Hoffman, a la espera de ser transportados\nal exilio.<\/p>\n\n\n\n<p>Los\nprisioneros luego desfilan para ser embarcados. Sin embargo, las calles por las\nque desfilan no son calles francesas, sino las del puerto de Fuenterrabia\n(tambi\u00e9n llamado Hondarribia), justo al otro lado de la frontera en el Pa\u00eds\nVasco espa\u00f1ol, lo que significa que las prol\u00edficas boinas entre la multitud no\nhabr\u00edan sido un problema.<\/p>\n\n\n\n<p>F\u00e9lix\nSenosiain nos acompa\u00f1\u00f3 en nuestra visita a Hondarribia mientras segu\u00edamos el\ncamino de Dustin y Steve y descubrimos, como suele ocurrir en el mundo de cine,\nque hac\u00edan trampa.<\/p>\n\n\n\n<p>Acompa\u00f1ada\npor tropas que agitan las bayonetas, la marcha comienza a descender por la calle\nMuralla, junto a la muralla de la ciudad.<\/p>\n\n\n\n<p>Cuando\nse acercan a la c\u00e1mara, ella gira con ellos mientras suben por la calle Mayor\ncon la iglesia claramente visible al final de la calle.<\/p>\n\n\n\n<p>A\ncontinuaci\u00f3n, la c\u00e1mara se ha desplazado hasta la parte superior de la calle,\nsubiendo hasta la iglesia y la Plaza de Armas, donde ahora se encuentra el\ncastillo, hoy en d\u00eda un Parador de Turismo, con sus muros de tres metros de\ngrosor.<\/p>\n\n\n\n<p>Es\naqu\u00ed donde una joven intenta ponerse en contacto con Hoffman antes de volver a\nsu coche, aparcado en la Plaza de las Armas.<\/p>\n\n\n\n<p>La\nsiguiente toma (con un salto gigante para la c\u00e1mara) nos lleva fuera de las\nmurallas de la ciudad hasta el antiguo barrio de pescadores conocido como La\nMarina.<\/p>\n\n\n\n<p>Finalmente\nvolvemos a la ciudad vieja donde desde la Plaza de las Armas se camina por la\ncalle Iparkalea hasta la entrada del Hospital, desde donde se divisa el mar.<\/p>\n","protected":false},"excerpt":{"rendered":"<p>&#8220;\u00a1Olv\u00eddate de Francia, v\u00edstete!&#8221; Palabras que nos han servido a todos a lo largo de las d\u00e9cadas y que se [&hellip;]<\/p>\n","protected":false},"author":1,"featured_media":1169,"parent":0,"menu_order":0,"comment_status":"closed","ping_status":"closed","template":"","meta":{"_uag_custom_page_level_css":"","site-sidebar-layout":"default","site-content-layout":"","ast-site-content-layout":"default","site-content-style":"default","site-sidebar-style":"default","ast-global-header-display":"","ast-banner-title-visibility":"","ast-main-header-display":"","ast-hfb-above-header-display":"","ast-hfb-below-header-display":"","ast-hfb-mobile-header-display":"","site-post-title":"","ast-breadcrumbs-content":"","ast-featured-img":"","footer-sml-layout":"","ast-disable-related-posts":"","theme-transparent-header-meta":"","adv-header-id-meta":"","stick-header-meta":"","header-above-stick-meta":"","header-main-stick-meta":"","header-below-stick-meta":"","astra-migrate-meta-layouts":"default","ast-page-background-enabled":"default","ast-page-background-meta":{"desktop":{"background-color":"var(--ast-global-color-5)","background-image":"","background-repeat":"repeat","background-position":"center center","background-size":"auto","background-attachment":"scroll","background-type":"","background-media":"","overlay-type":"","overlay-color":"","overlay-opacity":"","overlay-gradient":""},"tablet":{"background-color":"","background-image":"","background-repeat":"repeat","background-position":"center center","background-size":"auto","background-attachment":"scroll","background-type":"","background-media":"","overlay-type":"","overlay-color":"","overlay-opacity":"","overlay-gradient":""},"mobile":{"background-color":"","background-image":"","background-repeat":"repeat","background-position":"center center","background-size":"auto","background-attachment":"scroll","background-type":"","background-media":"","overlay-type":"","overlay-color":"","overlay-opacity":"","overlay-gradient":""}},"ast-content-background-meta":{"desktop":{"background-color":"var(--ast-global-color-4)","background-image":"","background-repeat":"repeat","background-position":"center center","background-size":"auto","background-attachment":"scroll","background-type":"","background-media":"","overlay-type":"","overlay-color":"","overlay-opacity":"","overlay-gradient":""},"tablet":{"background-color":"var(--ast-global-color-4)","background-image":"","background-repeat":"repeat","background-position":"center center","background-size":"auto","background-attachment":"scroll","background-type":"","background-media":"","overlay-type":"","overlay-color":"","overlay-opacity":"","overlay-gradient":""},"mobile":{"background-color":"var(--ast-global-color-4)","background-image":"","background-repeat":"repeat","background-position":"center center","background-size":"auto","background-attachment":"scroll","background-type":"","background-media":"","overlay-type":"","overlay-color":"","overlay-opacity":"","overlay-gradient":""}},"footnotes":""},"class_list":["post-2633","page","type-page","status-publish","has-post-thumbnail","hentry"],"featured_image_src":"https:\/\/spanishcastlemoviemagic.com\/es\/wp-content\/uploads\/sites\/3\/2019\/09\/Hondarribia-Parador-Guipozcoa-s.jpg","featured_image_src_square":"https:\/\/spanishcastlemoviemagic.com\/es\/wp-content\/uploads\/sites\/3\/2019\/09\/Hondarribia-Parador-Guipozcoa-s.jpg","uagb_featured_image_src":{"full":["https:\/\/spanishcastlemoviemagic.com\/es\/wp-content\/uploads\/sites\/3\/2019\/09\/Hondarribia-Parador-Guipozcoa-s.jpg",2000,1500,false],"thumbnail":["https:\/\/spanishcastlemoviemagic.com\/es\/wp-content\/uploads\/sites\/3\/2019\/09\/Hondarribia-Parador-Guipozcoa-s-150x150.jpg",150,150,true],"medium":["https:\/\/spanishcastlemoviemagic.com\/es\/wp-content\/uploads\/sites\/3\/2019\/09\/Hondarribia-Parador-Guipozcoa-s-300x225.jpg",300,225,true],"medium_large":["https:\/\/spanishcastlemoviemagic.com\/es\/wp-content\/uploads\/sites\/3\/2019\/09\/Hondarribia-Parador-Guipozcoa-s-768x576.jpg",768,576,true],"large":["https:\/\/spanishcastlemoviemagic.com\/es\/wp-content\/uploads\/sites\/3\/2019\/09\/Hondarribia-Parador-Guipozcoa-s-1024x768.jpg",1024,768,true],"1536x1536":["https:\/\/spanishcastlemoviemagic.com\/es\/wp-content\/uploads\/sites\/3\/2019\/09\/Hondarribia-Parador-Guipozcoa-s.jpg",1536,1152,false],"2048x2048":["https:\/\/spanishcastlemoviemagic.com\/es\/wp-content\/uploads\/sites\/3\/2019\/09\/Hondarribia-Parador-Guipozcoa-s.jpg",2000,1500,false],"ab-block-post-grid-landscape":["https:\/\/spanishcastlemoviemagic.com\/es\/wp-content\/uploads\/sites\/3\/2019\/09\/Hondarribia-Parador-Guipozcoa-s.jpg",533,400,false],"ab-block-post-grid-square":["https:\/\/spanishcastlemoviemagic.com\/es\/wp-content\/uploads\/sites\/3\/2019\/09\/Hondarribia-Parador-Guipozcoa-s.jpg",600,450,false]},"uagb_author_info":{"display_name":"admin","author_link":"https:\/\/spanishcastlemoviemagic.com\/es\/blog\/author\/cas-eggermontme-com\/"},"uagb_comment_info":0,"uagb_excerpt":"&#8220;\u00a1Olv\u00eddate de Francia, v\u00edstete!&#8221; Palabras que nos han servido a todos a lo largo de las d\u00e9cadas y que se [&hellip;]","_links":{"self":[{"href":"https:\/\/spanishcastlemoviemagic.com\/es\/wp-json\/wp\/v2\/pages\/2633","targetHints":{"allow":["GET"]}}],"collection":[{"href":"https:\/\/spanishcastlemoviemagic.com\/es\/wp-json\/wp\/v2\/pages"}],"about":[{"href":"https:\/\/spanishcastlemoviemagic.com\/es\/wp-json\/wp\/v2\/types\/page"}],"author":[{"embeddable":true,"href":"https:\/\/spanishcastlemoviemagic.com\/es\/wp-json\/wp\/v2\/users\/1"}],"replies":[{"embeddable":true,"href":"https:\/\/spanishcastlemoviemagic.com\/es\/wp-json\/wp\/v2\/comments?post=2633"}],"version-history":[{"count":1,"href":"https:\/\/spanishcastlemoviemagic.com\/es\/wp-json\/wp\/v2\/pages\/2633\/revisions"}],"predecessor-version":[{"id":3759,"href":"https:\/\/spanishcastlemoviemagic.com\/es\/wp-json\/wp\/v2\/pages\/2633\/revisions\/3759"}],"wp:featuredmedia":[{"embeddable":true,"href":"https:\/\/spanishcastlemoviemagic.com\/es\/wp-json\/wp\/v2\/media\/1169"}],"wp:attachment":[{"href":"https:\/\/spanishcastlemoviemagic.com\/es\/wp-json\/wp\/v2\/media?parent=2633"}],"curies":[{"name":"wp","href":"https:\/\/api.w.org\/{rel}","templated":true}]}}