{"id":2626,"date":"2019-09-15T14:25:41","date_gmt":"2019-09-15T14:25:41","guid":{"rendered":"https:\/\/spanishcastlemoviemagic.com\/es\/?page_id=2626"},"modified":"2019-09-23T15:47:20","modified_gmt":"2019-09-23T15:47:20","slug":"the-battle-of-britain-1969","status":"publish","type":"page","link":"https:\/\/spanishcastlemoviemagic.com\/es\/the-battle-of-britain-1969\/","title":{"rendered":"The Battle of Britain (1969)"},"content":{"rendered":"\n<p>Sorprendente\npero cierto.<\/p>\n\n\n\n<p>Todas\nlas escenas de los alemanes mirando con ganas al mar hacia Inglaterra mientras\nHitler prepara la invasi\u00f3n tras la ca\u00edda de Francia, fueron filmadas en Guip\u00fazcoa.\nCuando un oficial alem\u00e1n desciende en todoterreno hacia lo que se supone que es\nla zona de Calais, pasa por delante del castillo de San Telmo, situado al final\ndel puerto de Hondarribia.<\/p>\n\n\n\n<p>En\notra escena vemos a una ametralladora alemana mirando hacia abajo en un peque\u00f1o\npuerto. Se trata de Hondarribia, aunque desde entonces el puerto ha sido muy\nampliado.<\/p>\n\n\n\n<p>Junto al puerto podemos ver la bah\u00eda de Txingudi, y m\u00e1s all\u00e1, Hondarribia. En el mismo lugar veremos un avi\u00f3n alem\u00e1n encendido que regresa sin mucho \u00e9xito de la batalla a\u00e9rea de Inglaterra.<\/p>\n","protected":false},"excerpt":{"rendered":"<p>Sorprendente pero cierto. Todas las escenas de los alemanes mirando con ganas al mar hacia Inglaterra mientras Hitler prepara la [&hellip;]<\/p>\n","protected":false},"author":1,"featured_media":1171,"parent":0,"menu_order":0,"comment_status":"closed","ping_status":"closed","template":"","meta":{"_uag_custom_page_level_css":"","site-sidebar-layout":"default","site-content-layout":"","ast-site-content-layout":"default","site-content-style":"default","site-sidebar-style":"default","ast-global-header-display":"","ast-banner-title-visibility":"","ast-main-header-display":"","ast-hfb-above-header-display":"","ast-hfb-below-header-display":"","ast-hfb-mobile-header-display":"","site-post-title":"","ast-breadcrumbs-content":"","ast-featured-img":"","footer-sml-layout":"","ast-disable-related-posts":"","theme-transparent-header-meta":"","adv-header-id-meta":"","stick-header-meta":"","header-above-stick-meta":"","header-main-stick-meta":"","header-below-stick-meta":"","astra-migrate-meta-layouts":"default","ast-page-background-enabled":"default","ast-page-background-meta":{"desktop":{"background-color":"var(--ast-global-color-5)","background-image":"","background-repeat":"repeat","background-position":"center center","background-size":"auto","background-attachment":"scroll","background-type":"","background-media":"","overlay-type":"","overlay-color":"","overlay-opacity":"","overlay-gradient":""},"tablet":{"background-color":"","background-image":"","background-repeat":"repeat","background-position":"center center","background-size":"auto","background-attachment":"scroll","background-type":"","background-media":"","overlay-type":"","overlay-color":"","overlay-opacity":"","overlay-gradient":""},"mobile":{"background-color":"","background-image":"","background-repeat":"repeat","background-position":"center center","background-size":"auto","background-attachment":"scroll","background-type":"","background-media":"","overlay-type":"","overlay-color":"","overlay-opacity":"","overlay-gradient":""}},"ast-content-background-meta":{"desktop":{"background-color":"var(--ast-global-color-4)","background-image":"","background-repeat":"repeat","background-position":"center center","background-size":"auto","background-attachment":"scroll","background-type":"","background-media":"","overlay-type":"","overlay-color":"","overlay-opacity":"","overlay-gradient":""},"tablet":{"background-color":"var(--ast-global-color-4)","background-image":"","background-repeat":"repeat","background-position":"center center","background-size":"auto","background-attachment":"scroll","background-type":"","background-media":"","overlay-type":"","overlay-color":"","overlay-opacity":"","overlay-gradient":""},"mobile":{"background-color":"var(--ast-global-color-4)","background-image":"","background-repeat":"repeat","background-position":"center center","background-size":"auto","background-attachment":"scroll","background-type":"","background-media":"","overlay-type":"","overlay-color":"","overlay-opacity":"","overlay-gradient":""}},"footnotes":""},"class_list":["post-2626","page","type-page","status-publish","has-post-thumbnail","hentry"],"featured_image_src":"https:\/\/spanishcastlemoviemagic.com\/es\/wp-content\/uploads\/sites\/3\/2019\/09\/San-Telmo-Hondarribia-Guipozcoa-s.jpg","featured_image_src_square":"https:\/\/spanishcastlemoviemagic.com\/es\/wp-content\/uploads\/sites\/3\/2019\/09\/San-Telmo-Hondarribia-Guipozcoa-s.jpg","uagb_featured_image_src":{"full":["https:\/\/spanishcastlemoviemagic.com\/es\/wp-content\/uploads\/sites\/3\/2019\/09\/San-Telmo-Hondarribia-Guipozcoa-s.jpg",2000,1277,false],"thumbnail":["https:\/\/spanishcastlemoviemagic.com\/es\/wp-content\/uploads\/sites\/3\/2019\/09\/San-Telmo-Hondarribia-Guipozcoa-s-150x150.jpg",150,150,true],"medium":["https:\/\/spanishcastlemoviemagic.com\/es\/wp-content\/uploads\/sites\/3\/2019\/09\/San-Telmo-Hondarribia-Guipozcoa-s-300x192.jpg",300,192,true],"medium_large":["https:\/\/spanishcastlemoviemagic.com\/es\/wp-content\/uploads\/sites\/3\/2019\/09\/San-Telmo-Hondarribia-Guipozcoa-s-768x490.jpg",768,490,true],"large":["https:\/\/spanishcastlemoviemagic.com\/es\/wp-content\/uploads\/sites\/3\/2019\/09\/San-Telmo-Hondarribia-Guipozcoa-s-1024x654.jpg",1024,654,true],"1536x1536":["https:\/\/spanishcastlemoviemagic.com\/es\/wp-content\/uploads\/sites\/3\/2019\/09\/San-Telmo-Hondarribia-Guipozcoa-s.jpg",1536,981,false],"2048x2048":["https:\/\/spanishcastlemoviemagic.com\/es\/wp-content\/uploads\/sites\/3\/2019\/09\/San-Telmo-Hondarribia-Guipozcoa-s.jpg",2000,1277,false],"ab-block-post-grid-landscape":["https:\/\/spanishcastlemoviemagic.com\/es\/wp-content\/uploads\/sites\/3\/2019\/09\/San-Telmo-Hondarribia-Guipozcoa-s.jpg",600,383,false],"ab-block-post-grid-square":["https:\/\/spanishcastlemoviemagic.com\/es\/wp-content\/uploads\/sites\/3\/2019\/09\/San-Telmo-Hondarribia-Guipozcoa-s.jpg",600,383,false]},"uagb_author_info":{"display_name":"admin","author_link":"https:\/\/spanishcastlemoviemagic.com\/es\/blog\/author\/cas-eggermontme-com\/"},"uagb_comment_info":0,"uagb_excerpt":"Sorprendente pero cierto. Todas las escenas de los alemanes mirando con ganas al mar hacia Inglaterra mientras Hitler prepara la [&hellip;]","_links":{"self":[{"href":"https:\/\/spanishcastlemoviemagic.com\/es\/wp-json\/wp\/v2\/pages\/2626","targetHints":{"allow":["GET"]}}],"collection":[{"href":"https:\/\/spanishcastlemoviemagic.com\/es\/wp-json\/wp\/v2\/pages"}],"about":[{"href":"https:\/\/spanishcastlemoviemagic.com\/es\/wp-json\/wp\/v2\/types\/page"}],"author":[{"embeddable":true,"href":"https:\/\/spanishcastlemoviemagic.com\/es\/wp-json\/wp\/v2\/users\/1"}],"replies":[{"embeddable":true,"href":"https:\/\/spanishcastlemoviemagic.com\/es\/wp-json\/wp\/v2\/comments?post=2626"}],"version-history":[{"count":2,"href":"https:\/\/spanishcastlemoviemagic.com\/es\/wp-json\/wp\/v2\/pages\/2626\/revisions"}],"predecessor-version":[{"id":3765,"href":"https:\/\/spanishcastlemoviemagic.com\/es\/wp-json\/wp\/v2\/pages\/2626\/revisions\/3765"}],"wp:featuredmedia":[{"embeddable":true,"href":"https:\/\/spanishcastlemoviemagic.com\/es\/wp-json\/wp\/v2\/media\/1171"}],"wp:attachment":[{"href":"https:\/\/spanishcastlemoviemagic.com\/es\/wp-json\/wp\/v2\/media?parent=2626"}],"curies":[{"name":"wp","href":"https:\/\/api.w.org\/{rel}","templated":true}]}}