{"id":2542,"date":"2019-09-15T12:26:55","date_gmt":"2019-09-15T12:26:55","guid":{"rendered":"https:\/\/spanishcastlemoviemagic.com\/es\/?page_id=2542"},"modified":"2019-09-24T15:30:38","modified_gmt":"2019-09-24T15:30:38","slug":"patton-1970-tabernas","status":"publish","type":"page","link":"https:\/\/spanishcastlemoviemagic.com\/es\/patton-1970-tabernas\/","title":{"rendered":"Patton (1970) Tabernas"},"content":{"rendered":"\n<p>Para\nla filmaci\u00f3n de este cl\u00e1sico se utiliz\u00f3 diferentes localizaciones por toda\nEspa\u00f1a. Segovia proporcionaba palacios donde eran necesarios, e inevitablemente\nAlmer\u00eda se utilizaba para las secciones norteafricana y sicilianas. <\/p>\n\n\n\n<p>La\nbatalla de El Guettar tiene lugar en la Rambla del Buho, mientras que la Rambla\nde Benavides fue escenario de la desastrosa batalla del Paso de Kasserine.<\/p>\n\n\n\n<p>Esta\nbatalla abre la pel\u00edcula (inmediatamente despu\u00e9s del discurso de Patton frente\na la bandera) y las ruinas son las del castillo de Tabernas.<\/p>\n\n\n\n<p>Al\nparecer, cuando se estaba haciendo la pel\u00edcula, una de las puertas del castillo\nfue destruida y en el fondo del castillo se encontr\u00f3 un antiguo cementerio\n\u00e1rabe.<\/p>\n\n\n\n<p>El\ncastillo de Tabernas tuvo un segundo papel, como baluarte alem\u00e1n en Sicilia,\ndesde donde la artiller\u00eda aplast\u00f3 a las tropas del general Bradley,\nsacrificadas por la mayor gloria de Patton. El jeep de Bradley es destruido\ndurante esta escena, mientras el fuego cae desde el castillo.<\/p>\n","protected":false},"excerpt":{"rendered":"<p>Para la filmaci\u00f3n de este cl\u00e1sico se utiliz\u00f3 diferentes localizaciones por toda Espa\u00f1a. Segovia proporcionaba palacios donde eran necesarios, e [&hellip;]<\/p>\n","protected":false},"author":1,"featured_media":1407,"parent":0,"menu_order":0,"comment_status":"closed","ping_status":"closed","template":"","meta":{"_uag_custom_page_level_css":"","site-sidebar-layout":"default","site-content-layout":"","ast-site-content-layout":"default","site-content-style":"default","site-sidebar-style":"default","ast-global-header-display":"","ast-banner-title-visibility":"","ast-main-header-display":"","ast-hfb-above-header-display":"","ast-hfb-below-header-display":"","ast-hfb-mobile-header-display":"","site-post-title":"","ast-breadcrumbs-content":"","ast-featured-img":"","footer-sml-layout":"","ast-disable-related-posts":"","theme-transparent-header-meta":"","adv-header-id-meta":"","stick-header-meta":"","header-above-stick-meta":"","header-main-stick-meta":"","header-below-stick-meta":"","astra-migrate-meta-layouts":"default","ast-page-background-enabled":"default","ast-page-background-meta":{"desktop":{"background-color":"var(--ast-global-color-5)","background-image":"","background-repeat":"repeat","background-position":"center center","background-size":"auto","background-attachment":"scroll","background-type":"","background-media":"","overlay-type":"","overlay-color":"","overlay-opacity":"","overlay-gradient":""},"tablet":{"background-color":"","background-image":"","background-repeat":"repeat","background-position":"center center","background-size":"auto","background-attachment":"scroll","background-type":"","background-media":"","overlay-type":"","overlay-color":"","overlay-opacity":"","overlay-gradient":""},"mobile":{"background-color":"","background-image":"","background-repeat":"repeat","background-position":"center center","background-size":"auto","background-attachment":"scroll","background-type":"","background-media":"","overlay-type":"","overlay-color":"","overlay-opacity":"","overlay-gradient":""}},"ast-content-background-meta":{"desktop":{"background-color":"var(--ast-global-color-4)","background-image":"","background-repeat":"repeat","background-position":"center center","background-size":"auto","background-attachment":"scroll","background-type":"","background-media":"","overlay-type":"","overlay-color":"","overlay-opacity":"","overlay-gradient":""},"tablet":{"background-color":"var(--ast-global-color-4)","background-image":"","background-repeat":"repeat","background-position":"center center","background-size":"auto","background-attachment":"scroll","background-type":"","background-media":"","overlay-type":"","overlay-color":"","overlay-opacity":"","overlay-gradient":""},"mobile":{"background-color":"var(--ast-global-color-4)","background-image":"","background-repeat":"repeat","background-position":"center center","background-size":"auto","background-attachment":"scroll","background-type":"","background-media":"","overlay-type":"","overlay-color":"","overlay-opacity":"","overlay-gradient":""}},"footnotes":""},"class_list":["post-2542","page","type-page","status-publish","has-post-thumbnail","hentry"],"featured_image_src":"https:\/\/spanishcastlemoviemagic.com\/es\/wp-content\/uploads\/sites\/3\/2019\/09\/tabernas-almeria.jpg","featured_image_src_square":"https:\/\/spanishcastlemoviemagic.com\/es\/wp-content\/uploads\/sites\/3\/2019\/09\/tabernas-almeria.jpg","uagb_featured_image_src":{"full":["https:\/\/spanishcastlemoviemagic.com\/es\/wp-content\/uploads\/sites\/3\/2019\/09\/tabernas-almeria.jpg",1280,956,false],"thumbnail":["https:\/\/spanishcastlemoviemagic.com\/es\/wp-content\/uploads\/sites\/3\/2019\/09\/tabernas-almeria-150x150.jpg",150,150,true],"medium":["https:\/\/spanishcastlemoviemagic.com\/es\/wp-content\/uploads\/sites\/3\/2019\/09\/tabernas-almeria-300x224.jpg",300,224,true],"medium_large":["https:\/\/spanishcastlemoviemagic.com\/es\/wp-content\/uploads\/sites\/3\/2019\/09\/tabernas-almeria-768x574.jpg",768,574,true],"large":["https:\/\/spanishcastlemoviemagic.com\/es\/wp-content\/uploads\/sites\/3\/2019\/09\/tabernas-almeria-1024x765.jpg",1024,765,true],"1536x1536":["https:\/\/spanishcastlemoviemagic.com\/es\/wp-content\/uploads\/sites\/3\/2019\/09\/tabernas-almeria.jpg",1280,956,false],"2048x2048":["https:\/\/spanishcastlemoviemagic.com\/es\/wp-content\/uploads\/sites\/3\/2019\/09\/tabernas-almeria.jpg",1280,956,false],"ab-block-post-grid-landscape":["https:\/\/spanishcastlemoviemagic.com\/es\/wp-content\/uploads\/sites\/3\/2019\/09\/tabernas-almeria.jpg",536,400,false],"ab-block-post-grid-square":["https:\/\/spanishcastlemoviemagic.com\/es\/wp-content\/uploads\/sites\/3\/2019\/09\/tabernas-almeria.jpg",600,448,false]},"uagb_author_info":{"display_name":"admin","author_link":"https:\/\/spanishcastlemoviemagic.com\/es\/blog\/author\/cas-eggermontme-com\/"},"uagb_comment_info":0,"uagb_excerpt":"Para la filmaci\u00f3n de este cl\u00e1sico se utiliz\u00f3 diferentes localizaciones por toda Espa\u00f1a. Segovia proporcionaba palacios donde eran necesarios, e [&hellip;]","_links":{"self":[{"href":"https:\/\/spanishcastlemoviemagic.com\/es\/wp-json\/wp\/v2\/pages\/2542","targetHints":{"allow":["GET"]}}],"collection":[{"href":"https:\/\/spanishcastlemoviemagic.com\/es\/wp-json\/wp\/v2\/pages"}],"about":[{"href":"https:\/\/spanishcastlemoviemagic.com\/es\/wp-json\/wp\/v2\/types\/page"}],"author":[{"embeddable":true,"href":"https:\/\/spanishcastlemoviemagic.com\/es\/wp-json\/wp\/v2\/users\/1"}],"replies":[{"embeddable":true,"href":"https:\/\/spanishcastlemoviemagic.com\/es\/wp-json\/wp\/v2\/comments?post=2542"}],"version-history":[{"count":2,"href":"https:\/\/spanishcastlemoviemagic.com\/es\/wp-json\/wp\/v2\/pages\/2542\/revisions"}],"predecessor-version":[{"id":4118,"href":"https:\/\/spanishcastlemoviemagic.com\/es\/wp-json\/wp\/v2\/pages\/2542\/revisions\/4118"}],"wp:featuredmedia":[{"embeddable":true,"href":"https:\/\/spanishcastlemoviemagic.com\/es\/wp-json\/wp\/v2\/media\/1407"}],"wp:attachment":[{"href":"https:\/\/spanishcastlemoviemagic.com\/es\/wp-json\/wp\/v2\/media?parent=2542"}],"curies":[{"name":"wp","href":"https:\/\/api.w.org\/{rel}","templated":true}]}}