{"id":2534,"date":"2019-09-15T12:20:39","date_gmt":"2019-09-15T12:20:39","guid":{"rendered":"https:\/\/spanishcastlemoviemagic.com\/es\/?page_id=2534"},"modified":"2019-09-24T15:25:56","modified_gmt":"2019-09-24T15:25:56","slug":"how-i-won-the-war-1966","status":"publish","type":"page","link":"https:\/\/spanishcastlemoviemagic.com\/es\/how-i-won-the-war-1966\/","title":{"rendered":"How I Won the War (1966)"},"content":{"rendered":"\n<p>Dirigida\npor Richard Lester, que tambi\u00e9n dirigi\u00f3 las pel\u00edculas de los Beatles &#8216;A Hard\nDay&#8217;s Night&#8217; (en la que tambi\u00e9n apareci\u00f3 el coprotagonista de esta pel\u00edcula,\nRoy Kinnear), as\u00ed como &#8216;Help&#8217;, la pel\u00edcula es interesante ya que marc\u00f3 la\nprimera actuaci\u00f3n en pantalla de John Lennon siendo algo diferente a un Beatle.\n<\/p>\n\n\n\n<p>Lennon\ninterpret\u00f3 a un soldado de la Segunda Guerra Mundial, &#8216;Private Gripweed&#8217;, un\nnombre digno de su propia imaginaci\u00f3n.&nbsp;\nEsta tambi\u00e9n fue la primera vez que el p\u00fablico vio a Lennon usando sus\nanteojos de Abuela, o de Trotsky (sea cual sea tu preferencia).<\/p>\n\n\n\n<p>Muy\nlejos de casa y aburrido, Lennon escribi\u00f3 en Almer\u00eda una de sus canciones m\u00e1s\nemblem\u00e1ticas, &#8216;Strawberry Fields Forever\u2019. Strawberry Field (como realmente se\nle llama) era de hecho un orfanato cerca de su casa en Liverpool, en cuyo\njard\u00edn Lennon jugaba de ni\u00f1o.<\/p>\n\n\n\n<p>Las\nsecciones espa\u00f1olas de la pel\u00edcula, que supuestamente representaban el norte de\n\u00c1frica, de esta pel\u00edcula surrealista, divertida y con un serio mensaje antib\u00e9lico,\nse rodaron en Almeria. <\/p>\n\n\n\n<p>La\ntorre de Mesa Rold\u00e1n aparece brevemente cuando el exc\u00e9ntrico y pintoresco (o\nsanguinariamente loco), Grapple, interpretado por Michael Hordern, grita a sus\nhombres desde lo alto, inculcando disciplina militar y valores del cr\u00edquet.<\/p>\n\n\n\n<p>En\nla pel\u00edcula, el castillo parece ser una torre redonda porque se ve de lado,\naunque en realidad es considerablemente m\u00e1s grande cuando se ve de frente o de\nespaldas.<\/p>\n\n\n\n<p>Est\u00e1\nsituado en uno de los puntos m\u00e1s altos de la costa almeriense, en un\npromontorio cerca de un faro a pocos kil\u00f3metros al sur de Carboneras.<\/p>\n\n\n\n<p>Tambi\u00e9n\napareci\u00f3 en la sexta temporada de Game of Thrones, episodio 9, representando a\nMeeren.<\/p>\n","protected":false},"excerpt":{"rendered":"<p>Dirigida por Richard Lester, que tambi\u00e9n dirigi\u00f3 las pel\u00edculas de los Beatles &#8216;A Hard Day&#8217;s Night&#8217; (en la que tambi\u00e9n [&hellip;]<\/p>\n","protected":false},"author":1,"featured_media":1351,"parent":0,"menu_order":0,"comment_status":"closed","ping_status":"closed","template":"","meta":{"_uag_custom_page_level_css":"","site-sidebar-layout":"default","site-content-layout":"","ast-site-content-layout":"default","site-content-style":"default","site-sidebar-style":"default","ast-global-header-display":"","ast-banner-title-visibility":"","ast-main-header-display":"","ast-hfb-above-header-display":"","ast-hfb-below-header-display":"","ast-hfb-mobile-header-display":"","site-post-title":"","ast-breadcrumbs-content":"","ast-featured-img":"","footer-sml-layout":"","ast-disable-related-posts":"","theme-transparent-header-meta":"","adv-header-id-meta":"","stick-header-meta":"","header-above-stick-meta":"","header-main-stick-meta":"","header-below-stick-meta":"","astra-migrate-meta-layouts":"default","ast-page-background-enabled":"default","ast-page-background-meta":{"desktop":{"background-color":"var(--ast-global-color-5)","background-image":"","background-repeat":"repeat","background-position":"center center","background-size":"auto","background-attachment":"scroll","background-type":"","background-media":"","overlay-type":"","overlay-color":"","overlay-opacity":"","overlay-gradient":""},"tablet":{"background-color":"","background-image":"","background-repeat":"repeat","background-position":"center center","background-size":"auto","background-attachment":"scroll","background-type":"","background-media":"","overlay-type":"","overlay-color":"","overlay-opacity":"","overlay-gradient":""},"mobile":{"background-color":"","background-image":"","background-repeat":"repeat","background-position":"center center","background-size":"auto","background-attachment":"scroll","background-type":"","background-media":"","overlay-type":"","overlay-color":"","overlay-opacity":"","overlay-gradient":""}},"ast-content-background-meta":{"desktop":{"background-color":"var(--ast-global-color-4)","background-image":"","background-repeat":"repeat","background-position":"center center","background-size":"auto","background-attachment":"scroll","background-type":"","background-media":"","overlay-type":"","overlay-color":"","overlay-opacity":"","overlay-gradient":""},"tablet":{"background-color":"var(--ast-global-color-4)","background-image":"","background-repeat":"repeat","background-position":"center center","background-size":"auto","background-attachment":"scroll","background-type":"","background-media":"","overlay-type":"","overlay-color":"","overlay-opacity":"","overlay-gradient":""},"mobile":{"background-color":"var(--ast-global-color-4)","background-image":"","background-repeat":"repeat","background-position":"center center","background-size":"auto","background-attachment":"scroll","background-type":"","background-media":"","overlay-type":"","overlay-color":"","overlay-opacity":"","overlay-gradient":""}},"footnotes":""},"class_list":["post-2534","page","type-page","status-publish","has-post-thumbnail","hentry"],"featured_image_src":"https:\/\/spanishcastlemoviemagic.com\/es\/wp-content\/uploads\/sites\/3\/2019\/09\/Mesa-Roldan-almeria-s.jpg","featured_image_src_square":"https:\/\/spanishcastlemoviemagic.com\/es\/wp-content\/uploads\/sites\/3\/2019\/09\/Mesa-Roldan-almeria-s.jpg","uagb_featured_image_src":{"full":["https:\/\/spanishcastlemoviemagic.com\/es\/wp-content\/uploads\/sites\/3\/2019\/09\/Mesa-Roldan-almeria-s.jpg",2000,1500,false],"thumbnail":["https:\/\/spanishcastlemoviemagic.com\/es\/wp-content\/uploads\/sites\/3\/2019\/09\/Mesa-Roldan-almeria-s-150x150.jpg",150,150,true],"medium":["https:\/\/spanishcastlemoviemagic.com\/es\/wp-content\/uploads\/sites\/3\/2019\/09\/Mesa-Roldan-almeria-s-300x225.jpg",300,225,true],"medium_large":["https:\/\/spanishcastlemoviemagic.com\/es\/wp-content\/uploads\/sites\/3\/2019\/09\/Mesa-Roldan-almeria-s-768x576.jpg",768,576,true],"large":["https:\/\/spanishcastlemoviemagic.com\/es\/wp-content\/uploads\/sites\/3\/2019\/09\/Mesa-Roldan-almeria-s-1024x768.jpg",1024,768,true],"1536x1536":["https:\/\/spanishcastlemoviemagic.com\/es\/wp-content\/uploads\/sites\/3\/2019\/09\/Mesa-Roldan-almeria-s.jpg",1536,1152,false],"2048x2048":["https:\/\/spanishcastlemoviemagic.com\/es\/wp-content\/uploads\/sites\/3\/2019\/09\/Mesa-Roldan-almeria-s.jpg",2000,1500,false],"ab-block-post-grid-landscape":["https:\/\/spanishcastlemoviemagic.com\/es\/wp-content\/uploads\/sites\/3\/2019\/09\/Mesa-Roldan-almeria-s.jpg",533,400,false],"ab-block-post-grid-square":["https:\/\/spanishcastlemoviemagic.com\/es\/wp-content\/uploads\/sites\/3\/2019\/09\/Mesa-Roldan-almeria-s.jpg",600,450,false]},"uagb_author_info":{"display_name":"admin","author_link":"https:\/\/spanishcastlemoviemagic.com\/es\/blog\/author\/cas-eggermontme-com\/"},"uagb_comment_info":0,"uagb_excerpt":"Dirigida por Richard Lester, que tambi\u00e9n dirigi\u00f3 las pel\u00edculas de los Beatles &#8216;A Hard Day&#8217;s Night&#8217; (en la que tambi\u00e9n [&hellip;]","_links":{"self":[{"href":"https:\/\/spanishcastlemoviemagic.com\/es\/wp-json\/wp\/v2\/pages\/2534","targetHints":{"allow":["GET"]}}],"collection":[{"href":"https:\/\/spanishcastlemoviemagic.com\/es\/wp-json\/wp\/v2\/pages"}],"about":[{"href":"https:\/\/spanishcastlemoviemagic.com\/es\/wp-json\/wp\/v2\/types\/page"}],"author":[{"embeddable":true,"href":"https:\/\/spanishcastlemoviemagic.com\/es\/wp-json\/wp\/v2\/users\/1"}],"replies":[{"embeddable":true,"href":"https:\/\/spanishcastlemoviemagic.com\/es\/wp-json\/wp\/v2\/comments?post=2534"}],"version-history":[{"count":1,"href":"https:\/\/spanishcastlemoviemagic.com\/es\/wp-json\/wp\/v2\/pages\/2534\/revisions"}],"predecessor-version":[{"id":4117,"href":"https:\/\/spanishcastlemoviemagic.com\/es\/wp-json\/wp\/v2\/pages\/2534\/revisions\/4117"}],"wp:featuredmedia":[{"embeddable":true,"href":"https:\/\/spanishcastlemoviemagic.com\/es\/wp-json\/wp\/v2\/media\/1351"}],"wp:attachment":[{"href":"https:\/\/spanishcastlemoviemagic.com\/es\/wp-json\/wp\/v2\/media?parent=2534"}],"curies":[{"name":"wp","href":"https:\/\/api.w.org\/{rel}","templated":true}]}}