{"id":2494,"date":"2019-09-15T11:36:56","date_gmt":"2019-09-15T11:36:56","guid":{"rendered":"https:\/\/spanishcastlemoviemagic.com\/es\/?page_id=2494"},"modified":"2019-09-23T16:12:44","modified_gmt":"2019-09-23T16:12:44","slug":"rm-arcos-de-la-frontera","status":"publish","type":"page","link":"https:\/\/spanishcastlemoviemagic.com\/es\/rm-arcos-de-la-frontera\/","title":{"rendered":"RM Arcos de la Frontera"},"content":{"rendered":"<div data-label=\"About us\" data-id=\"about-image-section-pro\" data-category=\"about\" class=\"about-image-section-pro\" id=\"about-us-2\"  style=\"background-color: rgb(255, 255, 255);\">\n<div class=\"gridContainer\" >\n<div class=\"row about-image-gridcol-pro\" >\n<div class=\"about-image-textcol-pro\" data-type=\"column\" >\n<p class=\"\" >En 1264, tras una revuelta, los restantes habitantes \u00e1rabes fueron expulsados.<br ><br \/>\nEn el siglo XV la poderosa familia Ponce de Le\u00f3n se hizo con el castillo, cuya importancia disminuy\u00f3 con la conquista de Granada por los Reyes Cat\u00f3licos.<br ><br \/>\nEl castillo fue afectado por el gran terremoto de 1755, que destruy\u00f3 Lisboa.<br ><br \/>\nEntre 1809 y 1811 el castillo fue ocupado por tropas francesas durante la Guerra Napole\u00f3nica. Desde el castillo controlaban la actividad guerrillera en las monta\u00f1as de Ronda.<br ><br \/>\nComo regalo de despedida, volaron parte del castillo.<br ><br \/>\nEn 1922 el castillo fue subastado como ruina y Violeta Buck, hija del en\u00f3logo brit\u00e1nico Walter J. Buck (1843-1917), lo compr\u00f3.<br ><br \/>\nBuck dirig\u00eda las destiler\u00edas Sandeman &amp; Buck y fue pionero en la protecci\u00f3n de espacios naturales como Do\u00f1ana.<br ><br \/>\nVioleta se mud\u00f3 y comenz\u00f3 la restauraci\u00f3n del castillo.<\/p>\n<\/p><\/div>\n<div data-type=\"column\" class=\"\" >  <\/div>\n<\/p><\/div>\n<\/p><\/div>\n<\/p><\/div>\n","protected":false},"excerpt":{"rendered":"<p>En 1264, tras una revuelta, los restantes habitantes \u00e1rabes fueron expulsados. En el siglo XV la poderosa familia Ponce de [&hellip;]<\/p>\n","protected":false},"author":1,"featured_media":1357,"parent":0,"menu_order":0,"comment_status":"closed","ping_status":"closed","template":"full-width-page.php","meta":{"_uag_custom_page_level_css":"","site-sidebar-layout":"default","site-content-layout":"","ast-site-content-layout":"default","site-content-style":"default","site-sidebar-style":"default","ast-global-header-display":"","ast-banner-title-visibility":"","ast-main-header-display":"","ast-hfb-above-header-display":"","ast-hfb-below-header-display":"","ast-hfb-mobile-header-display":"","site-post-title":"","ast-breadcrumbs-content":"","ast-featured-img":"","footer-sml-layout":"","ast-disable-related-posts":"","theme-transparent-header-meta":"","adv-header-id-meta":"","stick-header-meta":"","header-above-stick-meta":"","header-main-stick-meta":"","header-below-stick-meta":"","astra-migrate-meta-layouts":"default","ast-page-background-enabled":"default","ast-page-background-meta":{"desktop":{"background-color":"var(--ast-global-color-5)","background-image":"","background-repeat":"repeat","background-position":"center center","background-size":"auto","background-attachment":"scroll","background-type":"","background-media":"","overlay-type":"","overlay-color":"","overlay-opacity":"","overlay-gradient":""},"tablet":{"background-color":"","background-image":"","background-repeat":"repeat","background-position":"center center","background-size":"auto","background-attachment":"scroll","background-type":"","background-media":"","overlay-type":"","overlay-color":"","overlay-opacity":"","overlay-gradient":""},"mobile":{"background-color":"","background-image":"","background-repeat":"repeat","background-position":"center center","background-size":"auto","background-attachment":"scroll","background-type":"","background-media":"","overlay-type":"","overlay-color":"","overlay-opacity":"","overlay-gradient":""}},"ast-content-background-meta":{"desktop":{"background-color":"var(--ast-global-color-4)","background-image":"","background-repeat":"repeat","background-position":"center center","background-size":"auto","background-attachment":"scroll","background-type":"","background-media":"","overlay-type":"","overlay-color":"","overlay-opacity":"","overlay-gradient":""},"tablet":{"background-color":"var(--ast-global-color-4)","background-image":"","background-repeat":"repeat","background-position":"center center","background-size":"auto","background-attachment":"scroll","background-type":"","background-media":"","overlay-type":"","overlay-color":"","overlay-opacity":"","overlay-gradient":""},"mobile":{"background-color":"var(--ast-global-color-4)","background-image":"","background-repeat":"repeat","background-position":"center center","background-size":"auto","background-attachment":"scroll","background-type":"","background-media":"","overlay-type":"","overlay-color":"","overlay-opacity":"","overlay-gradient":""}},"footnotes":""},"class_list":["post-2494","page","type-page","status-publish","has-post-thumbnail","hentry"],"featured_image_src":"https:\/\/spanishcastlemoviemagic.com\/es\/wp-content\/uploads\/sites\/3\/2019\/09\/Arcos-de-la-Frontera-cadiz-s-1.jpg","featured_image_src_square":"https:\/\/spanishcastlemoviemagic.com\/es\/wp-content\/uploads\/sites\/3\/2019\/09\/Arcos-de-la-Frontera-cadiz-s-1.jpg","uagb_featured_image_src":{"full":["https:\/\/spanishcastlemoviemagic.com\/es\/wp-content\/uploads\/sites\/3\/2019\/09\/Arcos-de-la-Frontera-cadiz-s-1.jpg",2000,1500,false],"thumbnail":["https:\/\/spanishcastlemoviemagic.com\/es\/wp-content\/uploads\/sites\/3\/2019\/09\/Arcos-de-la-Frontera-cadiz-s-1-150x150.jpg",150,150,true],"medium":["https:\/\/spanishcastlemoviemagic.com\/es\/wp-content\/uploads\/sites\/3\/2019\/09\/Arcos-de-la-Frontera-cadiz-s-1-300x225.jpg",300,225,true],"medium_large":["https:\/\/spanishcastlemoviemagic.com\/es\/wp-content\/uploads\/sites\/3\/2019\/09\/Arcos-de-la-Frontera-cadiz-s-1-768x576.jpg",768,576,true],"large":["https:\/\/spanishcastlemoviemagic.com\/es\/wp-content\/uploads\/sites\/3\/2019\/09\/Arcos-de-la-Frontera-cadiz-s-1-1024x768.jpg",1024,768,true],"1536x1536":["https:\/\/spanishcastlemoviemagic.com\/es\/wp-content\/uploads\/sites\/3\/2019\/09\/Arcos-de-la-Frontera-cadiz-s-1.jpg",1536,1152,false],"2048x2048":["https:\/\/spanishcastlemoviemagic.com\/es\/wp-content\/uploads\/sites\/3\/2019\/09\/Arcos-de-la-Frontera-cadiz-s-1.jpg",2000,1500,false],"ab-block-post-grid-landscape":["https:\/\/spanishcastlemoviemagic.com\/es\/wp-content\/uploads\/sites\/3\/2019\/09\/Arcos-de-la-Frontera-cadiz-s-1.jpg",533,400,false],"ab-block-post-grid-square":["https:\/\/spanishcastlemoviemagic.com\/es\/wp-content\/uploads\/sites\/3\/2019\/09\/Arcos-de-la-Frontera-cadiz-s-1.jpg",600,450,false]},"uagb_author_info":{"display_name":"admin","author_link":"https:\/\/spanishcastlemoviemagic.com\/es\/blog\/author\/cas-eggermontme-com\/"},"uagb_comment_info":0,"uagb_excerpt":"En 1264, tras una revuelta, los restantes habitantes \u00e1rabes fueron expulsados. En el siglo XV la poderosa familia Ponce de [&hellip;]","_links":{"self":[{"href":"https:\/\/spanishcastlemoviemagic.com\/es\/wp-json\/wp\/v2\/pages\/2494","targetHints":{"allow":["GET"]}}],"collection":[{"href":"https:\/\/spanishcastlemoviemagic.com\/es\/wp-json\/wp\/v2\/pages"}],"about":[{"href":"https:\/\/spanishcastlemoviemagic.com\/es\/wp-json\/wp\/v2\/types\/page"}],"author":[{"embeddable":true,"href":"https:\/\/spanishcastlemoviemagic.com\/es\/wp-json\/wp\/v2\/users\/1"}],"replies":[{"embeddable":true,"href":"https:\/\/spanishcastlemoviemagic.com\/es\/wp-json\/wp\/v2\/comments?post=2494"}],"version-history":[{"count":2,"href":"https:\/\/spanishcastlemoviemagic.com\/es\/wp-json\/wp\/v2\/pages\/2494\/revisions"}],"predecessor-version":[{"id":3824,"href":"https:\/\/spanishcastlemoviemagic.com\/es\/wp-json\/wp\/v2\/pages\/2494\/revisions\/3824"}],"wp:featuredmedia":[{"embeddable":true,"href":"https:\/\/spanishcastlemoviemagic.com\/es\/wp-json\/wp\/v2\/media\/1357"}],"wp:attachment":[{"href":"https:\/\/spanishcastlemoviemagic.com\/es\/wp-json\/wp\/v2\/media?parent=2494"}],"curies":[{"name":"wp","href":"https:\/\/api.w.org\/{rel}","templated":true}]}}