{"id":2380,"date":"2019-09-14T12:05:42","date_gmt":"2019-09-14T12:05:42","guid":{"rendered":"https:\/\/spanishcastlemoviemagic.com\/es\/?page_id=2380"},"modified":"2021-05-31T13:16:32","modified_gmt":"2021-05-31T13:16:32","slug":"el-cid-1961-valladolid","status":"publish","type":"page","link":"https:\/\/spanishcastlemoviemagic.com\/es\/el-cid-1961-valladolid\/","title":{"rendered":"El Cid (1961) Valladolid"},"content":{"rendered":"\n<p>A\nmenudo es dif\u00edcil averiguar qui\u00e9nes son los malos en esta pel\u00edcula, ya que\nalgunos de los moros luchan en el lado cristiano para ayudar a un rey cristiano\ncuyos descendientes m\u00e1s tarde los expulsar\u00e1n de Espa\u00f1a. <\/p>\n\n\n\n<p>Afortunadamente\nhay un moro (Herbert Lom) que se viste de negro, haciendo las cosas mucho m\u00e1s\nsencillas; aunque en el lado cristiano tenemos a la hermana mala Urraca, que no\npuede decidir de qu\u00e9 lado est\u00e1 y ayuda a que maten a un hermano para ayudar al\notro hermano, que empieza siendo malo, pero que m\u00e1s tarde, a trav\u00e9s del ejemplo\nde El Cid, se convierte en un rey bueno y sabio, Alfonso VI.<\/p>\n\n\n\n<p>El\nCid; Rodrigo Viar era de Biar, en la provincia de Burgos, y es all\u00ed donde\nregresa con sus prisioneros moros para enfrentarse a una turba homicida de\npaisanos y a un enviado del rey, vestido de negro para que sepamos que desde el\nprincipio no hace nada bueno, aunque m\u00e1s tarde se redima.<\/p>\n\n\n\n<p>Biar\nes Torrelobat\u00f3n, y el Castillo de Torrelobat\u00f3n, celebr\u00f3 uno de los mayores\nacontecimientos de la historia de este peque\u00f1o pueblo, en el que 350 personas\nde la localidad participaron en la pel\u00edcula como figurantes. <\/p>\n\n\n\n<p>Adem\u00e1s\nde las 350 buenas personas de Torrelobat\u00f3n, un buen n\u00famero de soldados\nespa\u00f1oles a caballo del regimiento de Farnesio participaron en la pel\u00edcula. A\nlos caballos se les pagaba vergonzosamente con heno.<\/p>\n\n\n\n<p>El\nCid demuestra que no es como los dem\u00e1s hombres, y que prefiere vivir en paz que\ncolgar a sus enemigos. En esto es una minor\u00eda en la pel\u00edcula.<\/p>\n\n\n\n<p><\/p>\n","protected":false},"excerpt":{"rendered":"<p>A menudo es dif\u00edcil averiguar qui\u00e9nes son los malos en esta pel\u00edcula, ya que algunos de los moros luchan en [&hellip;]<\/p>\n","protected":false},"author":1,"featured_media":1161,"parent":0,"menu_order":0,"comment_status":"closed","ping_status":"closed","template":"","meta":{"_uag_custom_page_level_css":"","site-sidebar-layout":"default","site-content-layout":"","ast-site-content-layout":"default","site-content-style":"default","site-sidebar-style":"default","ast-global-header-display":"","ast-banner-title-visibility":"","ast-main-header-display":"","ast-hfb-above-header-display":"","ast-hfb-below-header-display":"","ast-hfb-mobile-header-display":"","site-post-title":"","ast-breadcrumbs-content":"","ast-featured-img":"","footer-sml-layout":"","ast-disable-related-posts":"","theme-transparent-header-meta":"","adv-header-id-meta":"","stick-header-meta":"","header-above-stick-meta":"","header-main-stick-meta":"","header-below-stick-meta":"","astra-migrate-meta-layouts":"default","ast-page-background-enabled":"default","ast-page-background-meta":{"desktop":{"background-color":"var(--ast-global-color-5)","background-image":"","background-repeat":"repeat","background-position":"center center","background-size":"auto","background-attachment":"scroll","background-type":"","background-media":"","overlay-type":"","overlay-color":"","overlay-opacity":"","overlay-gradient":""},"tablet":{"background-color":"","background-image":"","background-repeat":"repeat","background-position":"center center","background-size":"auto","background-attachment":"scroll","background-type":"","background-media":"","overlay-type":"","overlay-color":"","overlay-opacity":"","overlay-gradient":""},"mobile":{"background-color":"","background-image":"","background-repeat":"repeat","background-position":"center center","background-size":"auto","background-attachment":"scroll","background-type":"","background-media":"","overlay-type":"","overlay-color":"","overlay-opacity":"","overlay-gradient":""}},"ast-content-background-meta":{"desktop":{"background-color":"var(--ast-global-color-4)","background-image":"","background-repeat":"repeat","background-position":"center center","background-size":"auto","background-attachment":"scroll","background-type":"","background-media":"","overlay-type":"","overlay-color":"","overlay-opacity":"","overlay-gradient":""},"tablet":{"background-color":"var(--ast-global-color-4)","background-image":"","background-repeat":"repeat","background-position":"center center","background-size":"auto","background-attachment":"scroll","background-type":"","background-media":"","overlay-type":"","overlay-color":"","overlay-opacity":"","overlay-gradient":""},"mobile":{"background-color":"var(--ast-global-color-4)","background-image":"","background-repeat":"repeat","background-position":"center center","background-size":"auto","background-attachment":"scroll","background-type":"","background-media":"","overlay-type":"","overlay-color":"","overlay-opacity":"","overlay-gradient":""}},"footnotes":""},"class_list":["post-2380","page","type-page","status-publish","has-post-thumbnail","hentry"],"featured_image_src":"https:\/\/spanishcastlemoviemagic.com\/es\/wp-content\/uploads\/sites\/3\/2019\/09\/TORRELOBAToN-valladolid.jpg","featured_image_src_square":"https:\/\/spanishcastlemoviemagic.com\/es\/wp-content\/uploads\/sites\/3\/2019\/09\/TORRELOBAToN-valladolid.jpg","uagb_featured_image_src":{"full":["https:\/\/spanishcastlemoviemagic.com\/es\/wp-content\/uploads\/sites\/3\/2019\/09\/TORRELOBAToN-valladolid.jpg",4482,2927,false],"thumbnail":["https:\/\/spanishcastlemoviemagic.com\/es\/wp-content\/uploads\/sites\/3\/2019\/09\/TORRELOBAToN-valladolid-150x150.jpg",150,150,true],"medium":["https:\/\/spanishcastlemoviemagic.com\/es\/wp-content\/uploads\/sites\/3\/2019\/09\/TORRELOBAToN-valladolid-300x196.jpg",300,196,true],"medium_large":["https:\/\/spanishcastlemoviemagic.com\/es\/wp-content\/uploads\/sites\/3\/2019\/09\/TORRELOBAToN-valladolid-768x502.jpg",768,502,true],"large":["https:\/\/spanishcastlemoviemagic.com\/es\/wp-content\/uploads\/sites\/3\/2019\/09\/TORRELOBAToN-valladolid-1024x669.jpg",1024,669,true],"1536x1536":["https:\/\/spanishcastlemoviemagic.com\/es\/wp-content\/uploads\/sites\/3\/2019\/09\/TORRELOBAToN-valladolid.jpg",1536,1003,false],"2048x2048":["https:\/\/spanishcastlemoviemagic.com\/es\/wp-content\/uploads\/sites\/3\/2019\/09\/TORRELOBAToN-valladolid.jpg",2048,1337,false],"ab-block-post-grid-landscape":["https:\/\/spanishcastlemoviemagic.com\/es\/wp-content\/uploads\/sites\/3\/2019\/09\/TORRELOBAToN-valladolid.jpg",600,392,false],"ab-block-post-grid-square":["https:\/\/spanishcastlemoviemagic.com\/es\/wp-content\/uploads\/sites\/3\/2019\/09\/TORRELOBAToN-valladolid.jpg",600,392,false]},"uagb_author_info":{"display_name":"admin","author_link":"https:\/\/spanishcastlemoviemagic.com\/es\/blog\/author\/cas-eggermontme-com\/"},"uagb_comment_info":0,"uagb_excerpt":"A menudo es dif\u00edcil averiguar qui\u00e9nes son los malos en esta pel\u00edcula, ya que algunos de los moros luchan en [&hellip;]","_links":{"self":[{"href":"https:\/\/spanishcastlemoviemagic.com\/es\/wp-json\/wp\/v2\/pages\/2380","targetHints":{"allow":["GET"]}}],"collection":[{"href":"https:\/\/spanishcastlemoviemagic.com\/es\/wp-json\/wp\/v2\/pages"}],"about":[{"href":"https:\/\/spanishcastlemoviemagic.com\/es\/wp-json\/wp\/v2\/types\/page"}],"author":[{"embeddable":true,"href":"https:\/\/spanishcastlemoviemagic.com\/es\/wp-json\/wp\/v2\/users\/1"}],"replies":[{"embeddable":true,"href":"https:\/\/spanishcastlemoviemagic.com\/es\/wp-json\/wp\/v2\/comments?post=2380"}],"version-history":[{"count":1,"href":"https:\/\/spanishcastlemoviemagic.com\/es\/wp-json\/wp\/v2\/pages\/2380\/revisions"}],"predecessor-version":[{"id":3986,"href":"https:\/\/spanishcastlemoviemagic.com\/es\/wp-json\/wp\/v2\/pages\/2380\/revisions\/3986"}],"wp:featuredmedia":[{"embeddable":true,"href":"https:\/\/spanishcastlemoviemagic.com\/es\/wp-json\/wp\/v2\/media\/1161"}],"wp:attachment":[{"href":"https:\/\/spanishcastlemoviemagic.com\/es\/wp-json\/wp\/v2\/media?parent=2380"}],"curies":[{"name":"wp","href":"https:\/\/api.w.org\/{rel}","templated":true}]}}