{"id":228,"date":"2019-09-03T23:01:10","date_gmt":"2019-09-03T23:01:10","guid":{"rendered":"https:\/\/spanishcastlemoviemagic.com\/es\/?page_id=228"},"modified":"2019-09-24T08:52:27","modified_gmt":"2019-09-24T08:52:27","slug":"love-and-pain-and-the-whole-damn-thing-1973","status":"publish","type":"page","link":"https:\/\/spanishcastlemoviemagic.com\/es\/love-and-pain-and-the-whole-damn-thing-1973\/","title":{"rendered":"Love and Pain and the Whole Damn Thing (1973)"},"content":{"rendered":"\n<p>El\ncastillo aparece en un momento clave de la pel\u00edcula; a medida que el amor\ncomienza a florecer entre la pareja disfuncional, Maggie Smith y Timothy\nBottoms. Ellos deambulan entre las ruinas hist\u00f3ricas del castillo, donde un\ngu\u00eda nos dice que el Duque Infantado (de la familia Mendoza) lo construy\u00f3 para\nsu esposa, aunque nunca vivieron para disfrutarlo; sentando las bases para\nSmith y Bottoms, cuyo amor tampoco tiene futuro, aparte de algo de sexo en una\ncaravana.<\/p>\n\n\n\n<p>Su\ngira por Espa\u00f1a es tambi\u00e9n disfuncional, ya que es en Manzanares donde\nrealmente se encuentran, seg\u00fan el gu\u00eda ciclista americano, y donde Bottoms\nabandona su gira y sube al autob\u00fas de Smith al salir de la ciudad, por lo que\nno est\u00e1 claro por qu\u00e9 m\u00e1s tarde, despu\u00e9s de un desv\u00edo al Palacio Real de El\nEscorial, deber\u00edan volver a Manzanares para visitar el castillo al d\u00eda\nsiguiente.<\/p>\n\n\n\n<p>El\namor crece a medida que suben al castillo, en gran parte abandonado, y terminan\nmirando por una ventana ornamentada hacia el embalse de Santillana.<\/p>\n","protected":false},"excerpt":{"rendered":"<p>El castillo aparece en un momento clave de la pel\u00edcula; a medida que el amor comienza a florecer entre la [&hellip;]<\/p>\n","protected":false},"author":1,"featured_media":152,"parent":0,"menu_order":0,"comment_status":"closed","ping_status":"closed","template":"full-width-page.php","meta":{"_uag_custom_page_level_css":"","site-sidebar-layout":"default","site-content-layout":"","ast-site-content-layout":"default","site-content-style":"default","site-sidebar-style":"default","ast-global-header-display":"","ast-banner-title-visibility":"","ast-main-header-display":"","ast-hfb-above-header-display":"","ast-hfb-below-header-display":"","ast-hfb-mobile-header-display":"","site-post-title":"","ast-breadcrumbs-content":"","ast-featured-img":"","footer-sml-layout":"","ast-disable-related-posts":"","theme-transparent-header-meta":"","adv-header-id-meta":"","stick-header-meta":"","header-above-stick-meta":"","header-main-stick-meta":"","header-below-stick-meta":"","astra-migrate-meta-layouts":"default","ast-page-background-enabled":"default","ast-page-background-meta":{"desktop":{"background-color":"var(--ast-global-color-5)","background-image":"","background-repeat":"repeat","background-position":"center center","background-size":"auto","background-attachment":"scroll","background-type":"","background-media":"","overlay-type":"","overlay-color":"","overlay-opacity":"","overlay-gradient":""},"tablet":{"background-color":"","background-image":"","background-repeat":"repeat","background-position":"center center","background-size":"auto","background-attachment":"scroll","background-type":"","background-media":"","overlay-type":"","overlay-color":"","overlay-opacity":"","overlay-gradient":""},"mobile":{"background-color":"","background-image":"","background-repeat":"repeat","background-position":"center center","background-size":"auto","background-attachment":"scroll","background-type":"","background-media":"","overlay-type":"","overlay-color":"","overlay-opacity":"","overlay-gradient":""}},"ast-content-background-meta":{"desktop":{"background-color":"var(--ast-global-color-4)","background-image":"","background-repeat":"repeat","background-position":"center center","background-size":"auto","background-attachment":"scroll","background-type":"","background-media":"","overlay-type":"","overlay-color":"","overlay-opacity":"","overlay-gradient":""},"tablet":{"background-color":"var(--ast-global-color-4)","background-image":"","background-repeat":"repeat","background-position":"center center","background-size":"auto","background-attachment":"scroll","background-type":"","background-media":"","overlay-type":"","overlay-color":"","overlay-opacity":"","overlay-gradient":""},"mobile":{"background-color":"var(--ast-global-color-4)","background-image":"","background-repeat":"repeat","background-position":"center center","background-size":"auto","background-attachment":"scroll","background-type":"","background-media":"","overlay-type":"","overlay-color":"","overlay-opacity":"","overlay-gradient":""}},"footnotes":""},"class_list":["post-228","page","type-page","status-publish","has-post-thumbnail","hentry"],"featured_image_src":"https:\/\/spanishcastlemoviemagic.com\/es\/wp-content\/uploads\/sites\/3\/2019\/09\/manzanares-madrid-s.jpg","featured_image_src_square":"https:\/\/spanishcastlemoviemagic.com\/es\/wp-content\/uploads\/sites\/3\/2019\/09\/manzanares-madrid-s.jpg","uagb_featured_image_src":{"full":["https:\/\/spanishcastlemoviemagic.com\/es\/wp-content\/uploads\/sites\/3\/2019\/09\/manzanares-madrid-s.jpg",2000,1333,false],"thumbnail":["https:\/\/spanishcastlemoviemagic.com\/es\/wp-content\/uploads\/sites\/3\/2019\/09\/manzanares-madrid-s-150x150.jpg",150,150,true],"medium":["https:\/\/spanishcastlemoviemagic.com\/es\/wp-content\/uploads\/sites\/3\/2019\/09\/manzanares-madrid-s-300x200.jpg",300,200,true],"medium_large":["https:\/\/spanishcastlemoviemagic.com\/es\/wp-content\/uploads\/sites\/3\/2019\/09\/manzanares-madrid-s-768x512.jpg",768,512,true],"large":["https:\/\/spanishcastlemoviemagic.com\/es\/wp-content\/uploads\/sites\/3\/2019\/09\/manzanares-madrid-s-1024x682.jpg",1024,682,true],"1536x1536":["https:\/\/spanishcastlemoviemagic.com\/es\/wp-content\/uploads\/sites\/3\/2019\/09\/manzanares-madrid-s.jpg",1536,1024,false],"2048x2048":["https:\/\/spanishcastlemoviemagic.com\/es\/wp-content\/uploads\/sites\/3\/2019\/09\/manzanares-madrid-s.jpg",2000,1333,false],"ab-block-post-grid-landscape":["https:\/\/spanishcastlemoviemagic.com\/es\/wp-content\/uploads\/sites\/3\/2019\/09\/manzanares-madrid-s.jpg",600,400,false],"ab-block-post-grid-square":["https:\/\/spanishcastlemoviemagic.com\/es\/wp-content\/uploads\/sites\/3\/2019\/09\/manzanares-madrid-s.jpg",600,400,false]},"uagb_author_info":{"display_name":"admin","author_link":"https:\/\/spanishcastlemoviemagic.com\/es\/blog\/author\/cas-eggermontme-com\/"},"uagb_comment_info":0,"uagb_excerpt":"El castillo aparece en un momento clave de la pel\u00edcula; a medida que el amor comienza a florecer entre la [&hellip;]","_links":{"self":[{"href":"https:\/\/spanishcastlemoviemagic.com\/es\/wp-json\/wp\/v2\/pages\/228","targetHints":{"allow":["GET"]}}],"collection":[{"href":"https:\/\/spanishcastlemoviemagic.com\/es\/wp-json\/wp\/v2\/pages"}],"about":[{"href":"https:\/\/spanishcastlemoviemagic.com\/es\/wp-json\/wp\/v2\/types\/page"}],"author":[{"embeddable":true,"href":"https:\/\/spanishcastlemoviemagic.com\/es\/wp-json\/wp\/v2\/users\/1"}],"replies":[{"embeddable":true,"href":"https:\/\/spanishcastlemoviemagic.com\/es\/wp-json\/wp\/v2\/comments?post=228"}],"version-history":[{"count":1,"href":"https:\/\/spanishcastlemoviemagic.com\/es\/wp-json\/wp\/v2\/pages\/228\/revisions"}],"predecessor-version":[{"id":3975,"href":"https:\/\/spanishcastlemoviemagic.com\/es\/wp-json\/wp\/v2\/pages\/228\/revisions\/3975"}],"wp:featuredmedia":[{"embeddable":true,"href":"https:\/\/spanishcastlemoviemagic.com\/es\/wp-json\/wp\/v2\/media\/152"}],"wp:attachment":[{"href":"https:\/\/spanishcastlemoviemagic.com\/es\/wp-json\/wp\/v2\/media?parent=228"}],"curies":[{"name":"wp","href":"https:\/\/api.w.org\/{rel}","templated":true}]}}