{"id":2229,"date":"2019-09-12T17:33:18","date_gmt":"2019-09-12T17:33:18","guid":{"rendered":"https:\/\/spanishcastlemoviemagic.com\/es\/?page_id=2229"},"modified":"2019-09-23T15:59:11","modified_gmt":"2019-09-23T15:59:11","slug":"pandora-and-the-flying-dutchman-1951","status":"publish","type":"page","link":"https:\/\/spanishcastlemoviemagic.com\/es\/pandora-and-the-flying-dutchman-1951\/","title":{"rendered":"Pandora and the Flying Dutchman (1951)"},"content":{"rendered":"\n<p>En\nlos terrenos del castillo de Tossa de Mar es de esperar encontrar a alguien m\u00e1s\nbelicosa mirando desde las alturas hacia el mar, como si esperara invasi\u00f3n,\npillaje y saqueo, como de costumbre.<\/p>\n\n\n\n<p>En\ncambio, lo que encontrar\u00e1s es una estatua de Ava Gardner, escasamente vestida y\ncomo si estuviera esperando el \u201ccorte\u201d del director hasta la eternidad. <\/p>\n\n\n\n<p>Ava\nlleg\u00f3 en abril de 1950, junto a James Mason y director Albert Lewin, para\nfilmar &#8216;Pandora and the Flying Dutchman&#8217;.<\/p>\n\n\n\n<p>As\u00ed\ncomo en el puerto de Barcelona una estatua de Crist\u00f3bal Col\u00f3n mira hacia el\nmar, as\u00ed tambi\u00e9n desde las alturas del castillo de Vila Vella en la Tossa de\nMar, Ava mira al mar desde el a\u00f1o 2000.<\/p>\n\n\n\n<p>Puede\nser que Gardner fuera el mejor animal para el trabajo, o que los estudios hayan\nquerido poner distancia entre ella y su amante casado Frank Sinatra.<\/p>\n\n\n\n<p>Cualquiera\nque sea la raz\u00f3n, Gardner pas\u00f3 la mayor parte de su tiempo filmando las escenas\nde playa de El Castell entre Tossa de Mar y Palam\u00f3s, mientras que en las\nescenas interiores los actores miraban abajo a la playa detr\u00e1s de las\nemblem\u00e1ticas torres del castillo; una toma imposible de hecho.<\/p>\n\n\n\n<p>El\namante del arte, el director norteamericano Albert Lewin, se hizo con los servicios\ndel pintor surrealista Man Ray para los decorados, incluido un juego de\najedrez, de una pel\u00edcula rodada en la ciudad donde Chagall hab\u00eda vivido en los\na\u00f1os treinta.<\/p>\n\n\n\n<p>La\nhistoria se desarrolla en Espa\u00f1a, en el puerto mar\u00edtimo de &#8216;Esperanza&#8217;, donde\nel fantasma del desesperado Holand\u00e9s Errante, interpretado espectralmente por\nJames Mason, se convierte en el objeto de deseo de Ava, cuando no est\u00e1\nseduciendo a su par diario de toreros antes del desayuno.<\/p>\n\n\n\n<p>Las\nfotos de Sinatra, acompa\u00f1adas por el m\u00fasico James Van Heusen visitando el\ncastillo de Villa Vella, abundan en Tossa, al igual que los rumores y la\ndesinformaci\u00f3n. <\/p>\n\n\n\n<p>En\nel Hotel Tonet, en la Pla\u00e7a Esgl\u00e9sia, todav\u00eda se pueden ver fotos de la\nestancia de Ava en Tossa.<\/p>\n\n\n\n<p>La\npel\u00edcula lanz\u00f3 Tossa como una atracci\u00f3n tur\u00edstica, y Girona, donde Gardner se\naloj\u00f3 en el Hotel Peninsular, cuenta ahora con un Museo del Cine, que\nprobablemente no es ajeno a los acontecimientos que tuvieron lugar all\u00ed durante\nla primavera de 1950.<\/p>\n","protected":false},"excerpt":{"rendered":"<p>En los terrenos del castillo de Tossa de Mar es de esperar encontrar a alguien m\u00e1s belicosa mirando desde las [&hellip;]<\/p>\n","protected":false},"author":1,"featured_media":1168,"parent":0,"menu_order":0,"comment_status":"closed","ping_status":"closed","template":"","meta":{"_uag_custom_page_level_css":"","site-sidebar-layout":"default","site-content-layout":"","ast-site-content-layout":"default","site-content-style":"default","site-sidebar-style":"default","ast-global-header-display":"","ast-banner-title-visibility":"","ast-main-header-display":"","ast-hfb-above-header-display":"","ast-hfb-below-header-display":"","ast-hfb-mobile-header-display":"","site-post-title":"","ast-breadcrumbs-content":"","ast-featured-img":"","footer-sml-layout":"","ast-disable-related-posts":"","theme-transparent-header-meta":"","adv-header-id-meta":"","stick-header-meta":"","header-above-stick-meta":"","header-main-stick-meta":"","header-below-stick-meta":"","astra-migrate-meta-layouts":"default","ast-page-background-enabled":"default","ast-page-background-meta":{"desktop":{"background-color":"var(--ast-global-color-5)","background-image":"","background-repeat":"repeat","background-position":"center center","background-size":"auto","background-attachment":"scroll","background-type":"","background-media":"","overlay-type":"","overlay-color":"","overlay-opacity":"","overlay-gradient":""},"tablet":{"background-color":"","background-image":"","background-repeat":"repeat","background-position":"center center","background-size":"auto","background-attachment":"scroll","background-type":"","background-media":"","overlay-type":"","overlay-color":"","overlay-opacity":"","overlay-gradient":""},"mobile":{"background-color":"","background-image":"","background-repeat":"repeat","background-position":"center center","background-size":"auto","background-attachment":"scroll","background-type":"","background-media":"","overlay-type":"","overlay-color":"","overlay-opacity":"","overlay-gradient":""}},"ast-content-background-meta":{"desktop":{"background-color":"var(--ast-global-color-4)","background-image":"","background-repeat":"repeat","background-position":"center center","background-size":"auto","background-attachment":"scroll","background-type":"","background-media":"","overlay-type":"","overlay-color":"","overlay-opacity":"","overlay-gradient":""},"tablet":{"background-color":"var(--ast-global-color-4)","background-image":"","background-repeat":"repeat","background-position":"center center","background-size":"auto","background-attachment":"scroll","background-type":"","background-media":"","overlay-type":"","overlay-color":"","overlay-opacity":"","overlay-gradient":""},"mobile":{"background-color":"var(--ast-global-color-4)","background-image":"","background-repeat":"repeat","background-position":"center center","background-size":"auto","background-attachment":"scroll","background-type":"","background-media":"","overlay-type":"","overlay-color":"","overlay-opacity":"","overlay-gradient":""}},"footnotes":""},"class_list":["post-2229","page","type-page","status-publish","has-post-thumbnail","hentry"],"featured_image_src":"https:\/\/spanishcastlemoviemagic.com\/es\/wp-content\/uploads\/sites\/3\/2019\/09\/Tossa-de-Mar-Girona.jpg","featured_image_src_square":"https:\/\/spanishcastlemoviemagic.com\/es\/wp-content\/uploads\/sites\/3\/2019\/09\/Tossa-de-Mar-Girona.jpg","uagb_featured_image_src":{"full":["https:\/\/spanishcastlemoviemagic.com\/es\/wp-content\/uploads\/sites\/3\/2019\/09\/Tossa-de-Mar-Girona.jpg",480,360,false],"thumbnail":["https:\/\/spanishcastlemoviemagic.com\/es\/wp-content\/uploads\/sites\/3\/2019\/09\/Tossa-de-Mar-Girona-150x150.jpg",150,150,true],"medium":["https:\/\/spanishcastlemoviemagic.com\/es\/wp-content\/uploads\/sites\/3\/2019\/09\/Tossa-de-Mar-Girona-300x225.jpg",300,225,true],"medium_large":["https:\/\/spanishcastlemoviemagic.com\/es\/wp-content\/uploads\/sites\/3\/2019\/09\/Tossa-de-Mar-Girona.jpg",480,360,false],"large":["https:\/\/spanishcastlemoviemagic.com\/es\/wp-content\/uploads\/sites\/3\/2019\/09\/Tossa-de-Mar-Girona.jpg",480,360,false],"1536x1536":["https:\/\/spanishcastlemoviemagic.com\/es\/wp-content\/uploads\/sites\/3\/2019\/09\/Tossa-de-Mar-Girona.jpg",480,360,false],"2048x2048":["https:\/\/spanishcastlemoviemagic.com\/es\/wp-content\/uploads\/sites\/3\/2019\/09\/Tossa-de-Mar-Girona.jpg",480,360,false],"ab-block-post-grid-landscape":["https:\/\/spanishcastlemoviemagic.com\/es\/wp-content\/uploads\/sites\/3\/2019\/09\/Tossa-de-Mar-Girona.jpg",480,360,false],"ab-block-post-grid-square":["https:\/\/spanishcastlemoviemagic.com\/es\/wp-content\/uploads\/sites\/3\/2019\/09\/Tossa-de-Mar-Girona.jpg",480,360,false]},"uagb_author_info":{"display_name":"admin","author_link":"https:\/\/spanishcastlemoviemagic.com\/es\/blog\/author\/cas-eggermontme-com\/"},"uagb_comment_info":0,"uagb_excerpt":"En los terrenos del castillo de Tossa de Mar es de esperar encontrar a alguien m\u00e1s belicosa mirando desde las [&hellip;]","_links":{"self":[{"href":"https:\/\/spanishcastlemoviemagic.com\/es\/wp-json\/wp\/v2\/pages\/2229","targetHints":{"allow":["GET"]}}],"collection":[{"href":"https:\/\/spanishcastlemoviemagic.com\/es\/wp-json\/wp\/v2\/pages"}],"about":[{"href":"https:\/\/spanishcastlemoviemagic.com\/es\/wp-json\/wp\/v2\/types\/page"}],"author":[{"embeddable":true,"href":"https:\/\/spanishcastlemoviemagic.com\/es\/wp-json\/wp\/v2\/users\/1"}],"replies":[{"embeddable":true,"href":"https:\/\/spanishcastlemoviemagic.com\/es\/wp-json\/wp\/v2\/comments?post=2229"}],"version-history":[{"count":1,"href":"https:\/\/spanishcastlemoviemagic.com\/es\/wp-json\/wp\/v2\/pages\/2229\/revisions"}],"predecessor-version":[{"id":3786,"href":"https:\/\/spanishcastlemoviemagic.com\/es\/wp-json\/wp\/v2\/pages\/2229\/revisions\/3786"}],"wp:featuredmedia":[{"embeddable":true,"href":"https:\/\/spanishcastlemoviemagic.com\/es\/wp-json\/wp\/v2\/media\/1168"}],"wp:attachment":[{"href":"https:\/\/spanishcastlemoviemagic.com\/es\/wp-json\/wp\/v2\/media?parent=2229"}],"curies":[{"name":"wp","href":"https:\/\/api.w.org\/{rel}","templated":true}]}}