{"id":2159,"date":"2019-09-12T16:28:13","date_gmt":"2019-09-12T16:28:13","guid":{"rendered":"https:\/\/spanishcastlemoviemagic.com\/es\/?page_id=2159"},"modified":"2019-09-23T10:11:36","modified_gmt":"2019-09-23T10:11:36","slug":"san-fernando-san-ferran","status":"publish","type":"page","link":"https:\/\/spanishcastlemoviemagic.com\/es\/san-fernando-san-ferran\/","title":{"rendered":"San Fernando (San Ferran)"},"content":{"rendered":"<div  data-label=\"Portfolio\" data-id=\"portfolio-cards-section-2\" data-category=\"portfolio\" class=\"portfolio-cards-section portfolio-cards-section-2\" id=\"portfolio-2\" style=\"background-color: rgb(246, 246, 246);\">\n<div  class=\"gridContainer\">\n<div  class=\"portfolio-cards-textcol dynamic-color\" data-type=\"column\">\n<h2  class=\"\">San Fernando (Sant Ferran)<\/h2>\n<p  class=\"\">El castillo es la fortaleza m\u00e1s grande de Europa, construida en 1753. En su interior hay un monumento a Mart\u00edn Zerme\u00f1o, ejecutado a traici\u00f3n por las tropas invasoras de Napole\u00f3n cuando fue enviado a negociar con ellos.<br ><br \/>\nLos franceses ocuparon el fuerte con el viejo truco de \u201cs\u00f3lo queremos invadir Portugal, y si no alojamos a nuestros soldados aqu\u00ed, probablemente violen a las mujeres y saquean en la ciudad\u201d.<br ><br \/>\nEl castillo recibe 40.000 visitas al a\u00f1o, organiza competiciones de ajedrez, bodas y otros eventos, y fue visitado por los ojeadores de Game of Thrones, aunque finalmente no rodaron.<br ><br \/>\nA finales del siglo XVIII el castillo acogi\u00f3 al presidente Estrada, el primer presidente de Cuba, cuyo estancia no fue voluntaria.<br ><br \/>\nDurante la Guerra Civil, el castillo celebr\u00f3 la \u00faltima reuni\u00f3n de gabinete del gobierno republicano antes de que \u00e9ste huyera al exilio, y alberg\u00f3 los tesoros art\u00edsticos retirados de El Prado para protegerlos de los bombardeos alemanes.<\/p>\n<\/p><\/div>\n<div  class=\"portfolio-cards-projectsro dark-text\" data-type=\"row\">\n<div  class=\"portfolio-cards-projectcol cp4cols cp6cols-tablet\">\n<div  class=\"portfolio-cards-projectcard\">\n<div  class=\"contentswap-effect ContentSwap104\" hover-fx=\"ContentSwap104\" id=\"ContentSwap104\" is-hovered=\"0\">\n<div  class=\"ContentSwap104_content initial-image\"><img decoding=\"async\"  class=\"portfolio-cards-projectimg\" data-size=\"1200x800\" src=\"https:\/\/spanishcastlemoviemagic.com\/es\/wp-content\/uploads\/sites\/3\/2019\/09\/cropped-Catalu%C3%B1a-girona-Sant-Ferran-Courtesy-of-lluis-benejam-1.jpg\"> <\/div>\n<div  class=\"overlay\" style=\"display: block; opacity: 1;\"><\/div>\n<div  class=\"swap-inner\" style=\"opacity: 1; display: block;\">\n<div  class=\"ContentSwap104-center\"> <a  href=\"https:\/\/spanishcastlemoviemagic.com\/es\/san-fernando-san-ferran\/perfume-the-story-of-a-murderer-2006-san-fer\" target=\"_self\"><i  data-cp-fa=\"true\" class=\"portfolio-card-icon fa fa-search color6\"><\/i><\/a> <\/div>\n<\/p><\/div>\n<\/p><\/div>\n<div  class=\"portfolio-cards-projectinfo\">\n<div  class=\"portfolio-cards-projnamecol\" data-type=\"column\"> <a  href=\"https:\/\/spanishcastlemoviemagic.com\/es\/san-fernando-san-ferran\/perfume-the-story-of-a-murderer-2006-san-fer\" class=\"portfolio-cards-projlink\" target=\"_self\"><\/p>\n<h4  class=\"portfolio-cards-projtitle\">Perfume: the Story of a Murderer (2006)<\/h4>\n<p><\/a> <\/div>\n<\/p><\/div>\n<\/p><\/div>\n<\/p><\/div>\n<div  class=\"portfolio-cards-projectcol cp4cols cp6cols-tablet\">\n<div  class=\"portfolio-cards-projectcard\">\n<div  class=\"contentswap-effect ContentSwap104\" hover-fx=\"ContentSwap104\" id=\"ContentSwap104\" is-hovered=\"1\">\n<div  class=\"ContentSwap104_content initial-image\"><img decoding=\"async\"  class=\"portfolio-cards-projectimg\" data-size=\"1200x800\" src=\"https:\/\/spanishcastlemoviemagic.com\/es\/wp-content\/uploads\/sites\/3\/2019\/09\/cropped-Catalu\u00f1a-girona-Sant-Ferran-Courtesy-of-lluis-benejam-2.jpg\"> <\/div>\n<div  class=\"overlay\" style=\"display: block; opacity: 1;\"><\/div>\n<div  class=\"swap-inner\" style=\"opacity: 1; display: block;\">\n<div  class=\"ContentSwap104-center\"> <a  href=\"#\" target=\"_self\"><i  data-cp-fa=\"true\" class=\"portfolio-card-icon fa fa-search color6\"><\/i><\/a> <\/div>\n<\/p><\/div>\n<\/p><\/div>\n<div  class=\"portfolio-cards-projectinfo\">\n<div  class=\"portfolio-cards-projnamecol\" data-type=\"column\"> <a  href=\"https:\/\/spanishcastlemoviemagic.com\/es\/tirant-lo-blanc-2006\" class=\"portfolio-cards-projlink\" target=\"_self\"><\/p>\n<h4  class=\"portfolio-cards-projtitle\">Tirant Lo Blanc (2006)<\/h4>\n<p><\/a> <\/div>\n<\/p><\/div>\n<\/p><\/div>\n<\/p><\/div>\n<div  class=\"portfolio-cards-projectcol cp4cols cp6cols-tablet\">\n<div  class=\"portfolio-cards-projectcard\">\n<div  class=\"contentswap-effect ContentSwap104\" hover-fx=\"ContentSwap104\" id=\"ContentSwap104\" is-hovered=\"1\">\n<div  class=\"ContentSwap104_content initial-image\"><img decoding=\"async\"  class=\"portfolio-cards-projectimg\" data-size=\"1200x800\" src=\"https:\/\/spanishcastlemoviemagic.com\/es\/wp-content\/uploads\/sites\/3\/2019\/09\/cropped-Catalu%C3%B1a-girona-Sant-Ferran-Courtesy-of-lluis-benejam-3.jpg\"> <\/div>\n<div  class=\"overlay\" style=\"display: block; opacity: 1;\"><\/div>\n<div  class=\"swap-inner\" style=\"opacity: 1; display: block;\">\n<div  class=\"ContentSwap104-center\"> <a  href=\"https:\/\/spanishcastlemoviemagic.com\/es\/san-fernando-san-ferran\/the-promise-2016-2\" target=\"_self\"><i  data-cp-fa=\"true\" class=\"portfolio-card-icon fa fa-search color6\"><\/i><\/a> <\/div>\n<\/p><\/div>\n<\/p><\/div>\n<div  class=\"portfolio-cards-projectinfo\">\n<div  class=\"portfolio-cards-projnamecol\" data-type=\"column\"> <a  href=\"https:\/\/spanishcastlemoviemagic.com\/es\/san-fernando-san-ferran\/the-promise-2016-2\" class=\"portfolio-cards-projlink\" target=\"_self\"><\/p>\n<h4  class=\"portfolio-cards-projtitle\">The Promise (2016)<\/h4>\n<p><\/a> <\/div>\n<\/p><\/div>\n<\/p><\/div>\n<\/p><\/div>\n<\/p><\/div>\n<\/p><\/div>\n<\/div>\n","protected":false},"excerpt":{"rendered":"<p>San Fernando (Sant Ferran) El castillo es la fortaleza m\u00e1s grande de Europa, construida en 1753. En su interior hay [&hellip;]<\/p>\n","protected":false},"author":1,"featured_media":3035,"parent":0,"menu_order":0,"comment_status":"closed","ping_status":"closed","template":"full-width-page.php","meta":{"_uag_custom_page_level_css":"","site-sidebar-layout":"default","site-content-layout":"","ast-site-content-layout":"default","site-content-style":"default","site-sidebar-style":"default","ast-global-header-display":"","ast-banner-title-visibility":"","ast-main-header-display":"","ast-hfb-above-header-display":"","ast-hfb-below-header-display":"","ast-hfb-mobile-header-display":"","site-post-title":"","ast-breadcrumbs-content":"","ast-featured-img":"","footer-sml-layout":"","ast-disable-related-posts":"","theme-transparent-header-meta":"","adv-header-id-meta":"","stick-header-meta":"","header-above-stick-meta":"","header-main-stick-meta":"","header-below-stick-meta":"","astra-migrate-meta-layouts":"default","ast-page-background-enabled":"default","ast-page-background-meta":{"desktop":{"background-color":"var(--ast-global-color-5)","background-image":"","background-repeat":"repeat","background-position":"center center","background-size":"auto","background-attachment":"scroll","background-type":"","background-media":"","overlay-type":"","overlay-color":"","overlay-opacity":"","overlay-gradient":""},"tablet":{"background-color":"","background-image":"","background-repeat":"repeat","background-position":"center center","background-size":"auto","background-attachment":"scroll","background-type":"","background-media":"","overlay-type":"","overlay-color":"","overlay-opacity":"","overlay-gradient":""},"mobile":{"background-color":"","background-image":"","background-repeat":"repeat","background-position":"center center","background-size":"auto","background-attachment":"scroll","background-type":"","background-media":"","overlay-type":"","overlay-color":"","overlay-opacity":"","overlay-gradient":""}},"ast-content-background-meta":{"desktop":{"background-color":"var(--ast-global-color-4)","background-image":"","background-repeat":"repeat","background-position":"center center","background-size":"auto","background-attachment":"scroll","background-type":"","background-media":"","overlay-type":"","overlay-color":"","overlay-opacity":"","overlay-gradient":""},"tablet":{"background-color":"var(--ast-global-color-4)","background-image":"","background-repeat":"repeat","background-position":"center center","background-size":"auto","background-attachment":"scroll","background-type":"","background-media":"","overlay-type":"","overlay-color":"","overlay-opacity":"","overlay-gradient":""},"mobile":{"background-color":"var(--ast-global-color-4)","background-image":"","background-repeat":"repeat","background-position":"center center","background-size":"auto","background-attachment":"scroll","background-type":"","background-media":"","overlay-type":"","overlay-color":"","overlay-opacity":"","overlay-gradient":""}},"footnotes":""},"class_list":["post-2159","page","type-page","status-publish","has-post-thumbnail","hentry"],"featured_image_src":"https:\/\/spanishcastlemoviemagic.com\/es\/wp-content\/uploads\/sites\/3\/2019\/09\/Catalu\u00f1a-girona-Sant-Ferran-Courtesy-of-lluis-benejam.jpg","featured_image_src_square":"https:\/\/spanishcastlemoviemagic.com\/es\/wp-content\/uploads\/sites\/3\/2019\/09\/Catalu\u00f1a-girona-Sant-Ferran-Courtesy-of-lluis-benejam.jpg","uagb_featured_image_src":{"full":["https:\/\/spanishcastlemoviemagic.com\/es\/wp-content\/uploads\/sites\/3\/2019\/09\/Catalu\u00f1a-girona-Sant-Ferran-Courtesy-of-lluis-benejam.jpg",1575,1462,false],"thumbnail":["https:\/\/spanishcastlemoviemagic.com\/es\/wp-content\/uploads\/sites\/3\/2019\/09\/Catalu\u00f1a-girona-Sant-Ferran-Courtesy-of-lluis-benejam-150x150.jpg",150,150,true],"medium":["https:\/\/spanishcastlemoviemagic.com\/es\/wp-content\/uploads\/sites\/3\/2019\/09\/Catalu\u00f1a-girona-Sant-Ferran-Courtesy-of-lluis-benejam-300x278.jpg",300,278,true],"medium_large":["https:\/\/spanishcastlemoviemagic.com\/es\/wp-content\/uploads\/sites\/3\/2019\/09\/Catalu\u00f1a-girona-Sant-Ferran-Courtesy-of-lluis-benejam-768x713.jpg",768,713,true],"large":["https:\/\/spanishcastlemoviemagic.com\/es\/wp-content\/uploads\/sites\/3\/2019\/09\/Catalu\u00f1a-girona-Sant-Ferran-Courtesy-of-lluis-benejam-1024x951.jpg",1024,951,true],"1536x1536":["https:\/\/spanishcastlemoviemagic.com\/es\/wp-content\/uploads\/sites\/3\/2019\/09\/Catalu\u00f1a-girona-Sant-Ferran-Courtesy-of-lluis-benejam.jpg",1536,1426,false],"2048x2048":["https:\/\/spanishcastlemoviemagic.com\/es\/wp-content\/uploads\/sites\/3\/2019\/09\/Catalu\u00f1a-girona-Sant-Ferran-Courtesy-of-lluis-benejam.jpg",1575,1462,false],"ab-block-post-grid-landscape":["https:\/\/spanishcastlemoviemagic.com\/es\/wp-content\/uploads\/sites\/3\/2019\/09\/Catalu\u00f1a-girona-Sant-Ferran-Courtesy-of-lluis-benejam.jpg",431,400,false],"ab-block-post-grid-square":["https:\/\/spanishcastlemoviemagic.com\/es\/wp-content\/uploads\/sites\/3\/2019\/09\/Catalu\u00f1a-girona-Sant-Ferran-Courtesy-of-lluis-benejam.jpg",600,557,false]},"uagb_author_info":{"display_name":"admin","author_link":"https:\/\/spanishcastlemoviemagic.com\/es\/blog\/author\/cas-eggermontme-com\/"},"uagb_comment_info":0,"uagb_excerpt":"San Fernando (Sant Ferran) El castillo es la fortaleza m\u00e1s grande de Europa, construida en 1753. En su interior hay [&hellip;]","_links":{"self":[{"href":"https:\/\/spanishcastlemoviemagic.com\/es\/wp-json\/wp\/v2\/pages\/2159","targetHints":{"allow":["GET"]}}],"collection":[{"href":"https:\/\/spanishcastlemoviemagic.com\/es\/wp-json\/wp\/v2\/pages"}],"about":[{"href":"https:\/\/spanishcastlemoviemagic.com\/es\/wp-json\/wp\/v2\/types\/page"}],"author":[{"embeddable":true,"href":"https:\/\/spanishcastlemoviemagic.com\/es\/wp-json\/wp\/v2\/users\/1"}],"replies":[{"embeddable":true,"href":"https:\/\/spanishcastlemoviemagic.com\/es\/wp-json\/wp\/v2\/comments?post=2159"}],"version-history":[{"count":2,"href":"https:\/\/spanishcastlemoviemagic.com\/es\/wp-json\/wp\/v2\/pages\/2159\/revisions"}],"predecessor-version":[{"id":3544,"href":"https:\/\/spanishcastlemoviemagic.com\/es\/wp-json\/wp\/v2\/pages\/2159\/revisions\/3544"}],"wp:featuredmedia":[{"embeddable":true,"href":"https:\/\/spanishcastlemoviemagic.com\/es\/wp-json\/wp\/v2\/media\/3035"}],"wp:attachment":[{"href":"https:\/\/spanishcastlemoviemagic.com\/es\/wp-json\/wp\/v2\/media?parent=2159"}],"curies":[{"name":"wp","href":"https:\/\/api.w.org\/{rel}","templated":true}]}}