{"id":2139,"date":"2019-09-12T16:00:28","date_gmt":"2019-09-12T16:00:28","guid":{"rendered":"https:\/\/spanishcastlemoviemagic.com\/es\/?page_id=2139"},"modified":"2021-05-31T13:16:32","modified_gmt":"2021-05-31T13:16:32","slug":"castelldefels","status":"publish","type":"page","link":"https:\/\/spanishcastlemoviemagic.com\/es\/castelldefels\/","title":{"rendered":"Castelldefels"},"content":{"rendered":"<div data-label=\"Portfolio\" data-id=\"portfolio-cards-section-2\" data-category=\"portfolio\" class=\"portfolio-cards-section portfolio-cards-section-2\" id=\"portfolio-2\"  style=\"background-color: rgb(246, 246, 246);\">\n<div class=\"gridContainer\" >\n<div class=\"portfolio-cards-textcol dynamic-color\" data-type=\"column\" >\n<h2 class=\"\" >Castelldefels<\/h2>\n<p class=\"\" >Durante a\u00f1os defendi\u00f3 la zona contra los moros y entre los siglos XVI y XVII, contra los piratas berberiscos. En 1897, un banquero llamado Manuel Girona la compr\u00f3 y renov\u00f3. Posteriormente fue adquirida por el Ayuntamiento de Castelldefels en 1988. Durante la Guerra Civil espa\u00f1ola fue utilizado por las Brigadas Internacionales como prisi\u00f3n para soldados republicanos indisciplinados. Un comandante croata, Milan \u0106opi\u0107, incapaz de ocuparse de los 265 prisioneros, aparentemente orden\u00f3 fusilar a 60 de ellos.<\/p>\n<\/p><\/div>\n<div class=\"portfolio-cards-projectsro dark-text\" data-type=\"row\" >\n<div class=\"portfolio-cards-projectcol cp4cols cp6cols-tablet\" >\n<div class=\"portfolio-cards-projectcard\" >\n<div class=\"contentswap-effect ContentSwap104\" hover-fx=\"ContentSwap104\" id=\"ContentSwap104\" is-hovered=\"0\" >\n<div class=\"ContentSwap104_content initial-image\" ><img decoding=\"async\" class=\"portfolio-cards-projectimg\" data-size=\"1200x800\" src=\"https:\/\/spanishcastlemoviemagic.com\/es\/wp-content\/uploads\/sites\/3\/2019\/09\/cropped-Castell19.23.47-1.jpg\" > <\/div>\n<div class=\"overlay\" style=\"display: block; opacity: 1;\" ><\/div>\n<div class=\"swap-inner\" style=\"opacity: 1; display: block;\" >\n<div class=\"ContentSwap104-center\" > <a href=\"esmeralda-bay-1989\" target=\"_self\" rel=\"noopener\"><i data-cp-fa=\"true\" class=\"portfolio-card-icon fa fa-search color6\" ><\/i><\/a> <\/div>\n<\/p><\/div>\n<\/p><\/div>\n<div class=\"portfolio-cards-projectinfo\" >\n<div class=\"portfolio-cards-projnamecol\" data-type=\"column\" > <a href=\"esmeralda-bay-1989\" class=\"portfolio-cards-projlink\" target=\"_self\" rel=\"noopener\"><\/p>\n<h4 class=\"portfolio-cards-projtitle\" >Esmeralda Bay (1989)<\/h4>\n<p><\/a> <\/div>\n<\/p><\/div>\n<\/p><\/div>\n<\/p><\/div>\n<\/p><\/div>\n<\/p><\/div>\n<\/div>\n","protected":false},"excerpt":{"rendered":"<p>Castelldefels Durante a\u00f1os defendi\u00f3 la zona contra los moros y entre los siglos XVI y XVII, contra los piratas berberiscos. [&hellip;]<\/p>\n","protected":false},"author":1,"featured_media":4232,"parent":0,"menu_order":0,"comment_status":"closed","ping_status":"closed","template":"","meta":{"_uag_custom_page_level_css":"","site-sidebar-layout":"default","site-content-layout":"","ast-site-content-layout":"default","site-content-style":"default","site-sidebar-style":"default","ast-global-header-display":"","ast-banner-title-visibility":"","ast-main-header-display":"","ast-hfb-above-header-display":"","ast-hfb-below-header-display":"","ast-hfb-mobile-header-display":"","site-post-title":"","ast-breadcrumbs-content":"","ast-featured-img":"","footer-sml-layout":"","ast-disable-related-posts":"","theme-transparent-header-meta":"","adv-header-id-meta":"","stick-header-meta":"","header-above-stick-meta":"","header-main-stick-meta":"","header-below-stick-meta":"","astra-migrate-meta-layouts":"default","ast-page-background-enabled":"default","ast-page-background-meta":{"desktop":{"background-color":"var(--ast-global-color-5)","background-image":"","background-repeat":"repeat","background-position":"center center","background-size":"auto","background-attachment":"scroll","background-type":"","background-media":"","overlay-type":"","overlay-color":"","overlay-opacity":"","overlay-gradient":""},"tablet":{"background-color":"","background-image":"","background-repeat":"repeat","background-position":"center center","background-size":"auto","background-attachment":"scroll","background-type":"","background-media":"","overlay-type":"","overlay-color":"","overlay-opacity":"","overlay-gradient":""},"mobile":{"background-color":"","background-image":"","background-repeat":"repeat","background-position":"center center","background-size":"auto","background-attachment":"scroll","background-type":"","background-media":"","overlay-type":"","overlay-color":"","overlay-opacity":"","overlay-gradient":""}},"ast-content-background-meta":{"desktop":{"background-color":"var(--ast-global-color-4)","background-image":"","background-repeat":"repeat","background-position":"center center","background-size":"auto","background-attachment":"scroll","background-type":"","background-media":"","overlay-type":"","overlay-color":"","overlay-opacity":"","overlay-gradient":""},"tablet":{"background-color":"var(--ast-global-color-4)","background-image":"","background-repeat":"repeat","background-position":"center center","background-size":"auto","background-attachment":"scroll","background-type":"","background-media":"","overlay-type":"","overlay-color":"","overlay-opacity":"","overlay-gradient":""},"mobile":{"background-color":"var(--ast-global-color-4)","background-image":"","background-repeat":"repeat","background-position":"center center","background-size":"auto","background-attachment":"scroll","background-type":"","background-media":"","overlay-type":"","overlay-color":"","overlay-opacity":"","overlay-gradient":""}},"footnotes":""},"class_list":["post-2139","page","type-page","status-publish","has-post-thumbnail","hentry"],"featured_image_src":"https:\/\/spanishcastlemoviemagic.com\/es\/wp-content\/uploads\/sites\/3\/2019\/09\/Castell19.23.47.jpg","featured_image_src_square":"https:\/\/spanishcastlemoviemagic.com\/es\/wp-content\/uploads\/sites\/3\/2019\/09\/Castell19.23.47.jpg","uagb_featured_image_src":{"full":["https:\/\/spanishcastlemoviemagic.com\/es\/wp-content\/uploads\/sites\/3\/2019\/09\/Castell19.23.47.jpg",2000,1131,false],"thumbnail":["https:\/\/spanishcastlemoviemagic.com\/es\/wp-content\/uploads\/sites\/3\/2019\/09\/Castell19.23.47-150x150.jpg",150,150,true],"medium":["https:\/\/spanishcastlemoviemagic.com\/es\/wp-content\/uploads\/sites\/3\/2019\/09\/Castell19.23.47-300x170.jpg",300,170,true],"medium_large":["https:\/\/spanishcastlemoviemagic.com\/es\/wp-content\/uploads\/sites\/3\/2019\/09\/Castell19.23.47-768x434.jpg",768,434,true],"large":["https:\/\/spanishcastlemoviemagic.com\/es\/wp-content\/uploads\/sites\/3\/2019\/09\/Castell19.23.47-1024x579.jpg",1024,579,true],"1536x1536":["https:\/\/spanishcastlemoviemagic.com\/es\/wp-content\/uploads\/sites\/3\/2019\/09\/Castell19.23.47.jpg",1536,869,false],"2048x2048":["https:\/\/spanishcastlemoviemagic.com\/es\/wp-content\/uploads\/sites\/3\/2019\/09\/Castell19.23.47.jpg",2000,1131,false],"ab-block-post-grid-landscape":["https:\/\/spanishcastlemoviemagic.com\/es\/wp-content\/uploads\/sites\/3\/2019\/09\/Castell19.23.47.jpg",600,339,false],"ab-block-post-grid-square":["https:\/\/spanishcastlemoviemagic.com\/es\/wp-content\/uploads\/sites\/3\/2019\/09\/Castell19.23.47.jpg",600,339,false]},"uagb_author_info":{"display_name":"admin","author_link":"https:\/\/spanishcastlemoviemagic.com\/es\/blog\/author\/cas-eggermontme-com\/"},"uagb_comment_info":0,"uagb_excerpt":"Castelldefels Durante a\u00f1os defendi\u00f3 la zona contra los moros y entre los siglos XVI y XVII, contra los piratas berberiscos. [&hellip;]","_links":{"self":[{"href":"https:\/\/spanishcastlemoviemagic.com\/es\/wp-json\/wp\/v2\/pages\/2139","targetHints":{"allow":["GET"]}}],"collection":[{"href":"https:\/\/spanishcastlemoviemagic.com\/es\/wp-json\/wp\/v2\/pages"}],"about":[{"href":"https:\/\/spanishcastlemoviemagic.com\/es\/wp-json\/wp\/v2\/types\/page"}],"author":[{"embeddable":true,"href":"https:\/\/spanishcastlemoviemagic.com\/es\/wp-json\/wp\/v2\/users\/1"}],"replies":[{"embeddable":true,"href":"https:\/\/spanishcastlemoviemagic.com\/es\/wp-json\/wp\/v2\/comments?post=2139"}],"version-history":[{"count":5,"href":"https:\/\/spanishcastlemoviemagic.com\/es\/wp-json\/wp\/v2\/pages\/2139\/revisions"}],"predecessor-version":[{"id":4672,"href":"https:\/\/spanishcastlemoviemagic.com\/es\/wp-json\/wp\/v2\/pages\/2139\/revisions\/4672"}],"wp:featuredmedia":[{"embeddable":true,"href":"https:\/\/spanishcastlemoviemagic.com\/es\/wp-json\/wp\/v2\/media\/4232"}],"wp:attachment":[{"href":"https:\/\/spanishcastlemoviemagic.com\/es\/wp-json\/wp\/v2\/media?parent=2139"}],"curies":[{"name":"wp","href":"https:\/\/api.w.org\/{rel}","templated":true}]}}