{"id":2111,"date":"2019-09-12T15:41:34","date_gmt":"2019-09-12T15:41:34","guid":{"rendered":"https:\/\/spanishcastlemoviemagic.com\/es\/?page_id=2111"},"modified":"2019-09-23T13:58:04","modified_gmt":"2019-09-23T13:58:04","slug":"robin-and-marian-1976-2","status":"publish","type":"page","link":"https:\/\/spanishcastlemoviemagic.com\/es\/robin-and-marian-1976-2\/","title":{"rendered":"Robin and Marian (1976)"},"content":{"rendered":"\n<p>El bosque de Sherwood se\nsentir\u00eda como en casa en el bosque de Orgi, una arboleda de 80 hect\u00e1reas de\nrobles con m\u00e1s de 4.000 a\u00f1os de antig\u00fcedad, lejos de las rutas tur\u00edsticas de la\nNavarra m\u00e1s profunda.<\/p>\n\n\n\n<p>El castillo del sheriff de\nNottingham tambi\u00e9n se encontraba en Navarra, en Artajona, donde, con un poco de\ntrabajo extra por parte del equipo de producci\u00f3n, las murallas de la ciudad del\nsiglo XI dan una impresi\u00f3n convincente de la Inglaterra de anta\u00f1o.<\/p>\n\n\n\n<p>Robin y Little John cabalgan\nhasta el castillo en un carro robado a trav\u00e9s de un vi\u00f1edo con el fin de\nrescatar a algunas monjas secuestradas, un vi\u00f1edo que todav\u00eda est\u00e1 all\u00ed hoy.<\/p>\n\n\n\n<p>Como el mismo director Richard\nLester coment\u00f3, el \u00e1rea: &#8220;parece como la idea de todos de c\u00f3mo se ve\u00eda\nInglaterra en los siglos XII y XIII.&#8221;<\/p>\n\n\n\n<p>Los espacios entre los robles\ndonde Robin vive su segunda infancia, de hecho parecen ser tan id\u00edlico como el\njard\u00edn de un pub ingl\u00e9s en verano.<\/p>\n\n\n\n<p>La famosa y sensual actriz\nespa\u00f1ola Victoria Abril interpreta a la Reina Isabel, la reina ni\u00f1a del rey John\nque ocasionalmente no est\u00e1 pensando en el sexo, y Audrey Hepburn interpreta a\nMarian, quien renunci\u00f3 a la vida de la carne cuando Robin la abandon\u00f3 y est\u00e1\ndispuesta a renunciar a todo por \u00e9l, incluso a la vida de \u00e9l.<\/p>\n\n\n\n<p>Nos acompa\u00f1aron por Artajona\nlos empleados del Ayuntamiento, Soco y Daniel, que generosamente nos mostraron\nla imponente silueta desde dentro, fuera y en todo tipo de luz. La iluminaci\u00f3n\nnocturna es especialmente impresionante.<\/p>\n\n\n\n<p>Tambi\u00e9n nos\npresentaron a algunas de las personas locales que participaron en la\nrealizaci\u00f3n de la pel\u00edcula, como Jerusal\u00e9n Jurio, que, con 82 a\u00f1os en ese\nmomento, nos explic\u00f3 c\u00f3mo ella hab\u00eda sido una de las vendedoras del mercado de\n&#8216;Nottingham&#8217;, pelando la piel de un conejo como si se estuviera quitando un\nguante.<\/p>\n","protected":false},"excerpt":{"rendered":"<p>El bosque de Sherwood se sentir\u00eda como en casa en el bosque de Orgi, una arboleda de 80 hect\u00e1reas de [&hellip;]<\/p>\n","protected":false},"author":1,"featured_media":16,"parent":0,"menu_order":0,"comment_status":"closed","ping_status":"closed","template":"","meta":{"_uag_custom_page_level_css":"","site-sidebar-layout":"default","site-content-layout":"","ast-site-content-layout":"default","site-content-style":"default","site-sidebar-style":"default","ast-global-header-display":"","ast-banner-title-visibility":"","ast-main-header-display":"","ast-hfb-above-header-display":"","ast-hfb-below-header-display":"","ast-hfb-mobile-header-display":"","site-post-title":"","ast-breadcrumbs-content":"","ast-featured-img":"","footer-sml-layout":"","ast-disable-related-posts":"","theme-transparent-header-meta":"","adv-header-id-meta":"","stick-header-meta":"","header-above-stick-meta":"","header-main-stick-meta":"","header-below-stick-meta":"","astra-migrate-meta-layouts":"default","ast-page-background-enabled":"default","ast-page-background-meta":{"desktop":{"background-color":"var(--ast-global-color-5)","background-image":"","background-repeat":"repeat","background-position":"center center","background-size":"auto","background-attachment":"scroll","background-type":"","background-media":"","overlay-type":"","overlay-color":"","overlay-opacity":"","overlay-gradient":""},"tablet":{"background-color":"","background-image":"","background-repeat":"repeat","background-position":"center center","background-size":"auto","background-attachment":"scroll","background-type":"","background-media":"","overlay-type":"","overlay-color":"","overlay-opacity":"","overlay-gradient":""},"mobile":{"background-color":"","background-image":"","background-repeat":"repeat","background-position":"center center","background-size":"auto","background-attachment":"scroll","background-type":"","background-media":"","overlay-type":"","overlay-color":"","overlay-opacity":"","overlay-gradient":""}},"ast-content-background-meta":{"desktop":{"background-color":"var(--ast-global-color-4)","background-image":"","background-repeat":"repeat","background-position":"center center","background-size":"auto","background-attachment":"scroll","background-type":"","background-media":"","overlay-type":"","overlay-color":"","overlay-opacity":"","overlay-gradient":""},"tablet":{"background-color":"var(--ast-global-color-4)","background-image":"","background-repeat":"repeat","background-position":"center center","background-size":"auto","background-attachment":"scroll","background-type":"","background-media":"","overlay-type":"","overlay-color":"","overlay-opacity":"","overlay-gradient":""},"mobile":{"background-color":"var(--ast-global-color-4)","background-image":"","background-repeat":"repeat","background-position":"center center","background-size":"auto","background-attachment":"scroll","background-type":"","background-media":"","overlay-type":"","overlay-color":"","overlay-opacity":"","overlay-gradient":""}},"footnotes":""},"class_list":["post-2111","page","type-page","status-publish","has-post-thumbnail","hentry"],"featured_image_src":"https:\/\/spanishcastlemoviemagic.com\/es\/wp-content\/uploads\/sites\/3\/2019\/09\/artejona-navarra-s.jpg","featured_image_src_square":"https:\/\/spanishcastlemoviemagic.com\/es\/wp-content\/uploads\/sites\/3\/2019\/09\/artejona-navarra-s.jpg","uagb_featured_image_src":{"full":["https:\/\/spanishcastlemoviemagic.com\/es\/wp-content\/uploads\/sites\/3\/2019\/09\/artejona-navarra-s.jpg",2000,1500,false],"thumbnail":["https:\/\/spanishcastlemoviemagic.com\/es\/wp-content\/uploads\/sites\/3\/2019\/09\/artejona-navarra-s-150x150.jpg",150,150,true],"medium":["https:\/\/spanishcastlemoviemagic.com\/es\/wp-content\/uploads\/sites\/3\/2019\/09\/artejona-navarra-s-300x225.jpg",300,225,true],"medium_large":["https:\/\/spanishcastlemoviemagic.com\/es\/wp-content\/uploads\/sites\/3\/2019\/09\/artejona-navarra-s-768x576.jpg",768,576,true],"large":["https:\/\/spanishcastlemoviemagic.com\/es\/wp-content\/uploads\/sites\/3\/2019\/09\/artejona-navarra-s-1024x768.jpg",1024,768,true],"1536x1536":["https:\/\/spanishcastlemoviemagic.com\/es\/wp-content\/uploads\/sites\/3\/2019\/09\/artejona-navarra-s.jpg",1536,1152,false],"2048x2048":["https:\/\/spanishcastlemoviemagic.com\/es\/wp-content\/uploads\/sites\/3\/2019\/09\/artejona-navarra-s.jpg",2000,1500,false],"ab-block-post-grid-landscape":["https:\/\/spanishcastlemoviemagic.com\/es\/wp-content\/uploads\/sites\/3\/2019\/09\/artejona-navarra-s.jpg",533,400,false],"ab-block-post-grid-square":["https:\/\/spanishcastlemoviemagic.com\/es\/wp-content\/uploads\/sites\/3\/2019\/09\/artejona-navarra-s.jpg",600,450,false]},"uagb_author_info":{"display_name":"admin","author_link":"https:\/\/spanishcastlemoviemagic.com\/es\/blog\/author\/cas-eggermontme-com\/"},"uagb_comment_info":0,"uagb_excerpt":"El bosque de Sherwood se sentir\u00eda como en casa en el bosque de Orgi, una arboleda de 80 hect\u00e1reas de [&hellip;]","_links":{"self":[{"href":"https:\/\/spanishcastlemoviemagic.com\/es\/wp-json\/wp\/v2\/pages\/2111","targetHints":{"allow":["GET"]}}],"collection":[{"href":"https:\/\/spanishcastlemoviemagic.com\/es\/wp-json\/wp\/v2\/pages"}],"about":[{"href":"https:\/\/spanishcastlemoviemagic.com\/es\/wp-json\/wp\/v2\/types\/page"}],"author":[{"embeddable":true,"href":"https:\/\/spanishcastlemoviemagic.com\/es\/wp-json\/wp\/v2\/users\/1"}],"replies":[{"embeddable":true,"href":"https:\/\/spanishcastlemoviemagic.com\/es\/wp-json\/wp\/v2\/comments?post=2111"}],"version-history":[{"count":2,"href":"https:\/\/spanishcastlemoviemagic.com\/es\/wp-json\/wp\/v2\/pages\/2111\/revisions"}],"predecessor-version":[{"id":3678,"href":"https:\/\/spanishcastlemoviemagic.com\/es\/wp-json\/wp\/v2\/pages\/2111\/revisions\/3678"}],"wp:featuredmedia":[{"embeddable":true,"href":"https:\/\/spanishcastlemoviemagic.com\/es\/wp-json\/wp\/v2\/media\/16"}],"wp:attachment":[{"href":"https:\/\/spanishcastlemoviemagic.com\/es\/wp-json\/wp\/v2\/media?parent=2111"}],"curies":[{"name":"wp","href":"https:\/\/api.w.org\/{rel}","templated":true}]}}