{"id":2106,"date":"2019-09-12T15:38:03","date_gmt":"2019-09-12T15:38:03","guid":{"rendered":"https:\/\/spanishcastlemoviemagic.com\/es\/?page_id=2106"},"modified":"2019-09-26T06:39:08","modified_gmt":"2019-09-26T06:39:08","slug":"javier-castle","status":"publish","type":"page","link":"https:\/\/spanishcastlemoviemagic.com\/es\/javier-castle\/","title":{"rendered":"Javier"},"content":{"rendered":"<div id=\"portfolio-1\" class=\"portfolio-cards-section\" style=\"background-color: #ffffff;\" data-label=\"Portfolio\" data-id=\"portfolio-cards-section\" data-category=\"portfolio\">\n<div class=\"gridContainer\">\n<div class=\"portfolio-cards-textcol dynamic-color\" data-type=\"column\">\n<h2 class=\"\">Javier<\/h2>\n<p class=\"\" style=\"text-align: left;\">La historia del castillo es una de impago de un pr\u00e9stamo. Se trataba de la garant\u00eda del dinero prestado por un noble del rey de Navarra, Sancho VII el Fuerte en 1223, que nunca fue reembolsado.<\/p>\n<p style=\"text-align: left;\">En 1516 el castillo fue gravemente da\u00f1ado en un asalto por las tropas castellanas, buscando venganza porque los hermanos de Xavier llevaban armas contra el rey. Es en el momento de la narraci\u00f3n de este acontecimiento, al principio de la historia, que vemos el castillo y su &#8220;hermosa torre&#8221;, como lo describe un entrevistado.<\/p>\n<p style=\"text-align: left;\">Hoy en d\u00eda el castillo est\u00e1 bien conservado gracias al trabajo de los propietarios en el siglo XIX, y a principios de la XX, se dio a los jesuitas.<\/p>\n<p style=\"text-align: left;\">Hoy en d\u00eda es parte de un retiro espiritual dirigido por los jesuitas; un lugar que tiene un mont\u00f3n de visitantes con la venta de souvenirs y la informaci\u00f3n tur\u00edstica en abundancia y dos grandes hoteles en el lugar.<\/p>\n<p style=\"text-align: left;\">Hay visitas guiadas por el castillo, te gusta o no.<\/p>\n<\/div>\n<\/div>\n<p style=\"text-align: left;\">\n<div class=\"gridContainer\">\n<div class=\"portfolio-cards-projectsro dark-text\" data-type=\"row\">\n<div class=\"portfolio-cards-projectcol cp4cols cp6cols-tablet\">\n<div class=\"portfolio-cards-projectcard\">\n<div id=\"ContentSwap104\" class=\"contentswap-effect ContentSwap104\">\n<div class=\"ContentSwap104_content initial-image\"><img decoding=\"async\" class=\"portfolio-cards-projectimg\" src=\"https:\/\/spanishcastlemoviemagic.com\/es\/wp-content\/uploads\/sites\/3\/2019\/09\/cropped-Javier-Navarra-s-1.jpg\" data-size=\"1200x800\" \/><\/div>\n<div class=\"overlay\"><\/div>\n<div class=\"swap-inner\">\n<div class=\"ContentSwap104-center\"><\/div>\n<\/div>\n<\/div>\n<div class=\"portfolio-cards-projectinfo\">\n<div class=\"portfolio-cards-projnamecol\" data-type=\"column\">\n<h4 class=\"portfolio-cards-projtitle\"><a href=\"https:\/\/spanishcastlemoviemagic.com\/es\/xavier-saint-and-missionary-2006\/\">Xavier: Saint and Missionary (2006)<\/a><\/h4>\n<\/div>\n<\/div>\n<\/div>\n<\/div>\n<\/div>\n<\/div>\n<\/div>\n","protected":false},"excerpt":{"rendered":"<p>Javier La historia del castillo es una de impago de un pr\u00e9stamo. Se trataba de la garant\u00eda del dinero prestado [&hellip;]<\/p>\n","protected":false},"author":1,"featured_media":1144,"parent":0,"menu_order":0,"comment_status":"closed","ping_status":"closed","template":"full-width-page.php","meta":{"_uag_custom_page_level_css":"","site-sidebar-layout":"default","site-content-layout":"","ast-site-content-layout":"default","site-content-style":"default","site-sidebar-style":"default","ast-global-header-display":"","ast-banner-title-visibility":"","ast-main-header-display":"","ast-hfb-above-header-display":"","ast-hfb-below-header-display":"","ast-hfb-mobile-header-display":"","site-post-title":"","ast-breadcrumbs-content":"","ast-featured-img":"","footer-sml-layout":"","ast-disable-related-posts":"","theme-transparent-header-meta":"","adv-header-id-meta":"","stick-header-meta":"","header-above-stick-meta":"","header-main-stick-meta":"","header-below-stick-meta":"","astra-migrate-meta-layouts":"default","ast-page-background-enabled":"default","ast-page-background-meta":{"desktop":{"background-color":"var(--ast-global-color-5)","background-image":"","background-repeat":"repeat","background-position":"center center","background-size":"auto","background-attachment":"scroll","background-type":"","background-media":"","overlay-type":"","overlay-color":"","overlay-opacity":"","overlay-gradient":""},"tablet":{"background-color":"","background-image":"","background-repeat":"repeat","background-position":"center center","background-size":"auto","background-attachment":"scroll","background-type":"","background-media":"","overlay-type":"","overlay-color":"","overlay-opacity":"","overlay-gradient":""},"mobile":{"background-color":"","background-image":"","background-repeat":"repeat","background-position":"center center","background-size":"auto","background-attachment":"scroll","background-type":"","background-media":"","overlay-type":"","overlay-color":"","overlay-opacity":"","overlay-gradient":""}},"ast-content-background-meta":{"desktop":{"background-color":"var(--ast-global-color-4)","background-image":"","background-repeat":"repeat","background-position":"center center","background-size":"auto","background-attachment":"scroll","background-type":"","background-media":"","overlay-type":"","overlay-color":"","overlay-opacity":"","overlay-gradient":""},"tablet":{"background-color":"var(--ast-global-color-4)","background-image":"","background-repeat":"repeat","background-position":"center center","background-size":"auto","background-attachment":"scroll","background-type":"","background-media":"","overlay-type":"","overlay-color":"","overlay-opacity":"","overlay-gradient":""},"mobile":{"background-color":"var(--ast-global-color-4)","background-image":"","background-repeat":"repeat","background-position":"center center","background-size":"auto","background-attachment":"scroll","background-type":"","background-media":"","overlay-type":"","overlay-color":"","overlay-opacity":"","overlay-gradient":""}},"footnotes":""},"class_list":["post-2106","page","type-page","status-publish","has-post-thumbnail","hentry"],"featured_image_src":"https:\/\/spanishcastlemoviemagic.com\/es\/wp-content\/uploads\/sites\/3\/2019\/09\/Javier-Navarra-s.jpg","featured_image_src_square":"https:\/\/spanishcastlemoviemagic.com\/es\/wp-content\/uploads\/sites\/3\/2019\/09\/Javier-Navarra-s.jpg","uagb_featured_image_src":{"full":["https:\/\/spanishcastlemoviemagic.com\/es\/wp-content\/uploads\/sites\/3\/2019\/09\/Javier-Navarra-s.jpg",2000,1157,false],"thumbnail":["https:\/\/spanishcastlemoviemagic.com\/es\/wp-content\/uploads\/sites\/3\/2019\/09\/Javier-Navarra-s-150x150.jpg",150,150,true],"medium":["https:\/\/spanishcastlemoviemagic.com\/es\/wp-content\/uploads\/sites\/3\/2019\/09\/Javier-Navarra-s-300x174.jpg",300,174,true],"medium_large":["https:\/\/spanishcastlemoviemagic.com\/es\/wp-content\/uploads\/sites\/3\/2019\/09\/Javier-Navarra-s-768x444.jpg",768,444,true],"large":["https:\/\/spanishcastlemoviemagic.com\/es\/wp-content\/uploads\/sites\/3\/2019\/09\/Javier-Navarra-s-1024x592.jpg",1024,592,true],"1536x1536":["https:\/\/spanishcastlemoviemagic.com\/es\/wp-content\/uploads\/sites\/3\/2019\/09\/Javier-Navarra-s.jpg",1536,889,false],"2048x2048":["https:\/\/spanishcastlemoviemagic.com\/es\/wp-content\/uploads\/sites\/3\/2019\/09\/Javier-Navarra-s.jpg",2000,1157,false],"ab-block-post-grid-landscape":["https:\/\/spanishcastlemoviemagic.com\/es\/wp-content\/uploads\/sites\/3\/2019\/09\/Javier-Navarra-s.jpg",600,347,false],"ab-block-post-grid-square":["https:\/\/spanishcastlemoviemagic.com\/es\/wp-content\/uploads\/sites\/3\/2019\/09\/Javier-Navarra-s.jpg",600,347,false]},"uagb_author_info":{"display_name":"admin","author_link":"https:\/\/spanishcastlemoviemagic.com\/es\/blog\/author\/cas-eggermontme-com\/"},"uagb_comment_info":0,"uagb_excerpt":"Javier La historia del castillo es una de impago de un pr\u00e9stamo. Se trataba de la garant\u00eda del dinero prestado [&hellip;]","_links":{"self":[{"href":"https:\/\/spanishcastlemoviemagic.com\/es\/wp-json\/wp\/v2\/pages\/2106","targetHints":{"allow":["GET"]}}],"collection":[{"href":"https:\/\/spanishcastlemoviemagic.com\/es\/wp-json\/wp\/v2\/pages"}],"about":[{"href":"https:\/\/spanishcastlemoviemagic.com\/es\/wp-json\/wp\/v2\/types\/page"}],"author":[{"embeddable":true,"href":"https:\/\/spanishcastlemoviemagic.com\/es\/wp-json\/wp\/v2\/users\/1"}],"replies":[{"embeddable":true,"href":"https:\/\/spanishcastlemoviemagic.com\/es\/wp-json\/wp\/v2\/comments?post=2106"}],"version-history":[{"count":4,"href":"https:\/\/spanishcastlemoviemagic.com\/es\/wp-json\/wp\/v2\/pages\/2106\/revisions"}],"predecessor-version":[{"id":4158,"href":"https:\/\/spanishcastlemoviemagic.com\/es\/wp-json\/wp\/v2\/pages\/2106\/revisions\/4158"}],"wp:featuredmedia":[{"embeddable":true,"href":"https:\/\/spanishcastlemoviemagic.com\/es\/wp-json\/wp\/v2\/media\/1144"}],"wp:attachment":[{"href":"https:\/\/spanishcastlemoviemagic.com\/es\/wp-json\/wp\/v2\/media?parent=2106"}],"curies":[{"name":"wp","href":"https:\/\/api.w.org\/{rel}","templated":true}]}}