{"id":2068,"date":"2019-09-11T16:15:35","date_gmt":"2019-09-11T16:15:35","guid":{"rendered":"https:\/\/spanishcastlemoviemagic.com\/es\/?page_id=2068"},"modified":"2019-09-23T14:40:02","modified_gmt":"2019-09-23T14:40:02","slug":"san-telmo-castle","status":"publish","type":"page","link":"https:\/\/spanishcastlemoviemagic.com\/es\/san-telmo-castle\/","title":{"rendered":"San Telmo Castle"},"content":{"rendered":"<div  id=\"portfolio-1\" class=\"portfolio-cards-section\" style=\"background-color: #ffffff;\" data-label=\"Portfolio\" data-id=\"portfolio-cards-section\" data-category=\"portfolio\">\n<div  class=\"gridContainer\">\n<div  class=\"portfolio-cards-textcol dynamic-color\" data-type=\"column\">\n<h2  class=\"\">San Telmo Castle<\/h2>\n<p  class=\"\">El castillo de San Telmo es conocido localmente como el \u2018castillo de los piratas\u2019, y se erige sobre los acantilados de la bah\u00eda de H\u00edger, orientado hacia el norte y el este, inexpugnable desde esas direcciones, y con espacio para cinco ca\u00f1ones por si alguien quiere probar suerte.<\/p>\n<p><a  class=\"button color1\" href=\"https:\/\/spanishcastlemoviemagic.com\/es\/rm-san-telmo-castel\" target=\"_self\" rel=\"noopener noreferrer\" data-icon=\"\">Leer m\u00e1s<\/a><\/p>\n<\/div>\n<div  class=\"portfolio-cards-projectsro dark-text\" data-type=\"row\">\n<div  class=\"portfolio-cards-projectcol cp4cols cp6cols-tablet\">\n<div  class=\"portfolio-cards-projectcard\">\n<div  id=\"ContentSwap104\" class=\"contentswap-effect ContentSwap104\">\n<div  class=\"ContentSwap104_content initial-image\"><img decoding=\"async\"  class=\"portfolio-cards-projectimg\" src=\"https:\/\/spanishcastlemoviemagic.com\/es\/wp-content\/uploads\/sites\/3\/2019\/09\/cropped-San-Telmo-Hondarribia-Guipozcoa-s-1.jpg\" data-size=\"1200x800\"><\/div>\n<div  class=\"overlay\" style=\"display: block; opacity: 1;\"><\/div>\n<div  class=\"swap-inner\" style=\"opacity: 1; display: block;\">\n<div  class=\"ContentSwap104-center\"><\/div>\n<\/div>\n<\/div>\n<div  class=\"portfolio-cards-projectinfo\">\n<div  class=\"portfolio-cards-projnamecol\" data-type=\"column\">\n<h4  class=\"portfolio-cards-projtitle\"><a  href=\"https:\/\/spanishcastlemoviemagic.com\/es\/the-battle-of-britain-1969\">The Battle of Britain (1969)<\/a><\/h4>\n<\/div>\n<\/div>\n<\/div>\n<\/div>\n<\/div>\n<\/div>\n<\/div>\n","protected":false},"excerpt":{"rendered":"<p>San Telmo Castle El castillo de San Telmo es conocido localmente como el \u2018castillo de los piratas\u2019, y se erige [&hellip;]<\/p>\n","protected":false},"author":1,"featured_media":1171,"parent":0,"menu_order":0,"comment_status":"closed","ping_status":"closed","template":"full-width-page.php","meta":{"_uag_custom_page_level_css":"","site-sidebar-layout":"default","site-content-layout":"","ast-site-content-layout":"default","site-content-style":"default","site-sidebar-style":"default","ast-global-header-display":"","ast-banner-title-visibility":"","ast-main-header-display":"","ast-hfb-above-header-display":"","ast-hfb-below-header-display":"","ast-hfb-mobile-header-display":"","site-post-title":"","ast-breadcrumbs-content":"","ast-featured-img":"","footer-sml-layout":"","ast-disable-related-posts":"","theme-transparent-header-meta":"","adv-header-id-meta":"","stick-header-meta":"","header-above-stick-meta":"","header-main-stick-meta":"","header-below-stick-meta":"","astra-migrate-meta-layouts":"default","ast-page-background-enabled":"default","ast-page-background-meta":{"desktop":{"background-color":"var(--ast-global-color-5)","background-image":"","background-repeat":"repeat","background-position":"center center","background-size":"auto","background-attachment":"scroll","background-type":"","background-media":"","overlay-type":"","overlay-color":"","overlay-opacity":"","overlay-gradient":""},"tablet":{"background-color":"","background-image":"","background-repeat":"repeat","background-position":"center center","background-size":"auto","background-attachment":"scroll","background-type":"","background-media":"","overlay-type":"","overlay-color":"","overlay-opacity":"","overlay-gradient":""},"mobile":{"background-color":"","background-image":"","background-repeat":"repeat","background-position":"center center","background-size":"auto","background-attachment":"scroll","background-type":"","background-media":"","overlay-type":"","overlay-color":"","overlay-opacity":"","overlay-gradient":""}},"ast-content-background-meta":{"desktop":{"background-color":"var(--ast-global-color-4)","background-image":"","background-repeat":"repeat","background-position":"center center","background-size":"auto","background-attachment":"scroll","background-type":"","background-media":"","overlay-type":"","overlay-color":"","overlay-opacity":"","overlay-gradient":""},"tablet":{"background-color":"var(--ast-global-color-4)","background-image":"","background-repeat":"repeat","background-position":"center center","background-size":"auto","background-attachment":"scroll","background-type":"","background-media":"","overlay-type":"","overlay-color":"","overlay-opacity":"","overlay-gradient":""},"mobile":{"background-color":"var(--ast-global-color-4)","background-image":"","background-repeat":"repeat","background-position":"center center","background-size":"auto","background-attachment":"scroll","background-type":"","background-media":"","overlay-type":"","overlay-color":"","overlay-opacity":"","overlay-gradient":""}},"footnotes":""},"class_list":["post-2068","page","type-page","status-publish","has-post-thumbnail","hentry"],"featured_image_src":"https:\/\/spanishcastlemoviemagic.com\/es\/wp-content\/uploads\/sites\/3\/2019\/09\/San-Telmo-Hondarribia-Guipozcoa-s.jpg","featured_image_src_square":"https:\/\/spanishcastlemoviemagic.com\/es\/wp-content\/uploads\/sites\/3\/2019\/09\/San-Telmo-Hondarribia-Guipozcoa-s.jpg","uagb_featured_image_src":{"full":["https:\/\/spanishcastlemoviemagic.com\/es\/wp-content\/uploads\/sites\/3\/2019\/09\/San-Telmo-Hondarribia-Guipozcoa-s.jpg",2000,1277,false],"thumbnail":["https:\/\/spanishcastlemoviemagic.com\/es\/wp-content\/uploads\/sites\/3\/2019\/09\/San-Telmo-Hondarribia-Guipozcoa-s-150x150.jpg",150,150,true],"medium":["https:\/\/spanishcastlemoviemagic.com\/es\/wp-content\/uploads\/sites\/3\/2019\/09\/San-Telmo-Hondarribia-Guipozcoa-s-300x192.jpg",300,192,true],"medium_large":["https:\/\/spanishcastlemoviemagic.com\/es\/wp-content\/uploads\/sites\/3\/2019\/09\/San-Telmo-Hondarribia-Guipozcoa-s-768x490.jpg",768,490,true],"large":["https:\/\/spanishcastlemoviemagic.com\/es\/wp-content\/uploads\/sites\/3\/2019\/09\/San-Telmo-Hondarribia-Guipozcoa-s-1024x654.jpg",1024,654,true],"1536x1536":["https:\/\/spanishcastlemoviemagic.com\/es\/wp-content\/uploads\/sites\/3\/2019\/09\/San-Telmo-Hondarribia-Guipozcoa-s.jpg",1536,981,false],"2048x2048":["https:\/\/spanishcastlemoviemagic.com\/es\/wp-content\/uploads\/sites\/3\/2019\/09\/San-Telmo-Hondarribia-Guipozcoa-s.jpg",2000,1277,false],"ab-block-post-grid-landscape":["https:\/\/spanishcastlemoviemagic.com\/es\/wp-content\/uploads\/sites\/3\/2019\/09\/San-Telmo-Hondarribia-Guipozcoa-s.jpg",600,383,false],"ab-block-post-grid-square":["https:\/\/spanishcastlemoviemagic.com\/es\/wp-content\/uploads\/sites\/3\/2019\/09\/San-Telmo-Hondarribia-Guipozcoa-s.jpg",600,383,false]},"uagb_author_info":{"display_name":"admin","author_link":"https:\/\/spanishcastlemoviemagic.com\/es\/blog\/author\/cas-eggermontme-com\/"},"uagb_comment_info":0,"uagb_excerpt":"San Telmo Castle El castillo de San Telmo es conocido localmente como el \u2018castillo de los piratas\u2019, y se erige [&hellip;]","_links":{"self":[{"href":"https:\/\/spanishcastlemoviemagic.com\/es\/wp-json\/wp\/v2\/pages\/2068","targetHints":{"allow":["GET"]}}],"collection":[{"href":"https:\/\/spanishcastlemoviemagic.com\/es\/wp-json\/wp\/v2\/pages"}],"about":[{"href":"https:\/\/spanishcastlemoviemagic.com\/es\/wp-json\/wp\/v2\/types\/page"}],"author":[{"embeddable":true,"href":"https:\/\/spanishcastlemoviemagic.com\/es\/wp-json\/wp\/v2\/users\/1"}],"replies":[{"embeddable":true,"href":"https:\/\/spanishcastlemoviemagic.com\/es\/wp-json\/wp\/v2\/comments?post=2068"}],"version-history":[{"count":2,"href":"https:\/\/spanishcastlemoviemagic.com\/es\/wp-json\/wp\/v2\/pages\/2068\/revisions"}],"predecessor-version":[{"id":3720,"href":"https:\/\/spanishcastlemoviemagic.com\/es\/wp-json\/wp\/v2\/pages\/2068\/revisions\/3720"}],"wp:featuredmedia":[{"embeddable":true,"href":"https:\/\/spanishcastlemoviemagic.com\/es\/wp-json\/wp\/v2\/media\/1171"}],"wp:attachment":[{"href":"https:\/\/spanishcastlemoviemagic.com\/es\/wp-json\/wp\/v2\/media?parent=2068"}],"curies":[{"name":"wp","href":"https:\/\/api.w.org\/{rel}","templated":true}]}}